{"id":28018,"date":"2016-07-16T18:25:30","date_gmt":"2016-07-16T17:25:30","guid":{"rendered":"https:\/\/hydrokube.be\/fr\/product\/ph-meter-14h\/"},"modified":"2025-07-23T14:11:36","modified_gmt":"2025-07-23T13:11:36","slug":"ph-metre-14h","status":"publish","type":"product","link":"https:\/\/hydrokube.be\/nl\/artikel\/ph-metre-14h\/","title":{"rendered":"pH-meter 14H"},"content":{"rendered":"<h2><strong>pH-meter 14H<\/strong><\/h2>\n<p>Het meet de waterstofpotentiaal (of pH) van water*. Dit gebruiksvriendelijke, betrouwbare apparaat is ideaal om de pH van water te meten. Het geeft onmiddellijk de pH-waarde van het water weer. Hiermee kun je de ideale waarde van je water controleren en zo nodig je behandelinstellingen aanpassen.<\/p>\n<p>de pH-meter is waterdicht. En dus kan hij gemakkelijk worden gebruikt voor alle metingen, net nadat hij is gekalibreerd met de pH 7 bufferoplossing.<br \/>\nHij wordt geleverd met een elegante kunstlederen etui met een clip om hem aan je riem te bevestigen en een pH7-bufferoplossing om de 14H pH-meter te kalibreren.<br \/>\nDe pH 7 bufferoplossing is apart verkrijgbaar.<br \/>\nDe leeskop moet na slijtage worden vervangen.<\/p>\n<p>Zie de grafische instructies voor de pH-meter 14H <a href='https:\/\/hydrokube.be\/ph_metre_14h_mo\/' class='icon-button download-icon'>Gebruiksaanwijzing<span class='et-icon'><\/span><\/a><\/p>\n<h2><strong>Onderhoud van een pH-indicator<\/strong><\/h2>\n<p>De pH-indicator is een precisie-instrument. Correct gebruik en goed onderhoud zijn belangrijke factoren als je heel lang plezier wilt hebben van je pH-indicator. Hier zijn enkele belangrijke punten:<\/p>\n<ul>\n<li>De elektrode wordt droog geleverd. Laat 2 uur weken in de conserveringsoplossing (of water). De beschermkap op de elektrode kan gevuld worden met een conserveringsoplossing (of water). Dit zorgt ervoor dat je elektrode veel langer werkt (minder met water).<\/li>\n<li>Voordat een meting wordt uitgevoerd, moet de pH-indicator worden gekalibreerd. Hiervoor worden bufferoplossingen gebruikt. Als je pH-indicator slechts op \u00e9\u00e9n punt kan worden gekalibreerd, moet je de bufferoplossing gebruiken die het dichtst bij je normale metingen ligt (voor PH7 drinkwater).<\/li>\n<li>Er mag geen &#8220;verontreiniging&#8221; in de bufferoplossing worden gebracht en deze mag niet worden verdund met water. Je mag de natte elektrode ook nooit rechtstreeks in het flesje met claibratieflesjes steken. Gebruik een zachte, schone doek om de elektrode voorzichtig af te drogen.<\/li>\n<li>Raak de elektrode nooit aan als je dat kunt vermijden, zeker niet met je vingers. Als je de elektrode moet schoonmaken, gebruik dan alleen een zachte doek, zonder te schrobben.<\/li>\n<\/ul>\n<p>* De pH meet de zuurgraad of basiciteit van een oplossing. In een waterig medium bij 25\u00b0C :<\/p>\n<ul>\n<li>Een oplossing met pH = 7 wordt neutraal genoemd;<\/li>\n<li>Een oplossing met een pH van &lt; 6,5 wordt zuur genoemd;<\/li>\n<li>Een oplossing met een pH van &gt; 7,4 wordt basisch genoemd;<\/li>\n<\/ul>\n<h3>Proost:<\/h3>\n<p>Het is belangrijk om te weten dat als je voor je gezondheid de zuren die je lichaam in je bloed en weefsels maakt met speciaal water wilt compenseren, je dat het beste kunt doen met water dat veel bicarbonaten bevat! De Hydrokube helpt je door kalk om te zetten in bicarbonaat.<br \/>\nHet is dus het bicarbonaatgehalte in het water dat belangrijk is voor het neutraliseren van zuren, en niet zozeer het gebruik van alkalisch water (hoge pH). &gt;7,4). Ter illustratie: water zoals Vichy St-Yorre is rijk aan bicarbonaten, maar heeft een zure pH-waarde (lager dan 7, namelijk 6,6)! Van Vichy-water wordt gezegd dat het alkaliserend is, omdat het rijk is aan bicarbonaat, ook al is het zuur. Het water van Vichy heeft zijn zogenaamde \u2018alkaliserende\u2019 werking al bewezen, bijvoorbeeld door zijn therapeutische werking bij sporters die hun overtollige melkzuur moeten neutraliseren.<\/p>\n","protected":false},"excerpt":{"rendered":"<p>14H elektronische pH-meter voor pH-meting<br \/>Definitie: 0.1 pH<br \/>\nNauwkeurigheid: +\/- 0,1 pH<br \/>\nKalibratie: 1 referentiepunt,<br \/>\nAutomatische temperatuurcompensatie: Nee<br \/>\nBatterijen: 3 x 1,5 V LR44 \u2013 niet meegeleverd<br \/>\nOmgeving: 0 \u2013 50\u00b0C, 100% RH<br \/>\nAfmetingen (gewicht): 153 x 24 mm (45g)<br \/>\nReferentieoplossing: 7,01 pH (zakje van 20 ml inbegrepen)<br \/>\n<strong>Meetparameters:<\/strong><br \/>\npH-waarde (pH): 0,0 \u2013 14,0<\/p>\n","protected":false},"featured_media":28019,"template":"","meta":{"_et_pb_use_builder":"","_et_pb_old_content":"","_et_gb_content_width":"","content-type":""},"product_brand":[],"product_cat":[170],"product_tag":[],"class_list":{"0":"post-28018","1":"product","2":"type-product","3":"status-publish","4":"has-post-thumbnail","6":"product_cat-ph-meeting","7":"product_shipping_class-klein-postpakket","9":"first","10":"instock","11":"taxable","12":"shipping-taxable","13":"purchasable","14":"product-type-simple"},"yoast_head":"<!-- This site is optimized with the Yoast SEO plugin v27.1.1 - https:\/\/yoast.com\/product\/yoast-seo-wordpress\/ -->\n<title>pH m\u00e8tre 14h - \u00e9l\u00e8ctronnique 0-14 pHPH-m\u00e8tre Digital 0-14 | Mesure Pr\u00e9cise du pH | Hydrokube.be<\/title>\n<meta name=\"description\" content=\"14h PH-meter: precieze pH-meting van 0 tot 14. Ideaal voor zwembaden, aquaria en hydrocultuur. Waterdicht, automatische kalibratie, LCD-scherm. Snelle levering van Hydrokube.\" \/>\n<meta name=\"robots\" content=\"index, follow, max-snippet:-1, max-image-preview:large, max-video-preview:-1\" \/>\n<link rel=\"canonical\" href=\"https:\/\/hydrokube.be\/nl\/artikel\/ph-metre-14h\/\" \/>\n<meta property=\"og:locale\" content=\"nl_NL\" \/>\n<meta property=\"og:type\" content=\"article\" \/>\n<meta property=\"og:title\" content=\"pH m\u00e8tre 14h - \u00e9l\u00e8ctronnique 0-14 pHPH-m\u00e8tre Digital 0-14 | Mesure Pr\u00e9cise du pH | Hydrokube.be\" \/>\n<meta property=\"og:description\" content=\"14h PH-meter: precieze pH-meting van 0 tot 14. Ideaal voor zwembaden, aquaria en hydrocultuur. Waterdicht, automatische kalibratie, LCD-scherm. Snelle levering van Hydrokube.\" \/>\n<meta property=\"og:url\" content=\"https:\/\/hydrokube.be\/nl\/artikel\/ph-metre-14h\/\" \/>\n<meta property=\"og:site_name\" content=\"Hydrokube\" \/>\n<meta property=\"article:publisher\" content=\"https:\/\/www.facebook.com\/hydrokube\" \/>\n<meta property=\"article:modified_time\" content=\"2025-07-23T13:11:36+00:00\" \/>\n<meta property=\"og:image\" content=\"https:\/\/hydrokube.be\/wp-content\/uploads\/2016\/07\/pHMetre-electronique-e1469744683901.png\" \/>\n\t<meta property=\"og:image:width\" content=\"420\" \/>\n\t<meta property=\"og:image:height\" content=\"420\" \/>\n\t<meta property=\"og:image:type\" content=\"image\/png\" \/>\n<meta name=\"twitter:card\" content=\"summary_large_image\" \/>\n<meta name=\"twitter:site\" content=\"@hydrokube\" \/>\n<meta name=\"twitter:label1\" content=\"Geschatte leestijd\" \/>\n\t<meta name=\"twitter:data1\" content=\"2 minuten\" \/>\n<script type=\"application\/ld+json\" class=\"yoast-schema-graph\">{\"@context\":\"https:\/\/schema.org\",\"@graph\":[{\"@type\":\"WebPage\",\"@id\":\"https:\/\/hydrokube.be\/nl\/artikel\/ph-metre-14h\/\",\"url\":\"https:\/\/hydrokube.be\/nl\/artikel\/ph-metre-14h\/\",\"name\":\"pH m\u00e8tre 14h - \u00e9l\u00e8ctronnique 0-14 pHPH-m\u00e8tre Digital 0-14 | Mesure Pr\u00e9cise du pH | Hydrokube.be\",\"isPartOf\":{\"@id\":\"https:\/\/hydrokube.be\/nl\/#website\"},\"primaryImageOfPage\":{\"@id\":\"https:\/\/hydrokube.be\/nl\/artikel\/ph-metre-14h\/#primaryimage\"},\"image\":{\"@id\":\"https:\/\/hydrokube.be\/nl\/artikel\/ph-metre-14h\/#primaryimage\"},\"thumbnailUrl\":\"https:\/\/hydrokube.be\/wp-content\/uploads\/2016\/07\/pHMetre-electronique-e1469744683901.png\",\"datePublished\":\"2016-07-16T17:25:30+00:00\",\"dateModified\":\"2025-07-23T13:11:36+00:00\",\"description\":\"14h PH-meter: precieze pH-meting van 0 tot 14. Ideaal voor zwembaden, aquaria en hydrocultuur. Waterdicht, automatische kalibratie, LCD-scherm. Snelle levering van Hydrokube.\",\"breadcrumb\":{\"@id\":\"https:\/\/hydrokube.be\/nl\/artikel\/ph-metre-14h\/#breadcrumb\"},\"inLanguage\":\"nl-NL\",\"potentialAction\":[{\"@type\":\"ReadAction\",\"target\":[\"https:\/\/hydrokube.be\/nl\/artikel\/ph-metre-14h\/\"]}]},{\"@type\":\"ImageObject\",\"inLanguage\":\"nl-NL\",\"@id\":\"https:\/\/hydrokube.be\/nl\/artikel\/ph-metre-14h\/#primaryimage\",\"url\":\"https:\/\/hydrokube.be\/wp-content\/uploads\/2016\/07\/pHMetre-electronique-e1469744683901.png\",\"contentUrl\":\"https:\/\/hydrokube.be\/wp-content\/uploads\/2016\/07\/pHMetre-electronique-e1469744683901.png\",\"width\":420,\"height\":420,\"caption\":\"electronische-pHMeter\"},{\"@type\":\"BreadcrumbList\",\"@id\":\"https:\/\/hydrokube.be\/nl\/artikel\/ph-metre-14h\/#breadcrumb\",\"itemListElement\":[{\"@type\":\"ListItem\",\"position\":1,\"name\":\"Welkom\",\"item\":\"https:\/\/hydrokube.be\/nl\/ontharder_water-2\/\"},{\"@type\":\"ListItem\",\"position\":2,\"name\":\"De Winkel\",\"item\":\"https:\/\/hydrokube.be\/nl\/de-winkel\/\"},{\"@type\":\"ListItem\",\"position\":3,\"name\":\"pH-meter 14H\"}]},{\"@type\":\"WebSite\",\"@id\":\"https:\/\/hydrokube.be\/nl\/#website\",\"url\":\"https:\/\/hydrokube.be\/nl\/\",\"name\":\"Hydrokube\",\"description\":\"Economiser 2.700 Euros par rapport \u00e0 un adoucisseur au sel. Hydrokube est un adoucisseur d&#039;eau \u00e9cologique, certifi\u00e9 efficace et compact.\",\"publisher\":{\"@id\":\"https:\/\/hydrokube.be\/nl\/#organization\"},\"potentialAction\":[{\"@type\":\"SearchAction\",\"target\":{\"@type\":\"EntryPoint\",\"urlTemplate\":\"https:\/\/hydrokube.be\/nl\/?s={search_term_string}\"},\"query-input\":{\"@type\":\"PropertyValueSpecification\",\"valueRequired\":true,\"valueName\":\"search_term_string\"}}],\"inLanguage\":\"nl-NL\"},{\"@type\":\"Organization\",\"@id\":\"https:\/\/hydrokube.be\/nl\/#organization\",\"name\":\"Greenside S.A.\",\"alternateName\":\"Hydrokube\",\"url\":\"https:\/\/hydrokube.be\/nl\/\",\"logo\":{\"@type\":\"ImageObject\",\"inLanguage\":\"nl-NL\",\"@id\":\"https:\/\/hydrokube.be\/nl\/#\/schema\/logo\/image\/\",\"url\":\"https:\/\/hydrokube.be\/wp-content\/uploads\/2022\/12\/Greenside_logo.jpg\",\"contentUrl\":\"https:\/\/hydrokube.be\/wp-content\/uploads\/2022\/12\/Greenside_logo.jpg\",\"width\":1533,\"height\":421,\"caption\":\"Greenside S.A.\"},\"image\":{\"@id\":\"https:\/\/hydrokube.be\/nl\/#\/schema\/logo\/image\/\"},\"sameAs\":[\"https:\/\/www.facebook.com\/hydrokube\",\"https:\/\/x.com\/hydrokube\",\"https:\/\/linkedin.com\/company\/hydrokube\"]}]}<\/script>\n<!-- \/ Yoast SEO plugin. -->","yoast_head_json":{"title":"pH m\u00e8tre 14h - \u00e9l\u00e8ctronnique 0-14 pHPH-m\u00e8tre Digital 0-14 | Mesure Pr\u00e9cise du pH | Hydrokube.be","description":"14h PH-meter: precieze pH-meting van 0 tot 14. Ideaal voor zwembaden, aquaria en hydrocultuur. Waterdicht, automatische kalibratie, LCD-scherm. Snelle levering van Hydrokube.","robots":{"index":"index","follow":"follow","max-snippet":"max-snippet:-1","max-image-preview":"max-image-preview:large","max-video-preview":"max-video-preview:-1"},"canonical":"https:\/\/hydrokube.be\/nl\/artikel\/ph-metre-14h\/","og_locale":"nl_NL","og_type":"article","og_title":"pH m\u00e8tre 14h - \u00e9l\u00e8ctronnique 0-14 pHPH-m\u00e8tre Digital 0-14 | Mesure Pr\u00e9cise du pH | Hydrokube.be","og_description":"14h PH-meter: precieze pH-meting van 0 tot 14. Ideaal voor zwembaden, aquaria en hydrocultuur. Waterdicht, automatische kalibratie, LCD-scherm. Snelle levering van Hydrokube.","og_url":"https:\/\/hydrokube.be\/nl\/artikel\/ph-metre-14h\/","og_site_name":"Hydrokube","article_publisher":"https:\/\/www.facebook.com\/hydrokube","article_modified_time":"2025-07-23T13:11:36+00:00","og_image":[{"width":420,"height":420,"url":"https:\/\/hydrokube.be\/wp-content\/uploads\/2016\/07\/pHMetre-electronique-e1469744683901.png","type":"image\/png"}],"twitter_card":"summary_large_image","twitter_site":"@hydrokube","twitter_misc":{"Geschatte leestijd":"2 minuten"},"schema":{"@context":"https:\/\/schema.org","@graph":[{"@type":"WebPage","@id":"https:\/\/hydrokube.be\/nl\/artikel\/ph-metre-14h\/","url":"https:\/\/hydrokube.be\/nl\/artikel\/ph-metre-14h\/","name":"pH m\u00e8tre 14h - \u00e9l\u00e8ctronnique 0-14 pHPH-m\u00e8tre Digital 0-14 | Mesure Pr\u00e9cise du pH | Hydrokube.be","isPartOf":{"@id":"https:\/\/hydrokube.be\/nl\/#website"},"primaryImageOfPage":{"@id":"https:\/\/hydrokube.be\/nl\/artikel\/ph-metre-14h\/#primaryimage"},"image":{"@id":"https:\/\/hydrokube.be\/nl\/artikel\/ph-metre-14h\/#primaryimage"},"thumbnailUrl":"https:\/\/hydrokube.be\/wp-content\/uploads\/2016\/07\/pHMetre-electronique-e1469744683901.png","datePublished":"2016-07-16T17:25:30+00:00","dateModified":"2025-07-23T13:11:36+00:00","description":"14h PH-meter: precieze pH-meting van 0 tot 14. Ideaal voor zwembaden, aquaria en hydrocultuur. Waterdicht, automatische kalibratie, LCD-scherm. Snelle levering van Hydrokube.","breadcrumb":{"@id":"https:\/\/hydrokube.be\/nl\/artikel\/ph-metre-14h\/#breadcrumb"},"inLanguage":"nl-NL","potentialAction":[{"@type":"ReadAction","target":["https:\/\/hydrokube.be\/nl\/artikel\/ph-metre-14h\/"]}]},{"@type":"ImageObject","inLanguage":"nl-NL","@id":"https:\/\/hydrokube.be\/nl\/artikel\/ph-metre-14h\/#primaryimage","url":"https:\/\/hydrokube.be\/wp-content\/uploads\/2016\/07\/pHMetre-electronique-e1469744683901.png","contentUrl":"https:\/\/hydrokube.be\/wp-content\/uploads\/2016\/07\/pHMetre-electronique-e1469744683901.png","width":420,"height":420,"caption":"electronische-pHMeter"},{"@type":"BreadcrumbList","@id":"https:\/\/hydrokube.be\/nl\/artikel\/ph-metre-14h\/#breadcrumb","itemListElement":[{"@type":"ListItem","position":1,"name":"Welkom","item":"https:\/\/hydrokube.be\/nl\/ontharder_water-2\/"},{"@type":"ListItem","position":2,"name":"De Winkel","item":"https:\/\/hydrokube.be\/nl\/de-winkel\/"},{"@type":"ListItem","position":3,"name":"pH-meter 14H"}]},{"@type":"WebSite","@id":"https:\/\/hydrokube.be\/nl\/#website","url":"https:\/\/hydrokube.be\/nl\/","name":"Hydrokube","description":"Economiser 2.700 Euros par rapport \u00e0 un adoucisseur au sel. Hydrokube est un adoucisseur d&#039;eau \u00e9cologique, certifi\u00e9 efficace et compact.","publisher":{"@id":"https:\/\/hydrokube.be\/nl\/#organization"},"potentialAction":[{"@type":"SearchAction","target":{"@type":"EntryPoint","urlTemplate":"https:\/\/hydrokube.be\/nl\/?s={search_term_string}"},"query-input":{"@type":"PropertyValueSpecification","valueRequired":true,"valueName":"search_term_string"}}],"inLanguage":"nl-NL"},{"@type":"Organization","@id":"https:\/\/hydrokube.be\/nl\/#organization","name":"Greenside S.A.","alternateName":"Hydrokube","url":"https:\/\/hydrokube.be\/nl\/","logo":{"@type":"ImageObject","inLanguage":"nl-NL","@id":"https:\/\/hydrokube.be\/nl\/#\/schema\/logo\/image\/","url":"https:\/\/hydrokube.be\/wp-content\/uploads\/2022\/12\/Greenside_logo.jpg","contentUrl":"https:\/\/hydrokube.be\/wp-content\/uploads\/2022\/12\/Greenside_logo.jpg","width":1533,"height":421,"caption":"Greenside S.A."},"image":{"@id":"https:\/\/hydrokube.be\/nl\/#\/schema\/logo\/image\/"},"sameAs":["https:\/\/www.facebook.com\/hydrokube","https:\/\/x.com\/hydrokube","https:\/\/linkedin.com\/company\/hydrokube"]}]}},"_links":{"self":[{"href":"https:\/\/hydrokube.be\/nl\/wp-json\/wp\/v2\/product\/28018","targetHints":{"allow":["GET"]}}],"collection":[{"href":"https:\/\/hydrokube.be\/nl\/wp-json\/wp\/v2\/product"}],"about":[{"href":"https:\/\/hydrokube.be\/nl\/wp-json\/wp\/v2\/types\/product"}],"wp:featuredmedia":[{"embeddable":true,"href":"https:\/\/hydrokube.be\/nl\/wp-json\/wp\/v2\/media\/28019"}],"wp:attachment":[{"href":"https:\/\/hydrokube.be\/nl\/wp-json\/wp\/v2\/media?parent=28018"}],"wp:term":[{"taxonomy":"product_brand","embeddable":true,"href":"https:\/\/hydrokube.be\/nl\/wp-json\/wp\/v2\/product_brand?post=28018"},{"taxonomy":"product_cat","embeddable":true,"href":"https:\/\/hydrokube.be\/nl\/wp-json\/wp\/v2\/product_cat?post=28018"},{"taxonomy":"product_tag","embeddable":true,"href":"https:\/\/hydrokube.be\/nl\/wp-json\/wp\/v2\/product_tag?post=28018"}],"curies":[{"name":"wp","href":"https:\/\/api.w.org\/{rel}","templated":true}]}}