{"id":28015,"date":"2016-07-31T21:00:13","date_gmt":"2016-07-31T20:00:13","guid":{"rendered":"https:\/\/hydrokube.be\/fr\/product\/hydrokube-water-connectie-kit-2\/"},"modified":"2025-02-08T16:03:17","modified_gmt":"2025-02-08T15:03:17","slug":"aansluitset","status":"publish","type":"product","link":"https:\/\/hydrokube.be\/nl\/artikel\/aansluitset\/","title":{"rendered":"100cm snelkoppelingsset"},"content":{"rendered":"<p>Kit de connexion rapide<br \/>\nCe kit est id\u00e9al pour installer l&#8217;Hydrokube facilement sur des tubes de type galvanique (Diam\u00e8tre ext\u00e9rieur 27 mm) ou PE (poly\u00e9thyl\u00e8ne) Diam\u00e8tre ext\u00e9rieur 20 mm). En het is niet nodig om de bestaande pijp van schroefdraad te voorzien of een speciale krimptang te gebruiken. Je hebt ook een basiskennis van loodgieterswerk nodig om ervoor te zorgen dat de verbindingen waterdicht en duurzaam zijn.<\/p>\n<p>Bovendien wordt de flexibele slang aangesloten op de Hydrokube en sluiten twee vezelpakkingen de Hydrokube-aansluitingen af. Een messing bocht kan ook direct aan de Hydrokube worden toegevoegd, v\u00f3\u00f3r de slang, om de juiste richting van de slangen te garanderen.<\/p>\n<p>Nadat de bestaande waterleiding netjes is afgezaagd op de gewenste installatieplaats, zorgen de messing knelkoppelingen voor een waterdichte afdichting op de gegalvaniseerde of PE-pijp. Er kan ook een messing bocht worden toegevoegd om een verbinding te maken zonder de slang te verdraaien.<\/p>\n<p>&nbsp;<\/p>\n","protected":false},"excerpt":{"rendered":"<p>Samenstelling set :<br \/>\n\u2013 2 x messing snelkoppelingen voor stalen buis, d27 \u2013 F3\/4&#8243; of PE d20 M3\/4&#8243;.<br \/>\n\u2013 2 x 100 cm M-F 3\/4&#8243; roestvrijstalen gevlochten slangen<br \/>\n\u2013 2 x vezelpakkingen om de slang af te dichten<br \/>\n\u2013 4 x messing ellebogen, M-F M-F 3\/4<\/p>\n","protected":false},"featured_media":28016,"template":"","meta":{"_et_pb_use_builder":"","_et_pb_old_content":"","_et_gb_content_width":"","content-type":""},"product_brand":[],"product_cat":[172],"product_tag":[],"class_list":{"0":"post-28015","1":"product","2":"type-product","3":"status-publish","4":"has-post-thumbnail","6":"product_cat-installatiekit","7":"product_shipping_class-klein-postpakket","9":"first","10":"instock","11":"taxable","12":"shipping-taxable","13":"purchasable","14":"product-type-simple"},"yoast_head":"<!-- This site is optimized with the Yoast SEO plugin v27.3 - https:\/\/yoast.com\/product\/yoast-seo-wordpress\/ -->\n<title>Aansluitset voor Hydrokube | Ecologische CO2 Waterontharder<\/title>\n<meta name=\"description\" content=\"Snelkoppelingsset voor eenvoudige installatie van de hydrokube op een bestaande gegalvaniseerde of PE-installatie met een diameter van 19 mm (3\/4&quot;).\" \/>\n<meta name=\"robots\" content=\"index, follow, max-snippet:-1, max-image-preview:large, max-video-preview:-1\" \/>\n<link rel=\"canonical\" href=\"https:\/\/hydrokube.be\/nl\/artikel\/aansluitset\/\" \/>\n<meta property=\"og:locale\" content=\"nl_NL\" \/>\n<meta property=\"og:type\" content=\"article\" \/>\n<meta property=\"og:title\" content=\"Aansluitset voor Hydrokube | Ecologische CO2 Waterontharder\" \/>\n<meta property=\"og:description\" content=\"Snelkoppelingsset voor eenvoudige installatie van de hydrokube op een bestaande gegalvaniseerde of PE-installatie met een diameter van 19 mm (3\/4&quot;).\" \/>\n<meta property=\"og:url\" content=\"https:\/\/hydrokube.be\/nl\/artikel\/aansluitset\/\" \/>\n<meta property=\"og:site_name\" content=\"Hydrokube\" \/>\n<meta property=\"article:publisher\" content=\"https:\/\/www.facebook.com\/hydrokube\" \/>\n<meta property=\"article:modified_time\" content=\"2025-02-08T15:03:17+00:00\" \/>\n<meta property=\"og:image\" content=\"https:\/\/hydrokube.be\/wp-content\/uploads\/2016\/07\/Kit_connexion_coude_hydrokube-e1469742276117.jpg\" \/>\n\t<meta property=\"og:image:width\" content=\"420\" \/>\n\t<meta property=\"og:image:height\" content=\"420\" \/>\n\t<meta property=\"og:image:type\" content=\"image\/png\" \/>\n<meta name=\"twitter:card\" content=\"summary_large_image\" \/>\n<meta name=\"twitter:site\" content=\"@hydrokube\" \/>\n<meta name=\"twitter:label1\" content=\"Geschatte leestijd\" \/>\n\t<meta name=\"twitter:data1\" content=\"1 minuut\" \/>\n<script type=\"application\/ld+json\" class=\"yoast-schema-graph\">{\"@context\":\"https:\\\/\\\/schema.org\",\"@graph\":[{\"@type\":\"WebPage\",\"@id\":\"https:\\\/\\\/hydrokube.be\\\/nl\\\/artikel\\\/aansluitset\\\/\",\"url\":\"https:\\\/\\\/hydrokube.be\\\/nl\\\/artikel\\\/aansluitset\\\/\",\"name\":\"Aansluitset voor Hydrokube | Ecologische CO2 Waterontharder\",\"isPartOf\":{\"@id\":\"https:\\\/\\\/hydrokube.be\\\/nl\\\/#website\"},\"primaryImageOfPage\":{\"@id\":\"https:\\\/\\\/hydrokube.be\\\/nl\\\/artikel\\\/aansluitset\\\/#primaryimage\"},\"image\":{\"@id\":\"https:\\\/\\\/hydrokube.be\\\/nl\\\/artikel\\\/aansluitset\\\/#primaryimage\"},\"thumbnailUrl\":\"https:\\\/\\\/hydrokube.be\\\/wp-content\\\/uploads\\\/2016\\\/07\\\/Kit_connexion_coude_hydrokube-e1469742276117.jpg\",\"datePublished\":\"2016-07-31T20:00:13+00:00\",\"dateModified\":\"2025-02-08T15:03:17+00:00\",\"description\":\"Snelkoppelingsset voor eenvoudige installatie van de hydrokube op een bestaande gegalvaniseerde of PE-installatie met een diameter van 19 mm (3\\\/4\\\").\",\"breadcrumb\":{\"@id\":\"https:\\\/\\\/hydrokube.be\\\/nl\\\/artikel\\\/aansluitset\\\/#breadcrumb\"},\"inLanguage\":\"nl-NL\",\"potentialAction\":[{\"@type\":\"ReadAction\",\"target\":[\"https:\\\/\\\/hydrokube.be\\\/nl\\\/artikel\\\/aansluitset\\\/\"]}]},{\"@type\":\"ImageObject\",\"inLanguage\":\"nl-NL\",\"@id\":\"https:\\\/\\\/hydrokube.be\\\/nl\\\/artikel\\\/aansluitset\\\/#primaryimage\",\"url\":\"https:\\\/\\\/hydrokube.be\\\/wp-content\\\/uploads\\\/2016\\\/07\\\/Kit_connexion_coude_hydrokube-e1469742276117.jpg\",\"contentUrl\":\"https:\\\/\\\/hydrokube.be\\\/wp-content\\\/uploads\\\/2016\\\/07\\\/Kit_connexion_coude_hydrokube-e1469742276117.jpg\",\"width\":420,\"height\":420,\"caption\":\"Hydrokube-water-connectie-kit\"},{\"@type\":\"BreadcrumbList\",\"@id\":\"https:\\\/\\\/hydrokube.be\\\/nl\\\/artikel\\\/aansluitset\\\/#breadcrumb\",\"itemListElement\":[{\"@type\":\"ListItem\",\"position\":1,\"name\":\"Welkom\",\"item\":\"https:\\\/\\\/hydrokube.be\\\/nl\\\/ontharder_water-2\\\/\"},{\"@type\":\"ListItem\",\"position\":2,\"name\":\"De Winkel\",\"item\":\"https:\\\/\\\/hydrokube.be\\\/nl\\\/de-winkel\\\/\"},{\"@type\":\"ListItem\",\"position\":3,\"name\":\"100cm snelkoppelingsset\"}]},{\"@type\":\"WebSite\",\"@id\":\"https:\\\/\\\/hydrokube.be\\\/nl\\\/#website\",\"url\":\"https:\\\/\\\/hydrokube.be\\\/nl\\\/\",\"name\":\"Hydrokube\",\"description\":\"Economiser 2.700 Euros par rapport \u00e0 un adoucisseur au sel. Hydrokube est un adoucisseur d&#039;eau \u00e9cologique, certifi\u00e9 efficace et compact.\",\"publisher\":{\"@id\":\"https:\\\/\\\/hydrokube.be\\\/nl\\\/#organization\"},\"potentialAction\":[{\"@type\":\"SearchAction\",\"target\":{\"@type\":\"EntryPoint\",\"urlTemplate\":\"https:\\\/\\\/hydrokube.be\\\/nl\\\/?s={search_term_string}\"},\"query-input\":{\"@type\":\"PropertyValueSpecification\",\"valueRequired\":true,\"valueName\":\"search_term_string\"}}],\"inLanguage\":\"nl-NL\"},{\"@type\":\"Organization\",\"@id\":\"https:\\\/\\\/hydrokube.be\\\/nl\\\/#organization\",\"name\":\"Greenside S.A.\",\"alternateName\":\"Hydrokube\",\"url\":\"https:\\\/\\\/hydrokube.be\\\/nl\\\/\",\"logo\":{\"@type\":\"ImageObject\",\"inLanguage\":\"nl-NL\",\"@id\":\"https:\\\/\\\/hydrokube.be\\\/nl\\\/#\\\/schema\\\/logo\\\/image\\\/\",\"url\":\"https:\\\/\\\/hydrokube.be\\\/wp-content\\\/uploads\\\/2022\\\/12\\\/Greenside_logo.jpg\",\"contentUrl\":\"https:\\\/\\\/hydrokube.be\\\/wp-content\\\/uploads\\\/2022\\\/12\\\/Greenside_logo.jpg\",\"width\":1533,\"height\":421,\"caption\":\"Greenside S.A.\"},\"image\":{\"@id\":\"https:\\\/\\\/hydrokube.be\\\/nl\\\/#\\\/schema\\\/logo\\\/image\\\/\"},\"sameAs\":[\"https:\\\/\\\/www.facebook.com\\\/hydrokube\",\"https:\\\/\\\/x.com\\\/hydrokube\",\"https:\\\/\\\/linkedin.com\\\/company\\\/hydrokube\"]}]}<\/script>\n<!-- \/ Yoast SEO plugin. -->","yoast_head_json":{"title":"Aansluitset voor Hydrokube | Ecologische CO2 Waterontharder","description":"Snelkoppelingsset voor eenvoudige installatie van de hydrokube op een bestaande gegalvaniseerde of PE-installatie met een diameter van 19 mm (3\/4\").","robots":{"index":"index","follow":"follow","max-snippet":"max-snippet:-1","max-image-preview":"max-image-preview:large","max-video-preview":"max-video-preview:-1"},"canonical":"https:\/\/hydrokube.be\/nl\/artikel\/aansluitset\/","og_locale":"nl_NL","og_type":"article","og_title":"Aansluitset voor Hydrokube | Ecologische CO2 Waterontharder","og_description":"Snelkoppelingsset voor eenvoudige installatie van de hydrokube op een bestaande gegalvaniseerde of PE-installatie met een diameter van 19 mm (3\/4\").","og_url":"https:\/\/hydrokube.be\/nl\/artikel\/aansluitset\/","og_site_name":"Hydrokube","article_publisher":"https:\/\/www.facebook.com\/hydrokube","article_modified_time":"2025-02-08T15:03:17+00:00","og_image":[{"width":420,"height":420,"url":"https:\/\/hydrokube.be\/wp-content\/uploads\/2016\/07\/Kit_connexion_coude_hydrokube-e1469742276117.jpg","type":"image\/png"}],"twitter_card":"summary_large_image","twitter_site":"@hydrokube","twitter_misc":{"Geschatte leestijd":"1 minuut"},"schema":{"@context":"https:\/\/schema.org","@graph":[{"@type":"WebPage","@id":"https:\/\/hydrokube.be\/nl\/artikel\/aansluitset\/","url":"https:\/\/hydrokube.be\/nl\/artikel\/aansluitset\/","name":"Aansluitset voor Hydrokube | Ecologische CO2 Waterontharder","isPartOf":{"@id":"https:\/\/hydrokube.be\/nl\/#website"},"primaryImageOfPage":{"@id":"https:\/\/hydrokube.be\/nl\/artikel\/aansluitset\/#primaryimage"},"image":{"@id":"https:\/\/hydrokube.be\/nl\/artikel\/aansluitset\/#primaryimage"},"thumbnailUrl":"https:\/\/hydrokube.be\/wp-content\/uploads\/2016\/07\/Kit_connexion_coude_hydrokube-e1469742276117.jpg","datePublished":"2016-07-31T20:00:13+00:00","dateModified":"2025-02-08T15:03:17+00:00","description":"Snelkoppelingsset voor eenvoudige installatie van de hydrokube op een bestaande gegalvaniseerde of PE-installatie met een diameter van 19 mm (3\/4\").","breadcrumb":{"@id":"https:\/\/hydrokube.be\/nl\/artikel\/aansluitset\/#breadcrumb"},"inLanguage":"nl-NL","potentialAction":[{"@type":"ReadAction","target":["https:\/\/hydrokube.be\/nl\/artikel\/aansluitset\/"]}]},{"@type":"ImageObject","inLanguage":"nl-NL","@id":"https:\/\/hydrokube.be\/nl\/artikel\/aansluitset\/#primaryimage","url":"https:\/\/hydrokube.be\/wp-content\/uploads\/2016\/07\/Kit_connexion_coude_hydrokube-e1469742276117.jpg","contentUrl":"https:\/\/hydrokube.be\/wp-content\/uploads\/2016\/07\/Kit_connexion_coude_hydrokube-e1469742276117.jpg","width":420,"height":420,"caption":"Hydrokube-water-connectie-kit"},{"@type":"BreadcrumbList","@id":"https:\/\/hydrokube.be\/nl\/artikel\/aansluitset\/#breadcrumb","itemListElement":[{"@type":"ListItem","position":1,"name":"Welkom","item":"https:\/\/hydrokube.be\/nl\/ontharder_water-2\/"},{"@type":"ListItem","position":2,"name":"De Winkel","item":"https:\/\/hydrokube.be\/nl\/de-winkel\/"},{"@type":"ListItem","position":3,"name":"100cm snelkoppelingsset"}]},{"@type":"WebSite","@id":"https:\/\/hydrokube.be\/nl\/#website","url":"https:\/\/hydrokube.be\/nl\/","name":"Hydrokube","description":"Economiser 2.700 Euros par rapport \u00e0 un adoucisseur au sel. Hydrokube est un adoucisseur d&#039;eau \u00e9cologique, certifi\u00e9 efficace et compact.","publisher":{"@id":"https:\/\/hydrokube.be\/nl\/#organization"},"potentialAction":[{"@type":"SearchAction","target":{"@type":"EntryPoint","urlTemplate":"https:\/\/hydrokube.be\/nl\/?s={search_term_string}"},"query-input":{"@type":"PropertyValueSpecification","valueRequired":true,"valueName":"search_term_string"}}],"inLanguage":"nl-NL"},{"@type":"Organization","@id":"https:\/\/hydrokube.be\/nl\/#organization","name":"Greenside S.A.","alternateName":"Hydrokube","url":"https:\/\/hydrokube.be\/nl\/","logo":{"@type":"ImageObject","inLanguage":"nl-NL","@id":"https:\/\/hydrokube.be\/nl\/#\/schema\/logo\/image\/","url":"https:\/\/hydrokube.be\/wp-content\/uploads\/2022\/12\/Greenside_logo.jpg","contentUrl":"https:\/\/hydrokube.be\/wp-content\/uploads\/2022\/12\/Greenside_logo.jpg","width":1533,"height":421,"caption":"Greenside S.A."},"image":{"@id":"https:\/\/hydrokube.be\/nl\/#\/schema\/logo\/image\/"},"sameAs":["https:\/\/www.facebook.com\/hydrokube","https:\/\/x.com\/hydrokube","https:\/\/linkedin.com\/company\/hydrokube"]}]}},"_links":{"self":[{"href":"https:\/\/hydrokube.be\/nl\/wp-json\/wp\/v2\/product\/28015","targetHints":{"allow":["GET"]}}],"collection":[{"href":"https:\/\/hydrokube.be\/nl\/wp-json\/wp\/v2\/product"}],"about":[{"href":"https:\/\/hydrokube.be\/nl\/wp-json\/wp\/v2\/types\/product"}],"wp:featuredmedia":[{"embeddable":true,"href":"https:\/\/hydrokube.be\/nl\/wp-json\/wp\/v2\/media\/28016"}],"wp:attachment":[{"href":"https:\/\/hydrokube.be\/nl\/wp-json\/wp\/v2\/media?parent=28015"}],"wp:term":[{"taxonomy":"product_brand","embeddable":true,"href":"https:\/\/hydrokube.be\/nl\/wp-json\/wp\/v2\/product_brand?post=28015"},{"taxonomy":"product_cat","embeddable":true,"href":"https:\/\/hydrokube.be\/nl\/wp-json\/wp\/v2\/product_cat?post=28015"},{"taxonomy":"product_tag","embeddable":true,"href":"https:\/\/hydrokube.be\/nl\/wp-json\/wp\/v2\/product_tag?post=28015"}],"curies":[{"name":"wp","href":"https:\/\/api.w.org\/{rel}","templated":true}]}}