{"id":28011,"date":"2016-07-31T20:22:57","date_gmt":"2016-07-31T19:22:57","guid":{"rendered":"https:\/\/hydrokube.be\/fr\/product\/hydrokube-250b-economische-ontkalker\/"},"modified":"2025-05-16T18:01:55","modified_gmt":"2025-05-16T17:01:55","slug":"kit-comfort","status":"publish","type":"product","link":"https:\/\/hydrokube.be\/nl\/artikel\/kit-comfort\/","title":{"rendered":"Comfort kit"},"content":{"rendered":"<h2>Hydrokube Comfort<\/h2>\n<p>De Hydrokube Comfort, een hoogwaardig CO<sub>2<\/sub>-antiscalant van Belgische makelij, beheert de precieze en proportionele injectie van CO<sub>2<\/sub> in het water via de controller. De nieuwste generatie waterontharders is ook eenvoudig te installeren voor de doe-het-zelver.<\/p>\n<p><strong>Doeltreffend<\/strong>: De C0<sub>2<\/sub> waterontharder van Hydrokube is getest en gecertificeerd als 100% effectief door het Belgische laboratorium Ecochim en test-Achat. Bovendien behandelt en herverdeelt het<strong>antikalksysteem <\/strong>100% van het gebruikte water.<br \/>\n<strong>Natuurlijk:<\/strong> dankzij dit <strong>zoutvrije CO<sub>2<\/sub>-antiscalant<\/strong> is het behandelde water veilig om te drinken en behoudt het zijn echte smaak en natuurlijke sporenelementen (calcium, magnesium, kalium, ijzer, natrium, fosfor). De Hydrokube gebruikt ook 100% gerecyclede C0<sub>2<\/sub> van voedselkwaliteit.<br \/>\n<strong>Zuinig:<\/strong> Met dit antikalkapparaat bespaar je \u20ac2.000 met onthard water zonder zout. Je zult de <strong>prijs van een CO<sub>2<\/sub>-waterontharder<\/strong> snel terugverdienen. Je machines, warmwatertank, kranen en toiletten gaan langer mee. Door kalkaanslag te verwijderen, verbruik je minder elektriciteit om je water te verwarmen, minder zeep om het schoon te maken en bespaar je geld op antikalkproducten.<\/p>\n<h3>Voordelen van CO<sub>2<\/sub>-antikalk:<\/h3>\n<p>Met Hydrokube Comfort is mijn huis kalkvrij dankzij een zoutloze, zuinige waterbehandeling:<\/p>\n<ul>\n<li>Onderhoudsvrij,<\/li>\n<li>Herverdeelt 100% van het gebruikte water,<\/li>\n<li>Houdt uw water schoon en gezond, zonder toegevoegd zout,<\/li>\n<li>De antikalkbeveiliging wordt ge\u00efnstalleerd na de waterdrukregelaar.<\/li>\n<li>Geen rioolaansluiting,<\/li>\n<li>De CO<sub>2<\/sub>-ontharder gebruikt 100% gerecycled water,<\/li>\n<li>Met de Boost Clean-functie kun je het CO2-niveau tijdelijk verhogen, wat een genezend effect heeft op kalkaanslag in bestaande leidingen, \u2013 2 niveaus van Boost Clean met Comfort.<\/li>\n<li>Het controlescherm dat volledige informatie geeft over het gebruik van de Hydrokube (water- en CO2-verbruik, lekdetectie, gemiddeld verbruik).<\/li>\n<\/ul>\n<p><strong>Een waterdrukregelaar van goede kwaliteit wordt aanbevolen tussen de elektriciteitsmeter en de CO<sub>2 <\/sub>waterontharder.<\/strong> De Hydrokube maakt ook gebruik van kooldioxide (CO<sub>2<\/sub>), een zuinig en milieuvriendelijk voedingssupplement in een hervulbare fles. CO<sub>2<\/sub> lost ook perfect op in water en verandert kalk in bicarbonaat. Bicarbonaat is perfect oplosbaar in water, is niet schadelijk en veroorzaakt geen problemen in huis. Het water is natuurlijk veilig om te drinken.<\/p>\n","protected":false},"excerpt":{"rendered":"<p>Deze CO<sub>2<\/sub> waterontharder is eenvoudig te installeren, een professionele loodgieter is niet nodig! Ontdek de Hydrokube kit en profiteer van de vereenvoudigde installatie voor uw dagelijks comfort.<\/p>\n<p><strong>Deze Hydrokube Comfort kit bevat:<\/strong><br \/>\n\u2022 Een Hydrokube Comfort apparaat (29x29x16 cm)<br \/>\n\u2022 Eenstandaard 10 kg CO<sub>2<\/sub> fles<br \/>\n\u2022 Een CO<sub>2<\/sub> drukregelaar<br \/>\n\u2022 Twee niveaus van Boostclean<br \/>\n\u2022 CO<sub>2<\/sub>-aansluitslang van 2 meter<br \/>\n\u2022 Fles bevestigingsset<br \/>\n\u2022 Draagbare elektronische pH-meter en pH7 \u2013 20 ml ijkoplossing<br \/>\n\u2022 Gebruikershandleiding<br \/>\n\u2022 Handleiding voor installatie en afstelling<\/p>\n","protected":false},"featured_media":29823,"template":"","meta":{"_et_pb_use_builder":"","_et_pb_old_content":"","_et_gb_content_width":"","content-type":""},"product_brand":[],"product_cat":[173],"product_tag":[],"class_list":{"0":"post-28011","1":"product","2":"type-product","3":"status-publish","4":"has-post-thumbnail","6":"product_cat-waterontharders","7":"product_shipping_class-gratis-nl","9":"first","10":"instock","11":"sold-individually","12":"taxable","13":"shipping-taxable","14":"purchasable","15":"product-type-simple"},"yoast_head":"<!-- This site is optimized with the Yoast SEO plugin v27.4 - https:\/\/yoast.com\/product\/yoast-seo-wordpress\/ -->\n<title>Kit Comfort Hydrokube | Ecologische en zuinige CO2 waterontharder<\/title>\n<meta name=\"description\" content=\"Ontdek de Hydrokube Comfort Kit: de milieuvriendelijke, zuinige, zoutvrije CO2 waterontharder. Neutraliseer kalk effectief voor zacht water van hoge kwaliteit.\" \/>\n<meta name=\"robots\" content=\"index, follow, max-snippet:-1, max-image-preview:large, max-video-preview:-1\" \/>\n<link rel=\"canonical\" href=\"https:\/\/hydrokube.be\/nl\/artikel\/kit-comfort\/\" \/>\n<meta property=\"og:locale\" content=\"nl_NL\" \/>\n<meta property=\"og:type\" content=\"article\" \/>\n<meta property=\"og:title\" content=\"Kit Comfort Hydrokube | Ecologische en zuinige CO2 waterontharder\" \/>\n<meta property=\"og:description\" content=\"Ontdek de Hydrokube Comfort Kit: de milieuvriendelijke, zuinige, zoutvrije CO2 waterontharder. Neutraliseer kalk effectief voor zacht water van hoge kwaliteit.\" \/>\n<meta property=\"og:url\" content=\"https:\/\/hydrokube.be\/nl\/artikel\/kit-comfort\/\" \/>\n<meta property=\"og:site_name\" content=\"Hydrokube\" \/>\n<meta property=\"article:publisher\" content=\"https:\/\/www.facebook.com\/hydrokube\" \/>\n<meta property=\"article:modified_time\" content=\"2025-05-16T17:01:55+00:00\" \/>\n<meta property=\"og:image\" content=\"https:\/\/hydrokube.be\/wp-content\/uploads\/2018\/06\/Comfort_Clair_300DPI.png\" \/>\n\t<meta property=\"og:image:width\" content=\"1400\" \/>\n\t<meta property=\"og:image:height\" content=\"930\" \/>\n\t<meta property=\"og:image:type\" content=\"image\/png\" \/>\n<meta name=\"twitter:card\" content=\"summary_large_image\" \/>\n<meta name=\"twitter:site\" content=\"@hydrokube\" \/>\n<meta name=\"twitter:label1\" content=\"Geschatte leestijd\" \/>\n\t<meta name=\"twitter:data1\" content=\"2 minuten\" \/>\n<script type=\"application\/ld+json\" class=\"yoast-schema-graph\">{\"@context\":\"https:\\\/\\\/schema.org\",\"@graph\":[{\"@type\":\"WebPage\",\"@id\":\"https:\\\/\\\/hydrokube.be\\\/nl\\\/artikel\\\/kit-comfort\\\/\",\"url\":\"https:\\\/\\\/hydrokube.be\\\/nl\\\/artikel\\\/kit-comfort\\\/\",\"name\":\"Kit Comfort Hydrokube | Ecologische en zuinige CO2 waterontharder\",\"isPartOf\":{\"@id\":\"https:\\\/\\\/hydrokube.be\\\/nl\\\/#website\"},\"primaryImageOfPage\":{\"@id\":\"https:\\\/\\\/hydrokube.be\\\/nl\\\/artikel\\\/kit-comfort\\\/#primaryimage\"},\"image\":{\"@id\":\"https:\\\/\\\/hydrokube.be\\\/nl\\\/artikel\\\/kit-comfort\\\/#primaryimage\"},\"thumbnailUrl\":\"https:\\\/\\\/hydrokube.be\\\/wp-content\\\/uploads\\\/2018\\\/06\\\/Comfort_Clair_300DPI.png\",\"datePublished\":\"2016-07-31T19:22:57+00:00\",\"dateModified\":\"2025-05-16T17:01:55+00:00\",\"description\":\"Ontdek de Hydrokube Comfort Kit: de milieuvriendelijke, zuinige, zoutvrije CO2 waterontharder. Neutraliseer kalk effectief voor zacht water van hoge kwaliteit.\",\"breadcrumb\":{\"@id\":\"https:\\\/\\\/hydrokube.be\\\/nl\\\/artikel\\\/kit-comfort\\\/#breadcrumb\"},\"inLanguage\":\"nl-NL\",\"potentialAction\":[{\"@type\":\"ReadAction\",\"target\":[\"https:\\\/\\\/hydrokube.be\\\/nl\\\/artikel\\\/kit-comfort\\\/\"]}]},{\"@type\":\"ImageObject\",\"inLanguage\":\"nl-NL\",\"@id\":\"https:\\\/\\\/hydrokube.be\\\/nl\\\/artikel\\\/kit-comfort\\\/#primaryimage\",\"url\":\"https:\\\/\\\/hydrokube.be\\\/wp-content\\\/uploads\\\/2018\\\/06\\\/Comfort_Clair_300DPI.png\",\"contentUrl\":\"https:\\\/\\\/hydrokube.be\\\/wp-content\\\/uploads\\\/2018\\\/06\\\/Comfort_Clair_300DPI.png\",\"width\":1400,\"height\":930,\"caption\":\"Hydrokube Comfort\"},{\"@type\":\"BreadcrumbList\",\"@id\":\"https:\\\/\\\/hydrokube.be\\\/nl\\\/artikel\\\/kit-comfort\\\/#breadcrumb\",\"itemListElement\":[{\"@type\":\"ListItem\",\"position\":1,\"name\":\"Welkom\",\"item\":\"https:\\\/\\\/hydrokube.be\\\/nl\\\/ontharder_water-2\\\/\"},{\"@type\":\"ListItem\",\"position\":2,\"name\":\"De Winkel\",\"item\":\"https:\\\/\\\/hydrokube.be\\\/nl\\\/de-winkel\\\/\"},{\"@type\":\"ListItem\",\"position\":3,\"name\":\"Comfort kit\"}]},{\"@type\":\"WebSite\",\"@id\":\"https:\\\/\\\/hydrokube.be\\\/nl\\\/#website\",\"url\":\"https:\\\/\\\/hydrokube.be\\\/nl\\\/\",\"name\":\"Hydrokube\",\"description\":\"Economiser 2.700 Euros par rapport \u00e0 un adoucisseur au sel. Hydrokube est un adoucisseur d&#039;eau \u00e9cologique, certifi\u00e9 efficace et compact.\",\"publisher\":{\"@id\":\"https:\\\/\\\/hydrokube.be\\\/nl\\\/#organization\"},\"potentialAction\":[{\"@type\":\"SearchAction\",\"target\":{\"@type\":\"EntryPoint\",\"urlTemplate\":\"https:\\\/\\\/hydrokube.be\\\/nl\\\/?s={search_term_string}\"},\"query-input\":{\"@type\":\"PropertyValueSpecification\",\"valueRequired\":true,\"valueName\":\"search_term_string\"}}],\"inLanguage\":\"nl-NL\"},{\"@type\":\"Organization\",\"@id\":\"https:\\\/\\\/hydrokube.be\\\/nl\\\/#organization\",\"name\":\"Greenside S.A.\",\"alternateName\":\"Hydrokube\",\"url\":\"https:\\\/\\\/hydrokube.be\\\/nl\\\/\",\"logo\":{\"@type\":\"ImageObject\",\"inLanguage\":\"nl-NL\",\"@id\":\"https:\\\/\\\/hydrokube.be\\\/nl\\\/#\\\/schema\\\/logo\\\/image\\\/\",\"url\":\"https:\\\/\\\/hydrokube.be\\\/wp-content\\\/uploads\\\/2022\\\/12\\\/Greenside_logo.jpg\",\"contentUrl\":\"https:\\\/\\\/hydrokube.be\\\/wp-content\\\/uploads\\\/2022\\\/12\\\/Greenside_logo.jpg\",\"width\":1533,\"height\":421,\"caption\":\"Greenside S.A.\"},\"image\":{\"@id\":\"https:\\\/\\\/hydrokube.be\\\/nl\\\/#\\\/schema\\\/logo\\\/image\\\/\"},\"sameAs\":[\"https:\\\/\\\/www.facebook.com\\\/hydrokube\",\"https:\\\/\\\/x.com\\\/hydrokube\",\"https:\\\/\\\/linkedin.com\\\/company\\\/hydrokube\"]}]}<\/script>\n<!-- \/ Yoast SEO plugin. -->","yoast_head_json":{"title":"Kit Comfort Hydrokube | Ecologische en zuinige CO2 waterontharder","description":"Ontdek de Hydrokube Comfort Kit: de milieuvriendelijke, zuinige, zoutvrije CO2 waterontharder. Neutraliseer kalk effectief voor zacht water van hoge kwaliteit.","robots":{"index":"index","follow":"follow","max-snippet":"max-snippet:-1","max-image-preview":"max-image-preview:large","max-video-preview":"max-video-preview:-1"},"canonical":"https:\/\/hydrokube.be\/nl\/artikel\/kit-comfort\/","og_locale":"nl_NL","og_type":"article","og_title":"Kit Comfort Hydrokube | Ecologische en zuinige CO2 waterontharder","og_description":"Ontdek de Hydrokube Comfort Kit: de milieuvriendelijke, zuinige, zoutvrije CO2 waterontharder. Neutraliseer kalk effectief voor zacht water van hoge kwaliteit.","og_url":"https:\/\/hydrokube.be\/nl\/artikel\/kit-comfort\/","og_site_name":"Hydrokube","article_publisher":"https:\/\/www.facebook.com\/hydrokube","article_modified_time":"2025-05-16T17:01:55+00:00","og_image":[{"width":1400,"height":930,"url":"https:\/\/hydrokube.be\/wp-content\/uploads\/2018\/06\/Comfort_Clair_300DPI.png","type":"image\/png"}],"twitter_card":"summary_large_image","twitter_site":"@hydrokube","twitter_misc":{"Geschatte leestijd":"2 minuten"},"schema":{"@context":"https:\/\/schema.org","@graph":[{"@type":"WebPage","@id":"https:\/\/hydrokube.be\/nl\/artikel\/kit-comfort\/","url":"https:\/\/hydrokube.be\/nl\/artikel\/kit-comfort\/","name":"Kit Comfort Hydrokube | Ecologische en zuinige CO2 waterontharder","isPartOf":{"@id":"https:\/\/hydrokube.be\/nl\/#website"},"primaryImageOfPage":{"@id":"https:\/\/hydrokube.be\/nl\/artikel\/kit-comfort\/#primaryimage"},"image":{"@id":"https:\/\/hydrokube.be\/nl\/artikel\/kit-comfort\/#primaryimage"},"thumbnailUrl":"https:\/\/hydrokube.be\/wp-content\/uploads\/2018\/06\/Comfort_Clair_300DPI.png","datePublished":"2016-07-31T19:22:57+00:00","dateModified":"2025-05-16T17:01:55+00:00","description":"Ontdek de Hydrokube Comfort Kit: de milieuvriendelijke, zuinige, zoutvrije CO2 waterontharder. Neutraliseer kalk effectief voor zacht water van hoge kwaliteit.","breadcrumb":{"@id":"https:\/\/hydrokube.be\/nl\/artikel\/kit-comfort\/#breadcrumb"},"inLanguage":"nl-NL","potentialAction":[{"@type":"ReadAction","target":["https:\/\/hydrokube.be\/nl\/artikel\/kit-comfort\/"]}]},{"@type":"ImageObject","inLanguage":"nl-NL","@id":"https:\/\/hydrokube.be\/nl\/artikel\/kit-comfort\/#primaryimage","url":"https:\/\/hydrokube.be\/wp-content\/uploads\/2018\/06\/Comfort_Clair_300DPI.png","contentUrl":"https:\/\/hydrokube.be\/wp-content\/uploads\/2018\/06\/Comfort_Clair_300DPI.png","width":1400,"height":930,"caption":"Hydrokube Comfort"},{"@type":"BreadcrumbList","@id":"https:\/\/hydrokube.be\/nl\/artikel\/kit-comfort\/#breadcrumb","itemListElement":[{"@type":"ListItem","position":1,"name":"Welkom","item":"https:\/\/hydrokube.be\/nl\/ontharder_water-2\/"},{"@type":"ListItem","position":2,"name":"De Winkel","item":"https:\/\/hydrokube.be\/nl\/de-winkel\/"},{"@type":"ListItem","position":3,"name":"Comfort kit"}]},{"@type":"WebSite","@id":"https:\/\/hydrokube.be\/nl\/#website","url":"https:\/\/hydrokube.be\/nl\/","name":"Hydrokube","description":"Economiser 2.700 Euros par rapport \u00e0 un adoucisseur au sel. Hydrokube est un adoucisseur d&#039;eau \u00e9cologique, certifi\u00e9 efficace et compact.","publisher":{"@id":"https:\/\/hydrokube.be\/nl\/#organization"},"potentialAction":[{"@type":"SearchAction","target":{"@type":"EntryPoint","urlTemplate":"https:\/\/hydrokube.be\/nl\/?s={search_term_string}"},"query-input":{"@type":"PropertyValueSpecification","valueRequired":true,"valueName":"search_term_string"}}],"inLanguage":"nl-NL"},{"@type":"Organization","@id":"https:\/\/hydrokube.be\/nl\/#organization","name":"Greenside S.A.","alternateName":"Hydrokube","url":"https:\/\/hydrokube.be\/nl\/","logo":{"@type":"ImageObject","inLanguage":"nl-NL","@id":"https:\/\/hydrokube.be\/nl\/#\/schema\/logo\/image\/","url":"https:\/\/hydrokube.be\/wp-content\/uploads\/2022\/12\/Greenside_logo.jpg","contentUrl":"https:\/\/hydrokube.be\/wp-content\/uploads\/2022\/12\/Greenside_logo.jpg","width":1533,"height":421,"caption":"Greenside S.A."},"image":{"@id":"https:\/\/hydrokube.be\/nl\/#\/schema\/logo\/image\/"},"sameAs":["https:\/\/www.facebook.com\/hydrokube","https:\/\/x.com\/hydrokube","https:\/\/linkedin.com\/company\/hydrokube"]}]}},"_links":{"self":[{"href":"https:\/\/hydrokube.be\/nl\/wp-json\/wp\/v2\/product\/28011","targetHints":{"allow":["GET"]}}],"collection":[{"href":"https:\/\/hydrokube.be\/nl\/wp-json\/wp\/v2\/product"}],"about":[{"href":"https:\/\/hydrokube.be\/nl\/wp-json\/wp\/v2\/types\/product"}],"wp:featuredmedia":[{"embeddable":true,"href":"https:\/\/hydrokube.be\/nl\/wp-json\/wp\/v2\/media\/29823"}],"wp:attachment":[{"href":"https:\/\/hydrokube.be\/nl\/wp-json\/wp\/v2\/media?parent=28011"}],"wp:term":[{"taxonomy":"product_brand","embeddable":true,"href":"https:\/\/hydrokube.be\/nl\/wp-json\/wp\/v2\/product_brand?post=28011"},{"taxonomy":"product_cat","embeddable":true,"href":"https:\/\/hydrokube.be\/nl\/wp-json\/wp\/v2\/product_cat?post=28011"},{"taxonomy":"product_tag","embeddable":true,"href":"https:\/\/hydrokube.be\/nl\/wp-json\/wp\/v2\/product_tag?post=28011"}],"curies":[{"name":"wp","href":"https:\/\/api.w.org\/{rel}","templated":true}]}}