{"id":28007,"date":"2016-09-03T13:58:44","date_gmt":"2016-09-03T12:58:44","guid":{"rendered":"https:\/\/hydrokube.be\/fr\/product\/waterdrukregelaar-d016-34-2\/"},"modified":"2025-02-08T16:00:46","modified_gmt":"2025-02-08T15:00:46","slug":"waterdrukregelaar","status":"publish","type":"product","link":"https:\/\/hydrokube.be\/nl\/artikel\/waterdrukregelaar\/","title":{"rendered":"Waterdrukregelaar"},"content":{"rendered":"<p>Drukreduceerventiel met gebalanceerde enkelzittingsventiel voor huishoudelijke watervoorziening. De drukregelaar beschermt de huisinstallatie tegen drukschade bij hoge toevoerdrukken en vermindert het waterverbruik. Bij grote drukschommelingen minimaliseert de constante stroomneerwaartse druk de stromingsruis in het systeem.<br \/>\nDe gewenste druk is instelbaar en kan op elk moment op het display worden afgelezen.<\/p>\n<p>De drukregelaar is ook geschikt voor gebruik in industri\u00eble en commerci\u00eble toepassingen, afhankelijk van de specificaties.<br \/>\nHij kan worden gebruikt voor water, perslucht en stikstof tot 40\u00b0C.<\/p>\n<p>De drukregelaar houdt de ingestelde druk op een constante waarde bij variaties in de druk van het distributienetwerk. Het voorkomt dus schade en waterverlies door drukschommelingen. Bovendien beschermt de waterdrukregelaar niet alleen uw drinkwatersysteem, maar zorgt er ook voor dat uw Hydrokube optimaal wordt behandeld. Tot slot draagt het bij aan het comfort door fluiten, waterslag en andere verkeersgeluiden te verminderen. Dit kwaliteitsproduct heeft een gebalanceerde klep met schotelzitting. De veer is beschermd tegen het watercircuit voor een veel langere levensduur.<\/p>\n<p><strong>Correspondentietabel:<\/strong><\/p>\n<p><strong>Afmeting in inch<\/strong> <strong>1\/2&#8221; 3\/4&#8221; 1&#8221;<\/strong><\/p>\n<p>Inwendige diameter (mm) 15 20 25<\/p>\n<p>Metrische aanduiding 15\/21 20\/27 26\/34<\/p>\n<p>PE-pijpequivalent 20 25 32<\/p>\n<p>Reserveonderdeel: Honeywell ES06F-1\/2A vervangingszeef \u2013 Neem contact met ons op voor meer informatie.<\/p>\n","protected":false},"excerpt":{"rendered":"<p>Drukreduceerventiel met gebalanceerde enkelzittingsventiel voor huishoudelijke watervoorziening. De drukregelaar beschermt de huisinstallatie tegen drukschade bij hoge toevoerdrukken en vermindert het waterverbruik. Bij grote drukschommelingen minimaliseert de constante stroomneerwaartse druk de stromingsruis in het systeem.<\/p>\n<ul>\n<li>\n<div class=\"col-lg-12\">\n<div class=\"divproductlongtext\">Optioneel: 1\/4 axiale manometer 0-6 bar<\/div>\n<\/div>\n<\/li>\n<\/ul>\n","protected":false},"featured_media":28008,"template":"","meta":{"_et_pb_use_builder":"off","_et_pb_old_content":"De drukregelaar houdt de ingestelde druk op een constante waarde bij variaties in de druk van het distributienetwerk. Het voorkomt dus schade en waterverlies door drukschommelingen. Bovendien beschermt de waterdrukregelaar niet alleen uw drinkwatersysteem, maar zorgt er ook voor dat uw Hydrokube optimaal wordt behandeld. Tot slot draagt het bij aan het comfort door fluiten, waterslag en andere verkeersgeluiden te verminderen.\n\nDit kwaliteitsproduct heeft een gebalanceerde klep met schotelzitting. De veer is beschermd tegen het watercircuit voor een veel langere levensduur.\n\n<strong>Correspondentietabel:<\/strong>\n<strong>Maat in inch 1\/2'' 3\/4'' 1''<\/strong>\nBinnendiameter (mm) 15 20 25\nMetrische aanduiding 15\/21 20\/27 26\/34\nPE-pijpequivalent 20 25 32\n\nJe kunt een terugspoelfilter plaatsen (type FN09S). Neem contact met ons op voor meer informatie.\n\nNeem contact met ons op voor de volledige specificaties.","_et_gb_content_width":"","content-type":""},"product_brand":[],"product_cat":[175],"product_tag":[],"class_list":{"0":"post-28007","1":"product","2":"type-product","3":"status-publish","4":"has-post-thumbnail","6":"product_cat-accessoires-nl","7":"product_shipping_class-klein-postpakket","9":"first","10":"instock","11":"taxable","12":"shipping-taxable","13":"purchasable","14":"product-type-variable","15":"has-default-attributes"},"yoast_head":"<!-- This site is optimized with the Yoast SEO plugin v27.3 - https:\/\/yoast.com\/product\/yoast-seo-wordpress\/ -->\n<title>Drukregelaar | Hydrokube anti-kalkbehandeling | CO2 Waterontharder<\/title>\n<meta name=\"description\" content=\"Hydrokube drukregelaar: uw ecologische en economische antikalkoplossing. CO2 waterbehandeling, zonder toegevoegd zout. Bescherm uw toestellen en geniet van zacht water. Vraag een gratis offerte aan.\" \/>\n<meta name=\"robots\" content=\"index, follow, max-snippet:-1, max-image-preview:large, max-video-preview:-1\" \/>\n<link rel=\"canonical\" href=\"https:\/\/hydrokube.be\/nl\/artikel\/waterdrukregelaar\/\" \/>\n<meta property=\"og:locale\" content=\"nl_NL\" \/>\n<meta property=\"og:type\" content=\"article\" \/>\n<meta property=\"og:title\" content=\"Drukregelaar | Hydrokube anti-kalkbehandeling | CO2 Waterontharder\" \/>\n<meta property=\"og:description\" content=\"Hydrokube drukregelaar: uw ecologische en economische antikalkoplossing. CO2 waterbehandeling, zonder toegevoegd zout. Bescherm uw toestellen en geniet van zacht water. Vraag een gratis offerte aan.\" \/>\n<meta property=\"og:url\" content=\"https:\/\/hydrokube.be\/nl\/artikel\/waterdrukregelaar\/\" \/>\n<meta property=\"og:site_name\" content=\"Hydrokube\" \/>\n<meta property=\"article:publisher\" content=\"https:\/\/www.facebook.com\/hydrokube\" \/>\n<meta property=\"article:modified_time\" content=\"2025-02-08T15:00:46+00:00\" \/>\n<meta property=\"og:image\" content=\"https:\/\/hydrokube.be\/wp-content\/uploads\/2016\/07\/Regulateur-pression-D06_3-4.png\" \/>\n\t<meta property=\"og:image:width\" content=\"421\" \/>\n\t<meta property=\"og:image:height\" content=\"421\" \/>\n\t<meta property=\"og:image:type\" content=\"image\/png\" \/>\n<meta name=\"twitter:card\" content=\"summary_large_image\" \/>\n<meta name=\"twitter:site\" content=\"@hydrokube\" \/>\n<meta name=\"twitter:label1\" content=\"Geschatte leestijd\" \/>\n\t<meta name=\"twitter:data1\" content=\"1 minuut\" \/>\n<script type=\"application\/ld+json\" class=\"yoast-schema-graph\">{\"@context\":\"https:\\\/\\\/schema.org\",\"@graph\":[{\"@type\":\"WebPage\",\"@id\":\"https:\\\/\\\/hydrokube.be\\\/nl\\\/artikel\\\/waterdrukregelaar\\\/\",\"url\":\"https:\\\/\\\/hydrokube.be\\\/nl\\\/artikel\\\/waterdrukregelaar\\\/\",\"name\":\"Drukregelaar | Hydrokube anti-kalkbehandeling | CO2 Waterontharder\",\"isPartOf\":{\"@id\":\"https:\\\/\\\/hydrokube.be\\\/nl\\\/#website\"},\"primaryImageOfPage\":{\"@id\":\"https:\\\/\\\/hydrokube.be\\\/nl\\\/artikel\\\/waterdrukregelaar\\\/#primaryimage\"},\"image\":{\"@id\":\"https:\\\/\\\/hydrokube.be\\\/nl\\\/artikel\\\/waterdrukregelaar\\\/#primaryimage\"},\"thumbnailUrl\":\"https:\\\/\\\/hydrokube.be\\\/wp-content\\\/uploads\\\/2016\\\/07\\\/Regulateur-pression-D06_3-4.png\",\"datePublished\":\"2016-09-03T12:58:44+00:00\",\"dateModified\":\"2025-02-08T15:00:46+00:00\",\"description\":\"Hydrokube drukregelaar: uw ecologische en economische antikalkoplossing. CO2 waterbehandeling, zonder toegevoegd zout. Bescherm uw toestellen en geniet van zacht water. Vraag een gratis offerte aan.\",\"breadcrumb\":{\"@id\":\"https:\\\/\\\/hydrokube.be\\\/nl\\\/artikel\\\/waterdrukregelaar\\\/#breadcrumb\"},\"inLanguage\":\"nl-NL\",\"potentialAction\":[{\"@type\":\"ReadAction\",\"target\":[\"https:\\\/\\\/hydrokube.be\\\/nl\\\/artikel\\\/waterdrukregelaar\\\/\"]}]},{\"@type\":\"ImageObject\",\"inLanguage\":\"nl-NL\",\"@id\":\"https:\\\/\\\/hydrokube.be\\\/nl\\\/artikel\\\/waterdrukregelaar\\\/#primaryimage\",\"url\":\"https:\\\/\\\/hydrokube.be\\\/wp-content\\\/uploads\\\/2016\\\/07\\\/Regulateur-pression-D06_3-4.png\",\"contentUrl\":\"https:\\\/\\\/hydrokube.be\\\/wp-content\\\/uploads\\\/2016\\\/07\\\/Regulateur-pression-D06_3-4.png\",\"width\":421,\"height\":421,\"caption\":\"Waterdrukregelaar D016 3\\\/4\"},{\"@type\":\"BreadcrumbList\",\"@id\":\"https:\\\/\\\/hydrokube.be\\\/nl\\\/artikel\\\/waterdrukregelaar\\\/#breadcrumb\",\"itemListElement\":[{\"@type\":\"ListItem\",\"position\":1,\"name\":\"Welkom\",\"item\":\"https:\\\/\\\/hydrokube.be\\\/nl\\\/ontharder_water-2\\\/\"},{\"@type\":\"ListItem\",\"position\":2,\"name\":\"De Winkel\",\"item\":\"https:\\\/\\\/hydrokube.be\\\/nl\\\/de-winkel\\\/\"},{\"@type\":\"ListItem\",\"position\":3,\"name\":\"Waterdrukregelaar\"}]},{\"@type\":\"WebSite\",\"@id\":\"https:\\\/\\\/hydrokube.be\\\/nl\\\/#website\",\"url\":\"https:\\\/\\\/hydrokube.be\\\/nl\\\/\",\"name\":\"Hydrokube\",\"description\":\"Economiser 2.700 Euros par rapport \u00e0 un adoucisseur au sel. Hydrokube est un adoucisseur d&#039;eau \u00e9cologique, certifi\u00e9 efficace et compact.\",\"publisher\":{\"@id\":\"https:\\\/\\\/hydrokube.be\\\/nl\\\/#organization\"},\"potentialAction\":[{\"@type\":\"SearchAction\",\"target\":{\"@type\":\"EntryPoint\",\"urlTemplate\":\"https:\\\/\\\/hydrokube.be\\\/nl\\\/?s={search_term_string}\"},\"query-input\":{\"@type\":\"PropertyValueSpecification\",\"valueRequired\":true,\"valueName\":\"search_term_string\"}}],\"inLanguage\":\"nl-NL\"},{\"@type\":\"Organization\",\"@id\":\"https:\\\/\\\/hydrokube.be\\\/nl\\\/#organization\",\"name\":\"Greenside S.A.\",\"alternateName\":\"Hydrokube\",\"url\":\"https:\\\/\\\/hydrokube.be\\\/nl\\\/\",\"logo\":{\"@type\":\"ImageObject\",\"inLanguage\":\"nl-NL\",\"@id\":\"https:\\\/\\\/hydrokube.be\\\/nl\\\/#\\\/schema\\\/logo\\\/image\\\/\",\"url\":\"https:\\\/\\\/hydrokube.be\\\/wp-content\\\/uploads\\\/2022\\\/12\\\/Greenside_logo.jpg\",\"contentUrl\":\"https:\\\/\\\/hydrokube.be\\\/wp-content\\\/uploads\\\/2022\\\/12\\\/Greenside_logo.jpg\",\"width\":1533,\"height\":421,\"caption\":\"Greenside S.A.\"},\"image\":{\"@id\":\"https:\\\/\\\/hydrokube.be\\\/nl\\\/#\\\/schema\\\/logo\\\/image\\\/\"},\"sameAs\":[\"https:\\\/\\\/www.facebook.com\\\/hydrokube\",\"https:\\\/\\\/x.com\\\/hydrokube\",\"https:\\\/\\\/linkedin.com\\\/company\\\/hydrokube\"]}]}<\/script>\n<!-- \/ Yoast SEO plugin. -->","yoast_head_json":{"title":"Drukregelaar | Hydrokube anti-kalkbehandeling | CO2 Waterontharder","description":"Hydrokube drukregelaar: uw ecologische en economische antikalkoplossing. CO2 waterbehandeling, zonder toegevoegd zout. Bescherm uw toestellen en geniet van zacht water. Vraag een gratis offerte aan.","robots":{"index":"index","follow":"follow","max-snippet":"max-snippet:-1","max-image-preview":"max-image-preview:large","max-video-preview":"max-video-preview:-1"},"canonical":"https:\/\/hydrokube.be\/nl\/artikel\/waterdrukregelaar\/","og_locale":"nl_NL","og_type":"article","og_title":"Drukregelaar | Hydrokube anti-kalkbehandeling | CO2 Waterontharder","og_description":"Hydrokube drukregelaar: uw ecologische en economische antikalkoplossing. CO2 waterbehandeling, zonder toegevoegd zout. Bescherm uw toestellen en geniet van zacht water. Vraag een gratis offerte aan.","og_url":"https:\/\/hydrokube.be\/nl\/artikel\/waterdrukregelaar\/","og_site_name":"Hydrokube","article_publisher":"https:\/\/www.facebook.com\/hydrokube","article_modified_time":"2025-02-08T15:00:46+00:00","og_image":[{"width":421,"height":421,"url":"https:\/\/hydrokube.be\/wp-content\/uploads\/2016\/07\/Regulateur-pression-D06_3-4.png","type":"image\/png"}],"twitter_card":"summary_large_image","twitter_site":"@hydrokube","twitter_misc":{"Geschatte leestijd":"1 minuut"},"schema":{"@context":"https:\/\/schema.org","@graph":[{"@type":"WebPage","@id":"https:\/\/hydrokube.be\/nl\/artikel\/waterdrukregelaar\/","url":"https:\/\/hydrokube.be\/nl\/artikel\/waterdrukregelaar\/","name":"Drukregelaar | Hydrokube anti-kalkbehandeling | CO2 Waterontharder","isPartOf":{"@id":"https:\/\/hydrokube.be\/nl\/#website"},"primaryImageOfPage":{"@id":"https:\/\/hydrokube.be\/nl\/artikel\/waterdrukregelaar\/#primaryimage"},"image":{"@id":"https:\/\/hydrokube.be\/nl\/artikel\/waterdrukregelaar\/#primaryimage"},"thumbnailUrl":"https:\/\/hydrokube.be\/wp-content\/uploads\/2016\/07\/Regulateur-pression-D06_3-4.png","datePublished":"2016-09-03T12:58:44+00:00","dateModified":"2025-02-08T15:00:46+00:00","description":"Hydrokube drukregelaar: uw ecologische en economische antikalkoplossing. CO2 waterbehandeling, zonder toegevoegd zout. Bescherm uw toestellen en geniet van zacht water. Vraag een gratis offerte aan.","breadcrumb":{"@id":"https:\/\/hydrokube.be\/nl\/artikel\/waterdrukregelaar\/#breadcrumb"},"inLanguage":"nl-NL","potentialAction":[{"@type":"ReadAction","target":["https:\/\/hydrokube.be\/nl\/artikel\/waterdrukregelaar\/"]}]},{"@type":"ImageObject","inLanguage":"nl-NL","@id":"https:\/\/hydrokube.be\/nl\/artikel\/waterdrukregelaar\/#primaryimage","url":"https:\/\/hydrokube.be\/wp-content\/uploads\/2016\/07\/Regulateur-pression-D06_3-4.png","contentUrl":"https:\/\/hydrokube.be\/wp-content\/uploads\/2016\/07\/Regulateur-pression-D06_3-4.png","width":421,"height":421,"caption":"Waterdrukregelaar D016 3\/4"},{"@type":"BreadcrumbList","@id":"https:\/\/hydrokube.be\/nl\/artikel\/waterdrukregelaar\/#breadcrumb","itemListElement":[{"@type":"ListItem","position":1,"name":"Welkom","item":"https:\/\/hydrokube.be\/nl\/ontharder_water-2\/"},{"@type":"ListItem","position":2,"name":"De Winkel","item":"https:\/\/hydrokube.be\/nl\/de-winkel\/"},{"@type":"ListItem","position":3,"name":"Waterdrukregelaar"}]},{"@type":"WebSite","@id":"https:\/\/hydrokube.be\/nl\/#website","url":"https:\/\/hydrokube.be\/nl\/","name":"Hydrokube","description":"Economiser 2.700 Euros par rapport \u00e0 un adoucisseur au sel. Hydrokube est un adoucisseur d&#039;eau \u00e9cologique, certifi\u00e9 efficace et compact.","publisher":{"@id":"https:\/\/hydrokube.be\/nl\/#organization"},"potentialAction":[{"@type":"SearchAction","target":{"@type":"EntryPoint","urlTemplate":"https:\/\/hydrokube.be\/nl\/?s={search_term_string}"},"query-input":{"@type":"PropertyValueSpecification","valueRequired":true,"valueName":"search_term_string"}}],"inLanguage":"nl-NL"},{"@type":"Organization","@id":"https:\/\/hydrokube.be\/nl\/#organization","name":"Greenside S.A.","alternateName":"Hydrokube","url":"https:\/\/hydrokube.be\/nl\/","logo":{"@type":"ImageObject","inLanguage":"nl-NL","@id":"https:\/\/hydrokube.be\/nl\/#\/schema\/logo\/image\/","url":"https:\/\/hydrokube.be\/wp-content\/uploads\/2022\/12\/Greenside_logo.jpg","contentUrl":"https:\/\/hydrokube.be\/wp-content\/uploads\/2022\/12\/Greenside_logo.jpg","width":1533,"height":421,"caption":"Greenside S.A."},"image":{"@id":"https:\/\/hydrokube.be\/nl\/#\/schema\/logo\/image\/"},"sameAs":["https:\/\/www.facebook.com\/hydrokube","https:\/\/x.com\/hydrokube","https:\/\/linkedin.com\/company\/hydrokube"]}]}},"_links":{"self":[{"href":"https:\/\/hydrokube.be\/nl\/wp-json\/wp\/v2\/product\/28007","targetHints":{"allow":["GET"]}}],"collection":[{"href":"https:\/\/hydrokube.be\/nl\/wp-json\/wp\/v2\/product"}],"about":[{"href":"https:\/\/hydrokube.be\/nl\/wp-json\/wp\/v2\/types\/product"}],"wp:featuredmedia":[{"embeddable":true,"href":"https:\/\/hydrokube.be\/nl\/wp-json\/wp\/v2\/media\/28008"}],"wp:attachment":[{"href":"https:\/\/hydrokube.be\/nl\/wp-json\/wp\/v2\/media?parent=28007"}],"wp:term":[{"taxonomy":"product_brand","embeddable":true,"href":"https:\/\/hydrokube.be\/nl\/wp-json\/wp\/v2\/product_brand?post=28007"},{"taxonomy":"product_cat","embeddable":true,"href":"https:\/\/hydrokube.be\/nl\/wp-json\/wp\/v2\/product_cat?post=28007"},{"taxonomy":"product_tag","embeddable":true,"href":"https:\/\/hydrokube.be\/nl\/wp-json\/wp\/v2\/product_tag?post=28007"}],"curies":[{"name":"wp","href":"https:\/\/api.w.org\/{rel}","templated":true}]}}