{"id":231476,"date":"2019-01-31T18:15:37","date_gmt":"2022-10-03T19:59:01","guid":{"rendered":"https:\/\/hydrokube.be\/produit\/enkele-aansluitset-100-cm\/"},"modified":"2025-02-08T16:14:21","modified_gmt":"2025-02-08T15:14:21","slug":"simple-connection-set","status":"publish","type":"product","link":"https:\/\/hydrokube.be\/nl\/artikel\/simple-connection-set\/","title":{"rendered":"Enkele aansluitset (100 cm)"},"content":{"rendered":"<p>Eenvoudige aansluitset<br \/>\nIdeaal voor het eenvoudig installeren van de Hydrokube op bestaande 3\/4&#8243; fittingen. Basiskennis van loodgieterswerk is vereist om ervoor te zorgen dat de verbindingen waterdicht en duurzaam zijn.<\/p>\n<p>De flexibele vlecht sluit aan op de Hydrokube, twee vezeldichtingen zorgen voor een strakke afdichting op de Hydrokube fittingen. Messing ellebogen kunnen rechtstreeks aan de slang of aan de waterinstallatie worden toegevoegd om de juiste richting van de slangen te verkrijgen.<\/p>\n<p>&nbsp;<\/p>\n","protected":false},"excerpt":{"rendered":"<p>Kit bevat :<br \/>\n\u2013 2 x 1 meter M-F 3\/4&#8243; roestvrijstalen gevlochten slangen<br \/>\n\u2013 2 x vezelpakkingen om de slang af te dichten op de Hydrokube<br \/>\n\u2013 2 x M-F 3\/4&#8243; messing ellebogen<\/p>\n","protected":false},"featured_media":207253,"template":"","meta":{"_et_pb_use_builder":"","_et_pb_old_content":"Kit voor enkele aansluiting\nIdeaal voor eenvoudige installatie van de Hydrokube op bestaande 3\/4\" fittingen. Basiskennis van loodgieterswerk is vereist om ervoor te zorgen dat de verbindingen waterdicht en duurzaam zijn.\n\nDe flexibele vlecht sluit aan op de Hydrokube, twee vezeldichtingen zorgen voor een strakke afdichting op de Hydrokube fittingen. Messing ellebogen kunnen rechtstreeks aan de slang of aan de waterinstallatie worden toegevoegd om de juiste richting van de slangen te verkrijgen.\n\n&nbsp;","_et_gb_content_width":"","content-type":""},"product_brand":[],"product_cat":[172],"product_tag":[],"class_list":{"0":"post-231476","1":"product","2":"type-product","3":"status-publish","4":"has-post-thumbnail","6":"product_cat-installatiekit","7":"product_shipping_class-klein-postpakket","9":"first","10":"instock","11":"taxable","12":"shipping-taxable","13":"purchasable","14":"product-type-simple"},"yoast_head":"<!-- This site is optimized with the Yoast SEO plugin v27.4 - https:\/\/yoast.com\/product\/yoast-seo-wordpress\/ -->\n<title>Eenvoudige aansluitset voor Hydrokube waterontharder | Eenvoudige installatie<\/title>\n<meta name=\"description\" content=\"Eenvoudige aansluitset voor Hydrokube: essenti\u00eble uitrusting voor de installatie van uw CO2 waterontharder. Een ecologische en economische oplossing voor kalkaanslag, zonder toegevoegd zout. Snelle levering in Belgi\u00eb.\" \/>\n<meta name=\"robots\" content=\"index, follow, max-snippet:-1, max-image-preview:large, max-video-preview:-1\" \/>\n<link rel=\"canonical\" href=\"https:\/\/hydrokube.be\/nl\/artikel\/simple-connection-set\/\" \/>\n<meta property=\"og:locale\" content=\"nl_NL\" \/>\n<meta property=\"og:type\" content=\"article\" \/>\n<meta property=\"og:title\" content=\"Eenvoudige aansluitset voor Hydrokube waterontharder | Eenvoudige installatie\" \/>\n<meta property=\"og:description\" content=\"Eenvoudige aansluitset voor Hydrokube: essenti\u00eble uitrusting voor de installatie van uw CO2 waterontharder. Een ecologische en economische oplossing voor kalkaanslag, zonder toegevoegd zout. Snelle levering in Belgi\u00eb.\" \/>\n<meta property=\"og:url\" content=\"https:\/\/hydrokube.be\/nl\/artikel\/simple-connection-set\/\" \/>\n<meta property=\"og:site_name\" content=\"Hydrokube\" \/>\n<meta property=\"article:publisher\" content=\"https:\/\/www.facebook.com\/hydrokube\" \/>\n<meta property=\"article:modified_time\" content=\"2025-02-08T15:14:21+00:00\" \/>\n<meta property=\"og:image\" content=\"https:\/\/hydrokube.be\/wp-content\/uploads\/2019\/01\/Kit_raccords_simple-2.png\" \/>\n\t<meta property=\"og:image:width\" content=\"360\" \/>\n\t<meta property=\"og:image:height\" content=\"384\" \/>\n\t<meta property=\"og:image:type\" content=\"image\/png\" \/>\n<meta name=\"twitter:card\" content=\"summary_large_image\" \/>\n<meta name=\"twitter:site\" content=\"@hydrokube\" \/>\n<script type=\"application\/ld+json\" class=\"yoast-schema-graph\">{\"@context\":\"https:\\\/\\\/schema.org\",\"@graph\":[{\"@type\":\"WebPage\",\"@id\":\"https:\\\/\\\/hydrokube.be\\\/nl\\\/artikel\\\/simple-connection-set\\\/\",\"url\":\"https:\\\/\\\/hydrokube.be\\\/nl\\\/artikel\\\/simple-connection-set\\\/\",\"name\":\"Eenvoudige aansluitset voor Hydrokube waterontharder | Eenvoudige installatie\",\"isPartOf\":{\"@id\":\"https:\\\/\\\/hydrokube.be\\\/nl\\\/#website\"},\"primaryImageOfPage\":{\"@id\":\"https:\\\/\\\/hydrokube.be\\\/nl\\\/artikel\\\/simple-connection-set\\\/#primaryimage\"},\"image\":{\"@id\":\"https:\\\/\\\/hydrokube.be\\\/nl\\\/artikel\\\/simple-connection-set\\\/#primaryimage\"},\"thumbnailUrl\":\"https:\\\/\\\/hydrokube.be\\\/wp-content\\\/uploads\\\/2019\\\/01\\\/Kit_raccords_simple-2.png\",\"datePublished\":\"2022-10-03T19:59:01+00:00\",\"dateModified\":\"2025-02-08T15:14:21+00:00\",\"description\":\"Eenvoudige aansluitset voor Hydrokube: essenti\u00eble uitrusting voor de installatie van uw CO2 waterontharder. Een ecologische en economische oplossing voor kalkaanslag, zonder toegevoegd zout. Snelle levering in Belgi\u00eb.\",\"breadcrumb\":{\"@id\":\"https:\\\/\\\/hydrokube.be\\\/nl\\\/artikel\\\/simple-connection-set\\\/#breadcrumb\"},\"inLanguage\":\"nl-NL\",\"potentialAction\":[{\"@type\":\"ReadAction\",\"target\":[\"https:\\\/\\\/hydrokube.be\\\/nl\\\/artikel\\\/simple-connection-set\\\/\"]}]},{\"@type\":\"ImageObject\",\"inLanguage\":\"nl-NL\",\"@id\":\"https:\\\/\\\/hydrokube.be\\\/nl\\\/artikel\\\/simple-connection-set\\\/#primaryimage\",\"url\":\"https:\\\/\\\/hydrokube.be\\\/wp-content\\\/uploads\\\/2019\\\/01\\\/Kit_raccords_simple-2.png\",\"contentUrl\":\"https:\\\/\\\/hydrokube.be\\\/wp-content\\\/uploads\\\/2019\\\/01\\\/Kit_raccords_simple-2.png\",\"width\":360,\"height\":384},{\"@type\":\"BreadcrumbList\",\"@id\":\"https:\\\/\\\/hydrokube.be\\\/nl\\\/artikel\\\/simple-connection-set\\\/#breadcrumb\",\"itemListElement\":[{\"@type\":\"ListItem\",\"position\":1,\"name\":\"Welkom\",\"item\":\"https:\\\/\\\/hydrokube.be\\\/nl\\\/ontharder_water-2\\\/\"},{\"@type\":\"ListItem\",\"position\":2,\"name\":\"De Winkel\",\"item\":\"https:\\\/\\\/hydrokube.be\\\/nl\\\/de-winkel\\\/\"},{\"@type\":\"ListItem\",\"position\":3,\"name\":\"Enkele aansluitset (100 cm)\"}]},{\"@type\":\"WebSite\",\"@id\":\"https:\\\/\\\/hydrokube.be\\\/nl\\\/#website\",\"url\":\"https:\\\/\\\/hydrokube.be\\\/nl\\\/\",\"name\":\"Hydrokube\",\"description\":\"Economiser 2.700 Euros par rapport \u00e0 un adoucisseur au sel. Hydrokube est un adoucisseur d&#039;eau \u00e9cologique, certifi\u00e9 efficace et compact.\",\"publisher\":{\"@id\":\"https:\\\/\\\/hydrokube.be\\\/nl\\\/#organization\"},\"potentialAction\":[{\"@type\":\"SearchAction\",\"target\":{\"@type\":\"EntryPoint\",\"urlTemplate\":\"https:\\\/\\\/hydrokube.be\\\/nl\\\/?s={search_term_string}\"},\"query-input\":{\"@type\":\"PropertyValueSpecification\",\"valueRequired\":true,\"valueName\":\"search_term_string\"}}],\"inLanguage\":\"nl-NL\"},{\"@type\":\"Organization\",\"@id\":\"https:\\\/\\\/hydrokube.be\\\/nl\\\/#organization\",\"name\":\"Greenside S.A.\",\"alternateName\":\"Hydrokube\",\"url\":\"https:\\\/\\\/hydrokube.be\\\/nl\\\/\",\"logo\":{\"@type\":\"ImageObject\",\"inLanguage\":\"nl-NL\",\"@id\":\"https:\\\/\\\/hydrokube.be\\\/nl\\\/#\\\/schema\\\/logo\\\/image\\\/\",\"url\":\"https:\\\/\\\/hydrokube.be\\\/wp-content\\\/uploads\\\/2022\\\/12\\\/Greenside_logo.jpg\",\"contentUrl\":\"https:\\\/\\\/hydrokube.be\\\/wp-content\\\/uploads\\\/2022\\\/12\\\/Greenside_logo.jpg\",\"width\":1533,\"height\":421,\"caption\":\"Greenside S.A.\"},\"image\":{\"@id\":\"https:\\\/\\\/hydrokube.be\\\/nl\\\/#\\\/schema\\\/logo\\\/image\\\/\"},\"sameAs\":[\"https:\\\/\\\/www.facebook.com\\\/hydrokube\",\"https:\\\/\\\/x.com\\\/hydrokube\",\"https:\\\/\\\/linkedin.com\\\/company\\\/hydrokube\"]}]}<\/script>\n<!-- \/ Yoast SEO plugin. -->","yoast_head_json":{"title":"Eenvoudige aansluitset voor Hydrokube waterontharder | Eenvoudige installatie","description":"Eenvoudige aansluitset voor Hydrokube: essenti\u00eble uitrusting voor de installatie van uw CO2 waterontharder. Een ecologische en economische oplossing voor kalkaanslag, zonder toegevoegd zout. Snelle levering in Belgi\u00eb.","robots":{"index":"index","follow":"follow","max-snippet":"max-snippet:-1","max-image-preview":"max-image-preview:large","max-video-preview":"max-video-preview:-1"},"canonical":"https:\/\/hydrokube.be\/nl\/artikel\/simple-connection-set\/","og_locale":"nl_NL","og_type":"article","og_title":"Eenvoudige aansluitset voor Hydrokube waterontharder | Eenvoudige installatie","og_description":"Eenvoudige aansluitset voor Hydrokube: essenti\u00eble uitrusting voor de installatie van uw CO2 waterontharder. Een ecologische en economische oplossing voor kalkaanslag, zonder toegevoegd zout. Snelle levering in Belgi\u00eb.","og_url":"https:\/\/hydrokube.be\/nl\/artikel\/simple-connection-set\/","og_site_name":"Hydrokube","article_publisher":"https:\/\/www.facebook.com\/hydrokube","article_modified_time":"2025-02-08T15:14:21+00:00","og_image":[{"width":360,"height":384,"url":"https:\/\/hydrokube.be\/wp-content\/uploads\/2019\/01\/Kit_raccords_simple-2.png","type":"image\/png"}],"twitter_card":"summary_large_image","twitter_site":"@hydrokube","schema":{"@context":"https:\/\/schema.org","@graph":[{"@type":"WebPage","@id":"https:\/\/hydrokube.be\/nl\/artikel\/simple-connection-set\/","url":"https:\/\/hydrokube.be\/nl\/artikel\/simple-connection-set\/","name":"Eenvoudige aansluitset voor Hydrokube waterontharder | Eenvoudige installatie","isPartOf":{"@id":"https:\/\/hydrokube.be\/nl\/#website"},"primaryImageOfPage":{"@id":"https:\/\/hydrokube.be\/nl\/artikel\/simple-connection-set\/#primaryimage"},"image":{"@id":"https:\/\/hydrokube.be\/nl\/artikel\/simple-connection-set\/#primaryimage"},"thumbnailUrl":"https:\/\/hydrokube.be\/wp-content\/uploads\/2019\/01\/Kit_raccords_simple-2.png","datePublished":"2022-10-03T19:59:01+00:00","dateModified":"2025-02-08T15:14:21+00:00","description":"Eenvoudige aansluitset voor Hydrokube: essenti\u00eble uitrusting voor de installatie van uw CO2 waterontharder. Een ecologische en economische oplossing voor kalkaanslag, zonder toegevoegd zout. Snelle levering in Belgi\u00eb.","breadcrumb":{"@id":"https:\/\/hydrokube.be\/nl\/artikel\/simple-connection-set\/#breadcrumb"},"inLanguage":"nl-NL","potentialAction":[{"@type":"ReadAction","target":["https:\/\/hydrokube.be\/nl\/artikel\/simple-connection-set\/"]}]},{"@type":"ImageObject","inLanguage":"nl-NL","@id":"https:\/\/hydrokube.be\/nl\/artikel\/simple-connection-set\/#primaryimage","url":"https:\/\/hydrokube.be\/wp-content\/uploads\/2019\/01\/Kit_raccords_simple-2.png","contentUrl":"https:\/\/hydrokube.be\/wp-content\/uploads\/2019\/01\/Kit_raccords_simple-2.png","width":360,"height":384},{"@type":"BreadcrumbList","@id":"https:\/\/hydrokube.be\/nl\/artikel\/simple-connection-set\/#breadcrumb","itemListElement":[{"@type":"ListItem","position":1,"name":"Welkom","item":"https:\/\/hydrokube.be\/nl\/ontharder_water-2\/"},{"@type":"ListItem","position":2,"name":"De Winkel","item":"https:\/\/hydrokube.be\/nl\/de-winkel\/"},{"@type":"ListItem","position":3,"name":"Enkele aansluitset (100 cm)"}]},{"@type":"WebSite","@id":"https:\/\/hydrokube.be\/nl\/#website","url":"https:\/\/hydrokube.be\/nl\/","name":"Hydrokube","description":"Economiser 2.700 Euros par rapport \u00e0 un adoucisseur au sel. Hydrokube est un adoucisseur d&#039;eau \u00e9cologique, certifi\u00e9 efficace et compact.","publisher":{"@id":"https:\/\/hydrokube.be\/nl\/#organization"},"potentialAction":[{"@type":"SearchAction","target":{"@type":"EntryPoint","urlTemplate":"https:\/\/hydrokube.be\/nl\/?s={search_term_string}"},"query-input":{"@type":"PropertyValueSpecification","valueRequired":true,"valueName":"search_term_string"}}],"inLanguage":"nl-NL"},{"@type":"Organization","@id":"https:\/\/hydrokube.be\/nl\/#organization","name":"Greenside S.A.","alternateName":"Hydrokube","url":"https:\/\/hydrokube.be\/nl\/","logo":{"@type":"ImageObject","inLanguage":"nl-NL","@id":"https:\/\/hydrokube.be\/nl\/#\/schema\/logo\/image\/","url":"https:\/\/hydrokube.be\/wp-content\/uploads\/2022\/12\/Greenside_logo.jpg","contentUrl":"https:\/\/hydrokube.be\/wp-content\/uploads\/2022\/12\/Greenside_logo.jpg","width":1533,"height":421,"caption":"Greenside S.A."},"image":{"@id":"https:\/\/hydrokube.be\/nl\/#\/schema\/logo\/image\/"},"sameAs":["https:\/\/www.facebook.com\/hydrokube","https:\/\/x.com\/hydrokube","https:\/\/linkedin.com\/company\/hydrokube"]}]}},"_links":{"self":[{"href":"https:\/\/hydrokube.be\/nl\/wp-json\/wp\/v2\/product\/231476","targetHints":{"allow":["GET"]}}],"collection":[{"href":"https:\/\/hydrokube.be\/nl\/wp-json\/wp\/v2\/product"}],"about":[{"href":"https:\/\/hydrokube.be\/nl\/wp-json\/wp\/v2\/types\/product"}],"wp:featuredmedia":[{"embeddable":true,"href":"https:\/\/hydrokube.be\/nl\/wp-json\/wp\/v2\/media\/207253"}],"wp:attachment":[{"href":"https:\/\/hydrokube.be\/nl\/wp-json\/wp\/v2\/media?parent=231476"}],"wp:term":[{"taxonomy":"product_brand","embeddable":true,"href":"https:\/\/hydrokube.be\/nl\/wp-json\/wp\/v2\/product_brand?post=231476"},{"taxonomy":"product_cat","embeddable":true,"href":"https:\/\/hydrokube.be\/nl\/wp-json\/wp\/v2\/product_cat?post=231476"},{"taxonomy":"product_tag","embeddable":true,"href":"https:\/\/hydrokube.be\/nl\/wp-json\/wp\/v2\/product_tag?post=231476"}],"curies":[{"name":"wp","href":"https:\/\/api.w.org\/{rel}","templated":true}]}}