{"id":230823,"date":"2019-09-26T05:14:41","date_gmt":"2021-10-17T19:42:59","guid":{"rendered":"https:\/\/hydrokube.be\/produit\/hydra-drinkwaterfilterpatroon-90-%c2%b5\/"},"modified":"2025-02-08T16:17:03","modified_gmt":"2025-02-08T15:17:03","slug":"cartouche-filtre-eau-90-%c2%b5","status":"publish","type":"product","link":"https:\/\/hydrokube.be\/nl\/artikel\/cartouche-filtre-eau-90-%c2%b5\/","title":{"rendered":"Drinkwaterfilterelement (90 \u00b5)"},"content":{"rendered":"<p>Patroon voor HYDRA drinkwaterfilter. 90 \u03bc filterpatroon van roestvrij staal AISI 316 voor vervanging van HYDRA zelfreinigende filterpatronen<\/p>\n","protected":false},"excerpt":{"rendered":"<p>90 \u03bc roestvaststalen AISI 316 filterpatroon voor HYDRA zelfreinigende filters<\/p>\n","protected":false},"featured_media":217519,"template":"","meta":{"_et_pb_use_builder":"off","_et_pb_old_content":"Patroon voor HYDRA drinkwaterfilter. 90 \u03bc filterpatroon van roestvrij staal AISI 316 voor vervanging van HYDRA zelfreinigende filterpatronen","_et_gb_content_width":"","content-type":""},"product_brand":[],"product_cat":[175],"product_tag":[],"class_list":{"0":"post-230823","1":"product","2":"type-product","3":"status-publish","4":"has-post-thumbnail","6":"product_cat-accessoires-nl","7":"product_shipping_class-klein-postpakket","9":"first","10":"instock","11":"taxable","12":"shipping-taxable","13":"purchasable","14":"product-type-simple"},"yoast_head":"<!-- This site is optimized with the Yoast SEO plugin v27.3 - https:\/\/yoast.com\/product\/yoast-seo-wordpress\/ -->\n<title>90 \u00b5m waterfilterpatroon | Hydrokube sedimentfilter<\/title>\n<meta name=\"description\" content=\"Ontdek onze 90 \u00b5m waterfilterpatroon voor uw Hydrokube. Effectief filter tegen onzuiverheden, verlengt de levensduur van uw ecologische CO2 waterontharder. Snelle levering in Belgi\u00eb.\" \/>\n<meta name=\"robots\" content=\"index, follow, max-snippet:-1, max-image-preview:large, max-video-preview:-1\" \/>\n<link rel=\"canonical\" href=\"https:\/\/hydrokube.be\/nl\/artikel\/cartouche-filtre-eau-90-%c2%b5\/\" \/>\n<meta property=\"og:locale\" content=\"nl_NL\" \/>\n<meta property=\"og:type\" content=\"article\" \/>\n<meta property=\"og:title\" content=\"90 \u00b5m waterfilterpatroon | Hydrokube sedimentfilter\" \/>\n<meta property=\"og:description\" content=\"Ontdek onze 90 \u00b5m waterfilterpatroon voor uw Hydrokube. Effectief filter tegen onzuiverheden, verlengt de levensduur van uw ecologische CO2 waterontharder. Snelle levering in Belgi\u00eb.\" \/>\n<meta property=\"og:url\" content=\"https:\/\/hydrokube.be\/nl\/artikel\/cartouche-filtre-eau-90-%c2%b5\/\" \/>\n<meta property=\"og:site_name\" content=\"Hydrokube\" \/>\n<meta property=\"article:publisher\" content=\"https:\/\/www.facebook.com\/hydrokube\" \/>\n<meta property=\"article:modified_time\" content=\"2025-02-08T15:17:03+00:00\" \/>\n<meta property=\"og:image\" content=\"https:\/\/hydrokube.be\/wp-content\/uploads\/2019\/09\/cartouche-hydra-rah-90-micron.jpg\" \/>\n\t<meta property=\"og:image:width\" content=\"458\" \/>\n\t<meta property=\"og:image:height\" content=\"458\" \/>\n\t<meta property=\"og:image:type\" content=\"image\/jpeg\" \/>\n<meta name=\"twitter:card\" content=\"summary_large_image\" \/>\n<meta name=\"twitter:site\" content=\"@hydrokube\" \/>\n<script type=\"application\/ld+json\" class=\"yoast-schema-graph\">{\"@context\":\"https:\\\/\\\/schema.org\",\"@graph\":[{\"@type\":\"WebPage\",\"@id\":\"https:\\\/\\\/hydrokube.be\\\/nl\\\/artikel\\\/cartouche-filtre-eau-90-%c2%b5\\\/\",\"url\":\"https:\\\/\\\/hydrokube.be\\\/nl\\\/artikel\\\/cartouche-filtre-eau-90-%c2%b5\\\/\",\"name\":\"90 \u00b5m waterfilterpatroon | Hydrokube sedimentfilter\",\"isPartOf\":{\"@id\":\"https:\\\/\\\/hydrokube.be\\\/nl\\\/#website\"},\"primaryImageOfPage\":{\"@id\":\"https:\\\/\\\/hydrokube.be\\\/nl\\\/artikel\\\/cartouche-filtre-eau-90-%c2%b5\\\/#primaryimage\"},\"image\":{\"@id\":\"https:\\\/\\\/hydrokube.be\\\/nl\\\/artikel\\\/cartouche-filtre-eau-90-%c2%b5\\\/#primaryimage\"},\"thumbnailUrl\":\"https:\\\/\\\/hydrokube.be\\\/wp-content\\\/uploads\\\/2019\\\/09\\\/cartouche-hydra-rah-90-micron.jpg\",\"datePublished\":\"2021-10-17T19:42:59+00:00\",\"dateModified\":\"2025-02-08T15:17:03+00:00\",\"description\":\"Ontdek onze 90 \u00b5m waterfilterpatroon voor uw Hydrokube. Effectief filter tegen onzuiverheden, verlengt de levensduur van uw ecologische CO2 waterontharder. Snelle levering in Belgi\u00eb.\",\"breadcrumb\":{\"@id\":\"https:\\\/\\\/hydrokube.be\\\/nl\\\/artikel\\\/cartouche-filtre-eau-90-%c2%b5\\\/#breadcrumb\"},\"inLanguage\":\"nl-NL\",\"potentialAction\":[{\"@type\":\"ReadAction\",\"target\":[\"https:\\\/\\\/hydrokube.be\\\/nl\\\/artikel\\\/cartouche-filtre-eau-90-%c2%b5\\\/\"]}]},{\"@type\":\"ImageObject\",\"inLanguage\":\"nl-NL\",\"@id\":\"https:\\\/\\\/hydrokube.be\\\/nl\\\/artikel\\\/cartouche-filtre-eau-90-%c2%b5\\\/#primaryimage\",\"url\":\"https:\\\/\\\/hydrokube.be\\\/wp-content\\\/uploads\\\/2019\\\/09\\\/cartouche-hydra-rah-90-micron.jpg\",\"contentUrl\":\"https:\\\/\\\/hydrokube.be\\\/wp-content\\\/uploads\\\/2019\\\/09\\\/cartouche-hydra-rah-90-micron.jpg\",\"width\":458,\"height\":458},{\"@type\":\"BreadcrumbList\",\"@id\":\"https:\\\/\\\/hydrokube.be\\\/nl\\\/artikel\\\/cartouche-filtre-eau-90-%c2%b5\\\/#breadcrumb\",\"itemListElement\":[{\"@type\":\"ListItem\",\"position\":1,\"name\":\"Welkom\",\"item\":\"https:\\\/\\\/hydrokube.be\\\/nl\\\/ontharder_water-2\\\/\"},{\"@type\":\"ListItem\",\"position\":2,\"name\":\"De Winkel\",\"item\":\"https:\\\/\\\/hydrokube.be\\\/nl\\\/de-winkel\\\/\"},{\"@type\":\"ListItem\",\"position\":3,\"name\":\"Drinkwaterfilterelement (90 \u00b5)\"}]},{\"@type\":\"WebSite\",\"@id\":\"https:\\\/\\\/hydrokube.be\\\/nl\\\/#website\",\"url\":\"https:\\\/\\\/hydrokube.be\\\/nl\\\/\",\"name\":\"Hydrokube\",\"description\":\"Economiser 2.700 Euros par rapport \u00e0 un adoucisseur au sel. Hydrokube est un adoucisseur d&#039;eau \u00e9cologique, certifi\u00e9 efficace et compact.\",\"publisher\":{\"@id\":\"https:\\\/\\\/hydrokube.be\\\/nl\\\/#organization\"},\"potentialAction\":[{\"@type\":\"SearchAction\",\"target\":{\"@type\":\"EntryPoint\",\"urlTemplate\":\"https:\\\/\\\/hydrokube.be\\\/nl\\\/?s={search_term_string}\"},\"query-input\":{\"@type\":\"PropertyValueSpecification\",\"valueRequired\":true,\"valueName\":\"search_term_string\"}}],\"inLanguage\":\"nl-NL\"},{\"@type\":\"Organization\",\"@id\":\"https:\\\/\\\/hydrokube.be\\\/nl\\\/#organization\",\"name\":\"Greenside S.A.\",\"alternateName\":\"Hydrokube\",\"url\":\"https:\\\/\\\/hydrokube.be\\\/nl\\\/\",\"logo\":{\"@type\":\"ImageObject\",\"inLanguage\":\"nl-NL\",\"@id\":\"https:\\\/\\\/hydrokube.be\\\/nl\\\/#\\\/schema\\\/logo\\\/image\\\/\",\"url\":\"https:\\\/\\\/hydrokube.be\\\/wp-content\\\/uploads\\\/2022\\\/12\\\/Greenside_logo.jpg\",\"contentUrl\":\"https:\\\/\\\/hydrokube.be\\\/wp-content\\\/uploads\\\/2022\\\/12\\\/Greenside_logo.jpg\",\"width\":1533,\"height\":421,\"caption\":\"Greenside S.A.\"},\"image\":{\"@id\":\"https:\\\/\\\/hydrokube.be\\\/nl\\\/#\\\/schema\\\/logo\\\/image\\\/\"},\"sameAs\":[\"https:\\\/\\\/www.facebook.com\\\/hydrokube\",\"https:\\\/\\\/x.com\\\/hydrokube\",\"https:\\\/\\\/linkedin.com\\\/company\\\/hydrokube\"]}]}<\/script>\n<!-- \/ Yoast SEO plugin. -->","yoast_head_json":{"title":"90 \u00b5m waterfilterpatroon | Hydrokube sedimentfilter","description":"Ontdek onze 90 \u00b5m waterfilterpatroon voor uw Hydrokube. Effectief filter tegen onzuiverheden, verlengt de levensduur van uw ecologische CO2 waterontharder. Snelle levering in Belgi\u00eb.","robots":{"index":"index","follow":"follow","max-snippet":"max-snippet:-1","max-image-preview":"max-image-preview:large","max-video-preview":"max-video-preview:-1"},"canonical":"https:\/\/hydrokube.be\/nl\/artikel\/cartouche-filtre-eau-90-%c2%b5\/","og_locale":"nl_NL","og_type":"article","og_title":"90 \u00b5m waterfilterpatroon | Hydrokube sedimentfilter","og_description":"Ontdek onze 90 \u00b5m waterfilterpatroon voor uw Hydrokube. Effectief filter tegen onzuiverheden, verlengt de levensduur van uw ecologische CO2 waterontharder. Snelle levering in Belgi\u00eb.","og_url":"https:\/\/hydrokube.be\/nl\/artikel\/cartouche-filtre-eau-90-%c2%b5\/","og_site_name":"Hydrokube","article_publisher":"https:\/\/www.facebook.com\/hydrokube","article_modified_time":"2025-02-08T15:17:03+00:00","og_image":[{"width":458,"height":458,"url":"https:\/\/hydrokube.be\/wp-content\/uploads\/2019\/09\/cartouche-hydra-rah-90-micron.jpg","type":"image\/jpeg"}],"twitter_card":"summary_large_image","twitter_site":"@hydrokube","schema":{"@context":"https:\/\/schema.org","@graph":[{"@type":"WebPage","@id":"https:\/\/hydrokube.be\/nl\/artikel\/cartouche-filtre-eau-90-%c2%b5\/","url":"https:\/\/hydrokube.be\/nl\/artikel\/cartouche-filtre-eau-90-%c2%b5\/","name":"90 \u00b5m waterfilterpatroon | Hydrokube sedimentfilter","isPartOf":{"@id":"https:\/\/hydrokube.be\/nl\/#website"},"primaryImageOfPage":{"@id":"https:\/\/hydrokube.be\/nl\/artikel\/cartouche-filtre-eau-90-%c2%b5\/#primaryimage"},"image":{"@id":"https:\/\/hydrokube.be\/nl\/artikel\/cartouche-filtre-eau-90-%c2%b5\/#primaryimage"},"thumbnailUrl":"https:\/\/hydrokube.be\/wp-content\/uploads\/2019\/09\/cartouche-hydra-rah-90-micron.jpg","datePublished":"2021-10-17T19:42:59+00:00","dateModified":"2025-02-08T15:17:03+00:00","description":"Ontdek onze 90 \u00b5m waterfilterpatroon voor uw Hydrokube. Effectief filter tegen onzuiverheden, verlengt de levensduur van uw ecologische CO2 waterontharder. Snelle levering in Belgi\u00eb.","breadcrumb":{"@id":"https:\/\/hydrokube.be\/nl\/artikel\/cartouche-filtre-eau-90-%c2%b5\/#breadcrumb"},"inLanguage":"nl-NL","potentialAction":[{"@type":"ReadAction","target":["https:\/\/hydrokube.be\/nl\/artikel\/cartouche-filtre-eau-90-%c2%b5\/"]}]},{"@type":"ImageObject","inLanguage":"nl-NL","@id":"https:\/\/hydrokube.be\/nl\/artikel\/cartouche-filtre-eau-90-%c2%b5\/#primaryimage","url":"https:\/\/hydrokube.be\/wp-content\/uploads\/2019\/09\/cartouche-hydra-rah-90-micron.jpg","contentUrl":"https:\/\/hydrokube.be\/wp-content\/uploads\/2019\/09\/cartouche-hydra-rah-90-micron.jpg","width":458,"height":458},{"@type":"BreadcrumbList","@id":"https:\/\/hydrokube.be\/nl\/artikel\/cartouche-filtre-eau-90-%c2%b5\/#breadcrumb","itemListElement":[{"@type":"ListItem","position":1,"name":"Welkom","item":"https:\/\/hydrokube.be\/nl\/ontharder_water-2\/"},{"@type":"ListItem","position":2,"name":"De Winkel","item":"https:\/\/hydrokube.be\/nl\/de-winkel\/"},{"@type":"ListItem","position":3,"name":"Drinkwaterfilterelement (90 \u00b5)"}]},{"@type":"WebSite","@id":"https:\/\/hydrokube.be\/nl\/#website","url":"https:\/\/hydrokube.be\/nl\/","name":"Hydrokube","description":"Economiser 2.700 Euros par rapport \u00e0 un adoucisseur au sel. Hydrokube est un adoucisseur d&#039;eau \u00e9cologique, certifi\u00e9 efficace et compact.","publisher":{"@id":"https:\/\/hydrokube.be\/nl\/#organization"},"potentialAction":[{"@type":"SearchAction","target":{"@type":"EntryPoint","urlTemplate":"https:\/\/hydrokube.be\/nl\/?s={search_term_string}"},"query-input":{"@type":"PropertyValueSpecification","valueRequired":true,"valueName":"search_term_string"}}],"inLanguage":"nl-NL"},{"@type":"Organization","@id":"https:\/\/hydrokube.be\/nl\/#organization","name":"Greenside S.A.","alternateName":"Hydrokube","url":"https:\/\/hydrokube.be\/nl\/","logo":{"@type":"ImageObject","inLanguage":"nl-NL","@id":"https:\/\/hydrokube.be\/nl\/#\/schema\/logo\/image\/","url":"https:\/\/hydrokube.be\/wp-content\/uploads\/2022\/12\/Greenside_logo.jpg","contentUrl":"https:\/\/hydrokube.be\/wp-content\/uploads\/2022\/12\/Greenside_logo.jpg","width":1533,"height":421,"caption":"Greenside S.A."},"image":{"@id":"https:\/\/hydrokube.be\/nl\/#\/schema\/logo\/image\/"},"sameAs":["https:\/\/www.facebook.com\/hydrokube","https:\/\/x.com\/hydrokube","https:\/\/linkedin.com\/company\/hydrokube"]}]}},"_links":{"self":[{"href":"https:\/\/hydrokube.be\/nl\/wp-json\/wp\/v2\/product\/230823","targetHints":{"allow":["GET"]}}],"collection":[{"href":"https:\/\/hydrokube.be\/nl\/wp-json\/wp\/v2\/product"}],"about":[{"href":"https:\/\/hydrokube.be\/nl\/wp-json\/wp\/v2\/types\/product"}],"wp:featuredmedia":[{"embeddable":true,"href":"https:\/\/hydrokube.be\/nl\/wp-json\/wp\/v2\/media\/217519"}],"wp:attachment":[{"href":"https:\/\/hydrokube.be\/nl\/wp-json\/wp\/v2\/media?parent=230823"}],"wp:term":[{"taxonomy":"product_brand","embeddable":true,"href":"https:\/\/hydrokube.be\/nl\/wp-json\/wp\/v2\/product_brand?post=230823"},{"taxonomy":"product_cat","embeddable":true,"href":"https:\/\/hydrokube.be\/nl\/wp-json\/wp\/v2\/product_cat?post=230823"},{"taxonomy":"product_tag","embeddable":true,"href":"https:\/\/hydrokube.be\/nl\/wp-json\/wp\/v2\/product_tag?post=230823"}],"curies":[{"name":"wp","href":"https:\/\/api.w.org\/{rel}","templated":true}]}}