{"id":230821,"date":"2019-09-26T04:53:17","date_gmt":"2019-09-26T03:53:17","guid":{"rendered":"https:\/\/hydrokube.be\/produit\/zelfreinigende-drinkwaterfilter\/"},"modified":"2025-02-08T16:15:21","modified_gmt":"2025-02-08T15:15:21","slug":"drinkwaterfilter","status":"publish","type":"product","link":"https:\/\/hydrokube.be\/nl\/artikel\/drinkwaterfilter\/","title":{"rendered":"Zelfreinigende drinkwaterfilter"},"content":{"rendered":"<h2>Waarom een zelfreinigende drinkwaterfilter in uw systeem installeren?<\/h2>\n<h3>Maximale bescherming en het hoogste niveau van hygi\u00ebne voor uw water<\/h3>\n<p>Een zelfreinigend drinkwaterfilter wordt ge\u00efnstalleerd in het watersysteem van uw huis. Dit ondanks het feit dat het openbare watervoorzieningssysteem volkomen veilig water levert. Door de verschillende ingrepen en reparaties aan dit netwerk komen namelijk verontreinigingen en sedimenten (zand, slib, klei) in het water terecht. Ook water uit een regenwaterput of bron zal een hoger onzuiverheidsgehalte hebben, vooral bij slecht weer. Daarom kunnen deze deeltjes, vermengd met uw water, diverse problemen veroorzaken met het sanitair in uw huis, uw huishoudelijke apparaten en een gezondheidsrisico vormen.<\/p>\n<p>Met filtratie kunt u de kwaliteit van het water dat in uw huis circuleert aanzienlijk verbeteren. En waterfiltratie voorkomt dat onzuiverheden in het watertoevoersysteem terechtkomen. Door een waterfilter te installeren kunt u dus uw gezondheid en de leidingen doeltreffend beschermen, met inachtneming van de geldende normen.<\/p>\n<p>HYDRA Filters zijn hoogwaardige drinkwaterfilters. Omdat zij u in staat zullen stellen uw watervoorziening te behandelen met de volgende verbeteringen:<\/p>\n<ul>\n<li>verwijdering van zwevende deeltjes (zand, slib, klei, enz.) die het water verstoren,<\/li>\n<li>vermindering van lekkende kranen,<\/li>\n<li>voorkomt dat de beluchters (kraanzeven) verstopt raken,<\/li>\n<li>verlengt de levensduur van kleppen en sommige leidingen (puntcorrosieverschijnsel)<\/li>\n<li>bescherming van besproeiingsinstallaties (druppelbevloeiing, microsprinklers) die verstopt raken door verontreinigingen<\/li>\n<\/ul>\n<h3>Zelfreinigende drinkwaterfilters garanderen gezond water<\/h3>\n<p>De filters zullen regelmatig worden onderhouden om een goede waterhygi\u00ebne te waarborgen. Ook het installeren van een filter is een goed idee, aangezien dit weinig onderhoud vergt. Het garandeert een gezonde filtratie, terwijl het een preventieve waterbehandeling biedt.<\/p>\n<p>HYDRA-filters zijn uitgerust met een effici\u00ebnt en eenvoudig terugspoelsysteem door de aftapkraan te openen. Dit komt doordat de deeltjes snel worden verwijderd met de waterstroom die door het openen van de klep wordt veroorzaakt. Ook tijdens het reinigen stopt de watertoevoer naar uw systeem niet.<\/p>\n<div style=\"width: 1080px;\" class=\"wp-video\"><video class=\"wp-video-shortcode\" id=\"video-230821-1\" width=\"1080\" height=\"608\" preload=\"metadata\" controls=\"controls\"><source type=\"video\/mp4\" src=\"https:\/\/hydrokube.be\/wp-content\/uploads\/2019\/10\/Filtre-eau-potable-autonettoyant_Hydra.mp4?_=1\" \/><a href=\"https:\/\/hydrokube.be\/wp-content\/uploads\/2019\/10\/Filtre-eau-potable-autonettoyant_Hydra.mp4\">https:\/\/hydrokube.be\/wp-content\/uploads\/2019\/10\/Filtre-eau-potable-autonettoyant_Hydra.mp4<\/a><\/video><\/div>\n<h3>Belangrijkste kenmerken:<\/h3>\n<ul>\n<li>niet-giftige materialen die geschikt zijn voor drinkwater, overeenkomstig Richtlijn 98\/83\/EG.<\/li>\n<li>versterkte polypropyleen kop,<\/li>\n<li>PET koepel,<\/li>\n<li>EPDM O-ring afdichting,<\/li>\n<li>AISI 316 roestvrij staal (RAH) filterrooster en polypropyleen drager,<\/li>\n<li>Vervangingsfilter: 90 \u00b5 HYDRA zelfreinigend patroon (verkrijgbaar in de winkel),<\/li>\n<li>3\/4&#8243; BSP vrouwelijke connectoren van messing (cilindrisch parallel)<\/li>\n<\/ul>\n<p>De verpakking bevat de bevestigingsbeugel, schroeven en een sleutel om de kom los te schroeven.<\/p>\n<p>U kunt het filter na uw Hydrokube installeren.<\/p>\n<p>Om de 5 jaar raden wij aan het patroon in het filter te vervangen.  <a href=\"https:\/\/hydrokube.be\/produit\/cartouche-filtre-eau-90-%c2%b5\/\" target=\"_blank\" rel=\"noopener noreferrer\">(Link naar het filterpatroon)<\/a><\/p>\n","protected":false},"excerpt":{"rendered":"<p>Zelfreinigend centraal watertoevoerfilter<\/p>\n<ul>\n<li>Filter: 90 \u00b5m<\/li>\n<li>Maximaal debiet bij 3 bar druk: 5300 liter per uur<\/li>\n<li>AISI 316 roestvrij staal filtrerend rooster<\/li>\n<li>Druk tot 8 bar<\/li>\n<li>Maximum temperatuur 45\u00b0 C<\/li>\n<li>3\/4&#8221; vrouwelijke aansluiting<\/li>\n<li>Hoogte van het toestel: 39 cm<\/li>\n<li>Verzendgewicht: 1kg<\/li>\n<li>De verpakking bevat de bevestigingsbeugel, schroeven en een sleutel om de kom los te schroeven.<\/li>\n<li>Oorsprong: <a href=\"https:\/\/www.atlasfiltri.com\/fr\/produits\/filtres-autonettoyants\/stade-simple\/hydra\" target=\"_blank\" rel=\"noopener noreferrer\">ATLAS FILTRI Itali\u00eb<\/a><\/li>\n<li>U hoeft de watertoevoer niet los te schroeven of te onderbreken om te reinigen<\/li>\n<\/ul>\n","protected":false},"featured_media":217531,"template":"","meta":{"_et_pb_use_builder":"off","_et_pb_old_content":"HYDRA Filters zijn drinkwaterfilters. Daarom worden ze in uw drinkwatersysteem ge\u00efnstalleerd. Omdat zij u in staat zullen stellen uw watervoorziening te behandelen met de volgende verbeteringen:\n<ul>\n \t<li>verwijdering van zwevende deeltjes (zand, slib, klei, enz.) die het water verstoren,<\/li>\n \t<li>bescherming van besproeiingssystemen (druppelbevloeiing, microsprinklers) die verstopt raken door onzuiverheden.<\/li>\n<\/ul>\nHYDRA FILTERS zijn uitgerust met een terugspoelsysteem dat de aftapklep opent.\nOm het filter schoon te maken, draait u dus aan de klep onderaan de tank zodat het vuile water eruit kan lopen. Het filter voert daarom een omgekeerde stroom uit voor een betere reiniging tijdens deze expansie. Het filtermechanisme zorgt er in feite voor dat het water rechtstreeks van de binnenkant naar de buitenkant van het patroonfilter stroomt om het te reinigen alvorens het via de bodem af te voeren. De deeltjes worden verwijderd met de waterstroom die door de opening van de klep wordt opgewekt.\nOok tijdens het reinigen stopt de watertoevoer naar je netwerk niet.\n<h3><span style=\"text-decoration: underline\">Belangrijkste kenmerken:<\/span><\/h3>\n<ul>\n \t<li>Niet-giftige materialen die geschikt zijn voor drinkwater, overeenkomstig Richtlijn 98\/83\/EG.<\/li>\n \t<li>Versterkte polypropyleen kop,<\/li>\n \t<li>PET koepel,<\/li>\n \t<li>EPDM O-ring afdichting,<\/li>\n \t<li>Filterrooster in roestvrij staal AISI 316 en polypropyleen,<\/li>\n \t<li>Vervangingsfilter HYDRA SELF-CLEANING CARTRIDGE 90 MCR,<\/li>\n \t<li>3\/4\" vrouwelijke koperen connectoren.<\/li>\n<\/ul>\nDe verpakking bevat de montagebeugel en de sleutel voor het losschroeven van de kom.\n\nU kunt het na uw Hydrokube installeren.\n\nWij raden aan het filter om de 5 jaar te vervangen.","_et_gb_content_width":"","content-type":""},"product_brand":[],"product_cat":[175],"product_tag":[],"class_list":{"0":"post-230821","1":"product","2":"type-product","3":"status-publish","4":"has-post-thumbnail","6":"product_cat-accessoires-nl","7":"product_shipping_class-klein-postpakket","9":"first","10":"instock","11":"taxable","12":"shipping-taxable","13":"purchasable","14":"product-type-simple"},"yoast_head":"<!-- This site is optimized with the Yoast SEO plugin v27.3 - https:\/\/yoast.com\/product\/yoast-seo-wordpress\/ -->\n<title>Drinkwaterfilter | CO2 Antikalkbehandeling | Hydrokube<\/title>\n<meta name=\"description\" content=\"Ontdek Hydrokube: de ecologische en zuinige CO2 waterontharder. Zeg vaarwel tegen kalkaanslag, bescherm je toestellen en geniet van zacht water zonder toegevoegd zout. Vraag een gratis offerte aan!\" \/>\n<meta name=\"robots\" content=\"index, follow, max-snippet:-1, max-image-preview:large, max-video-preview:-1\" \/>\n<link rel=\"canonical\" href=\"https:\/\/hydrokube.be\/nl\/artikel\/drinkwaterfilter\/\" \/>\n<meta property=\"og:locale\" content=\"nl_NL\" \/>\n<meta property=\"og:type\" content=\"article\" \/>\n<meta property=\"og:title\" content=\"Drinkwaterfilter | CO2 Antikalkbehandeling | Hydrokube\" \/>\n<meta property=\"og:description\" content=\"Ontdek Hydrokube: de ecologische en zuinige CO2 waterontharder. Zeg vaarwel tegen kalkaanslag, bescherm je toestellen en geniet van zacht water zonder toegevoegd zout. Vraag een gratis offerte aan!\" \/>\n<meta property=\"og:url\" content=\"https:\/\/hydrokube.be\/nl\/artikel\/drinkwaterfilter\/\" \/>\n<meta property=\"og:site_name\" content=\"Hydrokube\" \/>\n<meta property=\"article:publisher\" content=\"https:\/\/www.facebook.com\/hydrokube\" \/>\n<meta property=\"article:modified_time\" content=\"2025-02-08T15:15:21+00:00\" \/>\n<meta property=\"og:image\" content=\"https:\/\/hydrokube.be\/wp-content\/uploads\/2019\/10\/filtres-hydra.jpg\" \/>\n\t<meta property=\"og:image:width\" content=\"470\" \/>\n\t<meta property=\"og:image:height\" content=\"470\" \/>\n\t<meta property=\"og:image:type\" content=\"image\/jpeg\" \/>\n<meta name=\"twitter:card\" content=\"summary_large_image\" \/>\n<meta name=\"twitter:site\" content=\"@hydrokube\" \/>\n<meta name=\"twitter:label1\" content=\"Geschatte leestijd\" \/>\n\t<meta name=\"twitter:data1\" content=\"2 minuten\" \/>\n<script type=\"application\/ld+json\" class=\"yoast-schema-graph\">{\"@context\":\"https:\\\/\\\/schema.org\",\"@graph\":[{\"@type\":\"WebPage\",\"@id\":\"https:\\\/\\\/hydrokube.be\\\/nl\\\/artikel\\\/drinkwaterfilter\\\/\",\"url\":\"https:\\\/\\\/hydrokube.be\\\/nl\\\/artikel\\\/drinkwaterfilter\\\/\",\"name\":\"Drinkwaterfilter | CO2 Antikalkbehandeling | Hydrokube\",\"isPartOf\":{\"@id\":\"https:\\\/\\\/hydrokube.be\\\/nl\\\/#website\"},\"primaryImageOfPage\":{\"@id\":\"https:\\\/\\\/hydrokube.be\\\/nl\\\/artikel\\\/drinkwaterfilter\\\/#primaryimage\"},\"image\":{\"@id\":\"https:\\\/\\\/hydrokube.be\\\/nl\\\/artikel\\\/drinkwaterfilter\\\/#primaryimage\"},\"thumbnailUrl\":\"https:\\\/\\\/hydrokube.be\\\/wp-content\\\/uploads\\\/2019\\\/10\\\/filtres-hydra.jpg\",\"datePublished\":\"2019-09-26T03:53:17+00:00\",\"dateModified\":\"2025-02-08T15:15:21+00:00\",\"description\":\"Ontdek Hydrokube: de ecologische en zuinige CO2 waterontharder. Zeg vaarwel tegen kalkaanslag, bescherm je toestellen en geniet van zacht water zonder toegevoegd zout. Vraag een gratis offerte aan!\",\"breadcrumb\":{\"@id\":\"https:\\\/\\\/hydrokube.be\\\/nl\\\/artikel\\\/drinkwaterfilter\\\/#breadcrumb\"},\"inLanguage\":\"nl-NL\",\"potentialAction\":[{\"@type\":\"ReadAction\",\"target\":[\"https:\\\/\\\/hydrokube.be\\\/nl\\\/artikel\\\/drinkwaterfilter\\\/\"]}]},{\"@type\":\"ImageObject\",\"inLanguage\":\"nl-NL\",\"@id\":\"https:\\\/\\\/hydrokube.be\\\/nl\\\/artikel\\\/drinkwaterfilter\\\/#primaryimage\",\"url\":\"https:\\\/\\\/hydrokube.be\\\/wp-content\\\/uploads\\\/2019\\\/10\\\/filtres-hydra.jpg\",\"contentUrl\":\"https:\\\/\\\/hydrokube.be\\\/wp-content\\\/uploads\\\/2019\\\/10\\\/filtres-hydra.jpg\",\"width\":470,\"height\":470},{\"@type\":\"BreadcrumbList\",\"@id\":\"https:\\\/\\\/hydrokube.be\\\/nl\\\/artikel\\\/drinkwaterfilter\\\/#breadcrumb\",\"itemListElement\":[{\"@type\":\"ListItem\",\"position\":1,\"name\":\"Welkom\",\"item\":\"https:\\\/\\\/hydrokube.be\\\/nl\\\/ontharder_water-2\\\/\"},{\"@type\":\"ListItem\",\"position\":2,\"name\":\"De Winkel\",\"item\":\"https:\\\/\\\/hydrokube.be\\\/nl\\\/de-winkel\\\/\"},{\"@type\":\"ListItem\",\"position\":3,\"name\":\"Zelfreinigende drinkwaterfilter\"}]},{\"@type\":\"WebSite\",\"@id\":\"https:\\\/\\\/hydrokube.be\\\/nl\\\/#website\",\"url\":\"https:\\\/\\\/hydrokube.be\\\/nl\\\/\",\"name\":\"Hydrokube\",\"description\":\"Economiser 2.700 Euros par rapport \u00e0 un adoucisseur au sel. Hydrokube est un adoucisseur d&#039;eau \u00e9cologique, certifi\u00e9 efficace et compact.\",\"publisher\":{\"@id\":\"https:\\\/\\\/hydrokube.be\\\/nl\\\/#organization\"},\"potentialAction\":[{\"@type\":\"SearchAction\",\"target\":{\"@type\":\"EntryPoint\",\"urlTemplate\":\"https:\\\/\\\/hydrokube.be\\\/nl\\\/?s={search_term_string}\"},\"query-input\":{\"@type\":\"PropertyValueSpecification\",\"valueRequired\":true,\"valueName\":\"search_term_string\"}}],\"inLanguage\":\"nl-NL\"},{\"@type\":\"Organization\",\"@id\":\"https:\\\/\\\/hydrokube.be\\\/nl\\\/#organization\",\"name\":\"Greenside S.A.\",\"alternateName\":\"Hydrokube\",\"url\":\"https:\\\/\\\/hydrokube.be\\\/nl\\\/\",\"logo\":{\"@type\":\"ImageObject\",\"inLanguage\":\"nl-NL\",\"@id\":\"https:\\\/\\\/hydrokube.be\\\/nl\\\/#\\\/schema\\\/logo\\\/image\\\/\",\"url\":\"https:\\\/\\\/hydrokube.be\\\/wp-content\\\/uploads\\\/2022\\\/12\\\/Greenside_logo.jpg\",\"contentUrl\":\"https:\\\/\\\/hydrokube.be\\\/wp-content\\\/uploads\\\/2022\\\/12\\\/Greenside_logo.jpg\",\"width\":1533,\"height\":421,\"caption\":\"Greenside S.A.\"},\"image\":{\"@id\":\"https:\\\/\\\/hydrokube.be\\\/nl\\\/#\\\/schema\\\/logo\\\/image\\\/\"},\"sameAs\":[\"https:\\\/\\\/www.facebook.com\\\/hydrokube\",\"https:\\\/\\\/x.com\\\/hydrokube\",\"https:\\\/\\\/linkedin.com\\\/company\\\/hydrokube\"]}]}<\/script>\n<!-- \/ Yoast SEO plugin. -->","yoast_head_json":{"title":"Drinkwaterfilter | CO2 Antikalkbehandeling | Hydrokube","description":"Ontdek Hydrokube: de ecologische en zuinige CO2 waterontharder. Zeg vaarwel tegen kalkaanslag, bescherm je toestellen en geniet van zacht water zonder toegevoegd zout. Vraag een gratis offerte aan!","robots":{"index":"index","follow":"follow","max-snippet":"max-snippet:-1","max-image-preview":"max-image-preview:large","max-video-preview":"max-video-preview:-1"},"canonical":"https:\/\/hydrokube.be\/nl\/artikel\/drinkwaterfilter\/","og_locale":"nl_NL","og_type":"article","og_title":"Drinkwaterfilter | CO2 Antikalkbehandeling | Hydrokube","og_description":"Ontdek Hydrokube: de ecologische en zuinige CO2 waterontharder. Zeg vaarwel tegen kalkaanslag, bescherm je toestellen en geniet van zacht water zonder toegevoegd zout. Vraag een gratis offerte aan!","og_url":"https:\/\/hydrokube.be\/nl\/artikel\/drinkwaterfilter\/","og_site_name":"Hydrokube","article_publisher":"https:\/\/www.facebook.com\/hydrokube","article_modified_time":"2025-02-08T15:15:21+00:00","og_image":[{"width":470,"height":470,"url":"https:\/\/hydrokube.be\/wp-content\/uploads\/2019\/10\/filtres-hydra.jpg","type":"image\/jpeg"}],"twitter_card":"summary_large_image","twitter_site":"@hydrokube","twitter_misc":{"Geschatte leestijd":"2 minuten"},"schema":{"@context":"https:\/\/schema.org","@graph":[{"@type":"WebPage","@id":"https:\/\/hydrokube.be\/nl\/artikel\/drinkwaterfilter\/","url":"https:\/\/hydrokube.be\/nl\/artikel\/drinkwaterfilter\/","name":"Drinkwaterfilter | CO2 Antikalkbehandeling | Hydrokube","isPartOf":{"@id":"https:\/\/hydrokube.be\/nl\/#website"},"primaryImageOfPage":{"@id":"https:\/\/hydrokube.be\/nl\/artikel\/drinkwaterfilter\/#primaryimage"},"image":{"@id":"https:\/\/hydrokube.be\/nl\/artikel\/drinkwaterfilter\/#primaryimage"},"thumbnailUrl":"https:\/\/hydrokube.be\/wp-content\/uploads\/2019\/10\/filtres-hydra.jpg","datePublished":"2019-09-26T03:53:17+00:00","dateModified":"2025-02-08T15:15:21+00:00","description":"Ontdek Hydrokube: de ecologische en zuinige CO2 waterontharder. Zeg vaarwel tegen kalkaanslag, bescherm je toestellen en geniet van zacht water zonder toegevoegd zout. Vraag een gratis offerte aan!","breadcrumb":{"@id":"https:\/\/hydrokube.be\/nl\/artikel\/drinkwaterfilter\/#breadcrumb"},"inLanguage":"nl-NL","potentialAction":[{"@type":"ReadAction","target":["https:\/\/hydrokube.be\/nl\/artikel\/drinkwaterfilter\/"]}]},{"@type":"ImageObject","inLanguage":"nl-NL","@id":"https:\/\/hydrokube.be\/nl\/artikel\/drinkwaterfilter\/#primaryimage","url":"https:\/\/hydrokube.be\/wp-content\/uploads\/2019\/10\/filtres-hydra.jpg","contentUrl":"https:\/\/hydrokube.be\/wp-content\/uploads\/2019\/10\/filtres-hydra.jpg","width":470,"height":470},{"@type":"BreadcrumbList","@id":"https:\/\/hydrokube.be\/nl\/artikel\/drinkwaterfilter\/#breadcrumb","itemListElement":[{"@type":"ListItem","position":1,"name":"Welkom","item":"https:\/\/hydrokube.be\/nl\/ontharder_water-2\/"},{"@type":"ListItem","position":2,"name":"De Winkel","item":"https:\/\/hydrokube.be\/nl\/de-winkel\/"},{"@type":"ListItem","position":3,"name":"Zelfreinigende drinkwaterfilter"}]},{"@type":"WebSite","@id":"https:\/\/hydrokube.be\/nl\/#website","url":"https:\/\/hydrokube.be\/nl\/","name":"Hydrokube","description":"Economiser 2.700 Euros par rapport \u00e0 un adoucisseur au sel. Hydrokube est un adoucisseur d&#039;eau \u00e9cologique, certifi\u00e9 efficace et compact.","publisher":{"@id":"https:\/\/hydrokube.be\/nl\/#organization"},"potentialAction":[{"@type":"SearchAction","target":{"@type":"EntryPoint","urlTemplate":"https:\/\/hydrokube.be\/nl\/?s={search_term_string}"},"query-input":{"@type":"PropertyValueSpecification","valueRequired":true,"valueName":"search_term_string"}}],"inLanguage":"nl-NL"},{"@type":"Organization","@id":"https:\/\/hydrokube.be\/nl\/#organization","name":"Greenside S.A.","alternateName":"Hydrokube","url":"https:\/\/hydrokube.be\/nl\/","logo":{"@type":"ImageObject","inLanguage":"nl-NL","@id":"https:\/\/hydrokube.be\/nl\/#\/schema\/logo\/image\/","url":"https:\/\/hydrokube.be\/wp-content\/uploads\/2022\/12\/Greenside_logo.jpg","contentUrl":"https:\/\/hydrokube.be\/wp-content\/uploads\/2022\/12\/Greenside_logo.jpg","width":1533,"height":421,"caption":"Greenside S.A."},"image":{"@id":"https:\/\/hydrokube.be\/nl\/#\/schema\/logo\/image\/"},"sameAs":["https:\/\/www.facebook.com\/hydrokube","https:\/\/x.com\/hydrokube","https:\/\/linkedin.com\/company\/hydrokube"]}]}},"_links":{"self":[{"href":"https:\/\/hydrokube.be\/nl\/wp-json\/wp\/v2\/product\/230821","targetHints":{"allow":["GET"]}}],"collection":[{"href":"https:\/\/hydrokube.be\/nl\/wp-json\/wp\/v2\/product"}],"about":[{"href":"https:\/\/hydrokube.be\/nl\/wp-json\/wp\/v2\/types\/product"}],"wp:featuredmedia":[{"embeddable":true,"href":"https:\/\/hydrokube.be\/nl\/wp-json\/wp\/v2\/media\/217531"}],"wp:attachment":[{"href":"https:\/\/hydrokube.be\/nl\/wp-json\/wp\/v2\/media?parent=230821"}],"wp:term":[{"taxonomy":"product_brand","embeddable":true,"href":"https:\/\/hydrokube.be\/nl\/wp-json\/wp\/v2\/product_brand?post=230821"},{"taxonomy":"product_cat","embeddable":true,"href":"https:\/\/hydrokube.be\/nl\/wp-json\/wp\/v2\/product_cat?post=230821"},{"taxonomy":"product_tag","embeddable":true,"href":"https:\/\/hydrokube.be\/nl\/wp-json\/wp\/v2\/product_tag?post=230821"}],"curies":[{"name":"wp","href":"https:\/\/api.w.org\/{rel}","templated":true}]}}