{"id":230811,"date":"2017-04-23T17:03:10","date_gmt":"2021-09-27T08:13:33","guid":{"rendered":"https:\/\/hydrokube.be\/produit\/pce-228-ph-meter-kit-met-ijkoplossing-en-koffer\/"},"modified":"2025-02-08T15:58:20","modified_gmt":"2025-02-08T14:58:20","slug":"ph_meter_ph100","status":"publish","type":"product","link":"https:\/\/hydrokube.be\/nl\/artikel\/ph_meter_ph100\/","title":{"rendered":"Precisie-instrument \u2013 pH-meting"},"content":{"rendered":"<p><strong>pH 100 tester voor pH-waarden<\/strong><\/p>\n<p>Daarom is het eenvoudig om de zuurgraad of alkaliteit van een vloeistof te meten. Met deze pH-meter meet je niet alleen betrouwbaar en nauwkeurig, hij is ook snel te activeren en verbruikt heel weinig energie. Deze pH-meter is daarom perfect voor verschillende toepassingen en voor kwaliteitscontrole in bijvoorbeeld scholen, laboratoria en zwembaden.<\/p>\n<p>Deze pH-meter is praktisch en gebruiksvriendelijk. Lees de gemeten waarde af van het display.<br \/>\nGebruik de hold-functie om de meetwaarde op het scherm te &#8220;bevriezen&#8221;.<br \/>\nTweepuntskalibratie<\/p>\n<p>Inhoud van de kit<br \/>\nPH-100 ATC<br \/>\nMeetelektrode<br \/>\nResolutie 0,01 pH<br \/>\nMeetsnelheid: 0,4 seconden<br \/>\nVoeding: 9 VDC batterij (niet meegeleverd)<\/p>\n<p class=\"p1\">pH 4 en pH 7 kalibratievloeistof<strong> inclusief <\/strong> opslagpotje <\/p>\n","protected":false},"excerpt":{"rendered":"<div>\n<p>\u2013 Zeer goede prijs-kwaliteitverhouding<br \/>\n\u2013 Meet pH<br \/>\n\u2013 Hoge nauwkeurigheid tot 0,01<br \/>\n\u2013 Indicatie lege batterij<br \/>\n\u2013 Groot LCD-scherm<br \/>\n\u2013 Laag stroomverbruik<br \/>\n\u2013 Robuuste behuizing<\/p>\n<\/div>\n<div>\u2013 pH-elektrode \u2013 BNC-aansluiting<\/div>\n<div>\u2013 pH 7 kalibratieoplossing (20 ml) en opslagpostje<\/div>\n<div>\u2013 Calibarion pH 4 oplossing (20 ml) en ontvanger<br \/>\n\u2013 Handmatige kalibratie (instelschroef)<br \/>\n\u2013 Geschikt voor metingen in het laboratorium of op locatie<br \/>\n\u2013 Gemakkelijk te gebruiken<br \/>\n\u2013 <strong>Optionele<\/strong> draagtas<\/div>\n<div>\u2013 Voeding: 9V gelijkstroom \u2013 batterij niet meegeleverd<\/div>\n<p>Levertijden: op aanvraag<\/p>\n","protected":false},"featured_media":1089530,"template":"","meta":{"_et_pb_use_builder":"off","_et_pb_old_content":"<strong>pH-tester PCE-228 voor pH-waarde en temperatuur \/ SD-geheugenkaart (1 ... 16 GB), de opgeslagen gegevens worden bewaard in een Excel-bestand \/ groot display \/ met RS-232 interface en optionele software voor de PC.<\/strong>\n<p class=\"p1\">De PCE-228 pH tester is een gemakkelijk te gebruiken draagbaar instrument voor het meten van pH \/ mV \/ \u00b0C. In de pH-tester kunnen de pH- en temperatuurwaarden rechtstreeks op de SD-kaart worden opgeslagen (Excel-formaat) of, dankzij de RS-232 interface, rechtstreeks naar de PC worden verzonden. Voor dit doel bieden wij de software en de RS-232 datakabel als optionele componenten aan. De temperatuurcompensatie gebeurt manueel of automatisch door middel van een temperatuursensor die bij de levering is inbegrepen. Dit alles resulteert in een zeer betrouwbare pH-meting. De pH-tester heeft een tweepuntskalibratie die handmatig kan worden uitgevoerd met twee triggertriggers aan de zijkant van het instrument (beschermd door een kapje). Met het gecombineerde instrument is het mogelijk de pH-waarde, de temperatuur of de ORP te bepalen. Voor deze laatste meetparameter moet een bijkomende REDOX (ORP)-elektrode worden aangevraagd. Wij adviseren de ORP 14 elektrode. De pH-tester werkt op batterijen (\u00e9\u00e9n 9 V batterij is bij de levering inbegrepen).<\/p>\n\n<table>\n<tbody>\n<tr>\n<td colspan=\"2\"><strong>Technische specificaties.<\/strong><\/td>\n<\/tr>\n<tr>\n<td>Meetbereiken<\/td>\n<td>0,00... 14,00 pH<\/td>\n<\/tr>\n<tr>\n<td>-1999... 0... 1999 mV\n(alleen met optionele REDOX-elektrode)<\/td>\n<\/tr>\n<tr>\n<td>Resolutie0,0...65,0 \u00b0C\n(alleen voor temperatuursensor)<\/td>\n<\/tr>\n<tr>\n<td>Resolutie<\/td>\n<td>0,01 pH<\/td>\n<\/tr>\n<tr>\n<td>1 mV<\/td>\n<\/tr>\n<tr>\n<td>0,1 \u00b0C<\/td>\n<\/tr>\n<tr>\n<td>Nauwkeurigheid (bij 20\u00b0C) <\/td>\n<td>\u00b1 (0,02 pH + 2 digits)<\/td>\n<\/tr>\n<tr>\n<td>\u00b1 (0,5 % + 2 digits)<\/td>\n<\/tr>\n<tr>\n<td>\u00b1 0,5 \u00b0C<\/td>\n<\/tr>\n<tr>\n<td>Kalibratie<\/td>\n<td>Driepunts automatische kalibratie<\/td>\n<\/tr>\n<tr>\n<td>Temperatuurcompensatie<\/td>\n<td>Automatisch van 0... 65\u00b0C of handmatig tussen 0 en 100\u00b0C door de temperatuursensor te verwijderen<\/td>\n<\/tr>\n<tr>\n<td>Elektrode<\/td>\n<td>Gelgevulde PE-03 pH-elektrode,\n1 meter kabel en BNC-stekker\nTemperatuurbereik: 0 ... 60 \u00baC<\/td>\n<\/tr>\n<tr>\n<td>Aandeel in meting<\/td>\n<td>Instelbaar op 1 seconde voor\n8 uur 59 min 59 segment<\/td>\n<\/tr>\n<tr>\n<td>Scherm<\/td>\n<td>52 x 38 mm LCD-scherm<\/td>\n<\/tr>\n<tr>\n<td>Geheugen<\/td>\n<td>1 ... SD-kaart 16 GB (2 GB kaart inbegrepen)<\/td>\n<\/tr>\n<tr>\n<td>Interface<\/td>\n<td>RS-232<\/td>\n<\/tr>\n<tr>\n<td>Software<\/td>\n<td>Optioneel onderdeel<\/td>\n<\/tr>\n<tr>\n<td><\/td><td>Stroomvoorziening<\/td>\n6 x 1,5 V AA \/ batterijen (optioneel)\n9 V netadapter (optioneel)\n<\/tr>\n<tr>\n<td>Milieuomstandigheden<\/td>\n<td>0... 50 \u00b0C max. 80 % r.H.<\/td>\n<\/tr>\n<tr>\n<td>Afmetingen<\/td>\n<td>177 x 68 x 45 mm<\/td>\n<\/tr>\n<tr>\n<td>Poids<\/td>\n<td>490 g<\/td>\n<\/tr>\n<\/tbody>\n<\/table>","_et_gb_content_width":"","content-type":""},"product_brand":[],"product_cat":[170],"product_tag":[],"class_list":{"0":"post-230811","1":"product","2":"type-product","3":"status-publish","4":"has-post-thumbnail","6":"product_cat-ph-meeting","7":"product_shipping_class-klein-postpakket","9":"first","10":"instock","11":"taxable","12":"shipping-taxable","13":"purchasable","14":"product-type-simple"},"yoast_head":"<!-- This site is optimized with the Yoast SEO plugin v27.4 - https:\/\/yoast.com\/product\/yoast-seo-wordpress\/ -->\n<title>PH-meter PH100 | Nauwkeurige pH-meting | Hydrokube<\/title>\n<meta name=\"description\" content=\"Ontdek de PH100 pH-meter van Hydrokube: nauwkeurig, betrouwbaar en gebruiksvriendelijk voor het meten van de pH-waarde van water. Ideaal voor het controleren van de kwaliteit van onthard water. Snelle levering en deskundige klantenservice.\" \/>\n<meta name=\"robots\" content=\"index, follow, max-snippet:-1, max-image-preview:large, max-video-preview:-1\" \/>\n<link rel=\"canonical\" href=\"https:\/\/hydrokube.be\/nl\/artikel\/ph_meter_ph100\/\" \/>\n<meta property=\"og:locale\" content=\"nl_NL\" \/>\n<meta property=\"og:type\" content=\"article\" \/>\n<meta property=\"og:title\" content=\"PH-meter PH100 | Nauwkeurige pH-meting | Hydrokube\" \/>\n<meta property=\"og:description\" content=\"Ontdek de PH100 pH-meter van Hydrokube: nauwkeurig, betrouwbaar en gebruiksvriendelijk voor het meten van de pH-waarde van water. Ideaal voor het controleren van de kwaliteit van onthard water. Snelle levering en deskundige klantenservice.\" \/>\n<meta property=\"og:url\" content=\"https:\/\/hydrokube.be\/nl\/artikel\/ph_meter_ph100\/\" \/>\n<meta property=\"og:site_name\" content=\"Hydrokube\" \/>\n<meta property=\"article:publisher\" content=\"https:\/\/www.facebook.com\/hydrokube\" \/>\n<meta property=\"article:modified_time\" content=\"2025-02-08T14:58:20+00:00\" \/>\n<meta property=\"og:image\" content=\"https:\/\/hydrokube.be\/wp-content\/uploads\/2017\/04\/image.webp\" \/>\n\t<meta property=\"og:image:width\" content=\"1000\" \/>\n\t<meta property=\"og:image:height\" content=\"1000\" \/>\n\t<meta property=\"og:image:type\" content=\"image\/webp\" \/>\n<meta name=\"twitter:card\" content=\"summary_large_image\" \/>\n<meta name=\"twitter:site\" content=\"@hydrokube\" \/>\n<meta name=\"twitter:label1\" content=\"Geschatte leestijd\" \/>\n\t<meta name=\"twitter:data1\" content=\"1 minuut\" \/>\n<script type=\"application\/ld+json\" class=\"yoast-schema-graph\">{\"@context\":\"https:\\\/\\\/schema.org\",\"@graph\":[{\"@type\":\"WebPage\",\"@id\":\"https:\\\/\\\/hydrokube.be\\\/nl\\\/artikel\\\/ph_meter_ph100\\\/\",\"url\":\"https:\\\/\\\/hydrokube.be\\\/nl\\\/artikel\\\/ph_meter_ph100\\\/\",\"name\":\"PH-meter PH100 | Nauwkeurige pH-meting | Hydrokube\",\"isPartOf\":{\"@id\":\"https:\\\/\\\/hydrokube.be\\\/nl\\\/#website\"},\"primaryImageOfPage\":{\"@id\":\"https:\\\/\\\/hydrokube.be\\\/nl\\\/artikel\\\/ph_meter_ph100\\\/#primaryimage\"},\"image\":{\"@id\":\"https:\\\/\\\/hydrokube.be\\\/nl\\\/artikel\\\/ph_meter_ph100\\\/#primaryimage\"},\"thumbnailUrl\":\"https:\\\/\\\/hydrokube.be\\\/wp-content\\\/uploads\\\/2017\\\/04\\\/image.webp\",\"datePublished\":\"2021-09-27T08:13:33+00:00\",\"dateModified\":\"2025-02-08T14:58:20+00:00\",\"description\":\"Ontdek de PH100 pH-meter van Hydrokube: nauwkeurig, betrouwbaar en gebruiksvriendelijk voor het meten van de pH-waarde van water. Ideaal voor het controleren van de kwaliteit van onthard water. Snelle levering en deskundige klantenservice.\",\"breadcrumb\":{\"@id\":\"https:\\\/\\\/hydrokube.be\\\/nl\\\/artikel\\\/ph_meter_ph100\\\/#breadcrumb\"},\"inLanguage\":\"nl-NL\",\"potentialAction\":[{\"@type\":\"ReadAction\",\"target\":[\"https:\\\/\\\/hydrokube.be\\\/nl\\\/artikel\\\/ph_meter_ph100\\\/\"]}]},{\"@type\":\"ImageObject\",\"inLanguage\":\"nl-NL\",\"@id\":\"https:\\\/\\\/hydrokube.be\\\/nl\\\/artikel\\\/ph_meter_ph100\\\/#primaryimage\",\"url\":\"https:\\\/\\\/hydrokube.be\\\/wp-content\\\/uploads\\\/2017\\\/04\\\/image.webp\",\"contentUrl\":\"https:\\\/\\\/hydrokube.be\\\/wp-content\\\/uploads\\\/2017\\\/04\\\/image.webp\",\"width\":1000,\"height\":1000},{\"@type\":\"BreadcrumbList\",\"@id\":\"https:\\\/\\\/hydrokube.be\\\/nl\\\/artikel\\\/ph_meter_ph100\\\/#breadcrumb\",\"itemListElement\":[{\"@type\":\"ListItem\",\"position\":1,\"name\":\"Welkom\",\"item\":\"https:\\\/\\\/hydrokube.be\\\/nl\\\/ontharder_water-2\\\/\"},{\"@type\":\"ListItem\",\"position\":2,\"name\":\"De Winkel\",\"item\":\"https:\\\/\\\/hydrokube.be\\\/nl\\\/de-winkel\\\/\"},{\"@type\":\"ListItem\",\"position\":3,\"name\":\"Precisie-instrument &#8211; pH-meting\"}]},{\"@type\":\"WebSite\",\"@id\":\"https:\\\/\\\/hydrokube.be\\\/nl\\\/#website\",\"url\":\"https:\\\/\\\/hydrokube.be\\\/nl\\\/\",\"name\":\"Hydrokube\",\"description\":\"Economiser 2.700 Euros par rapport \u00e0 un adoucisseur au sel. Hydrokube est un adoucisseur d&#039;eau \u00e9cologique, certifi\u00e9 efficace et compact.\",\"publisher\":{\"@id\":\"https:\\\/\\\/hydrokube.be\\\/nl\\\/#organization\"},\"potentialAction\":[{\"@type\":\"SearchAction\",\"target\":{\"@type\":\"EntryPoint\",\"urlTemplate\":\"https:\\\/\\\/hydrokube.be\\\/nl\\\/?s={search_term_string}\"},\"query-input\":{\"@type\":\"PropertyValueSpecification\",\"valueRequired\":true,\"valueName\":\"search_term_string\"}}],\"inLanguage\":\"nl-NL\"},{\"@type\":\"Organization\",\"@id\":\"https:\\\/\\\/hydrokube.be\\\/nl\\\/#organization\",\"name\":\"Greenside S.A.\",\"alternateName\":\"Hydrokube\",\"url\":\"https:\\\/\\\/hydrokube.be\\\/nl\\\/\",\"logo\":{\"@type\":\"ImageObject\",\"inLanguage\":\"nl-NL\",\"@id\":\"https:\\\/\\\/hydrokube.be\\\/nl\\\/#\\\/schema\\\/logo\\\/image\\\/\",\"url\":\"https:\\\/\\\/hydrokube.be\\\/wp-content\\\/uploads\\\/2022\\\/12\\\/Greenside_logo.jpg\",\"contentUrl\":\"https:\\\/\\\/hydrokube.be\\\/wp-content\\\/uploads\\\/2022\\\/12\\\/Greenside_logo.jpg\",\"width\":1533,\"height\":421,\"caption\":\"Greenside S.A.\"},\"image\":{\"@id\":\"https:\\\/\\\/hydrokube.be\\\/nl\\\/#\\\/schema\\\/logo\\\/image\\\/\"},\"sameAs\":[\"https:\\\/\\\/www.facebook.com\\\/hydrokube\",\"https:\\\/\\\/x.com\\\/hydrokube\",\"https:\\\/\\\/linkedin.com\\\/company\\\/hydrokube\"]}]}<\/script>\n<!-- \/ Yoast SEO plugin. -->","yoast_head_json":{"title":"PH-meter PH100 | Nauwkeurige pH-meting | Hydrokube","description":"Ontdek de PH100 pH-meter van Hydrokube: nauwkeurig, betrouwbaar en gebruiksvriendelijk voor het meten van de pH-waarde van water. Ideaal voor het controleren van de kwaliteit van onthard water. Snelle levering en deskundige klantenservice.","robots":{"index":"index","follow":"follow","max-snippet":"max-snippet:-1","max-image-preview":"max-image-preview:large","max-video-preview":"max-video-preview:-1"},"canonical":"https:\/\/hydrokube.be\/nl\/artikel\/ph_meter_ph100\/","og_locale":"nl_NL","og_type":"article","og_title":"PH-meter PH100 | Nauwkeurige pH-meting | Hydrokube","og_description":"Ontdek de PH100 pH-meter van Hydrokube: nauwkeurig, betrouwbaar en gebruiksvriendelijk voor het meten van de pH-waarde van water. Ideaal voor het controleren van de kwaliteit van onthard water. Snelle levering en deskundige klantenservice.","og_url":"https:\/\/hydrokube.be\/nl\/artikel\/ph_meter_ph100\/","og_site_name":"Hydrokube","article_publisher":"https:\/\/www.facebook.com\/hydrokube","article_modified_time":"2025-02-08T14:58:20+00:00","og_image":[{"width":1000,"height":1000,"url":"https:\/\/hydrokube.be\/wp-content\/uploads\/2017\/04\/image.webp","type":"image\/webp"}],"twitter_card":"summary_large_image","twitter_site":"@hydrokube","twitter_misc":{"Geschatte leestijd":"1 minuut"},"schema":{"@context":"https:\/\/schema.org","@graph":[{"@type":"WebPage","@id":"https:\/\/hydrokube.be\/nl\/artikel\/ph_meter_ph100\/","url":"https:\/\/hydrokube.be\/nl\/artikel\/ph_meter_ph100\/","name":"PH-meter PH100 | Nauwkeurige pH-meting | Hydrokube","isPartOf":{"@id":"https:\/\/hydrokube.be\/nl\/#website"},"primaryImageOfPage":{"@id":"https:\/\/hydrokube.be\/nl\/artikel\/ph_meter_ph100\/#primaryimage"},"image":{"@id":"https:\/\/hydrokube.be\/nl\/artikel\/ph_meter_ph100\/#primaryimage"},"thumbnailUrl":"https:\/\/hydrokube.be\/wp-content\/uploads\/2017\/04\/image.webp","datePublished":"2021-09-27T08:13:33+00:00","dateModified":"2025-02-08T14:58:20+00:00","description":"Ontdek de PH100 pH-meter van Hydrokube: nauwkeurig, betrouwbaar en gebruiksvriendelijk voor het meten van de pH-waarde van water. Ideaal voor het controleren van de kwaliteit van onthard water. Snelle levering en deskundige klantenservice.","breadcrumb":{"@id":"https:\/\/hydrokube.be\/nl\/artikel\/ph_meter_ph100\/#breadcrumb"},"inLanguage":"nl-NL","potentialAction":[{"@type":"ReadAction","target":["https:\/\/hydrokube.be\/nl\/artikel\/ph_meter_ph100\/"]}]},{"@type":"ImageObject","inLanguage":"nl-NL","@id":"https:\/\/hydrokube.be\/nl\/artikel\/ph_meter_ph100\/#primaryimage","url":"https:\/\/hydrokube.be\/wp-content\/uploads\/2017\/04\/image.webp","contentUrl":"https:\/\/hydrokube.be\/wp-content\/uploads\/2017\/04\/image.webp","width":1000,"height":1000},{"@type":"BreadcrumbList","@id":"https:\/\/hydrokube.be\/nl\/artikel\/ph_meter_ph100\/#breadcrumb","itemListElement":[{"@type":"ListItem","position":1,"name":"Welkom","item":"https:\/\/hydrokube.be\/nl\/ontharder_water-2\/"},{"@type":"ListItem","position":2,"name":"De Winkel","item":"https:\/\/hydrokube.be\/nl\/de-winkel\/"},{"@type":"ListItem","position":3,"name":"Precisie-instrument &#8211; pH-meting"}]},{"@type":"WebSite","@id":"https:\/\/hydrokube.be\/nl\/#website","url":"https:\/\/hydrokube.be\/nl\/","name":"Hydrokube","description":"Economiser 2.700 Euros par rapport \u00e0 un adoucisseur au sel. Hydrokube est un adoucisseur d&#039;eau \u00e9cologique, certifi\u00e9 efficace et compact.","publisher":{"@id":"https:\/\/hydrokube.be\/nl\/#organization"},"potentialAction":[{"@type":"SearchAction","target":{"@type":"EntryPoint","urlTemplate":"https:\/\/hydrokube.be\/nl\/?s={search_term_string}"},"query-input":{"@type":"PropertyValueSpecification","valueRequired":true,"valueName":"search_term_string"}}],"inLanguage":"nl-NL"},{"@type":"Organization","@id":"https:\/\/hydrokube.be\/nl\/#organization","name":"Greenside S.A.","alternateName":"Hydrokube","url":"https:\/\/hydrokube.be\/nl\/","logo":{"@type":"ImageObject","inLanguage":"nl-NL","@id":"https:\/\/hydrokube.be\/nl\/#\/schema\/logo\/image\/","url":"https:\/\/hydrokube.be\/wp-content\/uploads\/2022\/12\/Greenside_logo.jpg","contentUrl":"https:\/\/hydrokube.be\/wp-content\/uploads\/2022\/12\/Greenside_logo.jpg","width":1533,"height":421,"caption":"Greenside S.A."},"image":{"@id":"https:\/\/hydrokube.be\/nl\/#\/schema\/logo\/image\/"},"sameAs":["https:\/\/www.facebook.com\/hydrokube","https:\/\/x.com\/hydrokube","https:\/\/linkedin.com\/company\/hydrokube"]}]}},"_links":{"self":[{"href":"https:\/\/hydrokube.be\/nl\/wp-json\/wp\/v2\/product\/230811","targetHints":{"allow":["GET"]}}],"collection":[{"href":"https:\/\/hydrokube.be\/nl\/wp-json\/wp\/v2\/product"}],"about":[{"href":"https:\/\/hydrokube.be\/nl\/wp-json\/wp\/v2\/types\/product"}],"wp:featuredmedia":[{"embeddable":true,"href":"https:\/\/hydrokube.be\/nl\/wp-json\/wp\/v2\/media\/1089530"}],"wp:attachment":[{"href":"https:\/\/hydrokube.be\/nl\/wp-json\/wp\/v2\/media?parent=230811"}],"wp:term":[{"taxonomy":"product_brand","embeddable":true,"href":"https:\/\/hydrokube.be\/nl\/wp-json\/wp\/v2\/product_brand?post=230811"},{"taxonomy":"product_cat","embeddable":true,"href":"https:\/\/hydrokube.be\/nl\/wp-json\/wp\/v2\/product_cat?post=230811"},{"taxonomy":"product_tag","embeddable":true,"href":"https:\/\/hydrokube.be\/nl\/wp-json\/wp\/v2\/product_tag?post=230811"}],"curies":[{"name":"wp","href":"https:\/\/api.w.org\/{rel}","templated":true}]}}