{"id":229692,"date":"2016-07-03T20:09:46","date_gmt":"2016-07-03T19:09:46","guid":{"rendered":"https:\/\/hydrokube.be\/produit\/28193\/"},"modified":"2025-02-08T14:07:00","modified_gmt":"2025-02-08T13:07:00","slug":"co2flessen","status":"publish","type":"product","link":"https:\/\/hydrokube.be\/nl\/artikel\/co2flessen\/","title":{"rendered":"10 Kg (13 l) fles CO2"},"content":{"rendered":"<p>gasfles co2 10kg Het wordt gebruikt als levensmiddelenadditief en voldoet aan de specifieke zuiverheidseisen van de Europese richtlijnen E290 (&gt; 99% zuiverheid). De bekendste toepassing van koolzuur (zwak zuur) is als bruismiddel in frisdranken en bier. Deze oplossing wordt vaak gebruikt in kassen. Het voorkomt de proliferatie van bacteri\u00ebn. Zwembaden gebruiken kooldioxide om het water een neutrale pH-waarde te geven. Koolzuur wordt ook gebruikt voor het verpakken van levensmiddelen, al dan niet gemengd met stikstof. Een andere belangrijke toepassing van dit gas is het gebruik ervan bij brandbestrijding (blusapparaten) of voor bepaalde medische ingrepen.<\/p>\n","protected":false},"excerpt":{"rendered":"<p>Fles alleen <strong>alleen<\/strong> voor Hydrokube kit. <strong>Prijzen met of zonder aanbetaling.<\/strong><\/p>\n<ul>\n<li><strong>Niet geschikt voor andere toepassingen<\/strong><\/li>\n<li>CO2 (kooldioxide) \u2013 Voedingsadditief \u2013 Niet ontvlambaar, gas niet giftig<\/li>\n<li>Kan ongeveer 100 M3 water behandelen<\/li>\n<li>13 liter CO2 (10 Kg)<\/li>\n<li>Specifieke aansluiting Hydrokube<\/li>\n<li>Levensmiddelenadditief \u2013 Zuiverheid &gt; 99<\/li>\n<li>Leeggewicht +\/- 18 kg<\/li>\n<li>Afmetingen: +\/- 125&#215;14 cm (hxd)<\/li>\n<li><span style=\"color: #ff0000;\"><strong>Recht op fles (\u20ac14,87 exclusief btw) is niet verschuldigd als een identieke fles met beschermdop wordt geretourneerd.<\/strong><\/span><\/li>\n<\/ul>\n","protected":false},"featured_media":28192,"template":"","meta":{"_et_pb_use_builder":"off","_et_pb_old_content":"gasfles co2 10kg Het wordt gebruikt als levensmiddelenadditief en voldoet aan de specifieke zuiverheidseisen van de Europese richtlijnen E290 (> 99% zuiverheid).\nDe bekendste toepassing van koolzuur (zwak zuur) is als bruismiddel in frisdranken en bier. Deze oplossing wordt vaak gebruikt in kassen. Het voorkomt de proliferatie van bacteri\u00ebn. Zwembaden gebruiken kooldioxide om het water een neutrale pH-waarde te geven. Koolzuur wordt ook gebruikt voor het verpakken van levensmiddelen, al dan niet gemengd met stikstof. Een andere belangrijke toepassing van dit gas is het gebruik ervan bij brandbestrijding (blusapparaten) of voor bepaalde medische ingrepen.","_et_gb_content_width":"","content-type":""},"product_brand":[],"product_cat":[171],"product_tag":[],"class_list":{"0":"post-229692","1":"product","2":"type-product","3":"status-publish","4":"has-post-thumbnail","6":"product_cat-co2-fles","7":"product_shipping_class-tra_rep_co2-nl","9":"first","10":"outofstock","11":"sold-individually","12":"taxable","13":"shipping-taxable","14":"purchasable","15":"product-type-variable"},"yoast_head":"<!-- This site is optimized with the Yoast SEO plugin v27.4 - https:\/\/yoast.com\/product\/yoast-seo-wordpress\/ -->\n<title>CO2 fles voor Hydrokube | Ecologische en zuinige waterontharder<\/title>\n<meta name=\"description\" content=\"Ontdek Hydrokube, de ecologische en zuinige CO2 waterontharder. Neutraliseer kalk zonder zout, bescherm je toestellen en geniet van water van hoge kwaliteit. Vraag een gratis offerte aan!\" \/>\n<meta name=\"robots\" content=\"index, follow, max-snippet:-1, max-image-preview:large, max-video-preview:-1\" \/>\n<link rel=\"canonical\" href=\"https:\/\/hydrokube.be\/nl\/artikel\/co2flessen\/\" \/>\n<meta property=\"og:locale\" content=\"nl_NL\" \/>\n<meta property=\"og:type\" content=\"article\" \/>\n<meta property=\"og:title\" content=\"CO2 fles voor Hydrokube | Ecologische en zuinige waterontharder\" \/>\n<meta property=\"og:description\" content=\"Ontdek Hydrokube, de ecologische en zuinige CO2 waterontharder. Neutraliseer kalk zonder zout, bescherm je toestellen en geniet van water van hoge kwaliteit. Vraag een gratis offerte aan!\" \/>\n<meta property=\"og:url\" content=\"https:\/\/hydrokube.be\/nl\/artikel\/co2flessen\/\" \/>\n<meta property=\"og:site_name\" content=\"Hydrokube\" \/>\n<meta property=\"article:publisher\" content=\"https:\/\/www.facebook.com\/hydrokube\" \/>\n<meta property=\"article:modified_time\" content=\"2025-02-08T13:07:00+00:00\" \/>\n<meta property=\"og:image\" content=\"https:\/\/hydrokube.be\/wp-content\/uploads\/2016\/10\/Bouteille_10KG_CO2-STD.png\" \/>\n\t<meta property=\"og:image:width\" content=\"1382\" \/>\n\t<meta property=\"og:image:height\" content=\"1501\" \/>\n\t<meta property=\"og:image:type\" content=\"image\/png\" \/>\n<meta name=\"twitter:card\" content=\"summary_large_image\" \/>\n<meta name=\"twitter:site\" content=\"@hydrokube\" \/>\n<meta name=\"twitter:label1\" content=\"Geschatte leestijd\" \/>\n\t<meta name=\"twitter:data1\" content=\"1 minuut\" \/>\n<script type=\"application\/ld+json\" class=\"yoast-schema-graph\">{\"@context\":\"https:\\\/\\\/schema.org\",\"@graph\":[{\"@type\":\"WebPage\",\"@id\":\"https:\\\/\\\/hydrokube.be\\\/nl\\\/artikel\\\/co2flessen\\\/\",\"url\":\"https:\\\/\\\/hydrokube.be\\\/nl\\\/artikel\\\/co2flessen\\\/\",\"name\":\"CO2 fles voor Hydrokube | Ecologische en zuinige waterontharder\",\"isPartOf\":{\"@id\":\"https:\\\/\\\/hydrokube.be\\\/nl\\\/#website\"},\"primaryImageOfPage\":{\"@id\":\"https:\\\/\\\/hydrokube.be\\\/nl\\\/artikel\\\/co2flessen\\\/#primaryimage\"},\"image\":{\"@id\":\"https:\\\/\\\/hydrokube.be\\\/nl\\\/artikel\\\/co2flessen\\\/#primaryimage\"},\"thumbnailUrl\":\"https:\\\/\\\/hydrokube.be\\\/wp-content\\\/uploads\\\/2016\\\/10\\\/Bouteille_10KG_CO2-STD.png\",\"datePublished\":\"2016-07-03T19:09:46+00:00\",\"dateModified\":\"2025-02-08T13:07:00+00:00\",\"description\":\"Ontdek Hydrokube, de ecologische en zuinige CO2 waterontharder. Neutraliseer kalk zonder zout, bescherm je toestellen en geniet van water van hoge kwaliteit. Vraag een gratis offerte aan!\",\"breadcrumb\":{\"@id\":\"https:\\\/\\\/hydrokube.be\\\/nl\\\/artikel\\\/co2flessen\\\/#breadcrumb\"},\"inLanguage\":\"nl-NL\",\"potentialAction\":[{\"@type\":\"ReadAction\",\"target\":[\"https:\\\/\\\/hydrokube.be\\\/nl\\\/artikel\\\/co2flessen\\\/\"]}]},{\"@type\":\"ImageObject\",\"inLanguage\":\"nl-NL\",\"@id\":\"https:\\\/\\\/hydrokube.be\\\/nl\\\/artikel\\\/co2flessen\\\/#primaryimage\",\"url\":\"https:\\\/\\\/hydrokube.be\\\/wp-content\\\/uploads\\\/2016\\\/10\\\/Bouteille_10KG_CO2-STD.png\",\"contentUrl\":\"https:\\\/\\\/hydrokube.be\\\/wp-content\\\/uploads\\\/2016\\\/10\\\/Bouteille_10KG_CO2-STD.png\",\"width\":1382,\"height\":1501},{\"@type\":\"BreadcrumbList\",\"@id\":\"https:\\\/\\\/hydrokube.be\\\/nl\\\/artikel\\\/co2flessen\\\/#breadcrumb\",\"itemListElement\":[{\"@type\":\"ListItem\",\"position\":1,\"name\":\"Welkom\",\"item\":\"https:\\\/\\\/hydrokube.be\\\/nl\\\/ontharder_water-2\\\/\"},{\"@type\":\"ListItem\",\"position\":2,\"name\":\"De Winkel\",\"item\":\"https:\\\/\\\/hydrokube.be\\\/nl\\\/de-winkel\\\/\"},{\"@type\":\"ListItem\",\"position\":3,\"name\":\"10 Kg (13 l) fles CO2\"}]},{\"@type\":\"WebSite\",\"@id\":\"https:\\\/\\\/hydrokube.be\\\/nl\\\/#website\",\"url\":\"https:\\\/\\\/hydrokube.be\\\/nl\\\/\",\"name\":\"Hydrokube\",\"description\":\"Economiser 2.700 Euros par rapport \u00e0 un adoucisseur au sel. Hydrokube est un adoucisseur d&#039;eau \u00e9cologique, certifi\u00e9 efficace et compact.\",\"publisher\":{\"@id\":\"https:\\\/\\\/hydrokube.be\\\/nl\\\/#organization\"},\"potentialAction\":[{\"@type\":\"SearchAction\",\"target\":{\"@type\":\"EntryPoint\",\"urlTemplate\":\"https:\\\/\\\/hydrokube.be\\\/nl\\\/?s={search_term_string}\"},\"query-input\":{\"@type\":\"PropertyValueSpecification\",\"valueRequired\":true,\"valueName\":\"search_term_string\"}}],\"inLanguage\":\"nl-NL\"},{\"@type\":\"Organization\",\"@id\":\"https:\\\/\\\/hydrokube.be\\\/nl\\\/#organization\",\"name\":\"Greenside S.A.\",\"alternateName\":\"Hydrokube\",\"url\":\"https:\\\/\\\/hydrokube.be\\\/nl\\\/\",\"logo\":{\"@type\":\"ImageObject\",\"inLanguage\":\"nl-NL\",\"@id\":\"https:\\\/\\\/hydrokube.be\\\/nl\\\/#\\\/schema\\\/logo\\\/image\\\/\",\"url\":\"https:\\\/\\\/hydrokube.be\\\/wp-content\\\/uploads\\\/2022\\\/12\\\/Greenside_logo.jpg\",\"contentUrl\":\"https:\\\/\\\/hydrokube.be\\\/wp-content\\\/uploads\\\/2022\\\/12\\\/Greenside_logo.jpg\",\"width\":1533,\"height\":421,\"caption\":\"Greenside S.A.\"},\"image\":{\"@id\":\"https:\\\/\\\/hydrokube.be\\\/nl\\\/#\\\/schema\\\/logo\\\/image\\\/\"},\"sameAs\":[\"https:\\\/\\\/www.facebook.com\\\/hydrokube\",\"https:\\\/\\\/x.com\\\/hydrokube\",\"https:\\\/\\\/linkedin.com\\\/company\\\/hydrokube\"]}]}<\/script>\n<!-- \/ Yoast SEO plugin. -->","yoast_head_json":{"title":"CO2 fles voor Hydrokube | Ecologische en zuinige waterontharder","description":"Ontdek Hydrokube, de ecologische en zuinige CO2 waterontharder. Neutraliseer kalk zonder zout, bescherm je toestellen en geniet van water van hoge kwaliteit. Vraag een gratis offerte aan!","robots":{"index":"index","follow":"follow","max-snippet":"max-snippet:-1","max-image-preview":"max-image-preview:large","max-video-preview":"max-video-preview:-1"},"canonical":"https:\/\/hydrokube.be\/nl\/artikel\/co2flessen\/","og_locale":"nl_NL","og_type":"article","og_title":"CO2 fles voor Hydrokube | Ecologische en zuinige waterontharder","og_description":"Ontdek Hydrokube, de ecologische en zuinige CO2 waterontharder. Neutraliseer kalk zonder zout, bescherm je toestellen en geniet van water van hoge kwaliteit. Vraag een gratis offerte aan!","og_url":"https:\/\/hydrokube.be\/nl\/artikel\/co2flessen\/","og_site_name":"Hydrokube","article_publisher":"https:\/\/www.facebook.com\/hydrokube","article_modified_time":"2025-02-08T13:07:00+00:00","og_image":[{"width":1382,"height":1501,"url":"https:\/\/hydrokube.be\/wp-content\/uploads\/2016\/10\/Bouteille_10KG_CO2-STD.png","type":"image\/png"}],"twitter_card":"summary_large_image","twitter_site":"@hydrokube","twitter_misc":{"Geschatte leestijd":"1 minuut"},"schema":{"@context":"https:\/\/schema.org","@graph":[{"@type":"WebPage","@id":"https:\/\/hydrokube.be\/nl\/artikel\/co2flessen\/","url":"https:\/\/hydrokube.be\/nl\/artikel\/co2flessen\/","name":"CO2 fles voor Hydrokube | Ecologische en zuinige waterontharder","isPartOf":{"@id":"https:\/\/hydrokube.be\/nl\/#website"},"primaryImageOfPage":{"@id":"https:\/\/hydrokube.be\/nl\/artikel\/co2flessen\/#primaryimage"},"image":{"@id":"https:\/\/hydrokube.be\/nl\/artikel\/co2flessen\/#primaryimage"},"thumbnailUrl":"https:\/\/hydrokube.be\/wp-content\/uploads\/2016\/10\/Bouteille_10KG_CO2-STD.png","datePublished":"2016-07-03T19:09:46+00:00","dateModified":"2025-02-08T13:07:00+00:00","description":"Ontdek Hydrokube, de ecologische en zuinige CO2 waterontharder. Neutraliseer kalk zonder zout, bescherm je toestellen en geniet van water van hoge kwaliteit. Vraag een gratis offerte aan!","breadcrumb":{"@id":"https:\/\/hydrokube.be\/nl\/artikel\/co2flessen\/#breadcrumb"},"inLanguage":"nl-NL","potentialAction":[{"@type":"ReadAction","target":["https:\/\/hydrokube.be\/nl\/artikel\/co2flessen\/"]}]},{"@type":"ImageObject","inLanguage":"nl-NL","@id":"https:\/\/hydrokube.be\/nl\/artikel\/co2flessen\/#primaryimage","url":"https:\/\/hydrokube.be\/wp-content\/uploads\/2016\/10\/Bouteille_10KG_CO2-STD.png","contentUrl":"https:\/\/hydrokube.be\/wp-content\/uploads\/2016\/10\/Bouteille_10KG_CO2-STD.png","width":1382,"height":1501},{"@type":"BreadcrumbList","@id":"https:\/\/hydrokube.be\/nl\/artikel\/co2flessen\/#breadcrumb","itemListElement":[{"@type":"ListItem","position":1,"name":"Welkom","item":"https:\/\/hydrokube.be\/nl\/ontharder_water-2\/"},{"@type":"ListItem","position":2,"name":"De Winkel","item":"https:\/\/hydrokube.be\/nl\/de-winkel\/"},{"@type":"ListItem","position":3,"name":"10 Kg (13 l) fles CO2"}]},{"@type":"WebSite","@id":"https:\/\/hydrokube.be\/nl\/#website","url":"https:\/\/hydrokube.be\/nl\/","name":"Hydrokube","description":"Economiser 2.700 Euros par rapport \u00e0 un adoucisseur au sel. Hydrokube est un adoucisseur d&#039;eau \u00e9cologique, certifi\u00e9 efficace et compact.","publisher":{"@id":"https:\/\/hydrokube.be\/nl\/#organization"},"potentialAction":[{"@type":"SearchAction","target":{"@type":"EntryPoint","urlTemplate":"https:\/\/hydrokube.be\/nl\/?s={search_term_string}"},"query-input":{"@type":"PropertyValueSpecification","valueRequired":true,"valueName":"search_term_string"}}],"inLanguage":"nl-NL"},{"@type":"Organization","@id":"https:\/\/hydrokube.be\/nl\/#organization","name":"Greenside S.A.","alternateName":"Hydrokube","url":"https:\/\/hydrokube.be\/nl\/","logo":{"@type":"ImageObject","inLanguage":"nl-NL","@id":"https:\/\/hydrokube.be\/nl\/#\/schema\/logo\/image\/","url":"https:\/\/hydrokube.be\/wp-content\/uploads\/2022\/12\/Greenside_logo.jpg","contentUrl":"https:\/\/hydrokube.be\/wp-content\/uploads\/2022\/12\/Greenside_logo.jpg","width":1533,"height":421,"caption":"Greenside S.A."},"image":{"@id":"https:\/\/hydrokube.be\/nl\/#\/schema\/logo\/image\/"},"sameAs":["https:\/\/www.facebook.com\/hydrokube","https:\/\/x.com\/hydrokube","https:\/\/linkedin.com\/company\/hydrokube"]}]}},"_links":{"self":[{"href":"https:\/\/hydrokube.be\/nl\/wp-json\/wp\/v2\/product\/229692","targetHints":{"allow":["GET"]}}],"collection":[{"href":"https:\/\/hydrokube.be\/nl\/wp-json\/wp\/v2\/product"}],"about":[{"href":"https:\/\/hydrokube.be\/nl\/wp-json\/wp\/v2\/types\/product"}],"wp:featuredmedia":[{"embeddable":true,"href":"https:\/\/hydrokube.be\/nl\/wp-json\/wp\/v2\/media\/28192"}],"wp:attachment":[{"href":"https:\/\/hydrokube.be\/nl\/wp-json\/wp\/v2\/media?parent=229692"}],"wp:term":[{"taxonomy":"product_brand","embeddable":true,"href":"https:\/\/hydrokube.be\/nl\/wp-json\/wp\/v2\/product_brand?post=229692"},{"taxonomy":"product_cat","embeddable":true,"href":"https:\/\/hydrokube.be\/nl\/wp-json\/wp\/v2\/product_cat?post=229692"},{"taxonomy":"product_tag","embeddable":true,"href":"https:\/\/hydrokube.be\/nl\/wp-json\/wp\/v2\/product_tag?post=229692"}],"curies":[{"name":"wp","href":"https:\/\/api.w.org\/{rel}","templated":true}]}}