{"id":217685,"date":"2018-10-27T12:47:51","date_gmt":"2018-10-27T11:47:51","guid":{"rendered":"https:\/\/hydrokube.be\/?post_type=product&#038;p=217685"},"modified":"2025-07-23T14:13:17","modified_gmt":"2025-07-23T13:13:17","slug":"kit_efficiency","status":"publish","type":"product","link":"https:\/\/hydrokube.be\/nl\/artikel\/kit_efficiency\/","title":{"rendered":"Efficiency kit"},"content":{"rendered":"<h2>Hydrokube Efficiency<\/h2>\n<p>De Hydrokube Efficiency, een hoogwaardig antiscalant van Belgische makelij, beheert de precieze en proportionele injectie van CO<sub>2<\/sub> in het water via de controller. Deze nieuwste generatie waterontharders is ook gemakkelijk te installeren voor een goede doe-het-zelver.<\/p>\n<p><strong>Effectief<\/strong>: De C02 waterontharder van Hydrokube is getest en gecertificeerd als 100% effectief door het Belgische laboratorium Ecochim en test-Achat. Bovendien behandelt en herverdeelt het<strong>antikalksysteem <\/strong>100% van het gebruikte water.<br \/>\n<strong>Natuurlijk:<\/strong> Dankzij deze <strong>zoutvrije CO<sub>2<\/sub>-waterontharder<\/strong> is het behandelde water drinkbaar en behoudt het de echte smaak van water en zijn natuurlijke sporenelementen (calcium, magnesium, kalium, ijzer, natrium, fosfor). De Hydrokube gebruikt ook 100% gerecyclede C0<sub>2<\/sub> van voedselkwaliteit.<br \/>\n<strong>Zuinig:<\/strong> Met dit antikalkapparaat bespaar je \u20ac2.000 met onthard water zonder zout. Je zult de <strong>prijs van een CO<sub>2<\/sub>-waterontharder<\/strong> snel terugverdienen. Je machines, warmwaterketels, kranen en toiletten gaan langer mee. Door kalkaanslag te verwijderen, verbruik je minder elektriciteit om je water te verwarmen, minder zeep om het schoon te maken en bespaar je geld op antikalkproducten.<\/p>\n<h3>De voordelen:<\/h3>\n<p>Met de Hydrokube Efficiency is mijn huis kalkvrij dankzij een zoutloze en zuinige waterbehandeling:<\/p>\n<ul>\n<li>Onderhoudsvrij,<\/li>\n<li>Herverdeelt 100% van het gebruikte water,<\/li>\n<li>Houdt uw water schoon en gezond, zonder toegevoegd zout,<\/li>\n<li>De antikalkbeveiliging wordt ge\u00efnstalleerd na de waterdrukregelaar.<\/li>\n<li>Geen rioolaansluiting,<\/li>\n<li>De CO<sub>2<\/sub>-ontharder gebruikt 100% gerecycled water,<\/li>\n<\/ul>\n<p><strong>Een waterdrukregelaar van goede kwaliteit wordt aanbevolen tussen de elektriciteitsmeter en de CO<sub>2<\/sub> waterontharder.<\/strong> De Hydrokube maakt ook gebruik van kooldioxide (CO<sub>2<\/sub>), een zuinig en milieuvriendelijk voedingssupplement in een hervulbare fles. CO<sub>2<\/sub> lost ook perfect op in water en verandert kalk in bicarbonaat. Bicarbonaat is perfect oplosbaar in water, is niet schadelijk en veroorzaakt geen problemen in huis. Het water is natuurlijk veilig om te drinken.<\/p>\n","protected":false},"excerpt":{"rendered":"<p>Deze CO<sub>2<\/sub> waterontharder is eenvoudig te installeren, een professionele loodgieter is niet nodig! Ontdek de Hydrokube kit en profiteer van de vereenvoudigde installatie voor uw dagelijks comfort.<\/p>\n<p>D<strong>eze Hydrokube Efficiency-kit bevat:<\/strong> \u2013 Een Hydrokube Efficiency-apparaat (24x20x12 cm) \u2013 Een standaard CO2-cilinder van 10 kg \u2013 Een CO2-regelaar \u2013 Een slang van 2 meter om de CO2 aan te sluiten \u2013 Een cilinderbevestigingsset \u2013 Gebruiksaanwijzing \u2013 Handleiding voor installatie en afstelling<\/p>\n","protected":false},"featured_media":29839,"template":"","meta":{"_et_pb_use_builder":"off","_et_pb_old_content":"De Hydrokube Efficiency, een hoogwaardig antikalkapparaat van Belgische makelij, beheert de precieze en proportionele injectie van CO2 in het water via de regelaar.\n\nEenvoudig te installeren voor een goede doe-het-zelver.\n\nMet de Hydrokube Efficiency is mijn huis kalkvrij dankzij een zoutloze en zuinige waterbehandeling:\n<ul>\n \t<li>Onderhoudsvrij,<\/li>\n \t<li>Herverdeelt 100% van het gebruikte water,<\/li>\n \t<li>Houdt uw water schoon en gezond, zonder toegevoegd zout,<\/li>\n \t<li>Ge\u00efnstalleerd na de waterdrukregelaar<\/li>\n \t<li>Geen rioolaansluiting,<\/li>\n \t<li>100% gerecyclede verwerking,<\/li>\n<\/ul>\n<strong>Een waterdrukregelaar van goede kwaliteit wordt aanbevolen tussen watermeter en de Hydrokube. <\/strong>\n\nDe Hydrokube gebruikt een voedingssupplement, kooldioxide<sub>(CO2<\/sub>), dat perfect oplost in water en kalksteen omzet in bicarbonaat. Bicarbonaat is perfect oplosbaar in water, is niet schadelijk en veroorzaakt geen problemen in huis. Het water is natuurlijk veilig om te drinken.","_et_gb_content_width":"","content-type":""},"product_brand":[],"product_cat":[173],"product_tag":[],"class_list":{"0":"post-217685","1":"product","2":"type-product","3":"status-publish","4":"has-post-thumbnail","6":"product_cat-waterontharders","7":"product_shipping_class-gratis-nl","9":"first","10":"instock","11":"sold-individually","12":"taxable","13":"shipping-taxable","14":"purchasable","15":"product-type-simple"},"yoast_head":"<!-- This site is optimized with the Yoast SEO plugin v27.3 - https:\/\/yoast.com\/product\/yoast-seo-wordpress\/ -->\n<title>Effici\u00ebntiekit | Ecologische CO2 Waterontharder | Hydrokube<\/title>\n<meta name=\"description\" content=\"Ontdek de Hydrokube Efficiency Kit, de innovatieve CO2 waterontharder. Hij is ecologisch, zuinig en zoutloos en verwijdert effectief kalkaanslag met behoud van essenti\u00eble mineralen. Geniet van zacht water van hoge kwaliteit voor je huis.\" \/>\n<meta name=\"robots\" content=\"index, follow, max-snippet:-1, max-image-preview:large, max-video-preview:-1\" \/>\n<link rel=\"canonical\" href=\"https:\/\/hydrokube.be\/nl\/artikel\/kit_efficiency\/\" \/>\n<meta property=\"og:locale\" content=\"nl_NL\" \/>\n<meta property=\"og:type\" content=\"article\" \/>\n<meta property=\"og:title\" content=\"Effici\u00ebntiekit | Ecologische CO2 Waterontharder | Hydrokube\" \/>\n<meta property=\"og:description\" content=\"Ontdek de Hydrokube Efficiency Kit, de innovatieve CO2 waterontharder. Hij is ecologisch, zuinig en zoutloos en verwijdert effectief kalkaanslag met behoud van essenti\u00eble mineralen. Geniet van zacht water van hoge kwaliteit voor je huis.\" \/>\n<meta property=\"og:url\" content=\"https:\/\/hydrokube.be\/nl\/artikel\/kit_efficiency\/\" \/>\n<meta property=\"og:site_name\" content=\"Hydrokube\" \/>\n<meta property=\"article:publisher\" content=\"https:\/\/www.facebook.com\/hydrokube\" \/>\n<meta property=\"article:modified_time\" content=\"2025-07-23T13:13:17+00:00\" \/>\n<meta property=\"og:image\" content=\"https:\/\/hydrokube.be\/wp-content\/uploads\/2018\/06\/Efficiency_300DPI.png\" \/>\n\t<meta property=\"og:image:width\" content=\"1400\" \/>\n\t<meta property=\"og:image:height\" content=\"930\" \/>\n\t<meta property=\"og:image:type\" content=\"image\/png\" \/>\n<meta name=\"twitter:card\" content=\"summary_large_image\" \/>\n<meta name=\"twitter:site\" content=\"@hydrokube\" \/>\n<meta name=\"twitter:label1\" content=\"Geschatte leestijd\" \/>\n\t<meta name=\"twitter:data1\" content=\"1 minuut\" \/>\n<script type=\"application\/ld+json\" class=\"yoast-schema-graph\">{\"@context\":\"https:\\\/\\\/schema.org\",\"@graph\":[{\"@type\":\"WebPage\",\"@id\":\"https:\\\/\\\/hydrokube.be\\\/nl\\\/artikel\\\/kit_efficiency\\\/\",\"url\":\"https:\\\/\\\/hydrokube.be\\\/nl\\\/artikel\\\/kit_efficiency\\\/\",\"name\":\"Effici\u00ebntiekit | Ecologische CO2 Waterontharder | Hydrokube\",\"isPartOf\":{\"@id\":\"https:\\\/\\\/hydrokube.be\\\/nl\\\/#website\"},\"primaryImageOfPage\":{\"@id\":\"https:\\\/\\\/hydrokube.be\\\/nl\\\/artikel\\\/kit_efficiency\\\/#primaryimage\"},\"image\":{\"@id\":\"https:\\\/\\\/hydrokube.be\\\/nl\\\/artikel\\\/kit_efficiency\\\/#primaryimage\"},\"thumbnailUrl\":\"https:\\\/\\\/hydrokube.be\\\/wp-content\\\/uploads\\\/2018\\\/06\\\/Efficiency_300DPI.png\",\"datePublished\":\"2018-10-27T11:47:51+00:00\",\"dateModified\":\"2025-07-23T13:13:17+00:00\",\"description\":\"Ontdek de Hydrokube Efficiency Kit, de innovatieve CO2 waterontharder. Hij is ecologisch, zuinig en zoutloos en verwijdert effectief kalkaanslag met behoud van essenti\u00eble mineralen. Geniet van zacht water van hoge kwaliteit voor je huis.\",\"breadcrumb\":{\"@id\":\"https:\\\/\\\/hydrokube.be\\\/nl\\\/artikel\\\/kit_efficiency\\\/#breadcrumb\"},\"inLanguage\":\"nl-NL\",\"potentialAction\":[{\"@type\":\"ReadAction\",\"target\":[\"https:\\\/\\\/hydrokube.be\\\/nl\\\/artikel\\\/kit_efficiency\\\/\"]}]},{\"@type\":\"ImageObject\",\"inLanguage\":\"nl-NL\",\"@id\":\"https:\\\/\\\/hydrokube.be\\\/nl\\\/artikel\\\/kit_efficiency\\\/#primaryimage\",\"url\":\"https:\\\/\\\/hydrokube.be\\\/wp-content\\\/uploads\\\/2018\\\/06\\\/Efficiency_300DPI.png\",\"contentUrl\":\"https:\\\/\\\/hydrokube.be\\\/wp-content\\\/uploads\\\/2018\\\/06\\\/Efficiency_300DPI.png\",\"width\":1400,\"height\":930,\"caption\":\"Hydrokube Efficiency\"},{\"@type\":\"BreadcrumbList\",\"@id\":\"https:\\\/\\\/hydrokube.be\\\/nl\\\/artikel\\\/kit_efficiency\\\/#breadcrumb\",\"itemListElement\":[{\"@type\":\"ListItem\",\"position\":1,\"name\":\"Welkom\",\"item\":\"https:\\\/\\\/hydrokube.be\\\/nl\\\/ontharder_water-2\\\/\"},{\"@type\":\"ListItem\",\"position\":2,\"name\":\"De Winkel\",\"item\":\"https:\\\/\\\/hydrokube.be\\\/nl\\\/de-winkel\\\/\"},{\"@type\":\"ListItem\",\"position\":3,\"name\":\"Efficiency kit\"}]},{\"@type\":\"WebSite\",\"@id\":\"https:\\\/\\\/hydrokube.be\\\/nl\\\/#website\",\"url\":\"https:\\\/\\\/hydrokube.be\\\/nl\\\/\",\"name\":\"Hydrokube\",\"description\":\"Economiser 2.700 Euros par rapport \u00e0 un adoucisseur au sel. Hydrokube est un adoucisseur d&#039;eau \u00e9cologique, certifi\u00e9 efficace et compact.\",\"publisher\":{\"@id\":\"https:\\\/\\\/hydrokube.be\\\/nl\\\/#organization\"},\"potentialAction\":[{\"@type\":\"SearchAction\",\"target\":{\"@type\":\"EntryPoint\",\"urlTemplate\":\"https:\\\/\\\/hydrokube.be\\\/nl\\\/?s={search_term_string}\"},\"query-input\":{\"@type\":\"PropertyValueSpecification\",\"valueRequired\":true,\"valueName\":\"search_term_string\"}}],\"inLanguage\":\"nl-NL\"},{\"@type\":\"Organization\",\"@id\":\"https:\\\/\\\/hydrokube.be\\\/nl\\\/#organization\",\"name\":\"Greenside S.A.\",\"alternateName\":\"Hydrokube\",\"url\":\"https:\\\/\\\/hydrokube.be\\\/nl\\\/\",\"logo\":{\"@type\":\"ImageObject\",\"inLanguage\":\"nl-NL\",\"@id\":\"https:\\\/\\\/hydrokube.be\\\/nl\\\/#\\\/schema\\\/logo\\\/image\\\/\",\"url\":\"https:\\\/\\\/hydrokube.be\\\/wp-content\\\/uploads\\\/2022\\\/12\\\/Greenside_logo.jpg\",\"contentUrl\":\"https:\\\/\\\/hydrokube.be\\\/wp-content\\\/uploads\\\/2022\\\/12\\\/Greenside_logo.jpg\",\"width\":1533,\"height\":421,\"caption\":\"Greenside S.A.\"},\"image\":{\"@id\":\"https:\\\/\\\/hydrokube.be\\\/nl\\\/#\\\/schema\\\/logo\\\/image\\\/\"},\"sameAs\":[\"https:\\\/\\\/www.facebook.com\\\/hydrokube\",\"https:\\\/\\\/x.com\\\/hydrokube\",\"https:\\\/\\\/linkedin.com\\\/company\\\/hydrokube\"]}]}<\/script>\n<!-- \/ Yoast SEO plugin. -->","yoast_head_json":{"title":"Effici\u00ebntiekit | Ecologische CO2 Waterontharder | Hydrokube","description":"Ontdek de Hydrokube Efficiency Kit, de innovatieve CO2 waterontharder. Hij is ecologisch, zuinig en zoutloos en verwijdert effectief kalkaanslag met behoud van essenti\u00eble mineralen. Geniet van zacht water van hoge kwaliteit voor je huis.","robots":{"index":"index","follow":"follow","max-snippet":"max-snippet:-1","max-image-preview":"max-image-preview:large","max-video-preview":"max-video-preview:-1"},"canonical":"https:\/\/hydrokube.be\/nl\/artikel\/kit_efficiency\/","og_locale":"nl_NL","og_type":"article","og_title":"Effici\u00ebntiekit | Ecologische CO2 Waterontharder | Hydrokube","og_description":"Ontdek de Hydrokube Efficiency Kit, de innovatieve CO2 waterontharder. Hij is ecologisch, zuinig en zoutloos en verwijdert effectief kalkaanslag met behoud van essenti\u00eble mineralen. Geniet van zacht water van hoge kwaliteit voor je huis.","og_url":"https:\/\/hydrokube.be\/nl\/artikel\/kit_efficiency\/","og_site_name":"Hydrokube","article_publisher":"https:\/\/www.facebook.com\/hydrokube","article_modified_time":"2025-07-23T13:13:17+00:00","og_image":[{"width":1400,"height":930,"url":"https:\/\/hydrokube.be\/wp-content\/uploads\/2018\/06\/Efficiency_300DPI.png","type":"image\/png"}],"twitter_card":"summary_large_image","twitter_site":"@hydrokube","twitter_misc":{"Geschatte leestijd":"1 minuut"},"schema":{"@context":"https:\/\/schema.org","@graph":[{"@type":"WebPage","@id":"https:\/\/hydrokube.be\/nl\/artikel\/kit_efficiency\/","url":"https:\/\/hydrokube.be\/nl\/artikel\/kit_efficiency\/","name":"Effici\u00ebntiekit | Ecologische CO2 Waterontharder | Hydrokube","isPartOf":{"@id":"https:\/\/hydrokube.be\/nl\/#website"},"primaryImageOfPage":{"@id":"https:\/\/hydrokube.be\/nl\/artikel\/kit_efficiency\/#primaryimage"},"image":{"@id":"https:\/\/hydrokube.be\/nl\/artikel\/kit_efficiency\/#primaryimage"},"thumbnailUrl":"https:\/\/hydrokube.be\/wp-content\/uploads\/2018\/06\/Efficiency_300DPI.png","datePublished":"2018-10-27T11:47:51+00:00","dateModified":"2025-07-23T13:13:17+00:00","description":"Ontdek de Hydrokube Efficiency Kit, de innovatieve CO2 waterontharder. Hij is ecologisch, zuinig en zoutloos en verwijdert effectief kalkaanslag met behoud van essenti\u00eble mineralen. Geniet van zacht water van hoge kwaliteit voor je huis.","breadcrumb":{"@id":"https:\/\/hydrokube.be\/nl\/artikel\/kit_efficiency\/#breadcrumb"},"inLanguage":"nl-NL","potentialAction":[{"@type":"ReadAction","target":["https:\/\/hydrokube.be\/nl\/artikel\/kit_efficiency\/"]}]},{"@type":"ImageObject","inLanguage":"nl-NL","@id":"https:\/\/hydrokube.be\/nl\/artikel\/kit_efficiency\/#primaryimage","url":"https:\/\/hydrokube.be\/wp-content\/uploads\/2018\/06\/Efficiency_300DPI.png","contentUrl":"https:\/\/hydrokube.be\/wp-content\/uploads\/2018\/06\/Efficiency_300DPI.png","width":1400,"height":930,"caption":"Hydrokube Efficiency"},{"@type":"BreadcrumbList","@id":"https:\/\/hydrokube.be\/nl\/artikel\/kit_efficiency\/#breadcrumb","itemListElement":[{"@type":"ListItem","position":1,"name":"Welkom","item":"https:\/\/hydrokube.be\/nl\/ontharder_water-2\/"},{"@type":"ListItem","position":2,"name":"De Winkel","item":"https:\/\/hydrokube.be\/nl\/de-winkel\/"},{"@type":"ListItem","position":3,"name":"Efficiency kit"}]},{"@type":"WebSite","@id":"https:\/\/hydrokube.be\/nl\/#website","url":"https:\/\/hydrokube.be\/nl\/","name":"Hydrokube","description":"Economiser 2.700 Euros par rapport \u00e0 un adoucisseur au sel. Hydrokube est un adoucisseur d&#039;eau \u00e9cologique, certifi\u00e9 efficace et compact.","publisher":{"@id":"https:\/\/hydrokube.be\/nl\/#organization"},"potentialAction":[{"@type":"SearchAction","target":{"@type":"EntryPoint","urlTemplate":"https:\/\/hydrokube.be\/nl\/?s={search_term_string}"},"query-input":{"@type":"PropertyValueSpecification","valueRequired":true,"valueName":"search_term_string"}}],"inLanguage":"nl-NL"},{"@type":"Organization","@id":"https:\/\/hydrokube.be\/nl\/#organization","name":"Greenside S.A.","alternateName":"Hydrokube","url":"https:\/\/hydrokube.be\/nl\/","logo":{"@type":"ImageObject","inLanguage":"nl-NL","@id":"https:\/\/hydrokube.be\/nl\/#\/schema\/logo\/image\/","url":"https:\/\/hydrokube.be\/wp-content\/uploads\/2022\/12\/Greenside_logo.jpg","contentUrl":"https:\/\/hydrokube.be\/wp-content\/uploads\/2022\/12\/Greenside_logo.jpg","width":1533,"height":421,"caption":"Greenside S.A."},"image":{"@id":"https:\/\/hydrokube.be\/nl\/#\/schema\/logo\/image\/"},"sameAs":["https:\/\/www.facebook.com\/hydrokube","https:\/\/x.com\/hydrokube","https:\/\/linkedin.com\/company\/hydrokube"]}]}},"_links":{"self":[{"href":"https:\/\/hydrokube.be\/nl\/wp-json\/wp\/v2\/product\/217685","targetHints":{"allow":["GET"]}}],"collection":[{"href":"https:\/\/hydrokube.be\/nl\/wp-json\/wp\/v2\/product"}],"about":[{"href":"https:\/\/hydrokube.be\/nl\/wp-json\/wp\/v2\/types\/product"}],"wp:featuredmedia":[{"embeddable":true,"href":"https:\/\/hydrokube.be\/nl\/wp-json\/wp\/v2\/media\/29839"}],"wp:attachment":[{"href":"https:\/\/hydrokube.be\/nl\/wp-json\/wp\/v2\/media?parent=217685"}],"wp:term":[{"taxonomy":"product_brand","embeddable":true,"href":"https:\/\/hydrokube.be\/nl\/wp-json\/wp\/v2\/product_brand?post=217685"},{"taxonomy":"product_cat","embeddable":true,"href":"https:\/\/hydrokube.be\/nl\/wp-json\/wp\/v2\/product_cat?post=217685"},{"taxonomy":"product_tag","embeddable":true,"href":"https:\/\/hydrokube.be\/nl\/wp-json\/wp\/v2\/product_tag?post=217685"}],"curies":[{"name":"wp","href":"https:\/\/api.w.org\/{rel}","templated":true}]}}