{"id":1092815,"date":"2025-02-27T15:27:28","date_gmt":"2025-02-27T14:27:31","guid":{"rendered":"https:\/\/hydrokube.be\/?post_type=product&#038;p=1092815"},"modified":"2025-03-10T20:18:49","modified_gmt":"2025-03-10T19:18:49","slug":"cylindre-de-co2","status":"publish","type":"product","link":"https:\/\/hydrokube.be\/nl\/artikel\/cylindre-de-co2\/","title":{"rendered":"CO2-cilinder"},"content":{"rendered":"<p>Gebruiksrecht van de compacte fles voor Hydrokube-kit. \u2013 Lege fles zonder CO2.<\/p>\n","protected":false},"excerpt":{"rendered":"<p><strong>Lege fles (zonder CO2) en alleen <\/strong>voor Hydrokube-kit<\/p>\n<ul>\n<li><strong>Niet geschikt voor andere toepassingen<\/strong><\/li>\n<li>Container voor CO2 (kooldioxide)<\/li>\n<li>Volume van 13 liter CO2 (10 kg)<\/li>\n<li>Specifieke aansluiting Hydrokube<\/li>\n<li>Leeggewicht +\/- 21 kg<\/li>\n<li>Afmetingen: +\/- 67&#215;20,4 cm (hxd)<\/li>\n<li><span style=\"color: #ff0000;\"><strong>Flesrecht (85 \u20ac excl. BTW) terugbetaald bij retour van identieke fles met beschermkap<\/strong><\/span><\/li>\n<\/ul>\n","protected":false},"featured_media":1092824,"template":"","meta":{"_et_pb_use_builder":"off","_et_pb_old_content":"gasfles co2 10kg Het wordt gebruikt als levensmiddelenadditief en voldoet aan de specifieke zuiverheidseisen van de Europese richtlijnen E290 (> 99% zuiverheid).\nDe bekendste toepassing van koolzuur (zwak zuur) is als bruismiddel in frisdranken en bier. Deze oplossing wordt vaak gebruikt in kassen. Het voorkomt de proliferatie van bacteri\u00ebn. Zwembaden gebruiken kooldioxide om het water een neutrale pH-waarde te geven. Koolzuur wordt ook gebruikt voor het verpakken van levensmiddelen, al dan niet gemengd met stikstof. Een andere belangrijke toepassing van dit gas is het gebruik ervan bij brandbestrijding (blusapparaten) of voor bepaalde medische ingrepen.","_et_gb_content_width":"","content-type":""},"product_brand":[],"product_cat":[171],"product_tag":[],"class_list":{"0":"post-1092815","1":"product","2":"type-product","3":"status-publish","4":"has-post-thumbnail","6":"product_cat-co2-fles","7":"product_shipping_class-tra_rep_co2-nl","9":"first","10":"instock","11":"sold-individually","12":"taxable","13":"shipping-taxable","14":"purchasable","15":"product-type-simple"},"yoast_head":"<!-- This site is optimized with the Yoast SEO plugin v27.4 - https:\/\/yoast.com\/product\/yoast-seo-wordpress\/ -->\n<title>Compacte CO2-fles voor Hydrokube - Milieuvriendelijke waterontharder | Prijs &amp; Info<\/title>\n<meta name=\"description\" content=\"Compacte fles voor 10 KG CO2 - Gebruiksrecht\" \/>\n<meta name=\"robots\" content=\"index, follow, max-snippet:-1, max-image-preview:large, max-video-preview:-1\" \/>\n<link rel=\"canonical\" href=\"https:\/\/hydrokube.be\/nl\/artikel\/cylindre-de-co2\/\" \/>\n<meta property=\"og:locale\" content=\"nl_NL\" \/>\n<meta property=\"og:type\" content=\"article\" \/>\n<meta property=\"og:title\" content=\"Compacte CO2-fles voor Hydrokube - Milieuvriendelijke waterontharder | Prijs &amp; Info\" \/>\n<meta property=\"og:description\" content=\"Compacte fles voor 10 KG CO2 - Gebruiksrecht\" \/>\n<meta property=\"og:url\" content=\"https:\/\/hydrokube.be\/nl\/artikel\/cylindre-de-co2\/\" \/>\n<meta property=\"og:site_name\" content=\"Hydrokube\" \/>\n<meta property=\"article:publisher\" content=\"https:\/\/www.facebook.com\/hydrokube\" \/>\n<meta property=\"article:modified_time\" content=\"2025-03-10T19:18:49+00:00\" \/>\n<meta property=\"og:image\" content=\"https:\/\/hydrokube.be\/wp-content\/uploads\/2025\/02\/85EUsageRights.png\" \/>\n\t<meta property=\"og:image:width\" content=\"623\" \/>\n\t<meta property=\"og:image:height\" content=\"636\" \/>\n\t<meta property=\"og:image:type\" content=\"image\/png\" \/>\n<meta name=\"twitter:card\" content=\"summary_large_image\" \/>\n<meta name=\"twitter:site\" content=\"@hydrokube\" \/>\n<meta name=\"twitter:label1\" content=\"Geschatte leestijd\" \/>\n\t<meta name=\"twitter:data1\" content=\"1 minuut\" \/>\n<script type=\"application\/ld+json\" class=\"yoast-schema-graph\">{\"@context\":\"https:\\\/\\\/schema.org\",\"@graph\":[{\"@type\":\"WebPage\",\"@id\":\"https:\\\/\\\/hydrokube.be\\\/nl\\\/artikel\\\/cylindre-de-co2\\\/\",\"url\":\"https:\\\/\\\/hydrokube.be\\\/nl\\\/artikel\\\/cylindre-de-co2\\\/\",\"name\":\"Compacte CO2-fles voor Hydrokube - Milieuvriendelijke waterontharder | Prijs & Info\",\"isPartOf\":{\"@id\":\"https:\\\/\\\/hydrokube.be\\\/nl\\\/#website\"},\"primaryImageOfPage\":{\"@id\":\"https:\\\/\\\/hydrokube.be\\\/nl\\\/artikel\\\/cylindre-de-co2\\\/#primaryimage\"},\"image\":{\"@id\":\"https:\\\/\\\/hydrokube.be\\\/nl\\\/artikel\\\/cylindre-de-co2\\\/#primaryimage\"},\"thumbnailUrl\":\"https:\\\/\\\/hydrokube.be\\\/wp-content\\\/uploads\\\/2025\\\/02\\\/85EUsageRights.png\",\"datePublished\":\"2025-02-27T14:27:31+00:00\",\"dateModified\":\"2025-03-10T19:18:49+00:00\",\"description\":\"Compacte fles voor 10 KG CO2 - Gebruiksrecht\",\"breadcrumb\":{\"@id\":\"https:\\\/\\\/hydrokube.be\\\/nl\\\/artikel\\\/cylindre-de-co2\\\/#breadcrumb\"},\"inLanguage\":\"nl-NL\",\"potentialAction\":[{\"@type\":\"ReadAction\",\"target\":[\"https:\\\/\\\/hydrokube.be\\\/nl\\\/artikel\\\/cylindre-de-co2\\\/\"]}]},{\"@type\":\"ImageObject\",\"inLanguage\":\"nl-NL\",\"@id\":\"https:\\\/\\\/hydrokube.be\\\/nl\\\/artikel\\\/cylindre-de-co2\\\/#primaryimage\",\"url\":\"https:\\\/\\\/hydrokube.be\\\/wp-content\\\/uploads\\\/2025\\\/02\\\/85EUsageRights.png\",\"contentUrl\":\"https:\\\/\\\/hydrokube.be\\\/wp-content\\\/uploads\\\/2025\\\/02\\\/85EUsageRights.png\",\"width\":623,\"height\":636,\"caption\":\"Droit usage bouteille compacte\"},{\"@type\":\"BreadcrumbList\",\"@id\":\"https:\\\/\\\/hydrokube.be\\\/nl\\\/artikel\\\/cylindre-de-co2\\\/#breadcrumb\",\"itemListElement\":[{\"@type\":\"ListItem\",\"position\":1,\"name\":\"Welkom\",\"item\":\"https:\\\/\\\/hydrokube.be\\\/nl\\\/ontharder_water-2\\\/\"},{\"@type\":\"ListItem\",\"position\":2,\"name\":\"De Winkel\",\"item\":\"https:\\\/\\\/hydrokube.be\\\/nl\\\/de-winkel\\\/\"},{\"@type\":\"ListItem\",\"position\":3,\"name\":\"CO2-cilinder\"}]},{\"@type\":\"WebSite\",\"@id\":\"https:\\\/\\\/hydrokube.be\\\/nl\\\/#website\",\"url\":\"https:\\\/\\\/hydrokube.be\\\/nl\\\/\",\"name\":\"Hydrokube\",\"description\":\"Economiser 2.700 Euros par rapport \u00e0 un adoucisseur au sel. Hydrokube est un adoucisseur d&#039;eau \u00e9cologique, certifi\u00e9 efficace et compact.\",\"publisher\":{\"@id\":\"https:\\\/\\\/hydrokube.be\\\/nl\\\/#organization\"},\"potentialAction\":[{\"@type\":\"SearchAction\",\"target\":{\"@type\":\"EntryPoint\",\"urlTemplate\":\"https:\\\/\\\/hydrokube.be\\\/nl\\\/?s={search_term_string}\"},\"query-input\":{\"@type\":\"PropertyValueSpecification\",\"valueRequired\":true,\"valueName\":\"search_term_string\"}}],\"inLanguage\":\"nl-NL\"},{\"@type\":\"Organization\",\"@id\":\"https:\\\/\\\/hydrokube.be\\\/nl\\\/#organization\",\"name\":\"Greenside S.A.\",\"alternateName\":\"Hydrokube\",\"url\":\"https:\\\/\\\/hydrokube.be\\\/nl\\\/\",\"logo\":{\"@type\":\"ImageObject\",\"inLanguage\":\"nl-NL\",\"@id\":\"https:\\\/\\\/hydrokube.be\\\/nl\\\/#\\\/schema\\\/logo\\\/image\\\/\",\"url\":\"https:\\\/\\\/hydrokube.be\\\/wp-content\\\/uploads\\\/2022\\\/12\\\/Greenside_logo.jpg\",\"contentUrl\":\"https:\\\/\\\/hydrokube.be\\\/wp-content\\\/uploads\\\/2022\\\/12\\\/Greenside_logo.jpg\",\"width\":1533,\"height\":421,\"caption\":\"Greenside S.A.\"},\"image\":{\"@id\":\"https:\\\/\\\/hydrokube.be\\\/nl\\\/#\\\/schema\\\/logo\\\/image\\\/\"},\"sameAs\":[\"https:\\\/\\\/www.facebook.com\\\/hydrokube\",\"https:\\\/\\\/x.com\\\/hydrokube\",\"https:\\\/\\\/linkedin.com\\\/company\\\/hydrokube\"]}]}<\/script>\n<!-- \/ Yoast SEO plugin. -->","yoast_head_json":{"title":"Compacte CO2-fles voor Hydrokube - Milieuvriendelijke waterontharder | Prijs & Info","description":"Compacte fles voor 10 KG CO2 - Gebruiksrecht","robots":{"index":"index","follow":"follow","max-snippet":"max-snippet:-1","max-image-preview":"max-image-preview:large","max-video-preview":"max-video-preview:-1"},"canonical":"https:\/\/hydrokube.be\/nl\/artikel\/cylindre-de-co2\/","og_locale":"nl_NL","og_type":"article","og_title":"Compacte CO2-fles voor Hydrokube - Milieuvriendelijke waterontharder | Prijs & Info","og_description":"Compacte fles voor 10 KG CO2 - Gebruiksrecht","og_url":"https:\/\/hydrokube.be\/nl\/artikel\/cylindre-de-co2\/","og_site_name":"Hydrokube","article_publisher":"https:\/\/www.facebook.com\/hydrokube","article_modified_time":"2025-03-10T19:18:49+00:00","og_image":[{"width":623,"height":636,"url":"https:\/\/hydrokube.be\/wp-content\/uploads\/2025\/02\/85EUsageRights.png","type":"image\/png"}],"twitter_card":"summary_large_image","twitter_site":"@hydrokube","twitter_misc":{"Geschatte leestijd":"1 minuut"},"schema":{"@context":"https:\/\/schema.org","@graph":[{"@type":"WebPage","@id":"https:\/\/hydrokube.be\/nl\/artikel\/cylindre-de-co2\/","url":"https:\/\/hydrokube.be\/nl\/artikel\/cylindre-de-co2\/","name":"Compacte CO2-fles voor Hydrokube - Milieuvriendelijke waterontharder | Prijs & Info","isPartOf":{"@id":"https:\/\/hydrokube.be\/nl\/#website"},"primaryImageOfPage":{"@id":"https:\/\/hydrokube.be\/nl\/artikel\/cylindre-de-co2\/#primaryimage"},"image":{"@id":"https:\/\/hydrokube.be\/nl\/artikel\/cylindre-de-co2\/#primaryimage"},"thumbnailUrl":"https:\/\/hydrokube.be\/wp-content\/uploads\/2025\/02\/85EUsageRights.png","datePublished":"2025-02-27T14:27:31+00:00","dateModified":"2025-03-10T19:18:49+00:00","description":"Compacte fles voor 10 KG CO2 - Gebruiksrecht","breadcrumb":{"@id":"https:\/\/hydrokube.be\/nl\/artikel\/cylindre-de-co2\/#breadcrumb"},"inLanguage":"nl-NL","potentialAction":[{"@type":"ReadAction","target":["https:\/\/hydrokube.be\/nl\/artikel\/cylindre-de-co2\/"]}]},{"@type":"ImageObject","inLanguage":"nl-NL","@id":"https:\/\/hydrokube.be\/nl\/artikel\/cylindre-de-co2\/#primaryimage","url":"https:\/\/hydrokube.be\/wp-content\/uploads\/2025\/02\/85EUsageRights.png","contentUrl":"https:\/\/hydrokube.be\/wp-content\/uploads\/2025\/02\/85EUsageRights.png","width":623,"height":636,"caption":"Droit usage bouteille compacte"},{"@type":"BreadcrumbList","@id":"https:\/\/hydrokube.be\/nl\/artikel\/cylindre-de-co2\/#breadcrumb","itemListElement":[{"@type":"ListItem","position":1,"name":"Welkom","item":"https:\/\/hydrokube.be\/nl\/ontharder_water-2\/"},{"@type":"ListItem","position":2,"name":"De Winkel","item":"https:\/\/hydrokube.be\/nl\/de-winkel\/"},{"@type":"ListItem","position":3,"name":"CO2-cilinder"}]},{"@type":"WebSite","@id":"https:\/\/hydrokube.be\/nl\/#website","url":"https:\/\/hydrokube.be\/nl\/","name":"Hydrokube","description":"Economiser 2.700 Euros par rapport \u00e0 un adoucisseur au sel. Hydrokube est un adoucisseur d&#039;eau \u00e9cologique, certifi\u00e9 efficace et compact.","publisher":{"@id":"https:\/\/hydrokube.be\/nl\/#organization"},"potentialAction":[{"@type":"SearchAction","target":{"@type":"EntryPoint","urlTemplate":"https:\/\/hydrokube.be\/nl\/?s={search_term_string}"},"query-input":{"@type":"PropertyValueSpecification","valueRequired":true,"valueName":"search_term_string"}}],"inLanguage":"nl-NL"},{"@type":"Organization","@id":"https:\/\/hydrokube.be\/nl\/#organization","name":"Greenside S.A.","alternateName":"Hydrokube","url":"https:\/\/hydrokube.be\/nl\/","logo":{"@type":"ImageObject","inLanguage":"nl-NL","@id":"https:\/\/hydrokube.be\/nl\/#\/schema\/logo\/image\/","url":"https:\/\/hydrokube.be\/wp-content\/uploads\/2022\/12\/Greenside_logo.jpg","contentUrl":"https:\/\/hydrokube.be\/wp-content\/uploads\/2022\/12\/Greenside_logo.jpg","width":1533,"height":421,"caption":"Greenside S.A."},"image":{"@id":"https:\/\/hydrokube.be\/nl\/#\/schema\/logo\/image\/"},"sameAs":["https:\/\/www.facebook.com\/hydrokube","https:\/\/x.com\/hydrokube","https:\/\/linkedin.com\/company\/hydrokube"]}]}},"_links":{"self":[{"href":"https:\/\/hydrokube.be\/nl\/wp-json\/wp\/v2\/product\/1092815","targetHints":{"allow":["GET"]}}],"collection":[{"href":"https:\/\/hydrokube.be\/nl\/wp-json\/wp\/v2\/product"}],"about":[{"href":"https:\/\/hydrokube.be\/nl\/wp-json\/wp\/v2\/types\/product"}],"wp:featuredmedia":[{"embeddable":true,"href":"https:\/\/hydrokube.be\/nl\/wp-json\/wp\/v2\/media\/1092824"}],"wp:attachment":[{"href":"https:\/\/hydrokube.be\/nl\/wp-json\/wp\/v2\/media?parent=1092815"}],"wp:term":[{"taxonomy":"product_brand","embeddable":true,"href":"https:\/\/hydrokube.be\/nl\/wp-json\/wp\/v2\/product_brand?post=1092815"},{"taxonomy":"product_cat","embeddable":true,"href":"https:\/\/hydrokube.be\/nl\/wp-json\/wp\/v2\/product_cat?post=1092815"},{"taxonomy":"product_tag","embeddable":true,"href":"https:\/\/hydrokube.be\/nl\/wp-json\/wp\/v2\/product_tag?post=1092815"}],"curies":[{"name":"wp","href":"https:\/\/api.w.org\/{rel}","templated":true}]}}