{"id":1091693,"date":"2024-04-03T08:49:41","date_gmt":"2024-04-03T07:49:41","guid":{"rendered":"https:\/\/hydrokube.be\/?post_type=product&#038;p=1091693"},"modified":"2025-08-25T17:43:31","modified_gmt":"2025-08-25T16:43:31","slug":"bouteille-compacte-de-5-kg-7-l-de-co2","status":"publish","type":"product","link":"https:\/\/hydrokube.be\/nl\/artikel\/bouteille-compacte-de-5-kg-7-l-de-co2\/","title":{"rendered":"5 kg (7 l) fles CO2"},"content":{"rendered":"<p>5 kg fles CO<sub>2<\/sub> voor Hydrokube-kit. Ideaal voor huizen met 1 tot 3 bewoners.<\/p>\n<p>CO<sub>2<\/sub> wordt gebruikt als voedseladditief en voldoet aan de specifieke zuiverheidsvereisten van de Europese richtlijnen E290 (&gt;99% zuiverheid).<\/p>\n<p>De bekendste toepassing van koolzuur (zwak zuur) is als bruismiddel in frisdranken en bier. Deze oplossing wordt vaak gebruikt in kassen. Het voorkomt de proliferatie van bacteri\u00ebn. Zwembaden gebruiken kooldioxide om het water een neutrale pH-waarde te geven. Koolzuur wordt ook gebruikt voor het verpakken van levensmiddelen, al dan niet gemengd met stikstof. Een andere belangrijke toepassing van dit gas is het gebruik ervan bij brandbestrijding (blusapparaten) of voor bepaalde medische ingrepen.<\/p>\n","protected":false},"excerpt":{"rendered":"<p>Fles<strong> alleen<\/strong> voor Hydrokube-kit. <strong>Prijs met of zonder teruggave van statiegeld van hetzelfde type!<\/strong><\/p>\n<ul>\n<li><strong>Niet geschikt voor andere toepassingen<\/strong><\/li>\n<li>CO2 (kooldioxide) \u2013 Voedingsadditief \u2013 Niet ontvlambaar, gas niet giftig<\/li>\n<li>Behandelt ongeveer 50 M3 water (1 tot 3 personen)<\/li>\n<li>7 liter CO2 (5 kg)<\/li>\n<li>Specifieke aansluiting Hydrokube<\/li>\n<li>Levensmiddelenadditief \u2013 Zuiverheid &gt; 99<\/li>\n<li>Leeggewicht +\/- 10 kg<\/li>\n<li>Afmetingen: +\/- 67&#215;15 cm (hxd)<\/li>\n<li><span style=\"color: #ff0000;\"><strong>Flessenbelasting (\u20ac65 exclusief btw) is niet verschuldigd als een identieke fles met beschermdop wordt teruggenomen.<\/strong><\/span><\/li>\n<\/ul>\n","protected":false},"featured_media":1091701,"template":"","meta":{"_et_pb_use_builder":"off","_et_pb_old_content":"gasfles co2 10kg Het wordt gebruikt als levensmiddelenadditief en voldoet aan de specifieke zuiverheidseisen van de Europese richtlijnen E290 (> 99% zuiverheid).\nDe bekendste toepassing van koolzuur (zwak zuur) is als bruismiddel in frisdranken en bier. Deze oplossing wordt vaak gebruikt in kassen. Het voorkomt de proliferatie van bacteri\u00ebn. Zwembaden gebruiken kooldioxide om het water een neutrale pH-waarde te geven. Koolzuur wordt ook gebruikt voor het verpakken van levensmiddelen, al dan niet gemengd met stikstof. Een andere belangrijke toepassing van dit gas is het gebruik ervan bij brandbestrijding (blusapparaten) of voor bepaalde medische ingrepen.","_et_gb_content_width":"","content-type":""},"product_brand":[],"product_cat":[171],"product_tag":[],"class_list":{"0":"post-1091693","1":"product","2":"type-product","3":"status-publish","4":"has-post-thumbnail","6":"product_cat-co2-fles","7":"product_shipping_class-kleine-co2-fles-en-statiegeldretour","9":"first","10":"instock","11":"taxable","12":"shipping-taxable","13":"purchasable","14":"product-type-variable"},"yoast_head":"<!-- This site is optimized with the Yoast SEO plugin v27.3 - https:\/\/yoast.com\/product\/yoast-seo-wordpress\/ -->\n<title>5 kg (7 l) fles CO2 - Hydrokube<\/title>\n<meta name=\"description\" content=\"Een reservefles voor uw Hydrokube-kit, waarmee u meer dan 50 m3 water kunt behandelen en die alleen geschikt is voor de Hydrokube.\" \/>\n<meta name=\"robots\" content=\"index, follow, max-snippet:-1, max-image-preview:large, max-video-preview:-1\" \/>\n<link rel=\"canonical\" href=\"https:\/\/hydrokube.be\/nl\/artikel\/bouteille-compacte-de-5-kg-7-l-de-co2\/\" \/>\n<meta property=\"og:locale\" content=\"nl_NL\" \/>\n<meta property=\"og:type\" content=\"article\" \/>\n<meta property=\"og:title\" content=\"5 kg (7 l) fles CO2 - Hydrokube\" \/>\n<meta property=\"og:description\" content=\"Een reservefles voor uw Hydrokube-kit, waarmee u meer dan 50 m3 water kunt behandelen en die alleen geschikt is voor de Hydrokube.\" \/>\n<meta property=\"og:url\" content=\"https:\/\/hydrokube.be\/nl\/artikel\/bouteille-compacte-de-5-kg-7-l-de-co2\/\" \/>\n<meta property=\"og:site_name\" content=\"Hydrokube\" \/>\n<meta property=\"article:publisher\" content=\"https:\/\/www.facebook.com\/hydrokube\" \/>\n<meta property=\"article:modified_time\" content=\"2025-08-25T16:43:31+00:00\" \/>\n<meta property=\"og:image\" content=\"https:\/\/hydrokube.be\/wp-content\/uploads\/2024\/04\/CO2_petite-5kg.jpg\" \/>\n\t<meta property=\"og:image:width\" content=\"400\" \/>\n\t<meta property=\"og:image:height\" content=\"400\" \/>\n\t<meta property=\"og:image:type\" content=\"image\/jpeg\" \/>\n<meta name=\"twitter:card\" content=\"summary_large_image\" \/>\n<meta name=\"twitter:site\" content=\"@hydrokube\" \/>\n<meta name=\"twitter:label1\" content=\"Geschatte leestijd\" \/>\n\t<meta name=\"twitter:data1\" content=\"1 minuut\" \/>\n<script type=\"application\/ld+json\" class=\"yoast-schema-graph\">{\"@context\":\"https:\\\/\\\/schema.org\",\"@graph\":[{\"@type\":\"WebPage\",\"@id\":\"https:\\\/\\\/hydrokube.be\\\/nl\\\/artikel\\\/bouteille-compacte-de-5-kg-7-l-de-co2\\\/\",\"url\":\"https:\\\/\\\/hydrokube.be\\\/nl\\\/artikel\\\/bouteille-compacte-de-5-kg-7-l-de-co2\\\/\",\"name\":\"5 kg (7 l) fles CO2 - Hydrokube\",\"isPartOf\":{\"@id\":\"https:\\\/\\\/hydrokube.be\\\/nl\\\/#website\"},\"primaryImageOfPage\":{\"@id\":\"https:\\\/\\\/hydrokube.be\\\/nl\\\/artikel\\\/bouteille-compacte-de-5-kg-7-l-de-co2\\\/#primaryimage\"},\"image\":{\"@id\":\"https:\\\/\\\/hydrokube.be\\\/nl\\\/artikel\\\/bouteille-compacte-de-5-kg-7-l-de-co2\\\/#primaryimage\"},\"thumbnailUrl\":\"https:\\\/\\\/hydrokube.be\\\/wp-content\\\/uploads\\\/2024\\\/04\\\/CO2_petite-5kg.jpg\",\"datePublished\":\"2024-04-03T07:49:41+00:00\",\"dateModified\":\"2025-08-25T16:43:31+00:00\",\"description\":\"Een reservefles voor uw Hydrokube-kit, waarmee u meer dan 50 m3 water kunt behandelen en die alleen geschikt is voor de Hydrokube.\",\"breadcrumb\":{\"@id\":\"https:\\\/\\\/hydrokube.be\\\/nl\\\/artikel\\\/bouteille-compacte-de-5-kg-7-l-de-co2\\\/#breadcrumb\"},\"inLanguage\":\"nl-NL\",\"potentialAction\":[{\"@type\":\"ReadAction\",\"target\":[\"https:\\\/\\\/hydrokube.be\\\/nl\\\/artikel\\\/bouteille-compacte-de-5-kg-7-l-de-co2\\\/\"]}]},{\"@type\":\"ImageObject\",\"inLanguage\":\"nl-NL\",\"@id\":\"https:\\\/\\\/hydrokube.be\\\/nl\\\/artikel\\\/bouteille-compacte-de-5-kg-7-l-de-co2\\\/#primaryimage\",\"url\":\"https:\\\/\\\/hydrokube.be\\\/wp-content\\\/uploads\\\/2024\\\/04\\\/CO2_petite-5kg.jpg\",\"contentUrl\":\"https:\\\/\\\/hydrokube.be\\\/wp-content\\\/uploads\\\/2024\\\/04\\\/CO2_petite-5kg.jpg\",\"width\":400,\"height\":400},{\"@type\":\"BreadcrumbList\",\"@id\":\"https:\\\/\\\/hydrokube.be\\\/nl\\\/artikel\\\/bouteille-compacte-de-5-kg-7-l-de-co2\\\/#breadcrumb\",\"itemListElement\":[{\"@type\":\"ListItem\",\"position\":1,\"name\":\"Welkom\",\"item\":\"https:\\\/\\\/hydrokube.be\\\/nl\\\/ontharder_water-2\\\/\"},{\"@type\":\"ListItem\",\"position\":2,\"name\":\"De Winkel\",\"item\":\"https:\\\/\\\/hydrokube.be\\\/nl\\\/de-winkel\\\/\"},{\"@type\":\"ListItem\",\"position\":3,\"name\":\"5 kg (7 l) fles CO2\"}]},{\"@type\":\"WebSite\",\"@id\":\"https:\\\/\\\/hydrokube.be\\\/nl\\\/#website\",\"url\":\"https:\\\/\\\/hydrokube.be\\\/nl\\\/\",\"name\":\"Hydrokube\",\"description\":\"Economiser 2.700 Euros par rapport \u00e0 un adoucisseur au sel. Hydrokube est un adoucisseur d&#039;eau \u00e9cologique, certifi\u00e9 efficace et compact.\",\"publisher\":{\"@id\":\"https:\\\/\\\/hydrokube.be\\\/nl\\\/#organization\"},\"potentialAction\":[{\"@type\":\"SearchAction\",\"target\":{\"@type\":\"EntryPoint\",\"urlTemplate\":\"https:\\\/\\\/hydrokube.be\\\/nl\\\/?s={search_term_string}\"},\"query-input\":{\"@type\":\"PropertyValueSpecification\",\"valueRequired\":true,\"valueName\":\"search_term_string\"}}],\"inLanguage\":\"nl-NL\"},{\"@type\":\"Organization\",\"@id\":\"https:\\\/\\\/hydrokube.be\\\/nl\\\/#organization\",\"name\":\"Greenside S.A.\",\"alternateName\":\"Hydrokube\",\"url\":\"https:\\\/\\\/hydrokube.be\\\/nl\\\/\",\"logo\":{\"@type\":\"ImageObject\",\"inLanguage\":\"nl-NL\",\"@id\":\"https:\\\/\\\/hydrokube.be\\\/nl\\\/#\\\/schema\\\/logo\\\/image\\\/\",\"url\":\"https:\\\/\\\/hydrokube.be\\\/wp-content\\\/uploads\\\/2022\\\/12\\\/Greenside_logo.jpg\",\"contentUrl\":\"https:\\\/\\\/hydrokube.be\\\/wp-content\\\/uploads\\\/2022\\\/12\\\/Greenside_logo.jpg\",\"width\":1533,\"height\":421,\"caption\":\"Greenside S.A.\"},\"image\":{\"@id\":\"https:\\\/\\\/hydrokube.be\\\/nl\\\/#\\\/schema\\\/logo\\\/image\\\/\"},\"sameAs\":[\"https:\\\/\\\/www.facebook.com\\\/hydrokube\",\"https:\\\/\\\/x.com\\\/hydrokube\",\"https:\\\/\\\/linkedin.com\\\/company\\\/hydrokube\"]}]}<\/script>\n<!-- \/ Yoast SEO plugin. -->","yoast_head_json":{"title":"5 kg (7 l) fles CO2 - Hydrokube","description":"Een reservefles voor uw Hydrokube-kit, waarmee u meer dan 50 m3 water kunt behandelen en die alleen geschikt is voor de Hydrokube.","robots":{"index":"index","follow":"follow","max-snippet":"max-snippet:-1","max-image-preview":"max-image-preview:large","max-video-preview":"max-video-preview:-1"},"canonical":"https:\/\/hydrokube.be\/nl\/artikel\/bouteille-compacte-de-5-kg-7-l-de-co2\/","og_locale":"nl_NL","og_type":"article","og_title":"5 kg (7 l) fles CO2 - Hydrokube","og_description":"Een reservefles voor uw Hydrokube-kit, waarmee u meer dan 50 m3 water kunt behandelen en die alleen geschikt is voor de Hydrokube.","og_url":"https:\/\/hydrokube.be\/nl\/artikel\/bouteille-compacte-de-5-kg-7-l-de-co2\/","og_site_name":"Hydrokube","article_publisher":"https:\/\/www.facebook.com\/hydrokube","article_modified_time":"2025-08-25T16:43:31+00:00","og_image":[{"width":400,"height":400,"url":"https:\/\/hydrokube.be\/wp-content\/uploads\/2024\/04\/CO2_petite-5kg.jpg","type":"image\/jpeg"}],"twitter_card":"summary_large_image","twitter_site":"@hydrokube","twitter_misc":{"Geschatte leestijd":"1 minuut"},"schema":{"@context":"https:\/\/schema.org","@graph":[{"@type":"WebPage","@id":"https:\/\/hydrokube.be\/nl\/artikel\/bouteille-compacte-de-5-kg-7-l-de-co2\/","url":"https:\/\/hydrokube.be\/nl\/artikel\/bouteille-compacte-de-5-kg-7-l-de-co2\/","name":"5 kg (7 l) fles CO2 - Hydrokube","isPartOf":{"@id":"https:\/\/hydrokube.be\/nl\/#website"},"primaryImageOfPage":{"@id":"https:\/\/hydrokube.be\/nl\/artikel\/bouteille-compacte-de-5-kg-7-l-de-co2\/#primaryimage"},"image":{"@id":"https:\/\/hydrokube.be\/nl\/artikel\/bouteille-compacte-de-5-kg-7-l-de-co2\/#primaryimage"},"thumbnailUrl":"https:\/\/hydrokube.be\/wp-content\/uploads\/2024\/04\/CO2_petite-5kg.jpg","datePublished":"2024-04-03T07:49:41+00:00","dateModified":"2025-08-25T16:43:31+00:00","description":"Een reservefles voor uw Hydrokube-kit, waarmee u meer dan 50 m3 water kunt behandelen en die alleen geschikt is voor de Hydrokube.","breadcrumb":{"@id":"https:\/\/hydrokube.be\/nl\/artikel\/bouteille-compacte-de-5-kg-7-l-de-co2\/#breadcrumb"},"inLanguage":"nl-NL","potentialAction":[{"@type":"ReadAction","target":["https:\/\/hydrokube.be\/nl\/artikel\/bouteille-compacte-de-5-kg-7-l-de-co2\/"]}]},{"@type":"ImageObject","inLanguage":"nl-NL","@id":"https:\/\/hydrokube.be\/nl\/artikel\/bouteille-compacte-de-5-kg-7-l-de-co2\/#primaryimage","url":"https:\/\/hydrokube.be\/wp-content\/uploads\/2024\/04\/CO2_petite-5kg.jpg","contentUrl":"https:\/\/hydrokube.be\/wp-content\/uploads\/2024\/04\/CO2_petite-5kg.jpg","width":400,"height":400},{"@type":"BreadcrumbList","@id":"https:\/\/hydrokube.be\/nl\/artikel\/bouteille-compacte-de-5-kg-7-l-de-co2\/#breadcrumb","itemListElement":[{"@type":"ListItem","position":1,"name":"Welkom","item":"https:\/\/hydrokube.be\/nl\/ontharder_water-2\/"},{"@type":"ListItem","position":2,"name":"De Winkel","item":"https:\/\/hydrokube.be\/nl\/de-winkel\/"},{"@type":"ListItem","position":3,"name":"5 kg (7 l) fles CO2"}]},{"@type":"WebSite","@id":"https:\/\/hydrokube.be\/nl\/#website","url":"https:\/\/hydrokube.be\/nl\/","name":"Hydrokube","description":"Economiser 2.700 Euros par rapport \u00e0 un adoucisseur au sel. Hydrokube est un adoucisseur d&#039;eau \u00e9cologique, certifi\u00e9 efficace et compact.","publisher":{"@id":"https:\/\/hydrokube.be\/nl\/#organization"},"potentialAction":[{"@type":"SearchAction","target":{"@type":"EntryPoint","urlTemplate":"https:\/\/hydrokube.be\/nl\/?s={search_term_string}"},"query-input":{"@type":"PropertyValueSpecification","valueRequired":true,"valueName":"search_term_string"}}],"inLanguage":"nl-NL"},{"@type":"Organization","@id":"https:\/\/hydrokube.be\/nl\/#organization","name":"Greenside S.A.","alternateName":"Hydrokube","url":"https:\/\/hydrokube.be\/nl\/","logo":{"@type":"ImageObject","inLanguage":"nl-NL","@id":"https:\/\/hydrokube.be\/nl\/#\/schema\/logo\/image\/","url":"https:\/\/hydrokube.be\/wp-content\/uploads\/2022\/12\/Greenside_logo.jpg","contentUrl":"https:\/\/hydrokube.be\/wp-content\/uploads\/2022\/12\/Greenside_logo.jpg","width":1533,"height":421,"caption":"Greenside S.A."},"image":{"@id":"https:\/\/hydrokube.be\/nl\/#\/schema\/logo\/image\/"},"sameAs":["https:\/\/www.facebook.com\/hydrokube","https:\/\/x.com\/hydrokube","https:\/\/linkedin.com\/company\/hydrokube"]}]}},"_links":{"self":[{"href":"https:\/\/hydrokube.be\/nl\/wp-json\/wp\/v2\/product\/1091693","targetHints":{"allow":["GET"]}}],"collection":[{"href":"https:\/\/hydrokube.be\/nl\/wp-json\/wp\/v2\/product"}],"about":[{"href":"https:\/\/hydrokube.be\/nl\/wp-json\/wp\/v2\/types\/product"}],"wp:featuredmedia":[{"embeddable":true,"href":"https:\/\/hydrokube.be\/nl\/wp-json\/wp\/v2\/media\/1091701"}],"wp:attachment":[{"href":"https:\/\/hydrokube.be\/nl\/wp-json\/wp\/v2\/media?parent=1091693"}],"wp:term":[{"taxonomy":"product_brand","embeddable":true,"href":"https:\/\/hydrokube.be\/nl\/wp-json\/wp\/v2\/product_brand?post=1091693"},{"taxonomy":"product_cat","embeddable":true,"href":"https:\/\/hydrokube.be\/nl\/wp-json\/wp\/v2\/product_cat?post=1091693"},{"taxonomy":"product_tag","embeddable":true,"href":"https:\/\/hydrokube.be\/nl\/wp-json\/wp\/v2\/product_tag?post=1091693"}],"curies":[{"name":"wp","href":"https:\/\/api.w.org\/{rel}","templated":true}]}}