{"id":1091319,"date":"2024-02-11T15:28:15","date_gmt":"2024-02-11T14:28:17","guid":{"rendered":"https:\/\/hydrokube.be\/?post_type=product&#038;p=1091319"},"modified":"2025-03-10T18:15:18","modified_gmt":"2025-03-10T17:15:18","slug":"bouteille-compacte-de-10-kg-13-l-de-co2","status":"publish","type":"product","link":"https:\/\/hydrokube.be\/nl\/artikel\/bouteille-compacte-de-10-kg-13-l-de-co2\/","title":{"rendered":"Compacte CO2-cilinder van 10 kg (13 l)"},"content":{"rendered":"<p>Compacte fles voor Hydrokube-kit. Het wordt gebruikt als levensmiddelenadditief en voldoet aan de specifieke zuiverheidseisen van de Europese richtlijnen E290 (&gt; 99% zuiverheid). De bekendste toepassing van koolzuur (zwak zuur) is als bruismiddel in frisdranken en bier. Deze oplossing wordt vaak gebruikt in kassen. Het voorkomt de proliferatie van bacteri\u00ebn. Zwembaden gebruiken kooldioxide om het water een neutrale pH-waarde te geven. Koolzuur wordt ook gebruikt voor het verpakken van levensmiddelen, al dan niet gemengd met stikstof. Een andere belangrijke toepassing van dit gas is het gebruik ervan bij brandbestrijding (blusapparaten) of voor bepaalde medische ingrepen.<\/p>\n","protected":false},"excerpt":{"rendered":"<p>Fles<strong> alleen<\/strong> voor Hydrokube-kit. <strong>Prijs met of zonder teruggave van statiegeld van hetzelfde type!<\/strong><\/p>\n<ul>\n<li><strong>Niet geschikt voor andere toepassingen<\/strong><\/li>\n<li>CO2 (kooldioxide) \u2013 Voedingsadditief \u2013 Niet ontvlambaar, gas niet giftig<\/li>\n<li>Kan ongeveer 100 M3 water behandelen<\/li>\n<li>13 liter CO2 (10 Kg)<\/li>\n<li>Specifieke aansluiting Hydrokube<\/li>\n<li>Levensmiddelenadditief \u2013 Zuiverheid &gt; 99<\/li>\n<li>Leeggewicht +\/- 20 kg<\/li>\n<li>Afmetingen: +\/- 67&#215;20,4 cm (hxd)<\/li>\n<li><span style=\"color: #ff0000;\"><strong>Flesbelasting (\u20ac85 excl. btw) terugbetaald als je een identieke fles met beschermdop meeneemt.<\/strong><\/span><\/li>\n<\/ul>\n","protected":false},"featured_media":1091336,"template":"","meta":{"_et_pb_use_builder":"off","_et_pb_old_content":"gasfles co2 10kg Het wordt gebruikt als levensmiddelenadditief en voldoet aan de specifieke zuiverheidseisen van de Europese richtlijnen E290 (> 99% zuiverheid).\nDe bekendste toepassing van koolzuur (zwak zuur) is als bruismiddel in frisdranken en bier. Deze oplossing wordt vaak gebruikt in kassen. Het voorkomt de proliferatie van bacteri\u00ebn. Zwembaden gebruiken kooldioxide om het water een neutrale pH-waarde te geven. Koolzuur wordt ook gebruikt voor het verpakken van levensmiddelen, al dan niet gemengd met stikstof. Een andere belangrijke toepassing van dit gas is het gebruik ervan bij brandbestrijding (blusapparaten) of voor bepaalde medische ingrepen.","_et_gb_content_width":"","content-type":""},"product_brand":[],"product_cat":[171],"product_tag":[],"class_list":{"0":"post-1091319","1":"product","2":"type-product","3":"status-publish","4":"has-post-thumbnail","6":"product_cat-co2-fles","7":"product_shipping_class-tra_rep_co2-nl","9":"first","10":"instock","11":"sold-individually","12":"taxable","13":"shipping-taxable","14":"purchasable","15":"product-type-variable"},"yoast_head":"<!-- This site is optimized with the Yoast SEO plugin v27.1.1 - https:\/\/yoast.com\/product\/yoast-seo-wordpress\/ -->\n<title>10kg CO2 fles voor Hydrokube - Ecologische waterontharder | Prijs &amp; info<\/title>\n<meta name=\"description\" content=\"Compacte vervangingsfles voor uw Hydrokube kit, hiermee kunt u meer dan 100 m3 water behandelen en is alleen geschikt voor de Hydrokube. 10 kg (13 L) compacte fles food-grade CO2 voor uw Hydrokube waterontharder. Een ecologische en economische oplossing voor effectieve kalkbehandeling zonder toegevoegd zout.\" \/>\n<meta name=\"robots\" content=\"index, follow, max-snippet:-1, max-image-preview:large, max-video-preview:-1\" \/>\n<link rel=\"canonical\" href=\"https:\/\/hydrokube.be\/nl\/artikel\/bouteille-compacte-de-10-kg-13-l-de-co2\/\" \/>\n<meta property=\"og:locale\" content=\"nl_NL\" \/>\n<meta property=\"og:type\" content=\"article\" \/>\n<meta property=\"og:title\" content=\"10kg CO2 fles voor Hydrokube - Ecologische waterontharder | Prijs &amp; info\" \/>\n<meta property=\"og:description\" content=\"Compacte vervangingsfles voor uw Hydrokube kit, hiermee kunt u meer dan 100 m3 water behandelen en is alleen geschikt voor de Hydrokube. 10 kg (13 L) compacte fles food-grade CO2 voor uw Hydrokube waterontharder. Een ecologische en economische oplossing voor effectieve kalkbehandeling zonder toegevoegd zout.\" \/>\n<meta property=\"og:url\" content=\"https:\/\/hydrokube.be\/nl\/artikel\/bouteille-compacte-de-10-kg-13-l-de-co2\/\" \/>\n<meta property=\"og:site_name\" content=\"Hydrokube\" \/>\n<meta property=\"article:publisher\" content=\"https:\/\/www.facebook.com\/hydrokube\" \/>\n<meta property=\"article:modified_time\" content=\"2025-03-10T17:15:18+00:00\" \/>\n<meta property=\"og:image\" content=\"https:\/\/hydrokube.be\/wp-content\/uploads\/2024\/02\/CO2_Compact-e1707664281799.png\" \/>\n\t<meta property=\"og:image:width\" content=\"770\" \/>\n\t<meta property=\"og:image:height\" content=\"945\" \/>\n\t<meta property=\"og:image:type\" content=\"image\/png\" \/>\n<meta name=\"twitter:card\" content=\"summary_large_image\" \/>\n<meta name=\"twitter:site\" content=\"@hydrokube\" \/>\n<meta name=\"twitter:label1\" content=\"Geschatte leestijd\" \/>\n\t<meta name=\"twitter:data1\" content=\"1 minuut\" \/>\n<script type=\"application\/ld+json\" class=\"yoast-schema-graph\">{\"@context\":\"https:\/\/schema.org\",\"@graph\":[{\"@type\":\"WebPage\",\"@id\":\"https:\/\/hydrokube.be\/nl\/artikel\/bouteille-compacte-de-10-kg-13-l-de-co2\/\",\"url\":\"https:\/\/hydrokube.be\/nl\/artikel\/bouteille-compacte-de-10-kg-13-l-de-co2\/\",\"name\":\"10kg CO2 fles voor Hydrokube - Ecologische waterontharder | Prijs & info\",\"isPartOf\":{\"@id\":\"https:\/\/hydrokube.be\/nl\/#website\"},\"primaryImageOfPage\":{\"@id\":\"https:\/\/hydrokube.be\/nl\/artikel\/bouteille-compacte-de-10-kg-13-l-de-co2\/#primaryimage\"},\"image\":{\"@id\":\"https:\/\/hydrokube.be\/nl\/artikel\/bouteille-compacte-de-10-kg-13-l-de-co2\/#primaryimage\"},\"thumbnailUrl\":\"https:\/\/hydrokube.be\/wp-content\/uploads\/2024\/02\/CO2_Compact-e1707664281799.png\",\"datePublished\":\"2024-02-11T14:28:17+00:00\",\"dateModified\":\"2025-03-10T17:15:18+00:00\",\"description\":\"Compacte vervangingsfles voor uw Hydrokube kit, hiermee kunt u meer dan 100 m3 water behandelen en is alleen geschikt voor de Hydrokube. 10 kg (13 L) compacte fles food-grade CO2 voor uw Hydrokube waterontharder. Een ecologische en economische oplossing voor effectieve kalkbehandeling zonder toegevoegd zout.\",\"breadcrumb\":{\"@id\":\"https:\/\/hydrokube.be\/nl\/artikel\/bouteille-compacte-de-10-kg-13-l-de-co2\/#breadcrumb\"},\"inLanguage\":\"nl-NL\",\"potentialAction\":[{\"@type\":\"ReadAction\",\"target\":[\"https:\/\/hydrokube.be\/nl\/artikel\/bouteille-compacte-de-10-kg-13-l-de-co2\/\"]}]},{\"@type\":\"ImageObject\",\"inLanguage\":\"nl-NL\",\"@id\":\"https:\/\/hydrokube.be\/nl\/artikel\/bouteille-compacte-de-10-kg-13-l-de-co2\/#primaryimage\",\"url\":\"https:\/\/hydrokube.be\/wp-content\/uploads\/2024\/02\/CO2_Compact-e1707664281799.png\",\"contentUrl\":\"https:\/\/hydrokube.be\/wp-content\/uploads\/2024\/02\/CO2_Compact-e1707664281799.png\",\"width\":770,\"height\":945,\"caption\":\"CO2-compactfles van 10 kg\"},{\"@type\":\"BreadcrumbList\",\"@id\":\"https:\/\/hydrokube.be\/nl\/artikel\/bouteille-compacte-de-10-kg-13-l-de-co2\/#breadcrumb\",\"itemListElement\":[{\"@type\":\"ListItem\",\"position\":1,\"name\":\"Welkom\",\"item\":\"https:\/\/hydrokube.be\/nl\/ontharder_water-2\/\"},{\"@type\":\"ListItem\",\"position\":2,\"name\":\"De Winkel\",\"item\":\"https:\/\/hydrokube.be\/nl\/de-winkel\/\"},{\"@type\":\"ListItem\",\"position\":3,\"name\":\"Compacte CO2-cilinder van 10 kg (13 l)\"}]},{\"@type\":\"WebSite\",\"@id\":\"https:\/\/hydrokube.be\/nl\/#website\",\"url\":\"https:\/\/hydrokube.be\/nl\/\",\"name\":\"Hydrokube\",\"description\":\"Economiser 2.700 Euros par rapport \u00e0 un adoucisseur au sel. Hydrokube est un adoucisseur d&#039;eau \u00e9cologique, certifi\u00e9 efficace et compact.\",\"publisher\":{\"@id\":\"https:\/\/hydrokube.be\/nl\/#organization\"},\"potentialAction\":[{\"@type\":\"SearchAction\",\"target\":{\"@type\":\"EntryPoint\",\"urlTemplate\":\"https:\/\/hydrokube.be\/nl\/?s={search_term_string}\"},\"query-input\":{\"@type\":\"PropertyValueSpecification\",\"valueRequired\":true,\"valueName\":\"search_term_string\"}}],\"inLanguage\":\"nl-NL\"},{\"@type\":\"Organization\",\"@id\":\"https:\/\/hydrokube.be\/nl\/#organization\",\"name\":\"Greenside S.A.\",\"alternateName\":\"Hydrokube\",\"url\":\"https:\/\/hydrokube.be\/nl\/\",\"logo\":{\"@type\":\"ImageObject\",\"inLanguage\":\"nl-NL\",\"@id\":\"https:\/\/hydrokube.be\/nl\/#\/schema\/logo\/image\/\",\"url\":\"https:\/\/hydrokube.be\/wp-content\/uploads\/2022\/12\/Greenside_logo.jpg\",\"contentUrl\":\"https:\/\/hydrokube.be\/wp-content\/uploads\/2022\/12\/Greenside_logo.jpg\",\"width\":1533,\"height\":421,\"caption\":\"Greenside S.A.\"},\"image\":{\"@id\":\"https:\/\/hydrokube.be\/nl\/#\/schema\/logo\/image\/\"},\"sameAs\":[\"https:\/\/www.facebook.com\/hydrokube\",\"https:\/\/x.com\/hydrokube\",\"https:\/\/linkedin.com\/company\/hydrokube\"]}]}<\/script>\n<!-- \/ Yoast SEO plugin. -->","yoast_head_json":{"title":"10kg CO2 fles voor Hydrokube - Ecologische waterontharder | Prijs & info","description":"Compacte vervangingsfles voor uw Hydrokube kit, hiermee kunt u meer dan 100 m3 water behandelen en is alleen geschikt voor de Hydrokube. 10 kg (13 L) compacte fles food-grade CO2 voor uw Hydrokube waterontharder. Een ecologische en economische oplossing voor effectieve kalkbehandeling zonder toegevoegd zout.","robots":{"index":"index","follow":"follow","max-snippet":"max-snippet:-1","max-image-preview":"max-image-preview:large","max-video-preview":"max-video-preview:-1"},"canonical":"https:\/\/hydrokube.be\/nl\/artikel\/bouteille-compacte-de-10-kg-13-l-de-co2\/","og_locale":"nl_NL","og_type":"article","og_title":"10kg CO2 fles voor Hydrokube - Ecologische waterontharder | Prijs & info","og_description":"Compacte vervangingsfles voor uw Hydrokube kit, hiermee kunt u meer dan 100 m3 water behandelen en is alleen geschikt voor de Hydrokube. 10 kg (13 L) compacte fles food-grade CO2 voor uw Hydrokube waterontharder. Een ecologische en economische oplossing voor effectieve kalkbehandeling zonder toegevoegd zout.","og_url":"https:\/\/hydrokube.be\/nl\/artikel\/bouteille-compacte-de-10-kg-13-l-de-co2\/","og_site_name":"Hydrokube","article_publisher":"https:\/\/www.facebook.com\/hydrokube","article_modified_time":"2025-03-10T17:15:18+00:00","og_image":[{"width":770,"height":945,"url":"https:\/\/hydrokube.be\/wp-content\/uploads\/2024\/02\/CO2_Compact-e1707664281799.png","type":"image\/png"}],"twitter_card":"summary_large_image","twitter_site":"@hydrokube","twitter_misc":{"Geschatte leestijd":"1 minuut"},"schema":{"@context":"https:\/\/schema.org","@graph":[{"@type":"WebPage","@id":"https:\/\/hydrokube.be\/nl\/artikel\/bouteille-compacte-de-10-kg-13-l-de-co2\/","url":"https:\/\/hydrokube.be\/nl\/artikel\/bouteille-compacte-de-10-kg-13-l-de-co2\/","name":"10kg CO2 fles voor Hydrokube - Ecologische waterontharder | Prijs & info","isPartOf":{"@id":"https:\/\/hydrokube.be\/nl\/#website"},"primaryImageOfPage":{"@id":"https:\/\/hydrokube.be\/nl\/artikel\/bouteille-compacte-de-10-kg-13-l-de-co2\/#primaryimage"},"image":{"@id":"https:\/\/hydrokube.be\/nl\/artikel\/bouteille-compacte-de-10-kg-13-l-de-co2\/#primaryimage"},"thumbnailUrl":"https:\/\/hydrokube.be\/wp-content\/uploads\/2024\/02\/CO2_Compact-e1707664281799.png","datePublished":"2024-02-11T14:28:17+00:00","dateModified":"2025-03-10T17:15:18+00:00","description":"Compacte vervangingsfles voor uw Hydrokube kit, hiermee kunt u meer dan 100 m3 water behandelen en is alleen geschikt voor de Hydrokube. 10 kg (13 L) compacte fles food-grade CO2 voor uw Hydrokube waterontharder. Een ecologische en economische oplossing voor effectieve kalkbehandeling zonder toegevoegd zout.","breadcrumb":{"@id":"https:\/\/hydrokube.be\/nl\/artikel\/bouteille-compacte-de-10-kg-13-l-de-co2\/#breadcrumb"},"inLanguage":"nl-NL","potentialAction":[{"@type":"ReadAction","target":["https:\/\/hydrokube.be\/nl\/artikel\/bouteille-compacte-de-10-kg-13-l-de-co2\/"]}]},{"@type":"ImageObject","inLanguage":"nl-NL","@id":"https:\/\/hydrokube.be\/nl\/artikel\/bouteille-compacte-de-10-kg-13-l-de-co2\/#primaryimage","url":"https:\/\/hydrokube.be\/wp-content\/uploads\/2024\/02\/CO2_Compact-e1707664281799.png","contentUrl":"https:\/\/hydrokube.be\/wp-content\/uploads\/2024\/02\/CO2_Compact-e1707664281799.png","width":770,"height":945,"caption":"CO2-compactfles van 10 kg"},{"@type":"BreadcrumbList","@id":"https:\/\/hydrokube.be\/nl\/artikel\/bouteille-compacte-de-10-kg-13-l-de-co2\/#breadcrumb","itemListElement":[{"@type":"ListItem","position":1,"name":"Welkom","item":"https:\/\/hydrokube.be\/nl\/ontharder_water-2\/"},{"@type":"ListItem","position":2,"name":"De Winkel","item":"https:\/\/hydrokube.be\/nl\/de-winkel\/"},{"@type":"ListItem","position":3,"name":"Compacte CO2-cilinder van 10 kg (13 l)"}]},{"@type":"WebSite","@id":"https:\/\/hydrokube.be\/nl\/#website","url":"https:\/\/hydrokube.be\/nl\/","name":"Hydrokube","description":"Economiser 2.700 Euros par rapport \u00e0 un adoucisseur au sel. Hydrokube est un adoucisseur d&#039;eau \u00e9cologique, certifi\u00e9 efficace et compact.","publisher":{"@id":"https:\/\/hydrokube.be\/nl\/#organization"},"potentialAction":[{"@type":"SearchAction","target":{"@type":"EntryPoint","urlTemplate":"https:\/\/hydrokube.be\/nl\/?s={search_term_string}"},"query-input":{"@type":"PropertyValueSpecification","valueRequired":true,"valueName":"search_term_string"}}],"inLanguage":"nl-NL"},{"@type":"Organization","@id":"https:\/\/hydrokube.be\/nl\/#organization","name":"Greenside S.A.","alternateName":"Hydrokube","url":"https:\/\/hydrokube.be\/nl\/","logo":{"@type":"ImageObject","inLanguage":"nl-NL","@id":"https:\/\/hydrokube.be\/nl\/#\/schema\/logo\/image\/","url":"https:\/\/hydrokube.be\/wp-content\/uploads\/2022\/12\/Greenside_logo.jpg","contentUrl":"https:\/\/hydrokube.be\/wp-content\/uploads\/2022\/12\/Greenside_logo.jpg","width":1533,"height":421,"caption":"Greenside S.A."},"image":{"@id":"https:\/\/hydrokube.be\/nl\/#\/schema\/logo\/image\/"},"sameAs":["https:\/\/www.facebook.com\/hydrokube","https:\/\/x.com\/hydrokube","https:\/\/linkedin.com\/company\/hydrokube"]}]}},"_links":{"self":[{"href":"https:\/\/hydrokube.be\/nl\/wp-json\/wp\/v2\/product\/1091319","targetHints":{"allow":["GET"]}}],"collection":[{"href":"https:\/\/hydrokube.be\/nl\/wp-json\/wp\/v2\/product"}],"about":[{"href":"https:\/\/hydrokube.be\/nl\/wp-json\/wp\/v2\/types\/product"}],"wp:featuredmedia":[{"embeddable":true,"href":"https:\/\/hydrokube.be\/nl\/wp-json\/wp\/v2\/media\/1091336"}],"wp:attachment":[{"href":"https:\/\/hydrokube.be\/nl\/wp-json\/wp\/v2\/media?parent=1091319"}],"wp:term":[{"taxonomy":"product_brand","embeddable":true,"href":"https:\/\/hydrokube.be\/nl\/wp-json\/wp\/v2\/product_brand?post=1091319"},{"taxonomy":"product_cat","embeddable":true,"href":"https:\/\/hydrokube.be\/nl\/wp-json\/wp\/v2\/product_cat?post=1091319"},{"taxonomy":"product_tag","embeddable":true,"href":"https:\/\/hydrokube.be\/nl\/wp-json\/wp\/v2\/product_tag?post=1091319"}],"curies":[{"name":"wp","href":"https:\/\/api.w.org\/{rel}","templated":true}]}}