{"id":1090377,"date":"2023-12-31T16:29:38","date_gmt":"2023-12-31T16:01:35","guid":{"rendered":"https:\/\/hydrokube.be\/produit\/co2-meeting\/"},"modified":"2025-02-08T15:39:09","modified_gmt":"2025-02-08T14:39:09","slug":"co2-meeting","status":"publish","type":"product","link":"https:\/\/hydrokube.be\/nl\/artikel\/co2-meeting\/","title":{"rendered":"Meting van CO2-concentratie en temperatuur"},"content":{"rendered":"<h1 class=\"text-ghost\">CO<sub>2<\/sub>-concentratieregelaar<\/h1>\n<p>Of je nu de CO<sub>2<\/sub>-concentratie wilt bewaken in de ruimte waar de CO<sub>2<\/sub>-cilinder is ge\u00efnstalleerd of in de ruimte waarin je werkt, dit ruimtebesparende apparaat voldoet aan je behoeften. Mensen die goede lucht inademen zijn gezonder, gelukkiger en presteren beter. Hoge CO<sub>2<\/sub>-niveaus in de lucht zijn vaak de oorzaak van hoofdpijn, duizeligheid en permanente vermoeidheid.<\/p>\n<p>Met deze CO<sub>2<\/sub>-controller kun je de toestand van muffe en vervuilde lucht controleren in ruimtes waar mensen samenkomen, bijvoorbeeld in scholen, kantoren, openbare gebouwen of zelfs op een feestje met vrienden. Tijdige, energie-effici\u00ebnte ventilatie zorgt voor een gezond binnenklimaat.<\/p>\n<p>Het display toont het CO<sub>2<\/sub>-gehalte van de omgevingslucht op \u00e9\u00e9n scherm, afgewisseld met de temperatuur. Gekleurde LED-lampjes naast het display veranderen van groen naar geel of rood afhankelijk van de luchtkwaliteit.<\/p>\n<h2>Hoe het werkt<\/h2>\n<ul>\n<li>CO<sub>2<\/sub>-niveaus in gebouwen beheersen<\/li>\n<li>Hoogwaardige NDIR-sensor met dubbele straal<\/li>\n<li>Afwisselende weergave van CO<sub>2<\/sub>-concentratie en omgevingstemperatuur<\/li>\n<li>Snelle weergave van de gebiedskwaliteit via LED (groen\/geel\/rood)<\/li>\n<\/ul>\n","protected":false},"excerpt":{"rendered":"<ul>\n<li>CO<sub>2<\/sub>-concentraties in gebouwen monitoren<\/li>\n<li>Hoogwaardige NDIR-sensor met dubbele straal<\/li>\n<li>Weergave van CO<sub>2<\/sub>-concentratie en binnentemperatuur<\/li>\n<li>Snelle weergave van de gebiedskwaliteit via LED (groen\/geel\/rood)<\/li>\n<li>Inclusief USB-<strong>kabel en 202-230 Volt AC-stekker<\/strong><\/li>\n<\/ul>\n","protected":false},"featured_media":1090369,"template":"","meta":{"_et_pb_use_builder":"","_et_pb_old_content":"","_et_gb_content_width":"","content-type":""},"product_brand":[],"product_cat":[175],"product_tag":[],"class_list":{"0":"post-1090377","1":"product","2":"type-product","3":"status-publish","4":"has-post-thumbnail","6":"product_cat-accessoires-nl","7":"product_shipping_class-klein-postpakket","9":"first","10":"instock","11":"taxable","12":"shipping-taxable","13":"purchasable","14":"product-type-simple"},"yoast_head":"<!-- This site is optimized with the Yoast SEO plugin v27.3 - https:\/\/yoast.com\/product\/yoast-seo-wordpress\/ -->\n<title>CO2-meting voor ecologische waterontharder | Hydrokube Belgi\u00eb<\/title>\n<meta name=\"description\" content=\"CO2-concentratie in lucht meten voor Hydrokube waterontharders: ecologische en economische kalkbehandeling zonder zout\" \/>\n<meta name=\"robots\" content=\"index, follow, max-snippet:-1, max-image-preview:large, max-video-preview:-1\" \/>\n<link rel=\"canonical\" href=\"https:\/\/hydrokube.be\/nl\/artikel\/co2-meeting\/\" \/>\n<meta property=\"og:locale\" content=\"nl_NL\" \/>\n<meta property=\"og:type\" content=\"article\" \/>\n<meta property=\"og:title\" content=\"CO2-meting voor ecologische waterontharder | Hydrokube Belgi\u00eb\" \/>\n<meta property=\"og:description\" content=\"CO2-concentratie in lucht meten voor Hydrokube waterontharders: ecologische en economische kalkbehandeling zonder zout\" \/>\n<meta property=\"og:url\" content=\"https:\/\/hydrokube.be\/nl\/artikel\/co2-meeting\/\" \/>\n<meta property=\"og:site_name\" content=\"Hydrokube\" \/>\n<meta property=\"article:publisher\" content=\"https:\/\/www.facebook.com\/hydrokube\" \/>\n<meta property=\"article:modified_time\" content=\"2025-02-08T14:39:09+00:00\" \/>\n<meta property=\"og:image\" content=\"https:\/\/hydrokube.be\/wp-content\/uploads\/2023\/12\/mini_appareil_de_mesure_du_co2_2.jpg\" \/>\n\t<meta property=\"og:image:width\" content=\"1200\" \/>\n\t<meta property=\"og:image:height\" content=\"1200\" \/>\n\t<meta property=\"og:image:type\" content=\"image\/jpeg\" \/>\n<meta name=\"twitter:card\" content=\"summary_large_image\" \/>\n<meta name=\"twitter:site\" content=\"@hydrokube\" \/>\n<meta name=\"twitter:label1\" content=\"Geschatte leestijd\" \/>\n\t<meta name=\"twitter:data1\" content=\"1 minuut\" \/>\n<script type=\"application\/ld+json\" class=\"yoast-schema-graph\">{\"@context\":\"https:\\\/\\\/schema.org\",\"@graph\":[{\"@type\":\"WebPage\",\"@id\":\"https:\\\/\\\/hydrokube.be\\\/nl\\\/artikel\\\/co2-meeting\\\/\",\"url\":\"https:\\\/\\\/hydrokube.be\\\/nl\\\/artikel\\\/co2-meeting\\\/\",\"name\":\"CO2-meting voor ecologische waterontharder | Hydrokube Belgi\u00eb\",\"isPartOf\":{\"@id\":\"https:\\\/\\\/hydrokube.be\\\/nl\\\/#website\"},\"primaryImageOfPage\":{\"@id\":\"https:\\\/\\\/hydrokube.be\\\/nl\\\/artikel\\\/co2-meeting\\\/#primaryimage\"},\"image\":{\"@id\":\"https:\\\/\\\/hydrokube.be\\\/nl\\\/artikel\\\/co2-meeting\\\/#primaryimage\"},\"thumbnailUrl\":\"https:\\\/\\\/hydrokube.be\\\/wp-content\\\/uploads\\\/2023\\\/12\\\/mini_appareil_de_mesure_du_co2_2.jpg\",\"datePublished\":\"2023-12-31T16:01:35+00:00\",\"dateModified\":\"2025-02-08T14:39:09+00:00\",\"description\":\"CO2-concentratie in lucht meten voor Hydrokube waterontharders: ecologische en economische kalkbehandeling zonder zout\",\"breadcrumb\":{\"@id\":\"https:\\\/\\\/hydrokube.be\\\/nl\\\/artikel\\\/co2-meeting\\\/#breadcrumb\"},\"inLanguage\":\"nl-NL\",\"potentialAction\":[{\"@type\":\"ReadAction\",\"target\":[\"https:\\\/\\\/hydrokube.be\\\/nl\\\/artikel\\\/co2-meeting\\\/\"]}]},{\"@type\":\"ImageObject\",\"inLanguage\":\"nl-NL\",\"@id\":\"https:\\\/\\\/hydrokube.be\\\/nl\\\/artikel\\\/co2-meeting\\\/#primaryimage\",\"url\":\"https:\\\/\\\/hydrokube.be\\\/wp-content\\\/uploads\\\/2023\\\/12\\\/mini_appareil_de_mesure_du_co2_2.jpg\",\"contentUrl\":\"https:\\\/\\\/hydrokube.be\\\/wp-content\\\/uploads\\\/2023\\\/12\\\/mini_appareil_de_mesure_du_co2_2.jpg\",\"width\":1200,\"height\":1200,\"caption\":\"Concentration de CO2\"},{\"@type\":\"BreadcrumbList\",\"@id\":\"https:\\\/\\\/hydrokube.be\\\/nl\\\/artikel\\\/co2-meeting\\\/#breadcrumb\",\"itemListElement\":[{\"@type\":\"ListItem\",\"position\":1,\"name\":\"Welkom\",\"item\":\"https:\\\/\\\/hydrokube.be\\\/nl\\\/ontharder_water-2\\\/\"},{\"@type\":\"ListItem\",\"position\":2,\"name\":\"De Winkel\",\"item\":\"https:\\\/\\\/hydrokube.be\\\/nl\\\/de-winkel\\\/\"},{\"@type\":\"ListItem\",\"position\":3,\"name\":\"Meting van CO2-concentratie en temperatuur\"}]},{\"@type\":\"WebSite\",\"@id\":\"https:\\\/\\\/hydrokube.be\\\/nl\\\/#website\",\"url\":\"https:\\\/\\\/hydrokube.be\\\/nl\\\/\",\"name\":\"Hydrokube\",\"description\":\"Economiser 2.700 Euros par rapport \u00e0 un adoucisseur au sel. Hydrokube est un adoucisseur d&#039;eau \u00e9cologique, certifi\u00e9 efficace et compact.\",\"publisher\":{\"@id\":\"https:\\\/\\\/hydrokube.be\\\/nl\\\/#organization\"},\"potentialAction\":[{\"@type\":\"SearchAction\",\"target\":{\"@type\":\"EntryPoint\",\"urlTemplate\":\"https:\\\/\\\/hydrokube.be\\\/nl\\\/?s={search_term_string}\"},\"query-input\":{\"@type\":\"PropertyValueSpecification\",\"valueRequired\":true,\"valueName\":\"search_term_string\"}}],\"inLanguage\":\"nl-NL\"},{\"@type\":\"Organization\",\"@id\":\"https:\\\/\\\/hydrokube.be\\\/nl\\\/#organization\",\"name\":\"Greenside S.A.\",\"alternateName\":\"Hydrokube\",\"url\":\"https:\\\/\\\/hydrokube.be\\\/nl\\\/\",\"logo\":{\"@type\":\"ImageObject\",\"inLanguage\":\"nl-NL\",\"@id\":\"https:\\\/\\\/hydrokube.be\\\/nl\\\/#\\\/schema\\\/logo\\\/image\\\/\",\"url\":\"https:\\\/\\\/hydrokube.be\\\/wp-content\\\/uploads\\\/2022\\\/12\\\/Greenside_logo.jpg\",\"contentUrl\":\"https:\\\/\\\/hydrokube.be\\\/wp-content\\\/uploads\\\/2022\\\/12\\\/Greenside_logo.jpg\",\"width\":1533,\"height\":421,\"caption\":\"Greenside S.A.\"},\"image\":{\"@id\":\"https:\\\/\\\/hydrokube.be\\\/nl\\\/#\\\/schema\\\/logo\\\/image\\\/\"},\"sameAs\":[\"https:\\\/\\\/www.facebook.com\\\/hydrokube\",\"https:\\\/\\\/x.com\\\/hydrokube\",\"https:\\\/\\\/linkedin.com\\\/company\\\/hydrokube\"]}]}<\/script>\n<!-- \/ Yoast SEO plugin. -->","yoast_head_json":{"title":"CO2-meting voor ecologische waterontharder | Hydrokube Belgi\u00eb","description":"CO2-concentratie in lucht meten voor Hydrokube waterontharders: ecologische en economische kalkbehandeling zonder zout","robots":{"index":"index","follow":"follow","max-snippet":"max-snippet:-1","max-image-preview":"max-image-preview:large","max-video-preview":"max-video-preview:-1"},"canonical":"https:\/\/hydrokube.be\/nl\/artikel\/co2-meeting\/","og_locale":"nl_NL","og_type":"article","og_title":"CO2-meting voor ecologische waterontharder | Hydrokube Belgi\u00eb","og_description":"CO2-concentratie in lucht meten voor Hydrokube waterontharders: ecologische en economische kalkbehandeling zonder zout","og_url":"https:\/\/hydrokube.be\/nl\/artikel\/co2-meeting\/","og_site_name":"Hydrokube","article_publisher":"https:\/\/www.facebook.com\/hydrokube","article_modified_time":"2025-02-08T14:39:09+00:00","og_image":[{"width":1200,"height":1200,"url":"https:\/\/hydrokube.be\/wp-content\/uploads\/2023\/12\/mini_appareil_de_mesure_du_co2_2.jpg","type":"image\/jpeg"}],"twitter_card":"summary_large_image","twitter_site":"@hydrokube","twitter_misc":{"Geschatte leestijd":"1 minuut"},"schema":{"@context":"https:\/\/schema.org","@graph":[{"@type":"WebPage","@id":"https:\/\/hydrokube.be\/nl\/artikel\/co2-meeting\/","url":"https:\/\/hydrokube.be\/nl\/artikel\/co2-meeting\/","name":"CO2-meting voor ecologische waterontharder | Hydrokube Belgi\u00eb","isPartOf":{"@id":"https:\/\/hydrokube.be\/nl\/#website"},"primaryImageOfPage":{"@id":"https:\/\/hydrokube.be\/nl\/artikel\/co2-meeting\/#primaryimage"},"image":{"@id":"https:\/\/hydrokube.be\/nl\/artikel\/co2-meeting\/#primaryimage"},"thumbnailUrl":"https:\/\/hydrokube.be\/wp-content\/uploads\/2023\/12\/mini_appareil_de_mesure_du_co2_2.jpg","datePublished":"2023-12-31T16:01:35+00:00","dateModified":"2025-02-08T14:39:09+00:00","description":"CO2-concentratie in lucht meten voor Hydrokube waterontharders: ecologische en economische kalkbehandeling zonder zout","breadcrumb":{"@id":"https:\/\/hydrokube.be\/nl\/artikel\/co2-meeting\/#breadcrumb"},"inLanguage":"nl-NL","potentialAction":[{"@type":"ReadAction","target":["https:\/\/hydrokube.be\/nl\/artikel\/co2-meeting\/"]}]},{"@type":"ImageObject","inLanguage":"nl-NL","@id":"https:\/\/hydrokube.be\/nl\/artikel\/co2-meeting\/#primaryimage","url":"https:\/\/hydrokube.be\/wp-content\/uploads\/2023\/12\/mini_appareil_de_mesure_du_co2_2.jpg","contentUrl":"https:\/\/hydrokube.be\/wp-content\/uploads\/2023\/12\/mini_appareil_de_mesure_du_co2_2.jpg","width":1200,"height":1200,"caption":"Concentration de CO2"},{"@type":"BreadcrumbList","@id":"https:\/\/hydrokube.be\/nl\/artikel\/co2-meeting\/#breadcrumb","itemListElement":[{"@type":"ListItem","position":1,"name":"Welkom","item":"https:\/\/hydrokube.be\/nl\/ontharder_water-2\/"},{"@type":"ListItem","position":2,"name":"De Winkel","item":"https:\/\/hydrokube.be\/nl\/de-winkel\/"},{"@type":"ListItem","position":3,"name":"Meting van CO2-concentratie en temperatuur"}]},{"@type":"WebSite","@id":"https:\/\/hydrokube.be\/nl\/#website","url":"https:\/\/hydrokube.be\/nl\/","name":"Hydrokube","description":"Economiser 2.700 Euros par rapport \u00e0 un adoucisseur au sel. Hydrokube est un adoucisseur d&#039;eau \u00e9cologique, certifi\u00e9 efficace et compact.","publisher":{"@id":"https:\/\/hydrokube.be\/nl\/#organization"},"potentialAction":[{"@type":"SearchAction","target":{"@type":"EntryPoint","urlTemplate":"https:\/\/hydrokube.be\/nl\/?s={search_term_string}"},"query-input":{"@type":"PropertyValueSpecification","valueRequired":true,"valueName":"search_term_string"}}],"inLanguage":"nl-NL"},{"@type":"Organization","@id":"https:\/\/hydrokube.be\/nl\/#organization","name":"Greenside S.A.","alternateName":"Hydrokube","url":"https:\/\/hydrokube.be\/nl\/","logo":{"@type":"ImageObject","inLanguage":"nl-NL","@id":"https:\/\/hydrokube.be\/nl\/#\/schema\/logo\/image\/","url":"https:\/\/hydrokube.be\/wp-content\/uploads\/2022\/12\/Greenside_logo.jpg","contentUrl":"https:\/\/hydrokube.be\/wp-content\/uploads\/2022\/12\/Greenside_logo.jpg","width":1533,"height":421,"caption":"Greenside S.A."},"image":{"@id":"https:\/\/hydrokube.be\/nl\/#\/schema\/logo\/image\/"},"sameAs":["https:\/\/www.facebook.com\/hydrokube","https:\/\/x.com\/hydrokube","https:\/\/linkedin.com\/company\/hydrokube"]}]}},"_links":{"self":[{"href":"https:\/\/hydrokube.be\/nl\/wp-json\/wp\/v2\/product\/1090377","targetHints":{"allow":["GET"]}}],"collection":[{"href":"https:\/\/hydrokube.be\/nl\/wp-json\/wp\/v2\/product"}],"about":[{"href":"https:\/\/hydrokube.be\/nl\/wp-json\/wp\/v2\/types\/product"}],"wp:featuredmedia":[{"embeddable":true,"href":"https:\/\/hydrokube.be\/nl\/wp-json\/wp\/v2\/media\/1090369"}],"wp:attachment":[{"href":"https:\/\/hydrokube.be\/nl\/wp-json\/wp\/v2\/media?parent=1090377"}],"wp:term":[{"taxonomy":"product_brand","embeddable":true,"href":"https:\/\/hydrokube.be\/nl\/wp-json\/wp\/v2\/product_brand?post=1090377"},{"taxonomy":"product_cat","embeddable":true,"href":"https:\/\/hydrokube.be\/nl\/wp-json\/wp\/v2\/product_cat?post=1090377"},{"taxonomy":"product_tag","embeddable":true,"href":"https:\/\/hydrokube.be\/nl\/wp-json\/wp\/v2\/product_tag?post=1090377"}],"curies":[{"name":"wp","href":"https:\/\/api.w.org\/{rel}","templated":true}]}}