{"id":1090110,"date":"2023-11-26T11:14:47","date_gmt":"2023-11-26T10:28:49","guid":{"rendered":"https:\/\/hydrokube.be\/produit\/ph-meetsonde\/"},"modified":"2025-02-08T16:20:48","modified_gmt":"2025-02-08T15:20:48","slug":"sonde-ph","status":"publish","type":"product","link":"https:\/\/hydrokube.be\/nl\/artikel\/sonde-ph\/","title":{"rendered":"pH-meetsensor"},"content":{"rendered":"<p><strong>De pH 1000-meetsensor<\/strong> is gebruiksvriendelijk en bestand tegen de gebruikelijke slijtage. Deze sensor werkt betrouwbaar in verschillende omgevingen zoals Hydrokube, zwembaden en watergewassen. De sensor is ook ideaal voor het meten van de pH van behandeld water in je zwembad of aquarium. Deze nauwkeurige pH-sensor is essentieel voor regelmatig gebruik. En dan hebben we het er nog niet eens over dat de pH-sensor betaalbaar is en zeer weinig onderhoud vereist. Het biedt ook betrouwbare aflezingen in verschillende omgevingen, van kassen tot klaslokalen. En met zijn duurzame behuizing van polycarbonaat en ge\u00efntegreerde glazen bescherming van het meetoppervlak garandeert hij de gebruikelijke weerstand tegen slijtage. Compatibel met alle pH-meters die een BNC-connector accepteren.<\/p>\n<ul>\n<li>De pH-sonde heeft een zeer snelle reactietijd dankzij het platina meetoppervlak,<\/li>\n<li>Het ontwerp garandeert stabiele metingen,<\/li>\n<li>De sensor is verzegeld, waardoor onderhoud overbodig is,<\/li>\n<li>De sensorbehuizing van polycarbonaat is ontworpen voor veelvuldig gebruik in het laboratorium of in het veld,<\/li>\n<li>De elektrode wordt geleverd in een bewaarflesje voor een lange houdbaarheid en de pH-sonde is direct klaar voor gebruik.<\/li>\n<\/ul>\n<p><strong>Met betrekking tot bewaring<\/strong> raden we aan de elektrode in het originele flesje met een 3,5 M KCl\/AgCl referentieoplossing te bewaren. Je moet ook voorkomen dat je de elektrode droog of in gedestilleerd water bewaart, omdat dit de interne zoutoplossing van KCl-ionen kan ontdoen. Hoewel droge opslag mogelijk is, is rehydratatie van de sensorbol of revisie van de sonde nodig voor gebruik. Bovenal wordt opslag in een speciale oplossing aanbevolen. Kraanwater of een pH 4 oplossing kan tijdelijk worden gebruikt.<\/p>\n","protected":false},"excerpt":{"rendered":"<p><strong>Ph-sensor<\/strong><br \/>\npH-bereik: 0-14 (Na+ fout bij 12,3 &lt; pH)<br \/>\nReactie : 95% in 1 seconde (bolglasvorm)<br \/>\nIsopotentiaalpunt: 7,00 pH (0 mV)<br \/>\nOffset: \u00b1 0,20 pH<br \/>\nBereik : 97% van theoretisch of hoger<br \/>\nConnector: BNC (standaardconfiguratie)<br \/>\nKabellengte: 1 meter (standaardlengte)<br \/>\nDiameter: 12 mm<br \/>\nLengte: 150 mm<br \/>\nReferentie : Verzegeld<br \/>\nVoegenmateriaal: Pellon<br \/>\nReferentieoplossing: 3,5 M KCl\/AgCl (gel)<br \/>\nVorm glas: Bol<br \/>\nMateriaal behuizing: Polycarbonaat<br \/>\nTemperatuur: Bereik 0 tot 60 graden C<br \/>\nLampbescherming: inkepingen<br \/>\nHerkomst: Amerika<\/p>\n","protected":false},"featured_media":1090105,"template":"","meta":{"_et_pb_use_builder":"","_et_pb_old_content":"","_et_gb_content_width":"","content-type":""},"product_brand":[],"product_cat":[170],"product_tag":[],"class_list":{"0":"post-1090110","1":"product","2":"type-product","3":"status-publish","4":"has-post-thumbnail","6":"product_cat-ph-meeting","7":"product_shipping_class-klein-postpakket","9":"first","10":"instock","11":"taxable","12":"shipping-taxable","13":"purchasable","14":"product-type-simple"},"yoast_head":"<!-- This site is optimized with the Yoast SEO plugin v27.1.1 - https:\/\/yoast.com\/product\/yoast-seo-wordpress\/ -->\n<title>pH-sensor voor zwembaden en aquaria | Nauwkeurige meting | Hydrokube<\/title>\n<meta name=\"description\" content=\"De pH-meetsensor 1000 sensor is eenvoudig te gebruiken met uw Hydrokube, in uw zwembad, aquarium of watertuin, en zal u dag na dag voorzien van nauwkeurige metingen.\" \/>\n<meta name=\"robots\" content=\"index, follow, max-snippet:-1, max-image-preview:large, max-video-preview:-1\" \/>\n<link rel=\"canonical\" href=\"https:\/\/hydrokube.be\/nl\/artikel\/sonde-ph\/\" \/>\n<meta property=\"og:locale\" content=\"nl_NL\" \/>\n<meta property=\"og:type\" content=\"article\" \/>\n<meta property=\"og:title\" content=\"pH-sensor voor zwembaden en aquaria | Nauwkeurige meting | Hydrokube\" \/>\n<meta property=\"og:description\" content=\"De pH-meetsensor 1000 sensor is eenvoudig te gebruiken met uw Hydrokube, in uw zwembad, aquarium of watertuin, en zal u dag na dag voorzien van nauwkeurige metingen.\" \/>\n<meta property=\"og:url\" content=\"https:\/\/hydrokube.be\/nl\/artikel\/sonde-ph\/\" \/>\n<meta property=\"og:site_name\" content=\"Hydrokube\" \/>\n<meta property=\"article:publisher\" content=\"https:\/\/www.facebook.com\/hydrokube\" \/>\n<meta property=\"article:modified_time\" content=\"2025-02-08T15:20:48+00:00\" \/>\n<meta property=\"og:image\" content=\"https:\/\/hydrokube.be\/wp-content\/uploads\/2023\/11\/Sonde_pH1000_2-671x1024.png\" \/>\n\t<meta property=\"og:image:width\" content=\"671\" \/>\n\t<meta property=\"og:image:height\" content=\"1024\" \/>\n\t<meta property=\"og:image:type\" content=\"image\/png\" \/>\n<meta name=\"twitter:card\" content=\"summary_large_image\" \/>\n<meta name=\"twitter:site\" content=\"@hydrokube\" \/>\n<meta name=\"twitter:label1\" content=\"Geschatte leestijd\" \/>\n\t<meta name=\"twitter:data1\" content=\"1 minuut\" \/>\n<script type=\"application\/ld+json\" class=\"yoast-schema-graph\">{\"@context\":\"https:\/\/schema.org\",\"@graph\":[{\"@type\":\"WebPage\",\"@id\":\"https:\/\/hydrokube.be\/nl\/artikel\/sonde-ph\/\",\"url\":\"https:\/\/hydrokube.be\/nl\/artikel\/sonde-ph\/\",\"name\":\"pH-sensor voor zwembaden en aquaria | Nauwkeurige meting | Hydrokube\",\"isPartOf\":{\"@id\":\"https:\/\/hydrokube.be\/nl\/#website\"},\"primaryImageOfPage\":{\"@id\":\"https:\/\/hydrokube.be\/nl\/artikel\/sonde-ph\/#primaryimage\"},\"image\":{\"@id\":\"https:\/\/hydrokube.be\/nl\/artikel\/sonde-ph\/#primaryimage\"},\"thumbnailUrl\":\"https:\/\/hydrokube.be\/wp-content\/uploads\/2023\/11\/Sonde_pH1000_2.png\",\"datePublished\":\"2023-11-26T10:28:49+00:00\",\"dateModified\":\"2025-02-08T15:20:48+00:00\",\"description\":\"De pH-meetsensor 1000 sensor is eenvoudig te gebruiken met uw Hydrokube, in uw zwembad, aquarium of watertuin, en zal u dag na dag voorzien van nauwkeurige metingen.\",\"breadcrumb\":{\"@id\":\"https:\/\/hydrokube.be\/nl\/artikel\/sonde-ph\/#breadcrumb\"},\"inLanguage\":\"nl-NL\",\"potentialAction\":[{\"@type\":\"ReadAction\",\"target\":[\"https:\/\/hydrokube.be\/nl\/artikel\/sonde-ph\/\"]}]},{\"@type\":\"ImageObject\",\"inLanguage\":\"nl-NL\",\"@id\":\"https:\/\/hydrokube.be\/nl\/artikel\/sonde-ph\/#primaryimage\",\"url\":\"https:\/\/hydrokube.be\/wp-content\/uploads\/2023\/11\/Sonde_pH1000_2.png\",\"contentUrl\":\"https:\/\/hydrokube.be\/wp-content\/uploads\/2023\/11\/Sonde_pH1000_2.png\",\"width\":1382,\"height\":2110,\"caption\":\"Soncde pH avec connecteur BNC\"},{\"@type\":\"BreadcrumbList\",\"@id\":\"https:\/\/hydrokube.be\/nl\/artikel\/sonde-ph\/#breadcrumb\",\"itemListElement\":[{\"@type\":\"ListItem\",\"position\":1,\"name\":\"Welkom\",\"item\":\"https:\/\/hydrokube.be\/nl\/ontharder_water-2\/\"},{\"@type\":\"ListItem\",\"position\":2,\"name\":\"De Winkel\",\"item\":\"https:\/\/hydrokube.be\/nl\/de-winkel\/\"},{\"@type\":\"ListItem\",\"position\":3,\"name\":\"pH-meetsensor\"}]},{\"@type\":\"WebSite\",\"@id\":\"https:\/\/hydrokube.be\/nl\/#website\",\"url\":\"https:\/\/hydrokube.be\/nl\/\",\"name\":\"Hydrokube\",\"description\":\"Economiser 2.700 Euros par rapport \u00e0 un adoucisseur au sel. Hydrokube est un adoucisseur d&#039;eau \u00e9cologique, certifi\u00e9 efficace et compact.\",\"publisher\":{\"@id\":\"https:\/\/hydrokube.be\/nl\/#organization\"},\"potentialAction\":[{\"@type\":\"SearchAction\",\"target\":{\"@type\":\"EntryPoint\",\"urlTemplate\":\"https:\/\/hydrokube.be\/nl\/?s={search_term_string}\"},\"query-input\":{\"@type\":\"PropertyValueSpecification\",\"valueRequired\":true,\"valueName\":\"search_term_string\"}}],\"inLanguage\":\"nl-NL\"},{\"@type\":\"Organization\",\"@id\":\"https:\/\/hydrokube.be\/nl\/#organization\",\"name\":\"Greenside S.A.\",\"alternateName\":\"Hydrokube\",\"url\":\"https:\/\/hydrokube.be\/nl\/\",\"logo\":{\"@type\":\"ImageObject\",\"inLanguage\":\"nl-NL\",\"@id\":\"https:\/\/hydrokube.be\/nl\/#\/schema\/logo\/image\/\",\"url\":\"https:\/\/hydrokube.be\/wp-content\/uploads\/2022\/12\/Greenside_logo.jpg\",\"contentUrl\":\"https:\/\/hydrokube.be\/wp-content\/uploads\/2022\/12\/Greenside_logo.jpg\",\"width\":1533,\"height\":421,\"caption\":\"Greenside S.A.\"},\"image\":{\"@id\":\"https:\/\/hydrokube.be\/nl\/#\/schema\/logo\/image\/\"},\"sameAs\":[\"https:\/\/www.facebook.com\/hydrokube\",\"https:\/\/x.com\/hydrokube\",\"https:\/\/linkedin.com\/company\/hydrokube\"]}]}<\/script>\n<!-- \/ Yoast SEO plugin. -->","yoast_head_json":{"title":"pH-sensor voor zwembaden en aquaria | Nauwkeurige meting | Hydrokube","description":"De pH-meetsensor 1000 sensor is eenvoudig te gebruiken met uw Hydrokube, in uw zwembad, aquarium of watertuin, en zal u dag na dag voorzien van nauwkeurige metingen.","robots":{"index":"index","follow":"follow","max-snippet":"max-snippet:-1","max-image-preview":"max-image-preview:large","max-video-preview":"max-video-preview:-1"},"canonical":"https:\/\/hydrokube.be\/nl\/artikel\/sonde-ph\/","og_locale":"nl_NL","og_type":"article","og_title":"pH-sensor voor zwembaden en aquaria | Nauwkeurige meting | Hydrokube","og_description":"De pH-meetsensor 1000 sensor is eenvoudig te gebruiken met uw Hydrokube, in uw zwembad, aquarium of watertuin, en zal u dag na dag voorzien van nauwkeurige metingen.","og_url":"https:\/\/hydrokube.be\/nl\/artikel\/sonde-ph\/","og_site_name":"Hydrokube","article_publisher":"https:\/\/www.facebook.com\/hydrokube","article_modified_time":"2025-02-08T15:20:48+00:00","og_image":[{"width":671,"height":1024,"url":"https:\/\/hydrokube.be\/wp-content\/uploads\/2023\/11\/Sonde_pH1000_2-671x1024.png","type":"image\/png"}],"twitter_card":"summary_large_image","twitter_site":"@hydrokube","twitter_misc":{"Geschatte leestijd":"1 minuut"},"schema":{"@context":"https:\/\/schema.org","@graph":[{"@type":"WebPage","@id":"https:\/\/hydrokube.be\/nl\/artikel\/sonde-ph\/","url":"https:\/\/hydrokube.be\/nl\/artikel\/sonde-ph\/","name":"pH-sensor voor zwembaden en aquaria | Nauwkeurige meting | Hydrokube","isPartOf":{"@id":"https:\/\/hydrokube.be\/nl\/#website"},"primaryImageOfPage":{"@id":"https:\/\/hydrokube.be\/nl\/artikel\/sonde-ph\/#primaryimage"},"image":{"@id":"https:\/\/hydrokube.be\/nl\/artikel\/sonde-ph\/#primaryimage"},"thumbnailUrl":"https:\/\/hydrokube.be\/wp-content\/uploads\/2023\/11\/Sonde_pH1000_2.png","datePublished":"2023-11-26T10:28:49+00:00","dateModified":"2025-02-08T15:20:48+00:00","description":"De pH-meetsensor 1000 sensor is eenvoudig te gebruiken met uw Hydrokube, in uw zwembad, aquarium of watertuin, en zal u dag na dag voorzien van nauwkeurige metingen.","breadcrumb":{"@id":"https:\/\/hydrokube.be\/nl\/artikel\/sonde-ph\/#breadcrumb"},"inLanguage":"nl-NL","potentialAction":[{"@type":"ReadAction","target":["https:\/\/hydrokube.be\/nl\/artikel\/sonde-ph\/"]}]},{"@type":"ImageObject","inLanguage":"nl-NL","@id":"https:\/\/hydrokube.be\/nl\/artikel\/sonde-ph\/#primaryimage","url":"https:\/\/hydrokube.be\/wp-content\/uploads\/2023\/11\/Sonde_pH1000_2.png","contentUrl":"https:\/\/hydrokube.be\/wp-content\/uploads\/2023\/11\/Sonde_pH1000_2.png","width":1382,"height":2110,"caption":"Soncde pH avec connecteur BNC"},{"@type":"BreadcrumbList","@id":"https:\/\/hydrokube.be\/nl\/artikel\/sonde-ph\/#breadcrumb","itemListElement":[{"@type":"ListItem","position":1,"name":"Welkom","item":"https:\/\/hydrokube.be\/nl\/ontharder_water-2\/"},{"@type":"ListItem","position":2,"name":"De Winkel","item":"https:\/\/hydrokube.be\/nl\/de-winkel\/"},{"@type":"ListItem","position":3,"name":"pH-meetsensor"}]},{"@type":"WebSite","@id":"https:\/\/hydrokube.be\/nl\/#website","url":"https:\/\/hydrokube.be\/nl\/","name":"Hydrokube","description":"Economiser 2.700 Euros par rapport \u00e0 un adoucisseur au sel. Hydrokube est un adoucisseur d&#039;eau \u00e9cologique, certifi\u00e9 efficace et compact.","publisher":{"@id":"https:\/\/hydrokube.be\/nl\/#organization"},"potentialAction":[{"@type":"SearchAction","target":{"@type":"EntryPoint","urlTemplate":"https:\/\/hydrokube.be\/nl\/?s={search_term_string}"},"query-input":{"@type":"PropertyValueSpecification","valueRequired":true,"valueName":"search_term_string"}}],"inLanguage":"nl-NL"},{"@type":"Organization","@id":"https:\/\/hydrokube.be\/nl\/#organization","name":"Greenside S.A.","alternateName":"Hydrokube","url":"https:\/\/hydrokube.be\/nl\/","logo":{"@type":"ImageObject","inLanguage":"nl-NL","@id":"https:\/\/hydrokube.be\/nl\/#\/schema\/logo\/image\/","url":"https:\/\/hydrokube.be\/wp-content\/uploads\/2022\/12\/Greenside_logo.jpg","contentUrl":"https:\/\/hydrokube.be\/wp-content\/uploads\/2022\/12\/Greenside_logo.jpg","width":1533,"height":421,"caption":"Greenside S.A."},"image":{"@id":"https:\/\/hydrokube.be\/nl\/#\/schema\/logo\/image\/"},"sameAs":["https:\/\/www.facebook.com\/hydrokube","https:\/\/x.com\/hydrokube","https:\/\/linkedin.com\/company\/hydrokube"]}]}},"_links":{"self":[{"href":"https:\/\/hydrokube.be\/nl\/wp-json\/wp\/v2\/product\/1090110","targetHints":{"allow":["GET"]}}],"collection":[{"href":"https:\/\/hydrokube.be\/nl\/wp-json\/wp\/v2\/product"}],"about":[{"href":"https:\/\/hydrokube.be\/nl\/wp-json\/wp\/v2\/types\/product"}],"wp:featuredmedia":[{"embeddable":true,"href":"https:\/\/hydrokube.be\/nl\/wp-json\/wp\/v2\/media\/1090105"}],"wp:attachment":[{"href":"https:\/\/hydrokube.be\/nl\/wp-json\/wp\/v2\/media?parent=1090110"}],"wp:term":[{"taxonomy":"product_brand","embeddable":true,"href":"https:\/\/hydrokube.be\/nl\/wp-json\/wp\/v2\/product_brand?post=1090110"},{"taxonomy":"product_cat","embeddable":true,"href":"https:\/\/hydrokube.be\/nl\/wp-json\/wp\/v2\/product_cat?post=1090110"},{"taxonomy":"product_tag","embeddable":true,"href":"https:\/\/hydrokube.be\/nl\/wp-json\/wp\/v2\/product_tag?post=1090110"}],"curies":[{"name":"wp","href":"https:\/\/api.w.org\/{rel}","templated":true}]}}