{"id":1089548,"date":"2023-09-17T16:55:38","date_gmt":"2023-09-17T15:58:50","guid":{"rendered":"https:\/\/hydrokube.be\/produit\/universele-meetkoffer-l-x-b-x-h-280-x-230-x-82-mm\/"},"modified":"2025-02-08T16:18:59","modified_gmt":"2025-02-08T15:18:59","slug":"koffer-voor-apparatuur","status":"publish","type":"product","link":"https:\/\/hydrokube.be\/nl\/artikel\/koffer-voor-apparatuur\/","title":{"rendered":"Universele meetkoffer 280 x 230 x 82 mm"},"content":{"rendered":"<p>Koffer om je meetapparatuur te beschermen. Geleverd zonder meetapparatuur.<\/p>\n","protected":false},"excerpt":{"rendered":"<p>Afmetingen: (l x b x h) 280 x 230 x 82 mm<br \/>\nSchuimrubberen inzetstuk: inbegrepen<br \/>\nGeleverd : Zonder inhoud (gereedschap, uitrusting, enz.)<br \/>\nToepassing: Universeel<br \/>\nMateriaal: PP<br \/>\nKleur (specifiek) : Blauw Schuim: Zwart<br \/>\nBinnenbreedte: 272 mm<br \/>\nHoogte interieur: 193 mm<br \/>\nDiepte interieur: 75 mm<br \/>\nGewicht: 417 g<br \/>\nNaam: Gereedschapskoffer (zonder inhoud)<\/p>\n","protected":false},"featured_media":1089552,"template":"","meta":{"_et_pb_use_builder":"","_et_pb_old_content":"","_et_gb_content_width":"","content-type":""},"product_brand":[],"product_cat":[170],"product_tag":[],"class_list":{"0":"post-1089548","1":"product","2":"type-product","3":"status-publish","4":"has-post-thumbnail","6":"product_cat-ph-meeting","8":"first","9":"instock","10":"taxable","11":"shipping-taxable","12":"purchasable","13":"product-type-simple"},"yoast_head":"<!-- This site is optimized with the Yoast SEO plugin v27.3 - https:\/\/yoast.com\/product\/yoast-seo-wordpress\/ -->\n<title>Hydrokube koffer | CO2 waterontharder accessoire<\/title>\n<meta name=\"description\" content=\"Ontdek Hydrokube, uw ecologische en economische CO2 waterontharder. Geniet van kalkvrij kwaliteitswater dat goed is voor u en uw huis. Vraag een gratis offerte aan!\" \/>\n<meta name=\"robots\" content=\"index, follow, max-snippet:-1, max-image-preview:large, max-video-preview:-1\" \/>\n<link rel=\"canonical\" href=\"https:\/\/hydrokube.be\/nl\/artikel\/koffer-voor-apparatuur\/\" \/>\n<meta property=\"og:locale\" content=\"nl_NL\" \/>\n<meta property=\"og:type\" content=\"article\" \/>\n<meta property=\"og:title\" content=\"Hydrokube koffer | CO2 waterontharder accessoire\" \/>\n<meta property=\"og:description\" content=\"Ontdek Hydrokube, uw ecologische en economische CO2 waterontharder. Geniet van kalkvrij kwaliteitswater dat goed is voor u en uw huis. Vraag een gratis offerte aan!\" \/>\n<meta property=\"og:url\" content=\"https:\/\/hydrokube.be\/nl\/artikel\/koffer-voor-apparatuur\/\" \/>\n<meta property=\"og:site_name\" content=\"Hydrokube\" \/>\n<meta property=\"article:publisher\" content=\"https:\/\/www.facebook.com\/hydrokube\" \/>\n<meta property=\"article:modified_time\" content=\"2025-02-08T15:18:59+00:00\" \/>\n<meta property=\"og:image\" content=\"https:\/\/hydrokube.be\/wp-content\/uploads\/2023\/09\/Valise-pH-Metre-1.jpg\" \/>\n\t<meta property=\"og:image:width\" content=\"1440\" \/>\n\t<meta property=\"og:image:height\" content=\"1440\" \/>\n\t<meta property=\"og:image:type\" content=\"image\/jpeg\" \/>\n<meta name=\"twitter:card\" content=\"summary_large_image\" \/>\n<meta name=\"twitter:site\" content=\"@hydrokube\" \/>\n<script type=\"application\/ld+json\" class=\"yoast-schema-graph\">{\"@context\":\"https:\\\/\\\/schema.org\",\"@graph\":[{\"@type\":\"WebPage\",\"@id\":\"https:\\\/\\\/hydrokube.be\\\/nl\\\/artikel\\\/koffer-voor-apparatuur\\\/\",\"url\":\"https:\\\/\\\/hydrokube.be\\\/nl\\\/artikel\\\/koffer-voor-apparatuur\\\/\",\"name\":\"Hydrokube koffer | CO2 waterontharder accessoire\",\"isPartOf\":{\"@id\":\"https:\\\/\\\/hydrokube.be\\\/nl\\\/#website\"},\"primaryImageOfPage\":{\"@id\":\"https:\\\/\\\/hydrokube.be\\\/nl\\\/artikel\\\/koffer-voor-apparatuur\\\/#primaryimage\"},\"image\":{\"@id\":\"https:\\\/\\\/hydrokube.be\\\/nl\\\/artikel\\\/koffer-voor-apparatuur\\\/#primaryimage\"},\"thumbnailUrl\":\"https:\\\/\\\/hydrokube.be\\\/wp-content\\\/uploads\\\/2023\\\/09\\\/Valise-pH-Metre-1.jpg\",\"datePublished\":\"2023-09-17T15:58:50+00:00\",\"dateModified\":\"2025-02-08T15:18:59+00:00\",\"description\":\"Ontdek Hydrokube, uw ecologische en economische CO2 waterontharder. Geniet van kalkvrij kwaliteitswater dat goed is voor u en uw huis. Vraag een gratis offerte aan!\",\"breadcrumb\":{\"@id\":\"https:\\\/\\\/hydrokube.be\\\/nl\\\/artikel\\\/koffer-voor-apparatuur\\\/#breadcrumb\"},\"inLanguage\":\"nl-NL\",\"potentialAction\":[{\"@type\":\"ReadAction\",\"target\":[\"https:\\\/\\\/hydrokube.be\\\/nl\\\/artikel\\\/koffer-voor-apparatuur\\\/\"]}]},{\"@type\":\"ImageObject\",\"inLanguage\":\"nl-NL\",\"@id\":\"https:\\\/\\\/hydrokube.be\\\/nl\\\/artikel\\\/koffer-voor-apparatuur\\\/#primaryimage\",\"url\":\"https:\\\/\\\/hydrokube.be\\\/wp-content\\\/uploads\\\/2023\\\/09\\\/Valise-pH-Metre-1.jpg\",\"contentUrl\":\"https:\\\/\\\/hydrokube.be\\\/wp-content\\\/uploads\\\/2023\\\/09\\\/Valise-pH-Metre-1.jpg\",\"width\":1440,\"height\":1440,\"caption\":\"Valise pour pH Metre\"},{\"@type\":\"BreadcrumbList\",\"@id\":\"https:\\\/\\\/hydrokube.be\\\/nl\\\/artikel\\\/koffer-voor-apparatuur\\\/#breadcrumb\",\"itemListElement\":[{\"@type\":\"ListItem\",\"position\":1,\"name\":\"Welkom\",\"item\":\"https:\\\/\\\/hydrokube.be\\\/nl\\\/ontharder_water-2\\\/\"},{\"@type\":\"ListItem\",\"position\":2,\"name\":\"De Winkel\",\"item\":\"https:\\\/\\\/hydrokube.be\\\/nl\\\/de-winkel\\\/\"},{\"@type\":\"ListItem\",\"position\":3,\"name\":\"Universele meetkoffer 280 x 230 x 82 mm\"}]},{\"@type\":\"WebSite\",\"@id\":\"https:\\\/\\\/hydrokube.be\\\/nl\\\/#website\",\"url\":\"https:\\\/\\\/hydrokube.be\\\/nl\\\/\",\"name\":\"Hydrokube\",\"description\":\"Economiser 2.700 Euros par rapport \u00e0 un adoucisseur au sel. Hydrokube est un adoucisseur d&#039;eau \u00e9cologique, certifi\u00e9 efficace et compact.\",\"publisher\":{\"@id\":\"https:\\\/\\\/hydrokube.be\\\/nl\\\/#organization\"},\"potentialAction\":[{\"@type\":\"SearchAction\",\"target\":{\"@type\":\"EntryPoint\",\"urlTemplate\":\"https:\\\/\\\/hydrokube.be\\\/nl\\\/?s={search_term_string}\"},\"query-input\":{\"@type\":\"PropertyValueSpecification\",\"valueRequired\":true,\"valueName\":\"search_term_string\"}}],\"inLanguage\":\"nl-NL\"},{\"@type\":\"Organization\",\"@id\":\"https:\\\/\\\/hydrokube.be\\\/nl\\\/#organization\",\"name\":\"Greenside S.A.\",\"alternateName\":\"Hydrokube\",\"url\":\"https:\\\/\\\/hydrokube.be\\\/nl\\\/\",\"logo\":{\"@type\":\"ImageObject\",\"inLanguage\":\"nl-NL\",\"@id\":\"https:\\\/\\\/hydrokube.be\\\/nl\\\/#\\\/schema\\\/logo\\\/image\\\/\",\"url\":\"https:\\\/\\\/hydrokube.be\\\/wp-content\\\/uploads\\\/2022\\\/12\\\/Greenside_logo.jpg\",\"contentUrl\":\"https:\\\/\\\/hydrokube.be\\\/wp-content\\\/uploads\\\/2022\\\/12\\\/Greenside_logo.jpg\",\"width\":1533,\"height\":421,\"caption\":\"Greenside S.A.\"},\"image\":{\"@id\":\"https:\\\/\\\/hydrokube.be\\\/nl\\\/#\\\/schema\\\/logo\\\/image\\\/\"},\"sameAs\":[\"https:\\\/\\\/www.facebook.com\\\/hydrokube\",\"https:\\\/\\\/x.com\\\/hydrokube\",\"https:\\\/\\\/linkedin.com\\\/company\\\/hydrokube\"]}]}<\/script>\n<!-- \/ Yoast SEO plugin. -->","yoast_head_json":{"title":"Hydrokube koffer | CO2 waterontharder accessoire","description":"Ontdek Hydrokube, uw ecologische en economische CO2 waterontharder. Geniet van kalkvrij kwaliteitswater dat goed is voor u en uw huis. Vraag een gratis offerte aan!","robots":{"index":"index","follow":"follow","max-snippet":"max-snippet:-1","max-image-preview":"max-image-preview:large","max-video-preview":"max-video-preview:-1"},"canonical":"https:\/\/hydrokube.be\/nl\/artikel\/koffer-voor-apparatuur\/","og_locale":"nl_NL","og_type":"article","og_title":"Hydrokube koffer | CO2 waterontharder accessoire","og_description":"Ontdek Hydrokube, uw ecologische en economische CO2 waterontharder. Geniet van kalkvrij kwaliteitswater dat goed is voor u en uw huis. Vraag een gratis offerte aan!","og_url":"https:\/\/hydrokube.be\/nl\/artikel\/koffer-voor-apparatuur\/","og_site_name":"Hydrokube","article_publisher":"https:\/\/www.facebook.com\/hydrokube","article_modified_time":"2025-02-08T15:18:59+00:00","og_image":[{"width":1440,"height":1440,"url":"https:\/\/hydrokube.be\/wp-content\/uploads\/2023\/09\/Valise-pH-Metre-1.jpg","type":"image\/jpeg"}],"twitter_card":"summary_large_image","twitter_site":"@hydrokube","schema":{"@context":"https:\/\/schema.org","@graph":[{"@type":"WebPage","@id":"https:\/\/hydrokube.be\/nl\/artikel\/koffer-voor-apparatuur\/","url":"https:\/\/hydrokube.be\/nl\/artikel\/koffer-voor-apparatuur\/","name":"Hydrokube koffer | CO2 waterontharder accessoire","isPartOf":{"@id":"https:\/\/hydrokube.be\/nl\/#website"},"primaryImageOfPage":{"@id":"https:\/\/hydrokube.be\/nl\/artikel\/koffer-voor-apparatuur\/#primaryimage"},"image":{"@id":"https:\/\/hydrokube.be\/nl\/artikel\/koffer-voor-apparatuur\/#primaryimage"},"thumbnailUrl":"https:\/\/hydrokube.be\/wp-content\/uploads\/2023\/09\/Valise-pH-Metre-1.jpg","datePublished":"2023-09-17T15:58:50+00:00","dateModified":"2025-02-08T15:18:59+00:00","description":"Ontdek Hydrokube, uw ecologische en economische CO2 waterontharder. Geniet van kalkvrij kwaliteitswater dat goed is voor u en uw huis. Vraag een gratis offerte aan!","breadcrumb":{"@id":"https:\/\/hydrokube.be\/nl\/artikel\/koffer-voor-apparatuur\/#breadcrumb"},"inLanguage":"nl-NL","potentialAction":[{"@type":"ReadAction","target":["https:\/\/hydrokube.be\/nl\/artikel\/koffer-voor-apparatuur\/"]}]},{"@type":"ImageObject","inLanguage":"nl-NL","@id":"https:\/\/hydrokube.be\/nl\/artikel\/koffer-voor-apparatuur\/#primaryimage","url":"https:\/\/hydrokube.be\/wp-content\/uploads\/2023\/09\/Valise-pH-Metre-1.jpg","contentUrl":"https:\/\/hydrokube.be\/wp-content\/uploads\/2023\/09\/Valise-pH-Metre-1.jpg","width":1440,"height":1440,"caption":"Valise pour pH Metre"},{"@type":"BreadcrumbList","@id":"https:\/\/hydrokube.be\/nl\/artikel\/koffer-voor-apparatuur\/#breadcrumb","itemListElement":[{"@type":"ListItem","position":1,"name":"Welkom","item":"https:\/\/hydrokube.be\/nl\/ontharder_water-2\/"},{"@type":"ListItem","position":2,"name":"De Winkel","item":"https:\/\/hydrokube.be\/nl\/de-winkel\/"},{"@type":"ListItem","position":3,"name":"Universele meetkoffer 280 x 230 x 82 mm"}]},{"@type":"WebSite","@id":"https:\/\/hydrokube.be\/nl\/#website","url":"https:\/\/hydrokube.be\/nl\/","name":"Hydrokube","description":"Economiser 2.700 Euros par rapport \u00e0 un adoucisseur au sel. Hydrokube est un adoucisseur d&#039;eau \u00e9cologique, certifi\u00e9 efficace et compact.","publisher":{"@id":"https:\/\/hydrokube.be\/nl\/#organization"},"potentialAction":[{"@type":"SearchAction","target":{"@type":"EntryPoint","urlTemplate":"https:\/\/hydrokube.be\/nl\/?s={search_term_string}"},"query-input":{"@type":"PropertyValueSpecification","valueRequired":true,"valueName":"search_term_string"}}],"inLanguage":"nl-NL"},{"@type":"Organization","@id":"https:\/\/hydrokube.be\/nl\/#organization","name":"Greenside S.A.","alternateName":"Hydrokube","url":"https:\/\/hydrokube.be\/nl\/","logo":{"@type":"ImageObject","inLanguage":"nl-NL","@id":"https:\/\/hydrokube.be\/nl\/#\/schema\/logo\/image\/","url":"https:\/\/hydrokube.be\/wp-content\/uploads\/2022\/12\/Greenside_logo.jpg","contentUrl":"https:\/\/hydrokube.be\/wp-content\/uploads\/2022\/12\/Greenside_logo.jpg","width":1533,"height":421,"caption":"Greenside S.A."},"image":{"@id":"https:\/\/hydrokube.be\/nl\/#\/schema\/logo\/image\/"},"sameAs":["https:\/\/www.facebook.com\/hydrokube","https:\/\/x.com\/hydrokube","https:\/\/linkedin.com\/company\/hydrokube"]}]}},"_links":{"self":[{"href":"https:\/\/hydrokube.be\/nl\/wp-json\/wp\/v2\/product\/1089548","targetHints":{"allow":["GET"]}}],"collection":[{"href":"https:\/\/hydrokube.be\/nl\/wp-json\/wp\/v2\/product"}],"about":[{"href":"https:\/\/hydrokube.be\/nl\/wp-json\/wp\/v2\/types\/product"}],"wp:featuredmedia":[{"embeddable":true,"href":"https:\/\/hydrokube.be\/nl\/wp-json\/wp\/v2\/media\/1089552"}],"wp:attachment":[{"href":"https:\/\/hydrokube.be\/nl\/wp-json\/wp\/v2\/media?parent=1089548"}],"wp:term":[{"taxonomy":"product_brand","embeddable":true,"href":"https:\/\/hydrokube.be\/nl\/wp-json\/wp\/v2\/product_brand?post=1089548"},{"taxonomy":"product_cat","embeddable":true,"href":"https:\/\/hydrokube.be\/nl\/wp-json\/wp\/v2\/product_cat?post=1089548"},{"taxonomy":"product_tag","embeddable":true,"href":"https:\/\/hydrokube.be\/nl\/wp-json\/wp\/v2\/product_tag?post=1089548"}],"curies":[{"name":"wp","href":"https:\/\/api.w.org\/{rel}","templated":true}]}}