{"id":28668,"date":"2017-04-05T16:53:20","date_gmt":"2017-04-05T15:53:20","guid":{"rendered":"https:\/\/hydrokube.be\/?page_id=28668\/"},"modified":"2023-08-01T12:55:25","modified_gmt":"2023-08-01T11:55:25","slug":"betaling-voltooid","status":"publish","type":"page","link":"https:\/\/hydrokube.be\/nl\/betaling-voltooid\/","title":{"rendered":"Betaling afgerond"},"content":{"rendered":"<h1 style=\"text-align: center;\">Bedankt voor uw betaling.<\/h1>\n<h2 style=\"text-align: center;\">Je transactie is voltooid en je ontvangt een e-mail ter bevestiging van de ontvangst van je aankoop.<\/h2>\n<p style=\"text-align: center;\">Je kunt inloggen op je account op www.paypal.com om de details van deze transactie te bekijken.<\/p>\n","protected":false},"excerpt":{"rendered":"<p>Bedankt voor uw betaling. Je transactie is voltooid en je ontvangt een e-mail ter bevestiging van de ontvangst van je aankoop. Je kunt inloggen op je account op www.paypal.com om de details van deze transactie te bekijken.<\/p>\n","protected":false},"author":2,"featured_media":0,"parent":0,"menu_order":0,"comment_status":"closed","ping_status":"closed","template":"","meta":{"_et_pb_use_builder":"","_et_pb_old_content":"","_et_gb_content_width":"","content-type":"","footnotes":""},"class_list":["post-28668","page","type-page","status-publish","hentry"],"yoast_head":"<!-- This site is optimized with the Yoast SEO plugin v27.3 - https:\/\/yoast.com\/product\/yoast-seo-wordpress\/ -->\n<title>Betaling afgerond - Hydrokube<\/title>\n<meta name=\"robots\" content=\"noindex, nofollow\" \/>\n<meta property=\"og:locale\" content=\"nl_NL\" \/>\n<meta property=\"og:type\" content=\"article\" \/>\n<meta property=\"og:title\" content=\"Betaling afgerond - Hydrokube\" \/>\n<meta property=\"og:description\" content=\"Bedankt voor uw betaling. Je transactie is voltooid en je ontvangt een e-mail ter bevestiging van de ontvangst van je aankoop. Je kunt inloggen op je account op www.paypal.com om de details van deze transactie te bekijken.\" \/>\n<meta property=\"og:url\" content=\"https:\/\/hydrokube.be\/nl\/betaling-voltooid\/\" \/>\n<meta property=\"og:site_name\" content=\"Hydrokube\" \/>\n<meta property=\"article:publisher\" content=\"https:\/\/www.facebook.com\/hydrokube\" \/>\n<meta property=\"article:modified_time\" content=\"2023-08-01T11:55:25+00:00\" \/>\n<meta name=\"twitter:card\" content=\"summary_large_image\" \/>\n<meta name=\"twitter:site\" content=\"@hydrokube\" \/>\n<script type=\"application\/ld+json\" class=\"yoast-schema-graph\">{\"@context\":\"https:\\\/\\\/schema.org\",\"@graph\":[{\"@type\":\"WebPage\",\"@id\":\"https:\\\/\\\/hydrokube.be\\\/nl\\\/betaling-voltooid\\\/\",\"url\":\"https:\\\/\\\/hydrokube.be\\\/nl\\\/betaling-voltooid\\\/\",\"name\":\"Betaling afgerond - Hydrokube\",\"isPartOf\":{\"@id\":\"https:\\\/\\\/hydrokube.be\\\/nl\\\/#website\"},\"datePublished\":\"2017-04-05T15:53:20+00:00\",\"dateModified\":\"2023-08-01T11:55:25+00:00\",\"breadcrumb\":{\"@id\":\"https:\\\/\\\/hydrokube.be\\\/nl\\\/betaling-voltooid\\\/#breadcrumb\"},\"inLanguage\":\"nl-NL\",\"potentialAction\":[{\"@type\":\"ReadAction\",\"target\":[\"https:\\\/\\\/hydrokube.be\\\/nl\\\/betaling-voltooid\\\/\"]}]},{\"@type\":\"BreadcrumbList\",\"@id\":\"https:\\\/\\\/hydrokube.be\\\/nl\\\/betaling-voltooid\\\/#breadcrumb\",\"itemListElement\":[{\"@type\":\"ListItem\",\"position\":1,\"name\":\"Welkom\",\"item\":\"https:\\\/\\\/hydrokube.be\\\/nl\\\/ontharder_water-2\\\/\"},{\"@type\":\"ListItem\",\"position\":2,\"name\":\"Betaling afgerond\"}]},{\"@type\":\"WebSite\",\"@id\":\"https:\\\/\\\/hydrokube.be\\\/nl\\\/#website\",\"url\":\"https:\\\/\\\/hydrokube.be\\\/nl\\\/\",\"name\":\"Hydrokube\",\"description\":\"Economiser 2.700 Euros par rapport \u00e0 un adoucisseur au sel. Hydrokube est un adoucisseur d&#039;eau \u00e9cologique, certifi\u00e9 efficace et compact.\",\"publisher\":{\"@id\":\"https:\\\/\\\/hydrokube.be\\\/nl\\\/#organization\"},\"potentialAction\":[{\"@type\":\"SearchAction\",\"target\":{\"@type\":\"EntryPoint\",\"urlTemplate\":\"https:\\\/\\\/hydrokube.be\\\/nl\\\/?s={search_term_string}\"},\"query-input\":{\"@type\":\"PropertyValueSpecification\",\"valueRequired\":true,\"valueName\":\"search_term_string\"}}],\"inLanguage\":\"nl-NL\"},{\"@type\":\"Organization\",\"@id\":\"https:\\\/\\\/hydrokube.be\\\/nl\\\/#organization\",\"name\":\"Greenside S.A.\",\"alternateName\":\"Hydrokube\",\"url\":\"https:\\\/\\\/hydrokube.be\\\/nl\\\/\",\"logo\":{\"@type\":\"ImageObject\",\"inLanguage\":\"nl-NL\",\"@id\":\"https:\\\/\\\/hydrokube.be\\\/nl\\\/#\\\/schema\\\/logo\\\/image\\\/\",\"url\":\"https:\\\/\\\/hydrokube.be\\\/wp-content\\\/uploads\\\/2022\\\/12\\\/Greenside_logo.jpg\",\"contentUrl\":\"https:\\\/\\\/hydrokube.be\\\/wp-content\\\/uploads\\\/2022\\\/12\\\/Greenside_logo.jpg\",\"width\":1533,\"height\":421,\"caption\":\"Greenside S.A.\"},\"image\":{\"@id\":\"https:\\\/\\\/hydrokube.be\\\/nl\\\/#\\\/schema\\\/logo\\\/image\\\/\"},\"sameAs\":[\"https:\\\/\\\/www.facebook.com\\\/hydrokube\",\"https:\\\/\\\/x.com\\\/hydrokube\",\"https:\\\/\\\/linkedin.com\\\/company\\\/hydrokube\"]}]}<\/script>\n<!-- \/ Yoast SEO plugin. -->","yoast_head_json":{"title":"Betaling afgerond - Hydrokube","robots":{"index":"noindex","follow":"nofollow"},"og_locale":"nl_NL","og_type":"article","og_title":"Betaling afgerond - Hydrokube","og_description":"Bedankt voor uw betaling. Je transactie is voltooid en je ontvangt een e-mail ter bevestiging van de ontvangst van je aankoop. Je kunt inloggen op je account op www.paypal.com om de details van deze transactie te bekijken.","og_url":"https:\/\/hydrokube.be\/nl\/betaling-voltooid\/","og_site_name":"Hydrokube","article_publisher":"https:\/\/www.facebook.com\/hydrokube","article_modified_time":"2023-08-01T11:55:25+00:00","twitter_card":"summary_large_image","twitter_site":"@hydrokube","schema":{"@context":"https:\/\/schema.org","@graph":[{"@type":"WebPage","@id":"https:\/\/hydrokube.be\/nl\/betaling-voltooid\/","url":"https:\/\/hydrokube.be\/nl\/betaling-voltooid\/","name":"Betaling afgerond - Hydrokube","isPartOf":{"@id":"https:\/\/hydrokube.be\/nl\/#website"},"datePublished":"2017-04-05T15:53:20+00:00","dateModified":"2023-08-01T11:55:25+00:00","breadcrumb":{"@id":"https:\/\/hydrokube.be\/nl\/betaling-voltooid\/#breadcrumb"},"inLanguage":"nl-NL","potentialAction":[{"@type":"ReadAction","target":["https:\/\/hydrokube.be\/nl\/betaling-voltooid\/"]}]},{"@type":"BreadcrumbList","@id":"https:\/\/hydrokube.be\/nl\/betaling-voltooid\/#breadcrumb","itemListElement":[{"@type":"ListItem","position":1,"name":"Welkom","item":"https:\/\/hydrokube.be\/nl\/ontharder_water-2\/"},{"@type":"ListItem","position":2,"name":"Betaling afgerond"}]},{"@type":"WebSite","@id":"https:\/\/hydrokube.be\/nl\/#website","url":"https:\/\/hydrokube.be\/nl\/","name":"Hydrokube","description":"Economiser 2.700 Euros par rapport \u00e0 un adoucisseur au sel. Hydrokube est un adoucisseur d&#039;eau \u00e9cologique, certifi\u00e9 efficace et compact.","publisher":{"@id":"https:\/\/hydrokube.be\/nl\/#organization"},"potentialAction":[{"@type":"SearchAction","target":{"@type":"EntryPoint","urlTemplate":"https:\/\/hydrokube.be\/nl\/?s={search_term_string}"},"query-input":{"@type":"PropertyValueSpecification","valueRequired":true,"valueName":"search_term_string"}}],"inLanguage":"nl-NL"},{"@type":"Organization","@id":"https:\/\/hydrokube.be\/nl\/#organization","name":"Greenside S.A.","alternateName":"Hydrokube","url":"https:\/\/hydrokube.be\/nl\/","logo":{"@type":"ImageObject","inLanguage":"nl-NL","@id":"https:\/\/hydrokube.be\/nl\/#\/schema\/logo\/image\/","url":"https:\/\/hydrokube.be\/wp-content\/uploads\/2022\/12\/Greenside_logo.jpg","contentUrl":"https:\/\/hydrokube.be\/wp-content\/uploads\/2022\/12\/Greenside_logo.jpg","width":1533,"height":421,"caption":"Greenside S.A."},"image":{"@id":"https:\/\/hydrokube.be\/nl\/#\/schema\/logo\/image\/"},"sameAs":["https:\/\/www.facebook.com\/hydrokube","https:\/\/x.com\/hydrokube","https:\/\/linkedin.com\/company\/hydrokube"]}]}},"_links":{"self":[{"href":"https:\/\/hydrokube.be\/nl\/wp-json\/wp\/v2\/pages\/28668","targetHints":{"allow":["GET"]}}],"collection":[{"href":"https:\/\/hydrokube.be\/nl\/wp-json\/wp\/v2\/pages"}],"about":[{"href":"https:\/\/hydrokube.be\/nl\/wp-json\/wp\/v2\/types\/page"}],"author":[{"embeddable":true,"href":"https:\/\/hydrokube.be\/nl\/wp-json\/wp\/v2\/users\/2"}],"replies":[{"embeddable":true,"href":"https:\/\/hydrokube.be\/nl\/wp-json\/wp\/v2\/comments?post=28668"}],"version-history":[{"count":0,"href":"https:\/\/hydrokube.be\/nl\/wp-json\/wp\/v2\/pages\/28668\/revisions"}],"wp:attachment":[{"href":"https:\/\/hydrokube.be\/nl\/wp-json\/wp\/v2\/media?parent=28668"}],"curies":[{"name":"wp","href":"https:\/\/api.w.org\/{rel}","templated":true}]}}