{"id":28094,"date":"2016-09-20T07:32:08","date_gmt":"2016-09-20T06:32:08","guid":{"rendered":"https:\/\/hydrokube.be\/nl\/?page_id=28094"},"modified":"2025-03-04T09:38:55","modified_gmt":"2025-03-04T08:38:55","slug":"onze-diensten","status":"publish","type":"page","link":"https:\/\/hydrokube.be\/nl\/onze-diensten\/","title":{"rendered":"Onze diensten"},"content":{"rendered":"<p>[et_pb_section fb_built=&#8221;1&#8243; _builder_version=&#8221;4.16&#8243; global_colors_info=&#8221;{}&#8221;][et_pb_row make_equal=&#8221;on&#8221; _builder_version=&#8221;4.17.4&#8243; _module_preset=&#8221;default&#8221; min_height=&#8221;98px&#8221; custom_padding=&#8221;7px||6px|||&#8221; global_colors_info=&#8221;{}&#8221;][et_pb_column type=&#8221;4_4&#8243; _builder_version=&#8221;4.17.4&#8243; _module_preset=&#8221;default&#8221; custom_padding=&#8221;10%|10%|10%|10%|true|true&#8221; custom_padding_tablet=&#8221;30px|30px|30px|30px|true|true&#8221; custom_padding_phone=&#8221;20px|20px|20px|20px|true|true&#8221; custom_padding_last_edited=&#8221;on|phone&#8221; global_colors_info=&#8221;{}&#8221;][et_pb_text _builder_version=&#8221;4.21.0&#8243; _module_preset=&#8221;e6504a1b-67eb-4b3d-b023-bcab277610b6&#8243; text_text_color=&#8221;#8dc63f&#8221; header_4_font=&#8221;Libre Franklin|700||on|||||&#8221; header_4_text_color=&#8221;#73c345&#8243; header_4_font_size=&#8221;14px&#8221; header_4_letter_spacing=&#8221;0.2em&#8221; header_4_line_height=&#8221;1.5em&#8221; vertical_offset_tablet=&#8221;0&#8243; horizontal_offset_tablet=&#8221;0&#8243; text_orientation=&#8221;center&#8221; custom_margin=&#8221;||0px||false|false&#8221; z_index_tablet=&#8221;0&#8243; text_text_shadow_horizontal_length_tablet=&#8221;0px&#8221; text_text_shadow_vertical_length_tablet=&#8221;0px&#8221; text_text_shadow_blur_strength_tablet=&#8221;1px&#8221; link_text_shadow_horizontal_length_tablet=&#8221;0px&#8221; link_text_shadow_vertical_length_tablet=&#8221;0px&#8221; link_text_shadow_blur_strength_tablet=&#8221;1px&#8221; ul_text_shadow_horizontal_length_tablet=&#8221;0px&#8221; ul_text_shadow_vertical_length_tablet=&#8221;0px&#8221; ul_text_shadow_blur_strength_tablet=&#8221;1px&#8221; ol_text_shadow_horizontal_length_tablet=&#8221;0px&#8221; ol_text_shadow_vertical_length_tablet=&#8221;0px&#8221; ol_text_shadow_blur_strength_tablet=&#8221;1px&#8221; quote_text_shadow_horizontal_length_tablet=&#8221;0px&#8221; quote_text_shadow_vertical_length_tablet=&#8221;0px&#8221; quote_text_shadow_blur_strength_tablet=&#8221;1px&#8221; header_text_shadow_horizontal_length_tablet=&#8221;0px&#8221; header_text_shadow_vertical_length_tablet=&#8221;0px&#8221; header_text_shadow_blur_strength_tablet=&#8221;1px&#8221; header_2_text_shadow_horizontal_length_tablet=&#8221;0px&#8221; header_2_text_shadow_vertical_length_tablet=&#8221;0px&#8221; header_2_text_shadow_blur_strength_tablet=&#8221;1px&#8221; header_3_text_shadow_horizontal_length_tablet=&#8221;0px&#8221; header_3_text_shadow_vertical_length_tablet=&#8221;0px&#8221; header_3_text_shadow_blur_strength_tablet=&#8221;1px&#8221; header_4_text_shadow_horizontal_length_tablet=&#8221;0px&#8221; header_4_text_shadow_vertical_length_tablet=&#8221;0px&#8221; header_4_text_shadow_blur_strength_tablet=&#8221;1px&#8221; header_5_text_shadow_horizontal_length_tablet=&#8221;0px&#8221; header_5_text_shadow_vertical_length_tablet=&#8221;0px&#8221; header_5_text_shadow_blur_strength_tablet=&#8221;1px&#8221; header_6_text_shadow_horizontal_length_tablet=&#8221;0px&#8221; header_6_text_shadow_vertical_length_tablet=&#8221;0px&#8221; header_6_text_shadow_blur_strength_tablet=&#8221;1px&#8221; box_shadow_horizontal_tablet=&#8221;0px&#8221; box_shadow_vertical_tablet=&#8221;0px&#8221; box_shadow_blur_tablet=&#8221;40px&#8221; box_shadow_spread_tablet=&#8221;0px&#8221; global_colors_info=&#8221;{}&#8221;]<\/p>\n<h4>ONZE DIENSTEN<\/h4>\n<p>[\/et_pb_text][et_pb_text _builder_version=&#8221;4.21.0&#8243; _module_preset=&#8221;c16985e1-e0d6-4022-964d-e2bfc04fa633&#8243; header_font=&#8221;Poppins|600|||||||&#8221; header_text_color=&#8221;#000000&#8243; header_font_size=&#8221;80px&#8221; vertical_offset_tablet=&#8221;0&#8243; horizontal_offset_tablet=&#8221;0&#8243; text_orientation=&#8221;center&#8221; header_font_size_tablet=&#8221;40px&#8221; header_font_size_phone=&#8221;24px&#8221; header_font_size_last_edited=&#8221;on|desktop&#8221; z_index_tablet=&#8221;0&#8243; text_text_shadow_horizontal_length_tablet=&#8221;0px&#8221; text_text_shadow_vertical_length_tablet=&#8221;0px&#8221; text_text_shadow_blur_strength_tablet=&#8221;1px&#8221; link_text_shadow_horizontal_length_tablet=&#8221;0px&#8221; link_text_shadow_vertical_length_tablet=&#8221;0px&#8221; link_text_shadow_blur_strength_tablet=&#8221;1px&#8221; ul_text_shadow_horizontal_length_tablet=&#8221;0px&#8221; ul_text_shadow_vertical_length_tablet=&#8221;0px&#8221; ul_text_shadow_blur_strength_tablet=&#8221;1px&#8221; ol_text_shadow_horizontal_length_tablet=&#8221;0px&#8221; ol_text_shadow_vertical_length_tablet=&#8221;0px&#8221; ol_text_shadow_blur_strength_tablet=&#8221;1px&#8221; quote_text_shadow_horizontal_length_tablet=&#8221;0px&#8221; quote_text_shadow_vertical_length_tablet=&#8221;0px&#8221; quote_text_shadow_blur_strength_tablet=&#8221;1px&#8221; header_text_shadow_horizontal_length_tablet=&#8221;0px&#8221; header_text_shadow_vertical_length_tablet=&#8221;0px&#8221; header_text_shadow_blur_strength_tablet=&#8221;1px&#8221; header_2_text_shadow_horizontal_length_tablet=&#8221;0px&#8221; header_2_text_shadow_vertical_length_tablet=&#8221;0px&#8221; header_2_text_shadow_blur_strength_tablet=&#8221;1px&#8221; header_3_text_shadow_horizontal_length_tablet=&#8221;0px&#8221; header_3_text_shadow_vertical_length_tablet=&#8221;0px&#8221; header_3_text_shadow_blur_strength_tablet=&#8221;1px&#8221; header_4_text_shadow_horizontal_length_tablet=&#8221;0px&#8221; header_4_text_shadow_vertical_length_tablet=&#8221;0px&#8221; header_4_text_shadow_blur_strength_tablet=&#8221;1px&#8221; header_5_text_shadow_horizontal_length_tablet=&#8221;0px&#8221; header_5_text_shadow_vertical_length_tablet=&#8221;0px&#8221; header_5_text_shadow_blur_strength_tablet=&#8221;1px&#8221; header_6_text_shadow_horizontal_length_tablet=&#8221;0px&#8221; header_6_text_shadow_vertical_length_tablet=&#8221;0px&#8221; header_6_text_shadow_blur_strength_tablet=&#8221;1px&#8221; box_shadow_horizontal_tablet=&#8221;0px&#8221; box_shadow_vertical_tablet=&#8221;0px&#8221; box_shadow_blur_tablet=&#8221;40px&#8221; box_shadow_spread_tablet=&#8221;0px&#8221; global_colors_info=&#8221;{}&#8221;]<\/p>\n<h1>Uw tevredenheid, onze prioriteit<\/h1>\n<p>[\/et_pb_text][\/et_pb_column][\/et_pb_row][et_pb_row column_structure=&#8221;1_2,1_2&#8243; make_equal=&#8221;on&#8221; _builder_version=&#8221;4.16&#8243; background_size=&#8221;initial&#8221; background_position=&#8221;top_left&#8221; background_repeat=&#8221;repeat&#8221; module_alignment=&#8221;center&#8221; custom_css_main_element=&#8221;border : 0px solid #FFFF&#8221; global_colors_info=&#8221;{}&#8221;][et_pb_column type=&#8221;1_2&#8243; _builder_version=&#8221;4.16&#8243; custom_padding=&#8221;|||&#8221; global_colors_info=&#8221;{}&#8221; custom_padding__hover=&#8221;|||&#8221;][et_pb_text admin_label=&#8221;Placement et mise en service&#8221; _builder_version=&#8221;4.24.0&#8243; background_size=&#8221;initial&#8221; background_position=&#8221;top_left&#8221; background_repeat=&#8221;repeat&#8221; custom_padding=&#8221;20px|10px||20px|false|false&#8221; border_radii=&#8221;off|15px|||&#8221; border_width_top=&#8221;2px&#8221; border_color_top=&#8221;rgba(141,198,63,0.45)&#8221; border_width_left=&#8221;2px&#8221; border_color_left=&#8221;rgba(141,198,63,0.45)&#8221; box_shadow_style=&#8221;preset2&#8243; global_colors_info=&#8221;{}&#8221;]<\/p>\n<h2>Plaatsing en inbedrijfstelling<\/h2>\n<p class=\"p1\" style=\"text-align: justify;\"><span style=\"font-size: medium; font-family: inherit; font-weight: normal;\"><span class=\"s1\">De installatie en inbedrijfstelling wordt uitgevoerd door<\/span> loodgieters en verwarmingspecialisten in uw regio. Wij willen een lokale service bieden van professionals in uw buurt. Zij zijn specialisten op hun gebied. Bovendien zijn ze goedgekeurd door Hydrokube. Dit vertelt u dat ze goed getraind zijn in de producten en de plaatsing van de Hydrokube. Ze groeien voortdurend en zijn over het hele land verspreid, zodat ze dicht bij u in de buurt zijn. Het is ook mogelijk om uw eigen loodgieter en verwarmingsinstallateur voor te stellen. Wij eisen dat zij een opleiding volgen voordat zij als installateur kunnen worden erkend.<\/span><\/p>\n<p style=\"text-align: justify;\"><span style=\"font-size: medium; font-family: inherit; font-weight: normal;\">Wij kunnen u helpen een dealer in uw buurt te vinden. Ook voor vragen over installatie en inbedrijfstelling kunt u altijd contact met ons opnemen.<\/span><\/p>\n<p>[\/et_pb_text][\/et_pb_column][et_pb_column type=&#8221;1_2&#8243; _builder_version=&#8221;4.16&#8243; custom_padding=&#8221;|||&#8221; global_colors_info=&#8221;{}&#8221; custom_padding__hover=&#8221;|||&#8221;][et_pb_text admin_label=&#8221;Remplacement CO2&#8243; _builder_version=&#8221;4.24.0&#8243; background_size=&#8221;initial&#8221; background_position=&#8221;top_left&#8221; background_repeat=&#8221;repeat&#8221; custom_padding=&#8221;20px|10px||20px|false|false&#8221; border_radii=&#8221;off|15px|||&#8221; border_width_top=&#8221;2px&#8221; border_color_top=&#8221;rgba(141,198,63,0.45)&#8221; border_width_left=&#8221;2px&#8221; border_color_left=&#8221;rgba(141,198,63,0.45)&#8221; box_shadow_style=&#8221;preset2&#8243; global_colors_info=&#8221;{}&#8221;]<\/p>\n<h2>Fles CO2 vervanging<\/h2>\n<p style=\"text-align: justify;\"><span style=\"font-size: medium;\">Uw installateur kan u helpen en de vervanging van CO2-cilinders effici\u00ebnt en veilig beheren. Hij zal ook de kwaliteit van het water kunnen controleren om de instellingen zo nodig bij te stellen. Bij een Hydrokube gebeurt dit met een pH-meter (meer details in FAQ&#8217;s: &#8220;Verband tussen hardheid en kalkaanslag&#8221;)<\/span><\/p>\n<p style=\"text-align: justify;\"><span style=\"font-size: medium;\">Aarzel niet om hem hierover aan te spreken tijdens de installatie.<\/span><\/p>\n<p style=\"text-align: justify;\"><span style=\"font-size: medium;\">Flessen zijn ook verkrijgbaar via onze e-shop of door ons een bestelling per e-mail te sturen.<\/span><\/p>\n<p style=\"text-align: justify;\"><span style=\"font-size: medium;\">Naast installatie en inbedrijfstelling kunnen wij een service- en onderhoudsdienst aanbieden (controle van de installatie en vervanging van CO2-flessen).<\/span><\/p>\n<p>[\/et_pb_text][\/et_pb_column][\/et_pb_row][et_pb_row column_structure=&#8221;1_2,1_2&#8243; make_equal=&#8221;on&#8221; _builder_version=&#8221;4.21.0&#8243; background_size=&#8221;initial&#8221; background_position=&#8221;top_left&#8221; background_repeat=&#8221;repeat&#8221; module_alignment=&#8221;center&#8221; custom_css_main_element=&#8221;border : 0px solid #FFFF&#8221; global_colors_info=&#8221;{}&#8221;][et_pb_column type=&#8221;1_2&#8243; _builder_version=&#8221;4.16&#8243; custom_padding=&#8221;|||&#8221; global_colors_info=&#8221;{}&#8221; custom_padding__hover=&#8221;|||&#8221;][et_pb_text admin_label=&#8221;Entretien&#8221; _builder_version=&#8221;4.24.0&#8243; background_size=&#8221;initial&#8221; background_position=&#8221;top_left&#8221; background_repeat=&#8221;repeat&#8221; custom_padding=&#8221;20px|10px||20px|false|false&#8221; border_radii=&#8221;off|15px|||&#8221; border_width_top=&#8221;2px&#8221; border_color_top=&#8221;rgba(141,198,63,0.45)&#8221; border_width_left=&#8221;2px&#8221; border_color_left=&#8221;rgba(141,198,63,0.45)&#8221; box_shadow_style=&#8221;preset2&#8243; global_colors_info=&#8221;{}&#8221;]<\/p>\n<h2>Onderhoud<\/h2>\n<p style=\"text-align: justify;\"><span style=\"font-size: medium;\">In tegenstelling tot een zoutwaterontharder heeft de Hydrokube geen specifiek onderhoud nodig. Dit zal ervoor zorgen dat u veel geld bespaart.<\/span><\/p>\n<p style=\"text-align: justify;\"><span style=\"font-size: medium;\">De enige actie die nodig is,<\/span><span style=\"font-size: medium;\"> wat je zelf kunt doen, is de CO2-fles vervangen. Daartoe is het voldoende het CO2-gehalte in de fles te controleren na het verbruik van 100 m3 water (d.w.z. ongeveer het gemiddelde verbruik van een huishouden van vier personen gedurende een jaar). Hiervoor geeft de wijzerplaat op de CO2-regelaar en het dichtst bij de cilinder u een goede, duidelijke en directe aanwijzing. Bovendien vindt u uitleg in uw gebruikershandleiding.<\/span><\/p>\n<p>[\/et_pb_text][\/et_pb_column][et_pb_column type=&#8221;1_2&#8243; _builder_version=&#8221;4.16&#8243; custom_padding=&#8221;|||&#8221; global_colors_info=&#8221;{}&#8221; custom_padding__hover=&#8221;|||&#8221;][et_pb_text admin_label=&#8221;Entretien&#8221; _builder_version=&#8221;4.24.0&#8243; background_size=&#8221;initial&#8221; background_position=&#8221;top_left&#8221; background_repeat=&#8221;repeat&#8221; custom_padding=&#8221;20px|10px||20px|false|false&#8221; border_radii=&#8221;off|15px|||&#8221; border_width_top=&#8221;2px&#8221; border_color_top=&#8221;rgba(141,198,63,0.45)&#8221; border_width_left=&#8221;2px&#8221; border_color_left=&#8221;rgba(141,198,63,0.45)&#8221; box_shadow_style=&#8221;preset2&#8243; global_colors_info=&#8221;{}&#8221;]<\/p>\n<h2>Vragen<\/h2>\n<p style=\"text-align: justify;\"><span style=\"font-size: medium;\">Hebt u vragen over onze producten en diensten? Neem contact op met ons supportteam voor project-, <strong>technische en after-sales informatie op 010\/80.20.99<\/strong> of <strong>per e-mail op info@hydrokube.be.<\/strong><\/span><\/p>\n<p style=\"text-align: justify;\"><span style=\"font-size: medium;\"><strong>Pour toutes questions nous somme \u00e0 votre disposition par t\u00e9l\u00e9phone au +32 2 430 24 97<\/strong> van maandag tot vrijdag van 9.00 tot 19.00 uur en op zaterdag van 9.30 tot 12.00 uur <strong>of per e-mail op <\/strong><\/span><strong><span style=\"font-size: medium;\"><a href=\"mailto:sales@hydrokube.be\">sales@hydrokube.be <\/a><\/span><\/strong> <\/p>\n<p>[\/et_pb_text][et_pb_button button_url=&#8221;#prisecontact&#8221; button_text=&#8221;Neem contact met ons op&#8221; button_alignment=&#8221;center&#8221; _builder_version=&#8221;4.24.0&#8243; _module_preset=&#8221;bf1c02fd-e3e1-4e71-abd8-ff483bb74cbe&#8221; button_text_size=&#8221;20px&#8221; button_font=&#8221;Belleza|700||on|||||&#8221; button_use_icon=&#8221;off&#8221; global_colors_info=&#8221;{}&#8221; button_bg_color__hover_enabled=&#8221;on|hover&#8221; button_bg_color__hover=&#8221;rgba(141,198,63,0.45)&#8221; button_bg_enable_color__hover=&#8221;on&#8221; button_text_color__hover_enabled=&#8221;on|hover&#8221; button_text_color__hover=&#8221;#FFFFFF&#8221;][\/et_pb_button][\/et_pb_column][\/et_pb_row][\/et_pb_section][et_pb_section fb_built=&#8221;1&#8243; fullwidth=&#8221;on&#8221; _builder_version=&#8221;4.16&#8243; custom_margin=&#8221;||&#8221; custom_padding=&#8221;||&#8221; hover_enabled=&#8221;1&#8243; global_colors_info=&#8221;{}&#8221; custom_padding__hover_enabled=&#8221;on&#8221; custom_padding__hover=&#8221;||&#8221;][et_pb_fullwidth_slider show_arrows=&#8221;off&#8221; show_pagination=&#8221;off&#8221; _builder_version=&#8221;4.24.0&#8243; header_font=&#8221;||||||||&#8221; header_text_color=&#8221;#6b6b6b&#8221; header_letter_spacing=&#8221;2px&#8221; header_line_height=&#8221;1.1em&#8221; body_font=&#8221;||||||||&#8221; body_text_color=&#8221;#6b6b6b&#8221; body_font_size=&#8221;18&#8243; body_letter_spacing=&#8221;2px&#8221; background_image=&#8221;https:\/\/hydrokube.be\/wp-content\/uploads\/2019\/01\/Hydrokube_eau-robinet-sans-calcaire_L.png&#8221; custom_button=&#8221;on&#8221; button_text_color=&#8221;#0038f0&#8243; button_bg_color=&#8221;rgba(255,255,255,0.72)&#8221; button_border_width=&#8221;2px&#8221; button_border_radius=&#8221;12px&#8221; button_letter_spacing=&#8221;1px&#8221; button_font=&#8221;|600||on|||||&#8221; button_use_icon=&#8221;off&#8221; custom_margin=&#8221;||&#8221; custom_padding=&#8221;50px||&#8221; link_option_url=&#8221;https:\/\/hydrokube.be\/adoucisseur-CO2\/&#8221; link_option_url_new_window=&#8221;on&#8221; border_color_all=&#8221;#ffffff&#8221; border_style_all=&#8221;none&#8221; global_colors_info=&#8221;{}&#8221; button_bg_color__hover_enabled=&#8221;on|hover&#8221; button_bg_color__hover=&#8221;rgba(141,198,63,0.45)&#8221; button_bg_enable_color__hover=&#8221;on&#8221; button_letter_spacing__hover_enabled=&#8221;on|hover&#8221; button_letter_spacing__hover=&#8221;3px&#8221;][et_pb_slide heading=&#8221;Waarom Hydrokube?&#8221; button_text=&#8221;Meer weten?&#8221; button_link=&#8221;https:\/\/hydrokube.be\/adoucisseur-CO2\/&#8221; use_bg_overlay=&#8221;off&#8221; use_text_overlay=&#8221;on&#8221; text_overlay_color=&#8221;rgba(255,255,255,0.59)&#8221; _builder_version=&#8221;4.24.0&#8243; body_font_size=&#8221;19&#8243; background_image=&#8221;https:\/\/hydrokube.be\/wp-content\/uploads\/2019\/01\/Hydrokube_eau-robinet-sans-calcaire_L.png&#8221; custom_button=&#8221;on&#8221; button_text_size=&#8221;20px&#8221; button_text_color=&#8221;#8dc63f&#8221; button_border_width=&#8221;2px&#8221; button_border_color=&#8221;#8dc63f&#8221; button_border_radius=&#8221;15px&#8221; button_letter_spacing=&#8221;3px&#8221; button_icon=&#8221;&#x5a;||divi||400&#8243; button_icon_color=&#8221;#8dc63f&#8221; button_on_hover=&#8221;on&#8221; background_layout=&#8221;light&#8221; body_font_size_tablet=&#8221;19&#8243; body_font_size_phone=&#8221;19&#8243; global_colors_info=&#8221;{}&#8221; button_text_color__hover_enabled=&#8221;on|hover&#8221; button_text_color__hover=&#8221;#FFFFFF&#8221; sticky_transition=&#8221;on&#8221;]Of het nu gaat om lagere energierekeningen, effici\u00ebntere apparaten of beter smakend water, u zult verbaasd zijn op hoeveel manieren een Hydrokube systeem uw leven kan verbeteren.<br \/>\n[\/et_pb_slide][\/et_pb_fullwidth_slider][\/et_pb_section]<\/p>\n","protected":false},"excerpt":{"rendered":"<p>ONZE DIENSTEN Uw tevredenheid, onze prioriteit Plaatsing en inbedrijfstelling De installatie en inbedrijfstelling wordt uitgevoerd door loodgieters en verwarmingspecialisten in uw regio. Wij willen een lokale service bieden van professionals in uw buurt. Zij zijn specialisten op hun gebied. Bovendien zijn ze goedgekeurd door Hydrokube. Dit vertelt u dat ze goed getraind zijn in de [&hellip;]<\/p>\n","protected":false},"author":2,"featured_media":0,"parent":0,"menu_order":0,"comment_status":"open","ping_status":"open","template":"","meta":{"_et_pb_use_builder":"on","_et_pb_old_content":"","_et_gb_content_width":"","content-type":"","footnotes":""},"class_list":["post-28094","page","type-page","status-publish","hentry"],"yoast_head":"<!-- This site is optimized with the Yoast SEO plugin v27.3 - https:\/\/yoast.com\/product\/yoast-seo-wordpress\/ -->\n<title>Onze diensten | Hydrokube - Ecologische oplossingen voor waterontharding<\/title>\n<meta name=\"description\" content=\"Naast installatie en inbedrijfstelling omvatten onze diensten interventie- en onderhoudsdiensten (controle van de installatie en vervanging van de CO2-fles).\" \/>\n<meta name=\"robots\" content=\"index, follow, max-snippet:-1, max-image-preview:large, max-video-preview:-1\" \/>\n<link rel=\"canonical\" href=\"https:\/\/hydrokube.be\/nl\/onze-diensten\/\" \/>\n<meta property=\"og:locale\" content=\"nl_NL\" \/>\n<meta property=\"og:type\" content=\"article\" \/>\n<meta property=\"og:title\" content=\"Onze diensten | Hydrokube - Ecologische oplossingen voor waterontharding\" \/>\n<meta property=\"og:description\" content=\"Naast installatie en inbedrijfstelling omvatten onze diensten interventie- en onderhoudsdiensten (controle van de installatie en vervanging van de CO2-fles).\" \/>\n<meta property=\"og:url\" content=\"https:\/\/hydrokube.be\/nl\/onze-diensten\/\" \/>\n<meta property=\"og:site_name\" content=\"Hydrokube\" \/>\n<meta property=\"article:publisher\" content=\"https:\/\/www.facebook.com\/hydrokube\" \/>\n<meta property=\"article:modified_time\" content=\"2025-03-04T08:38:55+00:00\" \/>\n<meta name=\"twitter:card\" content=\"summary_large_image\" \/>\n<meta name=\"twitter:site\" content=\"@hydrokube\" \/>\n<meta name=\"twitter:label1\" content=\"Geschatte leestijd\" \/>\n\t<meta name=\"twitter:data1\" content=\"3 minuten\" \/>\n<script type=\"application\/ld+json\" class=\"yoast-schema-graph\">{\"@context\":\"https:\\\/\\\/schema.org\",\"@graph\":[{\"@type\":\"WebPage\",\"@id\":\"https:\\\/\\\/hydrokube.be\\\/nl\\\/onze-diensten\\\/\",\"url\":\"https:\\\/\\\/hydrokube.be\\\/nl\\\/onze-diensten\\\/\",\"name\":\"Onze diensten | Hydrokube - Ecologische oplossingen voor waterontharding\",\"isPartOf\":{\"@id\":\"https:\\\/\\\/hydrokube.be\\\/nl\\\/#website\"},\"datePublished\":\"2016-09-20T06:32:08+00:00\",\"dateModified\":\"2025-03-04T08:38:55+00:00\",\"description\":\"Naast installatie en inbedrijfstelling omvatten onze diensten interventie- en onderhoudsdiensten (controle van de installatie en vervanging van de CO2-fles).\",\"breadcrumb\":{\"@id\":\"https:\\\/\\\/hydrokube.be\\\/nl\\\/onze-diensten\\\/#breadcrumb\"},\"inLanguage\":\"nl-NL\",\"potentialAction\":[{\"@type\":\"ReadAction\",\"target\":[\"https:\\\/\\\/hydrokube.be\\\/nl\\\/onze-diensten\\\/\"]}]},{\"@type\":\"BreadcrumbList\",\"@id\":\"https:\\\/\\\/hydrokube.be\\\/nl\\\/onze-diensten\\\/#breadcrumb\",\"itemListElement\":[{\"@type\":\"ListItem\",\"position\":1,\"name\":\"Welkom\",\"item\":\"https:\\\/\\\/hydrokube.be\\\/nl\\\/ontharder_water-2\\\/\"},{\"@type\":\"ListItem\",\"position\":2,\"name\":\"Onze onderneming > Onze diensten\"}]},{\"@type\":\"WebSite\",\"@id\":\"https:\\\/\\\/hydrokube.be\\\/nl\\\/#website\",\"url\":\"https:\\\/\\\/hydrokube.be\\\/nl\\\/\",\"name\":\"Hydrokube\",\"description\":\"Economiser 2.700 Euros par rapport \u00e0 un adoucisseur au sel. Hydrokube est un adoucisseur d&#039;eau \u00e9cologique, certifi\u00e9 efficace et compact.\",\"publisher\":{\"@id\":\"https:\\\/\\\/hydrokube.be\\\/nl\\\/#organization\"},\"potentialAction\":[{\"@type\":\"SearchAction\",\"target\":{\"@type\":\"EntryPoint\",\"urlTemplate\":\"https:\\\/\\\/hydrokube.be\\\/nl\\\/?s={search_term_string}\"},\"query-input\":{\"@type\":\"PropertyValueSpecification\",\"valueRequired\":true,\"valueName\":\"search_term_string\"}}],\"inLanguage\":\"nl-NL\"},{\"@type\":\"Organization\",\"@id\":\"https:\\\/\\\/hydrokube.be\\\/nl\\\/#organization\",\"name\":\"Greenside S.A.\",\"alternateName\":\"Hydrokube\",\"url\":\"https:\\\/\\\/hydrokube.be\\\/nl\\\/\",\"logo\":{\"@type\":\"ImageObject\",\"inLanguage\":\"nl-NL\",\"@id\":\"https:\\\/\\\/hydrokube.be\\\/nl\\\/#\\\/schema\\\/logo\\\/image\\\/\",\"url\":\"https:\\\/\\\/hydrokube.be\\\/wp-content\\\/uploads\\\/2022\\\/12\\\/Greenside_logo.jpg\",\"contentUrl\":\"https:\\\/\\\/hydrokube.be\\\/wp-content\\\/uploads\\\/2022\\\/12\\\/Greenside_logo.jpg\",\"width\":1533,\"height\":421,\"caption\":\"Greenside S.A.\"},\"image\":{\"@id\":\"https:\\\/\\\/hydrokube.be\\\/nl\\\/#\\\/schema\\\/logo\\\/image\\\/\"},\"sameAs\":[\"https:\\\/\\\/www.facebook.com\\\/hydrokube\",\"https:\\\/\\\/x.com\\\/hydrokube\",\"https:\\\/\\\/linkedin.com\\\/company\\\/hydrokube\"]}]}<\/script>\n<!-- \/ Yoast SEO plugin. -->","yoast_head_json":{"title":"Onze diensten | Hydrokube - Ecologische oplossingen voor waterontharding","description":"Naast installatie en inbedrijfstelling omvatten onze diensten interventie- en onderhoudsdiensten (controle van de installatie en vervanging van de CO2-fles).","robots":{"index":"index","follow":"follow","max-snippet":"max-snippet:-1","max-image-preview":"max-image-preview:large","max-video-preview":"max-video-preview:-1"},"canonical":"https:\/\/hydrokube.be\/nl\/onze-diensten\/","og_locale":"nl_NL","og_type":"article","og_title":"Onze diensten | Hydrokube - Ecologische oplossingen voor waterontharding","og_description":"Naast installatie en inbedrijfstelling omvatten onze diensten interventie- en onderhoudsdiensten (controle van de installatie en vervanging van de CO2-fles).","og_url":"https:\/\/hydrokube.be\/nl\/onze-diensten\/","og_site_name":"Hydrokube","article_publisher":"https:\/\/www.facebook.com\/hydrokube","article_modified_time":"2025-03-04T08:38:55+00:00","twitter_card":"summary_large_image","twitter_site":"@hydrokube","twitter_misc":{"Geschatte leestijd":"3 minuten"},"schema":{"@context":"https:\/\/schema.org","@graph":[{"@type":"WebPage","@id":"https:\/\/hydrokube.be\/nl\/onze-diensten\/","url":"https:\/\/hydrokube.be\/nl\/onze-diensten\/","name":"Onze diensten | Hydrokube - Ecologische oplossingen voor waterontharding","isPartOf":{"@id":"https:\/\/hydrokube.be\/nl\/#website"},"datePublished":"2016-09-20T06:32:08+00:00","dateModified":"2025-03-04T08:38:55+00:00","description":"Naast installatie en inbedrijfstelling omvatten onze diensten interventie- en onderhoudsdiensten (controle van de installatie en vervanging van de CO2-fles).","breadcrumb":{"@id":"https:\/\/hydrokube.be\/nl\/onze-diensten\/#breadcrumb"},"inLanguage":"nl-NL","potentialAction":[{"@type":"ReadAction","target":["https:\/\/hydrokube.be\/nl\/onze-diensten\/"]}]},{"@type":"BreadcrumbList","@id":"https:\/\/hydrokube.be\/nl\/onze-diensten\/#breadcrumb","itemListElement":[{"@type":"ListItem","position":1,"name":"Welkom","item":"https:\/\/hydrokube.be\/nl\/ontharder_water-2\/"},{"@type":"ListItem","position":2,"name":"Onze onderneming > Onze diensten"}]},{"@type":"WebSite","@id":"https:\/\/hydrokube.be\/nl\/#website","url":"https:\/\/hydrokube.be\/nl\/","name":"Hydrokube","description":"Economiser 2.700 Euros par rapport \u00e0 un adoucisseur au sel. Hydrokube est un adoucisseur d&#039;eau \u00e9cologique, certifi\u00e9 efficace et compact.","publisher":{"@id":"https:\/\/hydrokube.be\/nl\/#organization"},"potentialAction":[{"@type":"SearchAction","target":{"@type":"EntryPoint","urlTemplate":"https:\/\/hydrokube.be\/nl\/?s={search_term_string}"},"query-input":{"@type":"PropertyValueSpecification","valueRequired":true,"valueName":"search_term_string"}}],"inLanguage":"nl-NL"},{"@type":"Organization","@id":"https:\/\/hydrokube.be\/nl\/#organization","name":"Greenside S.A.","alternateName":"Hydrokube","url":"https:\/\/hydrokube.be\/nl\/","logo":{"@type":"ImageObject","inLanguage":"nl-NL","@id":"https:\/\/hydrokube.be\/nl\/#\/schema\/logo\/image\/","url":"https:\/\/hydrokube.be\/wp-content\/uploads\/2022\/12\/Greenside_logo.jpg","contentUrl":"https:\/\/hydrokube.be\/wp-content\/uploads\/2022\/12\/Greenside_logo.jpg","width":1533,"height":421,"caption":"Greenside S.A."},"image":{"@id":"https:\/\/hydrokube.be\/nl\/#\/schema\/logo\/image\/"},"sameAs":["https:\/\/www.facebook.com\/hydrokube","https:\/\/x.com\/hydrokube","https:\/\/linkedin.com\/company\/hydrokube"]}]}},"_links":{"self":[{"href":"https:\/\/hydrokube.be\/nl\/wp-json\/wp\/v2\/pages\/28094","targetHints":{"allow":["GET"]}}],"collection":[{"href":"https:\/\/hydrokube.be\/nl\/wp-json\/wp\/v2\/pages"}],"about":[{"href":"https:\/\/hydrokube.be\/nl\/wp-json\/wp\/v2\/types\/page"}],"author":[{"embeddable":true,"href":"https:\/\/hydrokube.be\/nl\/wp-json\/wp\/v2\/users\/2"}],"replies":[{"embeddable":true,"href":"https:\/\/hydrokube.be\/nl\/wp-json\/wp\/v2\/comments?post=28094"}],"version-history":[{"count":0,"href":"https:\/\/hydrokube.be\/nl\/wp-json\/wp\/v2\/pages\/28094\/revisions"}],"wp:attachment":[{"href":"https:\/\/hydrokube.be\/nl\/wp-json\/wp\/v2\/media?parent=28094"}],"curies":[{"name":"wp","href":"https:\/\/api.w.org\/{rel}","templated":true}]}}