{"id":1088438,"date":"2023-07-19T21:56:51","date_gmt":"2023-07-19T20:56:51","guid":{"rendered":"https:\/\/hydrokube.be\/order\/"},"modified":"2023-07-19T21:56:53","modified_gmt":"2023-07-19T20:56:53","slug":"order","status":"publish","type":"page","link":"https:\/\/hydrokube.be\/nl\/order\/","title":{"rendered":"Order"},"content":{"rendered":"<p>[et_pb_section admin_label=&#8221;section&#8221;][et_pb_row admin_label=&#8221;rij&#8221;][et_pb_column type=&#8221;4_4&#8243;][et_pb_text admin_label=&#8221;Texte&#8221;]<\/p>\n<div class=\"woocommerce\"><\/div>\n<p>[\/et_pb_text][\/et_pb_column][\/et_pb_row][\/et_pb_section]<\/p>\n","protected":false},"excerpt":{"rendered":"<div class=\"woocommerce\"><\/div>\n","protected":false},"author":2,"featured_media":0,"parent":0,"menu_order":0,"comment_status":"closed","ping_status":"closed","template":"","meta":{"_et_pb_use_builder":"on","_et_pb_old_content":"","_et_gb_content_width":"","content-type":"","footnotes":""},"class_list":["post-1088438","page","type-page","status-publish","hentry"],"yoast_head":"<!-- This site is optimized with the Yoast SEO plugin v27.3 - https:\/\/yoast.com\/product\/yoast-seo-wordpress\/ -->\n<title>Order - Hydrokube<\/title>\n<meta name=\"robots\" content=\"noindex, nofollow\" \/>\n<meta property=\"og:locale\" content=\"nl_NL\" \/>\n<meta property=\"og:type\" content=\"article\" \/>\n<meta property=\"og:title\" content=\"Order - Hydrokube\" \/>\n<meta property=\"og:url\" content=\"https:\/\/hydrokube.be\/nl\/order\/\" \/>\n<meta property=\"og:site_name\" content=\"Hydrokube\" \/>\n<meta property=\"article:publisher\" content=\"https:\/\/www.facebook.com\/hydrokube\" \/>\n<meta property=\"article:modified_time\" content=\"2023-07-19T20:56:53+00:00\" \/>\n<meta name=\"twitter:card\" content=\"summary_large_image\" \/>\n<meta name=\"twitter:description\" content=\"[woocommerce_checkout]\" \/>\n<meta name=\"twitter:site\" content=\"@hydrokube\" \/>\n<script type=\"application\/ld+json\" class=\"yoast-schema-graph\">{\"@context\":\"https:\\\/\\\/schema.org\",\"@graph\":[{\"@type\":\"WebPage\",\"@id\":\"https:\\\/\\\/hydrokube.be\\\/nl\\\/order\\\/\",\"url\":\"https:\\\/\\\/hydrokube.be\\\/nl\\\/order\\\/\",\"name\":\"Order - Hydrokube\",\"isPartOf\":{\"@id\":\"https:\\\/\\\/hydrokube.be\\\/nl\\\/#website\"},\"datePublished\":\"2023-07-19T20:56:51+00:00\",\"dateModified\":\"2023-07-19T20:56:53+00:00\",\"breadcrumb\":{\"@id\":\"https:\\\/\\\/hydrokube.be\\\/nl\\\/order\\\/#breadcrumb\"},\"inLanguage\":\"nl-NL\",\"potentialAction\":[{\"@type\":\"ReadAction\",\"target\":[\"https:\\\/\\\/hydrokube.be\\\/nl\\\/order\\\/\"]}]},{\"@type\":\"BreadcrumbList\",\"@id\":\"https:\\\/\\\/hydrokube.be\\\/nl\\\/order\\\/#breadcrumb\",\"itemListElement\":[{\"@type\":\"ListItem\",\"position\":1,\"name\":\"Welkom\",\"item\":\"https:\\\/\\\/hydrokube.be\\\/nl\\\/ontharder_water-2\\\/\"},{\"@type\":\"ListItem\",\"position\":2,\"name\":\"Order\"}]},{\"@type\":\"WebSite\",\"@id\":\"https:\\\/\\\/hydrokube.be\\\/nl\\\/#website\",\"url\":\"https:\\\/\\\/hydrokube.be\\\/nl\\\/\",\"name\":\"Hydrokube\",\"description\":\"Economiser 2.700 Euros par rapport \u00e0 un adoucisseur au sel. Hydrokube est un adoucisseur d&#039;eau \u00e9cologique, certifi\u00e9 efficace et compact.\",\"publisher\":{\"@id\":\"https:\\\/\\\/hydrokube.be\\\/nl\\\/#organization\"},\"potentialAction\":[{\"@type\":\"SearchAction\",\"target\":{\"@type\":\"EntryPoint\",\"urlTemplate\":\"https:\\\/\\\/hydrokube.be\\\/nl\\\/?s={search_term_string}\"},\"query-input\":{\"@type\":\"PropertyValueSpecification\",\"valueRequired\":true,\"valueName\":\"search_term_string\"}}],\"inLanguage\":\"nl-NL\"},{\"@type\":\"Organization\",\"@id\":\"https:\\\/\\\/hydrokube.be\\\/nl\\\/#organization\",\"name\":\"Greenside S.A.\",\"alternateName\":\"Hydrokube\",\"url\":\"https:\\\/\\\/hydrokube.be\\\/nl\\\/\",\"logo\":{\"@type\":\"ImageObject\",\"inLanguage\":\"nl-NL\",\"@id\":\"https:\\\/\\\/hydrokube.be\\\/nl\\\/#\\\/schema\\\/logo\\\/image\\\/\",\"url\":\"https:\\\/\\\/hydrokube.be\\\/wp-content\\\/uploads\\\/2022\\\/12\\\/Greenside_logo.jpg\",\"contentUrl\":\"https:\\\/\\\/hydrokube.be\\\/wp-content\\\/uploads\\\/2022\\\/12\\\/Greenside_logo.jpg\",\"width\":1533,\"height\":421,\"caption\":\"Greenside S.A.\"},\"image\":{\"@id\":\"https:\\\/\\\/hydrokube.be\\\/nl\\\/#\\\/schema\\\/logo\\\/image\\\/\"},\"sameAs\":[\"https:\\\/\\\/www.facebook.com\\\/hydrokube\",\"https:\\\/\\\/x.com\\\/hydrokube\",\"https:\\\/\\\/linkedin.com\\\/company\\\/hydrokube\"]}]}<\/script>\n<!-- \/ Yoast SEO plugin. -->","yoast_head_json":{"title":"Order - Hydrokube","robots":{"index":"noindex","follow":"nofollow"},"og_locale":"nl_NL","og_type":"article","og_title":"Order - Hydrokube","og_url":"https:\/\/hydrokube.be\/nl\/order\/","og_site_name":"Hydrokube","article_publisher":"https:\/\/www.facebook.com\/hydrokube","article_modified_time":"2023-07-19T20:56:53+00:00","twitter_card":"summary_large_image","twitter_description":"[woocommerce_checkout]","twitter_site":"@hydrokube","schema":{"@context":"https:\/\/schema.org","@graph":[{"@type":"WebPage","@id":"https:\/\/hydrokube.be\/nl\/order\/","url":"https:\/\/hydrokube.be\/nl\/order\/","name":"Order - Hydrokube","isPartOf":{"@id":"https:\/\/hydrokube.be\/nl\/#website"},"datePublished":"2023-07-19T20:56:51+00:00","dateModified":"2023-07-19T20:56:53+00:00","breadcrumb":{"@id":"https:\/\/hydrokube.be\/nl\/order\/#breadcrumb"},"inLanguage":"nl-NL","potentialAction":[{"@type":"ReadAction","target":["https:\/\/hydrokube.be\/nl\/order\/"]}]},{"@type":"BreadcrumbList","@id":"https:\/\/hydrokube.be\/nl\/order\/#breadcrumb","itemListElement":[{"@type":"ListItem","position":1,"name":"Welkom","item":"https:\/\/hydrokube.be\/nl\/ontharder_water-2\/"},{"@type":"ListItem","position":2,"name":"Order"}]},{"@type":"WebSite","@id":"https:\/\/hydrokube.be\/nl\/#website","url":"https:\/\/hydrokube.be\/nl\/","name":"Hydrokube","description":"Economiser 2.700 Euros par rapport \u00e0 un adoucisseur au sel. Hydrokube est un adoucisseur d&#039;eau \u00e9cologique, certifi\u00e9 efficace et compact.","publisher":{"@id":"https:\/\/hydrokube.be\/nl\/#organization"},"potentialAction":[{"@type":"SearchAction","target":{"@type":"EntryPoint","urlTemplate":"https:\/\/hydrokube.be\/nl\/?s={search_term_string}"},"query-input":{"@type":"PropertyValueSpecification","valueRequired":true,"valueName":"search_term_string"}}],"inLanguage":"nl-NL"},{"@type":"Organization","@id":"https:\/\/hydrokube.be\/nl\/#organization","name":"Greenside S.A.","alternateName":"Hydrokube","url":"https:\/\/hydrokube.be\/nl\/","logo":{"@type":"ImageObject","inLanguage":"nl-NL","@id":"https:\/\/hydrokube.be\/nl\/#\/schema\/logo\/image\/","url":"https:\/\/hydrokube.be\/wp-content\/uploads\/2022\/12\/Greenside_logo.jpg","contentUrl":"https:\/\/hydrokube.be\/wp-content\/uploads\/2022\/12\/Greenside_logo.jpg","width":1533,"height":421,"caption":"Greenside S.A."},"image":{"@id":"https:\/\/hydrokube.be\/nl\/#\/schema\/logo\/image\/"},"sameAs":["https:\/\/www.facebook.com\/hydrokube","https:\/\/x.com\/hydrokube","https:\/\/linkedin.com\/company\/hydrokube"]}]}},"_links":{"self":[{"href":"https:\/\/hydrokube.be\/nl\/wp-json\/wp\/v2\/pages\/1088438","targetHints":{"allow":["GET"]}}],"collection":[{"href":"https:\/\/hydrokube.be\/nl\/wp-json\/wp\/v2\/pages"}],"about":[{"href":"https:\/\/hydrokube.be\/nl\/wp-json\/wp\/v2\/types\/page"}],"author":[{"embeddable":true,"href":"https:\/\/hydrokube.be\/nl\/wp-json\/wp\/v2\/users\/2"}],"replies":[{"embeddable":true,"href":"https:\/\/hydrokube.be\/nl\/wp-json\/wp\/v2\/comments?post=1088438"}],"version-history":[{"count":0,"href":"https:\/\/hydrokube.be\/nl\/wp-json\/wp\/v2\/pages\/1088438\/revisions"}],"wp:attachment":[{"href":"https:\/\/hydrokube.be\/nl\/wp-json\/wp\/v2\/media?parent=1088438"}],"curies":[{"name":"wp","href":"https:\/\/api.w.org\/{rel}","templated":true}]}}