{"id":1088409,"date":"2023-07-19T21:46:58","date_gmt":"2023-07-19T20:46:58","guid":{"rendered":"https:\/\/hydrokube.be\/account\/"},"modified":"2023-07-19T21:46:58","modified_gmt":"2023-07-19T20:46:58","slug":"account","status":"publish","type":"page","link":"https:\/\/hydrokube.be\/nl\/account\/","title":{"rendered":"Account"},"content":{"rendered":"<p>[ultimatemember_account]<\/p>\n<p>Beschikbare inhoud<\/p>\n<p><a href=\"https:\/\/hydrokube.be\/nl\/co2-gasblad\/\">CO2-gasblad<\/a><\/p>\n<p><a href=\"https:\/\/hydrokube.be\/ressources\/\">Beschikbare informatie<\/a><\/p>\n","protected":false},"excerpt":{"rendered":"<p>[ultimatemember_account] Beschikbare inhoud CO2-gasblad Beschikbare informatie<\/p>\n","protected":false},"author":2,"featured_media":0,"parent":0,"menu_order":0,"comment_status":"closed","ping_status":"open","template":"","meta":{"_et_pb_use_builder":"","_et_pb_old_content":"","_et_gb_content_width":"","content-type":"","footnotes":""},"class_list":["post-1088409","page","type-page","status-publish","hentry"],"yoast_head":"<!-- This site is optimized with the Yoast SEO plugin v27.1.1 - https:\/\/yoast.com\/product\/yoast-seo-wordpress\/ -->\n<title>Account - Hydrokube<\/title>\n<meta name=\"robots\" content=\"noindex, nofollow\" \/>\n<meta property=\"og:locale\" content=\"nl_NL\" \/>\n<meta property=\"og:type\" content=\"article\" \/>\n<meta property=\"og:title\" content=\"Account - Hydrokube\" \/>\n<meta property=\"og:description\" content=\"[ultimatemember_account] Beschikbare inhoud CO2-gasblad Beschikbare informatie\" \/>\n<meta property=\"og:url\" content=\"https:\/\/hydrokube.be\/nl\/account\/\" \/>\n<meta property=\"og:site_name\" content=\"Hydrokube\" \/>\n<meta property=\"article:publisher\" content=\"https:\/\/www.facebook.com\/hydrokube\" \/>\n<meta name=\"twitter:card\" content=\"summary_large_image\" \/>\n<meta name=\"twitter:site\" content=\"@hydrokube\" \/>\n<script type=\"application\/ld+json\" class=\"yoast-schema-graph\">{\"@context\":\"https:\/\/schema.org\",\"@graph\":[{\"@type\":\"WebPage\",\"@id\":\"https:\/\/hydrokube.be\/nl\/account\/\",\"url\":\"https:\/\/hydrokube.be\/nl\/account\/\",\"name\":\"Account - Hydrokube\",\"isPartOf\":{\"@id\":\"https:\/\/hydrokube.be\/nl\/#website\"},\"datePublished\":\"2023-07-19T20:46:58+00:00\",\"breadcrumb\":{\"@id\":\"https:\/\/hydrokube.be\/nl\/account\/#breadcrumb\"},\"inLanguage\":\"nl-NL\",\"potentialAction\":[{\"@type\":\"ReadAction\",\"target\":[\"https:\/\/hydrokube.be\/nl\/account\/\"]}]},{\"@type\":\"BreadcrumbList\",\"@id\":\"https:\/\/hydrokube.be\/nl\/account\/#breadcrumb\",\"itemListElement\":[{\"@type\":\"ListItem\",\"position\":1,\"name\":\"Welkom\",\"item\":\"https:\/\/hydrokube.be\/nl\/ontharder_water-2\/\"},{\"@type\":\"ListItem\",\"position\":2,\"name\":\"Account\"}]},{\"@type\":\"WebSite\",\"@id\":\"https:\/\/hydrokube.be\/nl\/#website\",\"url\":\"https:\/\/hydrokube.be\/nl\/\",\"name\":\"Hydrokube\",\"description\":\"Economiser 2.700 Euros par rapport \u00e0 un adoucisseur au sel. Hydrokube est un adoucisseur d&#039;eau \u00e9cologique, certifi\u00e9 efficace et compact.\",\"publisher\":{\"@id\":\"https:\/\/hydrokube.be\/nl\/#organization\"},\"potentialAction\":[{\"@type\":\"SearchAction\",\"target\":{\"@type\":\"EntryPoint\",\"urlTemplate\":\"https:\/\/hydrokube.be\/nl\/?s={search_term_string}\"},\"query-input\":{\"@type\":\"PropertyValueSpecification\",\"valueRequired\":true,\"valueName\":\"search_term_string\"}}],\"inLanguage\":\"nl-NL\"},{\"@type\":\"Organization\",\"@id\":\"https:\/\/hydrokube.be\/nl\/#organization\",\"name\":\"Greenside S.A.\",\"alternateName\":\"Hydrokube\",\"url\":\"https:\/\/hydrokube.be\/nl\/\",\"logo\":{\"@type\":\"ImageObject\",\"inLanguage\":\"nl-NL\",\"@id\":\"https:\/\/hydrokube.be\/nl\/#\/schema\/logo\/image\/\",\"url\":\"https:\/\/hydrokube.be\/wp-content\/uploads\/2022\/12\/Greenside_logo.jpg\",\"contentUrl\":\"https:\/\/hydrokube.be\/wp-content\/uploads\/2022\/12\/Greenside_logo.jpg\",\"width\":1533,\"height\":421,\"caption\":\"Greenside S.A.\"},\"image\":{\"@id\":\"https:\/\/hydrokube.be\/nl\/#\/schema\/logo\/image\/\"},\"sameAs\":[\"https:\/\/www.facebook.com\/hydrokube\",\"https:\/\/x.com\/hydrokube\",\"https:\/\/linkedin.com\/company\/hydrokube\"]}]}<\/script>\n<!-- \/ Yoast SEO plugin. -->","yoast_head_json":{"title":"Account - Hydrokube","robots":{"index":"noindex","follow":"nofollow"},"og_locale":"nl_NL","og_type":"article","og_title":"Account - Hydrokube","og_description":"[ultimatemember_account] Beschikbare inhoud CO2-gasblad Beschikbare informatie","og_url":"https:\/\/hydrokube.be\/nl\/account\/","og_site_name":"Hydrokube","article_publisher":"https:\/\/www.facebook.com\/hydrokube","twitter_card":"summary_large_image","twitter_site":"@hydrokube","schema":{"@context":"https:\/\/schema.org","@graph":[{"@type":"WebPage","@id":"https:\/\/hydrokube.be\/nl\/account\/","url":"https:\/\/hydrokube.be\/nl\/account\/","name":"Account - Hydrokube","isPartOf":{"@id":"https:\/\/hydrokube.be\/nl\/#website"},"datePublished":"2023-07-19T20:46:58+00:00","breadcrumb":{"@id":"https:\/\/hydrokube.be\/nl\/account\/#breadcrumb"},"inLanguage":"nl-NL","potentialAction":[{"@type":"ReadAction","target":["https:\/\/hydrokube.be\/nl\/account\/"]}]},{"@type":"BreadcrumbList","@id":"https:\/\/hydrokube.be\/nl\/account\/#breadcrumb","itemListElement":[{"@type":"ListItem","position":1,"name":"Welkom","item":"https:\/\/hydrokube.be\/nl\/ontharder_water-2\/"},{"@type":"ListItem","position":2,"name":"Account"}]},{"@type":"WebSite","@id":"https:\/\/hydrokube.be\/nl\/#website","url":"https:\/\/hydrokube.be\/nl\/","name":"Hydrokube","description":"Economiser 2.700 Euros par rapport \u00e0 un adoucisseur au sel. Hydrokube est un adoucisseur d&#039;eau \u00e9cologique, certifi\u00e9 efficace et compact.","publisher":{"@id":"https:\/\/hydrokube.be\/nl\/#organization"},"potentialAction":[{"@type":"SearchAction","target":{"@type":"EntryPoint","urlTemplate":"https:\/\/hydrokube.be\/nl\/?s={search_term_string}"},"query-input":{"@type":"PropertyValueSpecification","valueRequired":true,"valueName":"search_term_string"}}],"inLanguage":"nl-NL"},{"@type":"Organization","@id":"https:\/\/hydrokube.be\/nl\/#organization","name":"Greenside S.A.","alternateName":"Hydrokube","url":"https:\/\/hydrokube.be\/nl\/","logo":{"@type":"ImageObject","inLanguage":"nl-NL","@id":"https:\/\/hydrokube.be\/nl\/#\/schema\/logo\/image\/","url":"https:\/\/hydrokube.be\/wp-content\/uploads\/2022\/12\/Greenside_logo.jpg","contentUrl":"https:\/\/hydrokube.be\/wp-content\/uploads\/2022\/12\/Greenside_logo.jpg","width":1533,"height":421,"caption":"Greenside S.A."},"image":{"@id":"https:\/\/hydrokube.be\/nl\/#\/schema\/logo\/image\/"},"sameAs":["https:\/\/www.facebook.com\/hydrokube","https:\/\/x.com\/hydrokube","https:\/\/linkedin.com\/company\/hydrokube"]}]}},"_links":{"self":[{"href":"https:\/\/hydrokube.be\/nl\/wp-json\/wp\/v2\/pages\/1088409","targetHints":{"allow":["GET"]}}],"collection":[{"href":"https:\/\/hydrokube.be\/nl\/wp-json\/wp\/v2\/pages"}],"about":[{"href":"https:\/\/hydrokube.be\/nl\/wp-json\/wp\/v2\/types\/page"}],"author":[{"embeddable":true,"href":"https:\/\/hydrokube.be\/nl\/wp-json\/wp\/v2\/users\/2"}],"replies":[{"embeddable":true,"href":"https:\/\/hydrokube.be\/nl\/wp-json\/wp\/v2\/comments?post=1088409"}],"version-history":[{"count":0,"href":"https:\/\/hydrokube.be\/nl\/wp-json\/wp\/v2\/pages\/1088409\/revisions"}],"wp:attachment":[{"href":"https:\/\/hydrokube.be\/nl\/wp-json\/wp\/v2\/media?parent=1088409"}],"curies":[{"name":"wp","href":"https:\/\/api.w.org\/{rel}","templated":true}]}}