{"id":1088207,"date":"2023-07-18T10:44:26","date_gmt":"2023-07-18T09:44:26","guid":{"rendered":"https:\/\/hydrokube.be\/uitleg-en-levering\/"},"modified":"2023-08-01T08:25:04","modified_gmt":"2023-08-01T07:25:04","slug":"uitleg-en-levering","status":"publish","type":"page","link":"https:\/\/hydrokube.be\/nl\/uitleg-en-levering\/","title":{"rendered":"Levering"},"content":{"rendered":"<p>[et_pb_section bb_built=&#8221;1&#8243; admin_label=&#8221;section&#8221; inner_width=&#8221;auto&#8221; inner_max_width=&#8221;996px&#8221;][et_pb_row admin_label=&#8221;rij&#8221; background_position=&#8221;top_left&#8221; background_repeat=&#8221;repeat&#8221; background_size=&#8221;initial&#8221; width=&#8221;80%&#8221; max_width=&#8221;996px&#8221;][et_pb_column type=&#8221;4_4&#8243; custom_padding__hover=&#8221;|||&#8221; custom_padding=&#8221;|||&#8221;][et_pb_text admin_label=&#8221;Text&#8221; use_border_color=&#8221;off&#8221; background_position=&#8221;top_left&#8221; background_repeat=&#8221;repeat&#8221; background_size=&#8221;initial&#8221; _builder_version=&#8221;4.21.0&#8243; background_pattern_color=&#8221;rgba(0,0,0,0.2)&#8221; background_mask_color=&#8221;#ffffff&#8221; text_text_shadow_horizontal_length=&#8221;text_text_shadow_style,%91object Object%93&#8243; text_text_shadow_horizontal_length_tablet=&#8221;0px&#8221; text_text_shadow_vertical_length=&#8221;text_text_shadow_style,%91object Object%93&#8243; text_text_shadow_vertical_length_tablet=&#8221;0px&#8221; text_text_shadow_blur_strength=&#8221;text_text_shadow_style,%91object Object%93&#8243; text_text_shadow_blur_strength_tablet=&#8221;1px&#8221; link_text_shadow_horizontal_length=&#8221;link_text_shadow_style,%91object Object%93&#8243; link_text_shadow_horizontal_length_tablet=&#8221;0px&#8221; link_text_shadow_vertical_length=&#8221;link_text_shadow_style,%91object Object%93&#8243; link_text_shadow_vertical_length_tablet=&#8221;0px&#8221; link_text_shadow_blur_strength=&#8221;link_text_shadow_style,%91object Object%93&#8243; link_text_shadow_blur_strength_tablet=&#8221;1px&#8221; ul_text_shadow_horizontal_length=&#8221;ul_text_shadow_style,%91object Object%93&#8243; ul_text_shadow_horizontal_length_tablet=&#8221;0px&#8221; ul_text_shadow_vertical_length=&#8221;ul_text_shadow_style,%91object Object%93&#8243; ul_text_shadow_vertical_length_tablet=&#8221;0px&#8221; ul_text_shadow_blur_strength=&#8221;ul_text_shadow_style,%91object Object%93&#8243; ul_text_shadow_blur_strength_tablet=&#8221;1px&#8221; ol_text_shadow_horizontal_length=&#8221;ol_text_shadow_style,%91object Object%93&#8243; ol_text_shadow_horizontal_length_tablet=&#8221;0px&#8221; ol_text_shadow_vertical_length=&#8221;ol_text_shadow_style,%91object Object%93&#8243; ol_text_shadow_vertical_length_tablet=&#8221;0px&#8221; ol_text_shadow_blur_strength=&#8221;ol_text_shadow_style,%91object Object%93&#8243; ol_text_shadow_blur_strength_tablet=&#8221;1px&#8221; quote_text_shadow_horizontal_length=&#8221;quote_text_shadow_style,%91object Object%93&#8243; quote_text_shadow_horizontal_length_tablet=&#8221;0px&#8221; quote_text_shadow_vertical_length=&#8221;quote_text_shadow_style,%91object Object%93&#8243; quote_text_shadow_vertical_length_tablet=&#8221;0px&#8221; quote_text_shadow_blur_strength=&#8221;quote_text_shadow_style,%91object Object%93&#8243; quote_text_shadow_blur_strength_tablet=&#8221;1px&#8221; header_text_shadow_horizontal_length=&#8221;header_text_shadow_style,%91object Object%93&#8243; header_text_shadow_horizontal_length_tablet=&#8221;0px&#8221; header_text_shadow_vertical_length=&#8221;header_text_shadow_style,%91object Object%93&#8243; header_text_shadow_vertical_length_tablet=&#8221;0px&#8221; header_text_shadow_blur_strength=&#8221;header_text_shadow_style,%91object Object%93&#8243; header_text_shadow_blur_strength_tablet=&#8221;1px&#8221; header_2_text_shadow_horizontal_length=&#8221;header_2_text_shadow_style,%91object Object%93&#8243; header_2_text_shadow_horizontal_length_tablet=&#8221;0px&#8221; header_2_text_shadow_vertical_length=&#8221;header_2_text_shadow_style,%91object Object%93&#8243; header_2_text_shadow_vertical_length_tablet=&#8221;0px&#8221; header_2_text_shadow_blur_strength=&#8221;header_2_text_shadow_style,%91object Object%93&#8243; header_2_text_shadow_blur_strength_tablet=&#8221;1px&#8221; header_3_text_shadow_horizontal_length=&#8221;header_3_text_shadow_style,%91object Object%93&#8243; header_3_text_shadow_horizontal_length_tablet=&#8221;0px&#8221; header_3_text_shadow_vertical_length=&#8221;header_3_text_shadow_style,%91object Object%93&#8243; header_3_text_shadow_vertical_length_tablet=&#8221;0px&#8221; header_3_text_shadow_blur_strength=&#8221;header_3_text_shadow_style,%91object Object%93&#8243; header_3_text_shadow_blur_strength_tablet=&#8221;1px&#8221; header_4_text_shadow_horizontal_length=&#8221;header_4_text_shadow_style,%91object Object%93&#8243; header_4_text_shadow_horizontal_length_tablet=&#8221;0px&#8221; header_4_text_shadow_vertical_length=&#8221;header_4_text_shadow_style,%91object Object%93&#8243; header_4_text_shadow_vertical_length_tablet=&#8221;0px&#8221; header_4_text_shadow_blur_strength=&#8221;header_4_text_shadow_style,%91object Object%93&#8243; header_4_text_shadow_blur_strength_tablet=&#8221;1px&#8221; header_5_text_shadow_horizontal_length=&#8221;header_5_text_shadow_style,%91object Object%93&#8243; header_5_text_shadow_horizontal_length_tablet=&#8221;0px&#8221; header_5_text_shadow_vertical_length=&#8221;header_5_text_shadow_style,%91object Object%93&#8243; header_5_text_shadow_vertical_length_tablet=&#8221;0px&#8221; header_5_text_shadow_blur_strength=&#8221;header_5_text_shadow_style,%91object Object%93&#8243; header_5_text_shadow_blur_strength_tablet=&#8221;1px&#8221; header_6_text_shadow_horizontal_length=&#8221;header_6_text_shadow_style,%91object Object%93&#8243; header_6_text_shadow_horizontal_length_tablet=&#8221;0px&#8221; header_6_text_shadow_vertical_length=&#8221;header_6_text_shadow_style,%91object Object%93&#8243; header_6_text_shadow_vertical_length_tablet=&#8221;0px&#8221; header_6_text_shadow_blur_strength=&#8221;header_6_text_shadow_style,%91object Object%93&#8243; header_6_text_shadow_blur_strength_tablet=&#8221;1px&#8221; box_shadow_horizontal_tablet=&#8221;0px&#8221; box_shadow_vertical_tablet=&#8221;0px&#8221; box_shadow_blur_tablet=&#8221;40px&#8221; box_shadow_spread_tablet=&#8221;0px&#8221; vertical_offset_tablet=&#8221;0&#8243; horizontal_offset_tablet=&#8221;0&#8243; z_index_tablet=&#8221;0&#8243;]<\/p>\n<h1>Uitleg en levering van de Hydrokube Boutique<\/h1>\n<p>Hieronder vindt u uitleg over de verschillende stappen van de aankopen op &#8220;La Boutique&#8221;, hierna de &#8220;e-shop&#8221; genoemd, de leveringstermijnen en eventuele leveringskosten, evenals de betalingswijzen.<\/p>\n<h2 class=\"Xmt-5\">Is de btw inbegrepen in de getoonde prijzen?<\/h2>\n<div class=\"text-cdcp mb-5\">\n<p>Ja, al onze prijzen zijn inclusief 21% btw. Als je het apparaat door een installateur wilt laten installeren, kan hij of zij ervoor zorgen dat je <strong>6% btw krijgt, als je huis aan de voorwaarden<\/strong> voldoet.<\/p>\n<p>We kunnen je in contact brengen met onze installateur bij jou in de buurt. <a href=\"https:\/\/hydrokube.be\/nl\/neem-contact-op-met\/\">Neem contact met ons op voor meer informatie.<\/a><\/p>\n<\/div>\n<h2>Uitleg van de 3 stappen op de e-shop:<\/h2>\n<ol>\n<li><strong>Het winkelmandje \u2013<\/strong> De koper selecteert een of meer producten op de pagina &#8220;Shop&#8221; en plaatst deze in zijn <a href=\"https:\/\/hydrokube.be\/nl\/winkelmandje\/\">winkelmand<\/a> door op &#8220;Toevoegen aan winkelmandje&#8221; te klikken. De geselecteerde producten worden opgeslagen in het &#8220;<a href=\"https:\/\/hydrokube.be\/nl\/winkelmandje\/\">Winkelmand<\/a>&#8220;. In dit stadium kan de koper de inhoud van zijn winkelmandje nog wijzigen om producten toe te voegen of te verwijderen. Als de browser van de koper cookies accepteert, kunnen ze ook terugkeren naar hun <a href=\"https:\/\/hydrokube.be\/nl\/winkelmandje\/\">&#8220;winkelmand&#8221;<\/a> op een later tijdstip zoals het was toen ze de Hydrokube site verlieten.<\/li>\n<li><strong>De eerste bevestiging \u2013<\/strong> Zodra het winkelmandje is voltooid, kan de koper &#8220;Bestelling bevestigen&#8221; selecteren om naar de volgende fase te gaan:\n<ul>\n<li>geef het factuuradres en het afleveradres op, indien verschillend van het factuuradres,<\/li>\n<li>om te kiezen tussen ophaling op hun eigen manier bij Greenside of verzending door een transporteur,<\/li>\n<li>kies de betalingsmethode: bankoverschrijving of elektronische betaling via Paypal, zonder extra kosten. U kunt betalen met PayPal <span style=\"text-decoration: underline;\">met behulp van een Paypal-account<\/span> of of <u>met creditcard<\/u> <span style=\"text-decoration: underline;\"><strong>zonder een PayPal-rekening te openen<\/strong><\/span>, maar in beide gevallen via een veilige betaling die wordt beheerd door PayPal, dat zeer veilig en bekend is voor internetbetalingen.<\/li>\n<\/ul>\n<\/li>\n<li><strong>Voltooiing \u2013<\/strong> De koper moet aangeven dat hij akkoord gaat door het vakje naast de zin &#8220;Ik heb de algemene verkoopvoorwaarden gelezen en accepteer deze&#8221; aan te vinken. De koper kan dan zijn bestelling afronden door te klikken op &#8220;Bestelling plaatsen&#8221; of &#8220;Bevestigen met Paypal&#8221; (afhankelijk van de gekozen betaalmethode). Als de betaling wordt gedaan via Paypal, volgt de koper de instructies op de beveiligde site van Paypal. Voor de verschillende betaalmethoden geldt dat zodra de koper de bestelling heeft afgerond, deze wordt geregistreerd en de koper een bevestigingsmail ontvangt.<\/li>\n<\/ol>\n<h2>Afhalen of bezorgen \u2013 termijnen :<\/h2>\n<p>Producten aangekocht op de e-shop kunnen ofwel afgehaald worden bij Greenside ofwel verstuurd worden naar het adres in Belgi\u00eb dat de klant opgeeft op de e-shop. De keuze van de leveringsmethode heeft invloed op de levertijden en de kosten. De leveringsmethode is toegankelijk door te klikken op &#8220;Bestelling bevestigen&#8221; en het factuuradres en eventueel het leveringsadres in te voeren, indien dit afwijkt van het factuuradres. Je kunt deze keuze maken voordat je je bestelling in de e-shop afrondt.<\/p>\n<ul>\n<li><strong>Voor het ophalen bij Greenside<\/strong> worden uiteraard geen ophaalkosten in rekening gebracht. Binnen 7 werkdagen na betaling wordt in overleg een afspraak gemaakt. Ophalen wordt altijd geregeld zodra de betaling is ontvangen.<\/li>\n<li><strong>Voor een levering wordt een zending verzonden naar het adres dat is gedefinieerd<\/strong> in de e-shop:\n<ul>\n<li>De verzendkosten worden automatisch aangegeven zodra het factuur- of afleveradres van de koper is ingevuld. Deze informatie wordt aangegeven voordat de betaalmethode wordt gekozen en natuurlijk voordat de bestelling wordt afgerond.<\/li>\n<li>De bestelling wordt binnen 7 werkdagen na ontvangst van de betaling door Greenside naar de koper verzonden. Na verzending duurt de levering meestal 1 tot 2 werkdagen.<\/li>\n<\/ul>\n<\/li>\n<li>In het geval van een mogelijk <strong>voorraadtekort<\/strong> wordt de klant binnen 3 werkdagen na de orderbevestiging per e-mail op de hoogte gesteld.<\/li>\n<\/ul>\n<p>Zodra u uw betaalmethode hebt gekozen en hiermee akkoord bent gegaan door het vakje naast de zin &#8220;Ik heb de <a href=\"https:\/\/hydrokube.be\/nl\/algemene-verkoopvoorwaarden\/\">algemene verkoopvoorwaarden<\/a> gelezen en accepteer deze&#8221; aan te vinken,<strong> maakt u uw keuze definitief door op &#8220;Bestelling plaatsen&#8221; of &#8220;Bevestigen met Paypal&#8221;<\/strong> te klikken.<\/p>\n<p>Zodra de bestelling is verzonden, ontvangt de klant een e-mailbevestiging en een factuur. In sommige gevallen ontvangt de koper een verzendbericht van de vervoerder met een code waarmee hij het pakket kan volgen. Producten die in dezelfde bestelling worden besteld, kunnen afzonderlijk worden verzonden.<\/p>\n<p>De koper aanvaardt uitdrukkelijk dat de op deze pagina vermelde verzend- en levertijden slechts een indicatie zijn. Geen enkele vertraging in de levering kan daarom aanleiding geven tot annulering van de koopovereenkomst door de koper of tot betaling van schadevergoeding aan de verkoper.<\/p>\n<p>Daarnaast heeft Greenside het recht om de verkoop van haar producten te weigeren om welke legitieme reden dan ook (zoals bijvoorbeeld een voorraadtekort) en behoudt Greenside het recht om deelleveringen te doen.<\/p>\n<h3>Wijze van betaling:<\/h3>\n<p>De koper kan betalen via bankoverschrijving zoals aangegeven op de orderbevestiging en de factuur die per e-mail is verzonden, of direct betalen met PayPal. Je kunt ook met je gebruikelijke creditcard betalen als je geen PayPal-rekening hebt.<\/p>\n<p>[\/et_pb_text][\/et_pb_column][\/et_pb_row][\/et_pb_section]<\/p>\n","protected":false},"excerpt":{"rendered":"<p>Uitleg en levering van de Hydrokube BoutiqueHieronder vindt u uitleg over de verschillende stappen van de aankopen op &#8220;La Boutique&#8221;, hierna de &#8220;e-shop&#8221; genoemd, de leveringstermijnen en eventuele leveringskosten, evenals de betalingswijzen.Is de btw inbegrepen in de getoonde prijzen?Ja, al onze prijzen zijn inclusief 21% btw. Als je het apparaat door een installateur wilt laten [&hellip;]<\/p>\n","protected":false},"author":2,"featured_media":0,"parent":0,"menu_order":0,"comment_status":"closed","ping_status":"closed","template":"","meta":{"_et_pb_use_builder":"on","_et_pb_old_content":"","_et_gb_content_width":"","content-type":"","footnotes":""},"class_list":["post-1088207","page","type-page","status-publish","hentry"],"yoast_head":"<!-- This site is optimized with the Yoast SEO plugin v27.3 - https:\/\/yoast.com\/product\/yoast-seo-wordpress\/ -->\n<title>Levertijden en -kosten voor bestellingen in mijn winkel<\/title>\n<meta name=\"description\" content=\"Hieronder vind je de verschillende stappen op Ma boutique om een aankoop te doen, evenals de levertijden en kosten.\" \/>\n<meta name=\"robots\" content=\"index, follow, max-snippet:-1, max-image-preview:large, max-video-preview:-1\" \/>\n<link rel=\"canonical\" href=\"https:\/\/hydrokube.be\/nl\/uitleg-en-levering\/\" \/>\n<meta property=\"og:locale\" content=\"nl_NL\" \/>\n<meta property=\"og:type\" content=\"article\" \/>\n<meta property=\"og:title\" content=\"Levertijden en -kosten voor bestellingen in mijn winkel\" \/>\n<meta property=\"og:description\" content=\"Hieronder vind je de verschillende stappen op Ma boutique om een aankoop te doen, evenals de levertijden en kosten.\" \/>\n<meta property=\"og:url\" content=\"https:\/\/hydrokube.be\/nl\/uitleg-en-levering\/\" \/>\n<meta property=\"og:site_name\" content=\"Hydrokube\" \/>\n<meta property=\"article:publisher\" content=\"https:\/\/www.facebook.com\/hydrokube\" \/>\n<meta property=\"article:modified_time\" content=\"2023-08-01T07:25:04+00:00\" \/>\n<meta name=\"twitter:card\" content=\"summary_large_image\" \/>\n<meta name=\"twitter:site\" content=\"@hydrokube\" \/>\n<meta name=\"twitter:label1\" content=\"Geschatte leestijd\" \/>\n\t<meta name=\"twitter:data1\" content=\"5 minuten\" \/>\n<script type=\"application\/ld+json\" class=\"yoast-schema-graph\">{\"@context\":\"https:\\\/\\\/schema.org\",\"@graph\":[{\"@type\":\"WebPage\",\"@id\":\"https:\\\/\\\/hydrokube.be\\\/nl\\\/uitleg-en-levering\\\/\",\"url\":\"https:\\\/\\\/hydrokube.be\\\/nl\\\/uitleg-en-levering\\\/\",\"name\":\"Levertijden en -kosten voor bestellingen in mijn winkel\",\"isPartOf\":{\"@id\":\"https:\\\/\\\/hydrokube.be\\\/nl\\\/#website\"},\"datePublished\":\"2023-07-18T09:44:26+00:00\",\"dateModified\":\"2023-08-01T07:25:04+00:00\",\"description\":\"Hieronder vind je de verschillende stappen op Ma boutique om een aankoop te doen, evenals de levertijden en kosten.\",\"breadcrumb\":{\"@id\":\"https:\\\/\\\/hydrokube.be\\\/nl\\\/uitleg-en-levering\\\/#breadcrumb\"},\"inLanguage\":\"nl-NL\",\"potentialAction\":[{\"@type\":\"ReadAction\",\"target\":[\"https:\\\/\\\/hydrokube.be\\\/nl\\\/uitleg-en-levering\\\/\"]}]},{\"@type\":\"BreadcrumbList\",\"@id\":\"https:\\\/\\\/hydrokube.be\\\/nl\\\/uitleg-en-levering\\\/#breadcrumb\",\"itemListElement\":[{\"@type\":\"ListItem\",\"position\":1,\"name\":\"Welkom\",\"item\":\"https:\\\/\\\/hydrokube.be\\\/nl\\\/ontharder_water-2\\\/\"},{\"@type\":\"ListItem\",\"position\":2,\"name\":\"Onze winkel>Uitleg en levering\"}]},{\"@type\":\"WebSite\",\"@id\":\"https:\\\/\\\/hydrokube.be\\\/nl\\\/#website\",\"url\":\"https:\\\/\\\/hydrokube.be\\\/nl\\\/\",\"name\":\"Hydrokube\",\"description\":\"Economiser 2.700 Euros par rapport \u00e0 un adoucisseur au sel. Hydrokube est un adoucisseur d&#039;eau \u00e9cologique, certifi\u00e9 efficace et compact.\",\"publisher\":{\"@id\":\"https:\\\/\\\/hydrokube.be\\\/nl\\\/#organization\"},\"potentialAction\":[{\"@type\":\"SearchAction\",\"target\":{\"@type\":\"EntryPoint\",\"urlTemplate\":\"https:\\\/\\\/hydrokube.be\\\/nl\\\/?s={search_term_string}\"},\"query-input\":{\"@type\":\"PropertyValueSpecification\",\"valueRequired\":true,\"valueName\":\"search_term_string\"}}],\"inLanguage\":\"nl-NL\"},{\"@type\":\"Organization\",\"@id\":\"https:\\\/\\\/hydrokube.be\\\/nl\\\/#organization\",\"name\":\"Greenside S.A.\",\"alternateName\":\"Hydrokube\",\"url\":\"https:\\\/\\\/hydrokube.be\\\/nl\\\/\",\"logo\":{\"@type\":\"ImageObject\",\"inLanguage\":\"nl-NL\",\"@id\":\"https:\\\/\\\/hydrokube.be\\\/nl\\\/#\\\/schema\\\/logo\\\/image\\\/\",\"url\":\"https:\\\/\\\/hydrokube.be\\\/wp-content\\\/uploads\\\/2022\\\/12\\\/Greenside_logo.jpg\",\"contentUrl\":\"https:\\\/\\\/hydrokube.be\\\/wp-content\\\/uploads\\\/2022\\\/12\\\/Greenside_logo.jpg\",\"width\":1533,\"height\":421,\"caption\":\"Greenside S.A.\"},\"image\":{\"@id\":\"https:\\\/\\\/hydrokube.be\\\/nl\\\/#\\\/schema\\\/logo\\\/image\\\/\"},\"sameAs\":[\"https:\\\/\\\/www.facebook.com\\\/hydrokube\",\"https:\\\/\\\/x.com\\\/hydrokube\",\"https:\\\/\\\/linkedin.com\\\/company\\\/hydrokube\"]}]}<\/script>\n<!-- \/ Yoast SEO plugin. -->","yoast_head_json":{"title":"Levertijden en -kosten voor bestellingen in mijn winkel","description":"Hieronder vind je de verschillende stappen op Ma boutique om een aankoop te doen, evenals de levertijden en kosten.","robots":{"index":"index","follow":"follow","max-snippet":"max-snippet:-1","max-image-preview":"max-image-preview:large","max-video-preview":"max-video-preview:-1"},"canonical":"https:\/\/hydrokube.be\/nl\/uitleg-en-levering\/","og_locale":"nl_NL","og_type":"article","og_title":"Levertijden en -kosten voor bestellingen in mijn winkel","og_description":"Hieronder vind je de verschillende stappen op Ma boutique om een aankoop te doen, evenals de levertijden en kosten.","og_url":"https:\/\/hydrokube.be\/nl\/uitleg-en-levering\/","og_site_name":"Hydrokube","article_publisher":"https:\/\/www.facebook.com\/hydrokube","article_modified_time":"2023-08-01T07:25:04+00:00","twitter_card":"summary_large_image","twitter_site":"@hydrokube","twitter_misc":{"Geschatte leestijd":"5 minuten"},"schema":{"@context":"https:\/\/schema.org","@graph":[{"@type":"WebPage","@id":"https:\/\/hydrokube.be\/nl\/uitleg-en-levering\/","url":"https:\/\/hydrokube.be\/nl\/uitleg-en-levering\/","name":"Levertijden en -kosten voor bestellingen in mijn winkel","isPartOf":{"@id":"https:\/\/hydrokube.be\/nl\/#website"},"datePublished":"2023-07-18T09:44:26+00:00","dateModified":"2023-08-01T07:25:04+00:00","description":"Hieronder vind je de verschillende stappen op Ma boutique om een aankoop te doen, evenals de levertijden en kosten.","breadcrumb":{"@id":"https:\/\/hydrokube.be\/nl\/uitleg-en-levering\/#breadcrumb"},"inLanguage":"nl-NL","potentialAction":[{"@type":"ReadAction","target":["https:\/\/hydrokube.be\/nl\/uitleg-en-levering\/"]}]},{"@type":"BreadcrumbList","@id":"https:\/\/hydrokube.be\/nl\/uitleg-en-levering\/#breadcrumb","itemListElement":[{"@type":"ListItem","position":1,"name":"Welkom","item":"https:\/\/hydrokube.be\/nl\/ontharder_water-2\/"},{"@type":"ListItem","position":2,"name":"Onze winkel>Uitleg en levering"}]},{"@type":"WebSite","@id":"https:\/\/hydrokube.be\/nl\/#website","url":"https:\/\/hydrokube.be\/nl\/","name":"Hydrokube","description":"Economiser 2.700 Euros par rapport \u00e0 un adoucisseur au sel. Hydrokube est un adoucisseur d&#039;eau \u00e9cologique, certifi\u00e9 efficace et compact.","publisher":{"@id":"https:\/\/hydrokube.be\/nl\/#organization"},"potentialAction":[{"@type":"SearchAction","target":{"@type":"EntryPoint","urlTemplate":"https:\/\/hydrokube.be\/nl\/?s={search_term_string}"},"query-input":{"@type":"PropertyValueSpecification","valueRequired":true,"valueName":"search_term_string"}}],"inLanguage":"nl-NL"},{"@type":"Organization","@id":"https:\/\/hydrokube.be\/nl\/#organization","name":"Greenside S.A.","alternateName":"Hydrokube","url":"https:\/\/hydrokube.be\/nl\/","logo":{"@type":"ImageObject","inLanguage":"nl-NL","@id":"https:\/\/hydrokube.be\/nl\/#\/schema\/logo\/image\/","url":"https:\/\/hydrokube.be\/wp-content\/uploads\/2022\/12\/Greenside_logo.jpg","contentUrl":"https:\/\/hydrokube.be\/wp-content\/uploads\/2022\/12\/Greenside_logo.jpg","width":1533,"height":421,"caption":"Greenside S.A."},"image":{"@id":"https:\/\/hydrokube.be\/nl\/#\/schema\/logo\/image\/"},"sameAs":["https:\/\/www.facebook.com\/hydrokube","https:\/\/x.com\/hydrokube","https:\/\/linkedin.com\/company\/hydrokube"]}]}},"_links":{"self":[{"href":"https:\/\/hydrokube.be\/nl\/wp-json\/wp\/v2\/pages\/1088207","targetHints":{"allow":["GET"]}}],"collection":[{"href":"https:\/\/hydrokube.be\/nl\/wp-json\/wp\/v2\/pages"}],"about":[{"href":"https:\/\/hydrokube.be\/nl\/wp-json\/wp\/v2\/types\/page"}],"author":[{"embeddable":true,"href":"https:\/\/hydrokube.be\/nl\/wp-json\/wp\/v2\/users\/2"}],"replies":[{"embeddable":true,"href":"https:\/\/hydrokube.be\/nl\/wp-json\/wp\/v2\/comments?post=1088207"}],"version-history":[{"count":0,"href":"https:\/\/hydrokube.be\/nl\/wp-json\/wp\/v2\/pages\/1088207\/revisions"}],"wp:attachment":[{"href":"https:\/\/hydrokube.be\/nl\/wp-json\/wp\/v2\/media?parent=1088207"}],"curies":[{"name":"wp","href":"https:\/\/api.w.org\/{rel}","templated":true}]}}